{"id":7360,"date":"2017-02-14T13:48:54","date_gmt":"2017-02-14T13:48:54","guid":{"rendered":"https:\/\/xn--mblusmasinapood-rsb.ee\/product\/innov-f420-brother\/"},"modified":"2025-05-12T13:31:01","modified_gmt":"2025-05-12T13:31:01","slug":"innov-f420-brother","status":"publish","type":"product","link":"https:\/\/marevik.ee\/test\/toode\/innov-f420-brother\/","title":{"rendered":"Innov-is F420 Brother"},"content":{"rendered":"<p>Vedelkristallekraan<br \/>\nEkraanil n\u00e4htavad valitud \u00f5mblus, piste pikkus ja laius, vajalik presstald<br \/>\n140 \u00f5mblusoperatsiooni<br \/>\n10 erinevat t\u00e4isautomaatset n\u00f6\u00f6pauku, n\u00f6\u00f6bi \u00f5mblemin<br \/>\n\u00d5mblused venivale kangale<br \/>\nDekoratiiv\u00f5mblused<br \/>\n5. erinevas stiilis t\u00e4hestik s.h. vene ja jaapani<br \/>\n15 m\u00e4lukohta \u00f5mbluste salvestamiseks<br \/>\nKaksikn\u00f5el kahev\u00e4rvilisteks \u00f5mblusteks<br \/>\nOma pistete loomise v\u00f5imalus<br \/>\nS\u00f6\u00f6tehammastiku langetamine vabak\u00e4etikandiks<br \/>\nSujuvalt reguleeritav piste pikkus ja laius<br \/>\nAutomaatne poolimine ja lihtne pooli paigaldamine<br \/>\nHorisontaalne poolis\u00fcsteem<br \/>\nStart\/stop nupp ilma pedaalita \u00f5mblemiseks<br \/>\n\u00d5mbluskiiruse regulaator muudetav piste laiuse regulaatoriks<br \/>\nAutomaatne n\u00f5elasilmaniidistaja<br \/>\nAutomaatne pistekinnitus<br \/>\nProgrammeeritav niidil\u00f5ikur<br \/>\nP\u00f5lvekang presstalla t\u00f5stmiseks ja langetamiseks<br \/>\nN\u00f5ela asendi muutmine (n\u00f5el \u00fcleval\/all)<br \/>\nPresstalla surve regulaator<br \/>\n\u00dchtlane s\u00f6\u00f6de t\u00e4nu 7-osalisele hammastikule<br \/>\nFiksaatoriga presstald h\u00f5lbustamaks \u00fcleminekud \u00f5hemalt paksemale kangakihile<br \/>\nVabajalg h\u00f5lbustamaks torujate detailide \u00f5mblemist, mahukas tarvikutesahtel<br \/>\nNiidil\u00f5ikur<br \/>\nKohtvalgustus LED<br \/>\nKandesang<br \/>\nTarvikutekomplekt<br \/>\nPlastikust masinakate<\/p>\n","protected":false},"excerpt":{"rendered":"<p>Suurep\u00e4rase kvaliteediga kompuuter\u00f5mblusmasin, firmalt Brother. Masin on varustatud k\u00f5ikide funktsioonidega, mida r\u00e4tsep vajab. Suur t\u00f6\u00f6pind, mis on n\u00f5elast paremale m\u00f5\u00f5detuna juba 19cm v\u00f5imaldab mugavamalt \u00f5mmelda suurem\u00f5\u00f5tmelisi r\u00f5ivaid v\u00f5i teha lapit\u00f6\u00f6d. 7-realine s\u00f6\u00f6tehammastik t\u00f6\u00f6tleb venivat kangast nagu professionaalne trikotaazimasin. Elektrooniline niidil\u00f5ikus ja automaatne otsakinnitus annavad \u00f5mblejale olulise mugavuseelise. Kolmelt erinevalt positsioonilt paistev LED valgus, muudab t\u00f6\u00f6pinna h\u00e4sti j\u00e4lgitavaks. Boonuseks on \u00f5mblusmasina suurep\u00e4rane disain ja ergonoomilisus.<\/p>\n","protected":false},"featured_media":7361,"template":"","meta":{"site-sidebar-layout":"default","site-content-layout":"default","ast-site-content-layout":"","site-content-style":"default","site-sidebar-style":"default","ast-global-header-display":"","ast-banner-title-visibility":"","ast-main-header-display":"","ast-hfb-above-header-display":"","ast-hfb-below-header-display":"","ast-hfb-mobile-header-display":"","site-post-title":"","ast-breadcrumbs-content":"","ast-featured-img":"","footer-sml-layout":"","theme-transparent-header-meta":"default","adv-header-id-meta":"","stick-header-meta":"","header-above-stick-meta":"","header-main-stick-meta":"","header-below-stick-meta":"","astra-migrate-meta-layouts":"default","ast-page-background-enabled":"default","ast-page-background-meta":{"desktop":{"background-color":"","background-image":"","background-repeat":"repeat","background-position":"center center","background-size":"auto","background-attachment":"scroll","background-type":"","background-media":"","overlay-type":"","overlay-color":"","overlay-opacity":"","overlay-gradient":""},"tablet":{"background-color":"","background-image":"","background-repeat":"repeat","background-position":"center center","background-size":"auto","background-attachment":"scroll","background-type":"","background-media":"","overlay-type":"","overlay-color":"","overlay-opacity":"","overlay-gradient":""},"mobile":{"background-color":"","background-image":"","background-repeat":"repeat","background-position":"center center","background-size":"auto","background-attachment":"scroll","background-type":"","background-media":"","overlay-type":"","overlay-color":"","overlay-opacity":"","overlay-gradient":""}},"ast-content-background-meta":{"desktop":{"background-color":"var(--ast-global-color-5)","background-image":"","background-repeat":"repeat","background-position":"center center","background-size":"auto","background-attachment":"scroll","background-type":"","background-media":"","overlay-type":"","overlay-color":"","overlay-opacity":"","overlay-gradient":""},"tablet":{"background-color":"var(--ast-global-color-5)","background-image":"","background-repeat":"repeat","background-position":"center center","background-size":"auto","background-attachment":"scroll","background-type":"","background-media":"","overlay-type":"","overlay-color":"","overlay-opacity":"","overlay-gradient":""},"mobile":{"background-color":"var(--ast-global-color-5)","background-image":"","background-repeat":"repeat","background-position":"center center","background-size":"auto","background-attachment":"scroll","background-type":"","background-media":"","overlay-type":"","overlay-color":"","overlay-opacity":"","overlay-gradient":""}}},"product_brand":[],"product_cat":[68,60],"product_tag":[85],"class_list":{"0":"post-7360","1":"product","2":"type-product","3":"status-publish","4":"has-post-thumbnail","6":"product_cat-brother","7":"product_cat-omblusmasinad","8":"product_tag-brother","9":"desktop-align-left","10":"tablet-align-left","11":"mobile-align-left","13":"first","14":"instock","15":"taxable","16":"shipping-taxable","17":"purchasable","18":"product-type-simple"},"yoast_head":"<!-- This site is optimized with the Yoast SEO plugin v26.1.1 - https:\/\/yoast.com\/wordpress\/plugins\/seo\/ -->\n<title>Innov-is F420 Brother - Suurep\u00e4rase kvaliteediga kompuuter\u00f5mblusmasin<\/title>\n<meta name=\"description\" content=\"Masin on varustatud k\u00f5ikide funktsioonidega, mida r\u00e4tsep vajab. Suur t\u00f6\u00f6pind, mis on n\u00f5elast paremale m\u00f5\u00f5detuna juba 19cm v\u00f5imaldab mugavamalt \u00f5mmelda suurem\u00f5\u00f5tmelisi r\u00f5ivaid v\u00f5i teha lapit\u00f6\u00f6d.\" \/>\n<meta name=\"robots\" content=\"index, follow, max-snippet:-1, max-image-preview:large, max-video-preview:-1\" \/>\n<link rel=\"canonical\" href=\"https:\/\/marevik.ee\/test\/toode\/innov-f420-brother\/\" \/>\n<meta property=\"og:locale\" content=\"en_US\" \/>\n<meta property=\"og:type\" content=\"article\" \/>\n<meta property=\"og:title\" content=\"Innov-is F420 Brother - Suurep\u00e4rase kvaliteediga kompuuter\u00f5mblusmasin\" \/>\n<meta property=\"og:description\" content=\"Masin on varustatud k\u00f5ikide funktsioonidega, mida r\u00e4tsep vajab. Suur t\u00f6\u00f6pind, mis on n\u00f5elast paremale m\u00f5\u00f5detuna juba 19cm v\u00f5imaldab mugavamalt \u00f5mmelda suurem\u00f5\u00f5tmelisi r\u00f5ivaid v\u00f5i teha lapit\u00f6\u00f6d.\" \/>\n<meta property=\"og:url\" content=\"https:\/\/marevik.ee\/test\/toode\/innov-f420-brother\/\" \/>\n<meta property=\"og:site_name\" content=\"Marevik O&Uuml;\" \/>\n<meta property=\"article:modified_time\" content=\"2025-05-12T13:31:01+00:00\" \/>\n<meta property=\"og:image\" content=\"https:\/\/marevik.ee\/test\/wp-content\/uploads\/2021\/03\/NV-F420.jpg\" \/>\n\t<meta property=\"og:image:width\" content=\"500\" \/>\n\t<meta property=\"og:image:height\" content=\"500\" \/>\n\t<meta property=\"og:image:type\" content=\"image\/jpeg\" \/>\n<meta name=\"twitter:card\" content=\"summary_large_image\" \/>\n<meta name=\"twitter:label1\" content=\"Est. reading time\" \/>\n\t<meta name=\"twitter:data1\" content=\"1 minute\" \/>\n<script type=\"application\/ld+json\" class=\"yoast-schema-graph\">{\"@context\":\"https:\/\/schema.org\",\"@graph\":[{\"@type\":\"WebPage\",\"@id\":\"https:\/\/marevik.ee\/test\/toode\/innov-f420-brother\/\",\"url\":\"https:\/\/marevik.ee\/test\/toode\/innov-f420-brother\/\",\"name\":\"Innov-is F420 Brother - Suurep\u00e4rase kvaliteediga kompuuter\u00f5mblusmasin\",\"isPartOf\":{\"@id\":\"https:\/\/marevik.ee\/test\/#website\"},\"primaryImageOfPage\":{\"@id\":\"https:\/\/marevik.ee\/test\/toode\/innov-f420-brother\/#primaryimage\"},\"image\":{\"@id\":\"https:\/\/marevik.ee\/test\/toode\/innov-f420-brother\/#primaryimage\"},\"thumbnailUrl\":\"https:\/\/marevik.ee\/test\/wp-content\/uploads\/2021\/03\/NV-F420.jpg\",\"datePublished\":\"2017-02-14T13:48:54+00:00\",\"dateModified\":\"2025-05-12T13:31:01+00:00\",\"description\":\"Masin on varustatud k\u00f5ikide funktsioonidega, mida r\u00e4tsep vajab. Suur t\u00f6\u00f6pind, mis on n\u00f5elast paremale m\u00f5\u00f5detuna juba 19cm v\u00f5imaldab mugavamalt \u00f5mmelda suurem\u00f5\u00f5tmelisi r\u00f5ivaid v\u00f5i teha lapit\u00f6\u00f6d.\",\"breadcrumb\":{\"@id\":\"https:\/\/marevik.ee\/test\/toode\/innov-f420-brother\/#breadcrumb\"},\"inLanguage\":\"en\",\"potentialAction\":[{\"@type\":\"ReadAction\",\"target\":[\"https:\/\/marevik.ee\/test\/toode\/innov-f420-brother\/\"]}]},{\"@type\":\"ImageObject\",\"inLanguage\":\"en\",\"@id\":\"https:\/\/marevik.ee\/test\/toode\/innov-f420-brother\/#primaryimage\",\"url\":\"https:\/\/marevik.ee\/test\/wp-content\/uploads\/2021\/03\/NV-F420.jpg\",\"contentUrl\":\"https:\/\/marevik.ee\/test\/wp-content\/uploads\/2021\/03\/NV-F420.jpg\",\"width\":500,\"height\":500,\"caption\":\"Innov-is F420 Brother\"},{\"@type\":\"BreadcrumbList\",\"@id\":\"https:\/\/marevik.ee\/test\/toode\/innov-f420-brother\/#breadcrumb\",\"itemListElement\":[{\"@type\":\"ListItem\",\"position\":1,\"name\":\"Home\",\"item\":\"https:\/\/marevik.ee\/test\/\"},{\"@type\":\"ListItem\",\"position\":2,\"name\":\"E-POOD\",\"item\":\"https:\/\/marevik.ee\/test\/epood\/\"},{\"@type\":\"ListItem\",\"position\":3,\"name\":\"Innov-is F420 Brother\"}]},{\"@type\":\"WebSite\",\"@id\":\"https:\/\/marevik.ee\/test\/#website\",\"url\":\"https:\/\/marevik.ee\/test\/\",\"name\":\"Marevik O&Uuml;\",\"description\":\"&Otilde;mblusmasina asjatundja\",\"publisher\":{\"@id\":\"https:\/\/marevik.ee\/test\/#organization\"},\"potentialAction\":[{\"@type\":\"SearchAction\",\"target\":{\"@type\":\"EntryPoint\",\"urlTemplate\":\"https:\/\/marevik.ee\/test\/?s={search_term_string}\"},\"query-input\":{\"@type\":\"PropertyValueSpecification\",\"valueRequired\":true,\"valueName\":\"search_term_string\"}}],\"inLanguage\":\"en\"},{\"@type\":\"Organization\",\"@id\":\"https:\/\/marevik.ee\/test\/#organization\",\"name\":\"Marevik O&Uuml;\",\"url\":\"https:\/\/marevik.ee\/test\/\",\"logo\":{\"@type\":\"ImageObject\",\"inLanguage\":\"en\",\"@id\":\"https:\/\/marevik.ee\/test\/#\/schema\/logo\/image\/\",\"url\":\"https:\/\/marevik.ee\/test\/wp-content\/uploads\/2020\/02\/mblusmasina-asjatundja-1994_173x105_veebi_v-ike.jpg\",\"contentUrl\":\"https:\/\/marevik.ee\/test\/wp-content\/uploads\/2020\/02\/mblusmasina-asjatundja-1994_173x105_veebi_v-ike.jpg\",\"width\":173,\"height\":105,\"caption\":\"Marevik O&Uuml;\"},\"image\":{\"@id\":\"https:\/\/marevik.ee\/test\/#\/schema\/logo\/image\/\"}}]}<\/script>\n<!-- \/ Yoast SEO plugin. -->","yoast_head_json":{"title":"Innov-is F420 Brother - Suurep\u00e4rase kvaliteediga kompuuter\u00f5mblusmasin","description":"Masin on varustatud k\u00f5ikide funktsioonidega, mida r\u00e4tsep vajab. Suur t\u00f6\u00f6pind, mis on n\u00f5elast paremale m\u00f5\u00f5detuna juba 19cm v\u00f5imaldab mugavamalt \u00f5mmelda suurem\u00f5\u00f5tmelisi r\u00f5ivaid v\u00f5i teha lapit\u00f6\u00f6d.","robots":{"index":"index","follow":"follow","max-snippet":"max-snippet:-1","max-image-preview":"max-image-preview:large","max-video-preview":"max-video-preview:-1"},"canonical":"https:\/\/marevik.ee\/test\/toode\/innov-f420-brother\/","og_locale":"en_US","og_type":"article","og_title":"Innov-is F420 Brother - Suurep\u00e4rase kvaliteediga kompuuter\u00f5mblusmasin","og_description":"Masin on varustatud k\u00f5ikide funktsioonidega, mida r\u00e4tsep vajab. Suur t\u00f6\u00f6pind, mis on n\u00f5elast paremale m\u00f5\u00f5detuna juba 19cm v\u00f5imaldab mugavamalt \u00f5mmelda suurem\u00f5\u00f5tmelisi r\u00f5ivaid v\u00f5i teha lapit\u00f6\u00f6d.","og_url":"https:\/\/marevik.ee\/test\/toode\/innov-f420-brother\/","og_site_name":"Marevik O&Uuml;","article_modified_time":"2025-05-12T13:31:01+00:00","og_image":[{"width":500,"height":500,"url":"https:\/\/marevik.ee\/test\/wp-content\/uploads\/2021\/03\/NV-F420.jpg","type":"image\/jpeg"}],"twitter_card":"summary_large_image","twitter_misc":{"Est. reading time":"1 minute"},"schema":{"@context":"https:\/\/schema.org","@graph":[{"@type":"WebPage","@id":"https:\/\/marevik.ee\/test\/toode\/innov-f420-brother\/","url":"https:\/\/marevik.ee\/test\/toode\/innov-f420-brother\/","name":"Innov-is F420 Brother - Suurep\u00e4rase kvaliteediga kompuuter\u00f5mblusmasin","isPartOf":{"@id":"https:\/\/marevik.ee\/test\/#website"},"primaryImageOfPage":{"@id":"https:\/\/marevik.ee\/test\/toode\/innov-f420-brother\/#primaryimage"},"image":{"@id":"https:\/\/marevik.ee\/test\/toode\/innov-f420-brother\/#primaryimage"},"thumbnailUrl":"https:\/\/marevik.ee\/test\/wp-content\/uploads\/2021\/03\/NV-F420.jpg","datePublished":"2017-02-14T13:48:54+00:00","dateModified":"2025-05-12T13:31:01+00:00","description":"Masin on varustatud k\u00f5ikide funktsioonidega, mida r\u00e4tsep vajab. Suur t\u00f6\u00f6pind, mis on n\u00f5elast paremale m\u00f5\u00f5detuna juba 19cm v\u00f5imaldab mugavamalt \u00f5mmelda suurem\u00f5\u00f5tmelisi r\u00f5ivaid v\u00f5i teha lapit\u00f6\u00f6d.","breadcrumb":{"@id":"https:\/\/marevik.ee\/test\/toode\/innov-f420-brother\/#breadcrumb"},"inLanguage":"en","potentialAction":[{"@type":"ReadAction","target":["https:\/\/marevik.ee\/test\/toode\/innov-f420-brother\/"]}]},{"@type":"ImageObject","inLanguage":"en","@id":"https:\/\/marevik.ee\/test\/toode\/innov-f420-brother\/#primaryimage","url":"https:\/\/marevik.ee\/test\/wp-content\/uploads\/2021\/03\/NV-F420.jpg","contentUrl":"https:\/\/marevik.ee\/test\/wp-content\/uploads\/2021\/03\/NV-F420.jpg","width":500,"height":500,"caption":"Innov-is F420 Brother"},{"@type":"BreadcrumbList","@id":"https:\/\/marevik.ee\/test\/toode\/innov-f420-brother\/#breadcrumb","itemListElement":[{"@type":"ListItem","position":1,"name":"Home","item":"https:\/\/marevik.ee\/test\/"},{"@type":"ListItem","position":2,"name":"E-POOD","item":"https:\/\/marevik.ee\/test\/epood\/"},{"@type":"ListItem","position":3,"name":"Innov-is F420 Brother"}]},{"@type":"WebSite","@id":"https:\/\/marevik.ee\/test\/#website","url":"https:\/\/marevik.ee\/test\/","name":"Marevik O&Uuml;","description":"&Otilde;mblusmasina asjatundja","publisher":{"@id":"https:\/\/marevik.ee\/test\/#organization"},"potentialAction":[{"@type":"SearchAction","target":{"@type":"EntryPoint","urlTemplate":"https:\/\/marevik.ee\/test\/?s={search_term_string}"},"query-input":{"@type":"PropertyValueSpecification","valueRequired":true,"valueName":"search_term_string"}}],"inLanguage":"en"},{"@type":"Organization","@id":"https:\/\/marevik.ee\/test\/#organization","name":"Marevik O&Uuml;","url":"https:\/\/marevik.ee\/test\/","logo":{"@type":"ImageObject","inLanguage":"en","@id":"https:\/\/marevik.ee\/test\/#\/schema\/logo\/image\/","url":"https:\/\/marevik.ee\/test\/wp-content\/uploads\/2020\/02\/mblusmasina-asjatundja-1994_173x105_veebi_v-ike.jpg","contentUrl":"https:\/\/marevik.ee\/test\/wp-content\/uploads\/2020\/02\/mblusmasina-asjatundja-1994_173x105_veebi_v-ike.jpg","width":173,"height":105,"caption":"Marevik O&Uuml;"},"image":{"@id":"https:\/\/marevik.ee\/test\/#\/schema\/logo\/image\/"}}]}},"_links":{"self":[{"href":"https:\/\/marevik.ee\/test\/wp-json\/wp\/v2\/product\/7360","targetHints":{"allow":["GET"]}}],"collection":[{"href":"https:\/\/marevik.ee\/test\/wp-json\/wp\/v2\/product"}],"about":[{"href":"https:\/\/marevik.ee\/test\/wp-json\/wp\/v2\/types\/product"}],"wp:featuredmedia":[{"embeddable":true,"href":"https:\/\/marevik.ee\/test\/wp-json\/wp\/v2\/media\/7361"}],"wp:attachment":[{"href":"https:\/\/marevik.ee\/test\/wp-json\/wp\/v2\/media?parent=7360"}],"wp:term":[{"taxonomy":"product_brand","embeddable":true,"href":"https:\/\/marevik.ee\/test\/wp-json\/wp\/v2\/product_brand?post=7360"},{"taxonomy":"product_cat","embeddable":true,"href":"https:\/\/marevik.ee\/test\/wp-json\/wp\/v2\/product_cat?post=7360"},{"taxonomy":"product_tag","embeddable":true,"href":"https:\/\/marevik.ee\/test\/wp-json\/wp\/v2\/product_tag?post=7360"}],"curies":[{"name":"wp","href":"https:\/\/api.w.org\/{rel}","templated":true}]}}