{"id":7537,"date":"2017-05-02T18:15:33","date_gmt":"2017-05-02T18:15:33","guid":{"rendered":"https:\/\/xn--mblusmasinapood-rsb.ee\/?post_type=product&#038;p=7537"},"modified":"2025-10-28T08:04:06","modified_gmt":"2025-10-28T08:04:06","slug":"janome-dm7200","status":"publish","type":"product","link":"https:\/\/marevik.ee\/test\/toode\/janome-dm7200\/","title":{"rendered":"Janome DM7200"},"content":{"rendered":"<p>200 \u00f5mblusoperatsiooni,<br \/>\nLisaks 2 stiili t\u00e4hestikku ja numbreid<br \/>\nSuur abilaud masinaga kaasas. Abilaua m\u00f5\u00f5dud 28cm x 40cm<br \/>\nLCD-ekraan.<br \/>\nn\u00f5ela stoppasendi nupp \u00fcles\/alla<br \/>\nSTART\/STOP nupp v\u00f5imaldab masinat k\u00e4ivitada ja peatada.<br \/>\nHorisontaalne p\u00f6\u00f6rlev magnetp\u00f5hjaga poolipesa, pealtlaetav poolis\u00fcsteem.<br \/>\n\u00d5mbluslaiuse regulaator 0-7mm<br \/>\nPiste pikkuse regulaator 0-5mm<br \/>\n\u00d5mbluskiiruse regulaator, lisaks pedaalile t\u00e4iendavalt ka masina peal<br \/>\nT\u00e4isautomaatne n\u00f6\u00f6pauk, (12 erinevat)<br \/>\nVabavars.<br \/>\nV\u00f5imalus \u00f5mmelda topeltn\u00f5elaga.<br \/>\n7-osaline veohammastik kergendab \u00f5hukeste ja venivate materjalide \u00f5mblemist.<br \/>\nAutomaatne peav\u00f5lli vabastus poolimisel.<br \/>\nS\u00f6\u00f6tehammastiku v\u00e4ljal\u00fclitamise v\u00f5imalus.<br \/>\nN\u00f5ela kiirniidistaja.<br \/>\nElektrooniline niidil\u00f5ikur.<br \/>\nMasina t\u00f6\u00f6lauas tarvikute laegas poolidele ja tarvikutele.<br \/>\nKohtvalgustus LED<\/p>\n<p>Tarvikud:<br \/>\n4 pooli, n\u00f5elakomplekt 7 talda (universaal-, t\u00f5mblukutald, n\u00f6\u00f6pauguraam (+ k\u00f5rguste vahe kompenseerimiss\u00fcsteem mis v\u00f5imaldab paremat resultaati paksemast materjalist tootele n\u00f6\u00f6paukude \u00f5mblemisel), l\u00e4bipaistev aplikatsioonitald, peitpistetald, \u00e4\u00e4ristus\u00f5mbluste tald ja nn lapitehnikatald (v\u00f5imaldab t\u00e4nu juhikule teha teping\u00f5mblusi \u00fchtlasele kaugusele detaili servast), lisaniidirulli tapp, harutuspulk\/n\u00f6\u00f6paugul\u00f5ikaja, kruvikeeraja, puhastuspintsel, tugevast plastmassist valge k\u00f5vakate.<\/p>\n","protected":false},"excerpt":{"rendered":"<p>Janome DM7200 on kaasaegne, kauni disaini ja suurte v\u00f5imalustega kompuuter\u00f5mblusmasin. Jaapani kvaliteet sajandipikkune kogemus \u00f5mblusmasinate tootmisel, see on Janome.<\/p>\n","protected":false},"featured_media":7538,"template":"","meta":{"site-sidebar-layout":"default","site-content-layout":"default","ast-site-content-layout":"default","site-content-style":"default","site-sidebar-style":"default","ast-global-header-display":"","ast-banner-title-visibility":"","ast-main-header-display":"","ast-hfb-above-header-display":"","ast-hfb-below-header-display":"","ast-hfb-mobile-header-display":"","site-post-title":"","ast-breadcrumbs-content":"","ast-featured-img":"","footer-sml-layout":"","theme-transparent-header-meta":"default","adv-header-id-meta":"","stick-header-meta":"","header-above-stick-meta":"","header-main-stick-meta":"","header-below-stick-meta":"","astra-migrate-meta-layouts":"set","ast-page-background-enabled":"default","ast-page-background-meta":{"desktop":{"background-color":"","background-image":"","background-repeat":"repeat","background-position":"center center","background-size":"auto","background-attachment":"scroll","background-type":"","background-media":"","overlay-type":"","overlay-color":"","overlay-opacity":"","overlay-gradient":""},"tablet":{"background-color":"","background-image":"","background-repeat":"repeat","background-position":"center center","background-size":"auto","background-attachment":"scroll","background-type":"","background-media":"","overlay-type":"","overlay-color":"","overlay-opacity":"","overlay-gradient":""},"mobile":{"background-color":"","background-image":"","background-repeat":"repeat","background-position":"center center","background-size":"auto","background-attachment":"scroll","background-type":"","background-media":"","overlay-type":"","overlay-color":"","overlay-opacity":"","overlay-gradient":""}},"ast-content-background-meta":{"desktop":{"background-color":"var(--ast-global-color-5)","background-image":"","background-repeat":"repeat","background-position":"center center","background-size":"auto","background-attachment":"scroll","background-type":"","background-media":"","overlay-type":"","overlay-color":"","overlay-opacity":"","overlay-gradient":""},"tablet":{"background-color":"var(--ast-global-color-5)","background-image":"","background-repeat":"repeat","background-position":"center center","background-size":"auto","background-attachment":"scroll","background-type":"","background-media":"","overlay-type":"","overlay-color":"","overlay-opacity":"","overlay-gradient":""},"mobile":{"background-color":"var(--ast-global-color-5)","background-image":"","background-repeat":"repeat","background-position":"center center","background-size":"auto","background-attachment":"scroll","background-type":"","background-media":"","overlay-type":"","overlay-color":"","overlay-opacity":"","overlay-gradient":""}}},"product_brand":[],"product_cat":[69,60],"product_tag":[84],"class_list":{"0":"post-7537","1":"product","2":"type-product","3":"status-publish","4":"has-post-thumbnail","6":"product_cat-janome","7":"product_cat-omblusmasinad","8":"product_tag-janome","9":"desktop-align-left","10":"tablet-align-left","11":"mobile-align-left","13":"first","14":"instock","15":"taxable","16":"shipping-taxable","17":"purchasable","18":"product-type-simple"},"yoast_head":"<!-- This site is optimized with the Yoast SEO plugin v26.1.1 - https:\/\/yoast.com\/wordpress\/plugins\/seo\/ -->\n<title>Janome DM7200 - suurte v\u00f5imalustega kompuuter\u00f5mblusmasin<\/title>\n<meta name=\"description\" content=\"Janome DM7200 on kaasaegne, kauni disaini ja suurte v\u00f5imalustega kompuuter\u00f5mblusmasin. Jaapani kvaliteet sajandipikkune kogemus \u00f5mblusmasinate tootmisel, see on Janome.\" \/>\n<meta name=\"robots\" content=\"index, follow, max-snippet:-1, max-image-preview:large, max-video-preview:-1\" \/>\n<link rel=\"canonical\" href=\"https:\/\/marevik.ee\/test\/toode\/janome-dm7200\/\" \/>\n<meta property=\"og:locale\" content=\"en_US\" \/>\n<meta property=\"og:type\" content=\"article\" \/>\n<meta property=\"og:title\" content=\"Janome DM7200 - suurte v\u00f5imalustega kompuuter\u00f5mblusmasin\" \/>\n<meta property=\"og:description\" content=\"Janome DM7200 on kaasaegne, kauni disaini ja suurte v\u00f5imalustega kompuuter\u00f5mblusmasin. Jaapani kvaliteet sajandipikkune kogemus \u00f5mblusmasinate tootmisel, see on Janome.\" \/>\n<meta property=\"og:url\" content=\"https:\/\/marevik.ee\/test\/toode\/janome-dm7200\/\" \/>\n<meta property=\"og:site_name\" content=\"Marevik O&Uuml;\" \/>\n<meta property=\"article:modified_time\" content=\"2025-10-28T08:04:06+00:00\" \/>\n<meta property=\"og:image\" content=\"https:\/\/marevik.ee\/test\/wp-content\/uploads\/2021\/03\/Janome-DC7200.jpg\" \/>\n\t<meta property=\"og:image:width\" content=\"500\" \/>\n\t<meta property=\"og:image:height\" content=\"500\" \/>\n\t<meta property=\"og:image:type\" content=\"image\/jpeg\" \/>\n<meta name=\"twitter:card\" content=\"summary_large_image\" \/>\n<meta name=\"twitter:label1\" content=\"Est. reading time\" \/>\n\t<meta name=\"twitter:data1\" content=\"1 minute\" \/>\n<script type=\"application\/ld+json\" class=\"yoast-schema-graph\">{\"@context\":\"https:\/\/schema.org\",\"@graph\":[{\"@type\":\"WebPage\",\"@id\":\"https:\/\/marevik.ee\/test\/toode\/janome-dm7200\/\",\"url\":\"https:\/\/marevik.ee\/test\/toode\/janome-dm7200\/\",\"name\":\"Janome DM7200 - suurte v\u00f5imalustega kompuuter\u00f5mblusmasin\",\"isPartOf\":{\"@id\":\"https:\/\/marevik.ee\/test\/#website\"},\"primaryImageOfPage\":{\"@id\":\"https:\/\/marevik.ee\/test\/toode\/janome-dm7200\/#primaryimage\"},\"image\":{\"@id\":\"https:\/\/marevik.ee\/test\/toode\/janome-dm7200\/#primaryimage\"},\"thumbnailUrl\":\"https:\/\/marevik.ee\/test\/wp-content\/uploads\/2021\/03\/Janome-DC7200.jpg\",\"datePublished\":\"2017-05-02T18:15:33+00:00\",\"dateModified\":\"2025-10-28T08:04:06+00:00\",\"description\":\"Janome DM7200 on kaasaegne, kauni disaini ja suurte v\u00f5imalustega kompuuter\u00f5mblusmasin. Jaapani kvaliteet sajandipikkune kogemus \u00f5mblusmasinate tootmisel, see on Janome.\",\"breadcrumb\":{\"@id\":\"https:\/\/marevik.ee\/test\/toode\/janome-dm7200\/#breadcrumb\"},\"inLanguage\":\"en\",\"potentialAction\":[{\"@type\":\"ReadAction\",\"target\":[\"https:\/\/marevik.ee\/test\/toode\/janome-dm7200\/\"]}]},{\"@type\":\"ImageObject\",\"inLanguage\":\"en\",\"@id\":\"https:\/\/marevik.ee\/test\/toode\/janome-dm7200\/#primaryimage\",\"url\":\"https:\/\/marevik.ee\/test\/wp-content\/uploads\/2021\/03\/Janome-DC7200.jpg\",\"contentUrl\":\"https:\/\/marevik.ee\/test\/wp-content\/uploads\/2021\/03\/Janome-DC7200.jpg\",\"width\":500,\"height\":500,\"caption\":\"Janome DM7200\"},{\"@type\":\"BreadcrumbList\",\"@id\":\"https:\/\/marevik.ee\/test\/toode\/janome-dm7200\/#breadcrumb\",\"itemListElement\":[{\"@type\":\"ListItem\",\"position\":1,\"name\":\"Home\",\"item\":\"https:\/\/marevik.ee\/test\/\"},{\"@type\":\"ListItem\",\"position\":2,\"name\":\"E-POOD\",\"item\":\"https:\/\/marevik.ee\/test\/epood\/\"},{\"@type\":\"ListItem\",\"position\":3,\"name\":\"Janome DM7200\"}]},{\"@type\":\"WebSite\",\"@id\":\"https:\/\/marevik.ee\/test\/#website\",\"url\":\"https:\/\/marevik.ee\/test\/\",\"name\":\"Marevik O&Uuml;\",\"description\":\"&Otilde;mblusmasina asjatundja\",\"publisher\":{\"@id\":\"https:\/\/marevik.ee\/test\/#organization\"},\"potentialAction\":[{\"@type\":\"SearchAction\",\"target\":{\"@type\":\"EntryPoint\",\"urlTemplate\":\"https:\/\/marevik.ee\/test\/?s={search_term_string}\"},\"query-input\":{\"@type\":\"PropertyValueSpecification\",\"valueRequired\":true,\"valueName\":\"search_term_string\"}}],\"inLanguage\":\"en\"},{\"@type\":\"Organization\",\"@id\":\"https:\/\/marevik.ee\/test\/#organization\",\"name\":\"Marevik O&Uuml;\",\"url\":\"https:\/\/marevik.ee\/test\/\",\"logo\":{\"@type\":\"ImageObject\",\"inLanguage\":\"en\",\"@id\":\"https:\/\/marevik.ee\/test\/#\/schema\/logo\/image\/\",\"url\":\"https:\/\/marevik.ee\/test\/wp-content\/uploads\/2020\/02\/mblusmasina-asjatundja-1994_173x105_veebi_v-ike.jpg\",\"contentUrl\":\"https:\/\/marevik.ee\/test\/wp-content\/uploads\/2020\/02\/mblusmasina-asjatundja-1994_173x105_veebi_v-ike.jpg\",\"width\":173,\"height\":105,\"caption\":\"Marevik O&Uuml;\"},\"image\":{\"@id\":\"https:\/\/marevik.ee\/test\/#\/schema\/logo\/image\/\"}}]}<\/script>\n<!-- \/ Yoast SEO plugin. -->","yoast_head_json":{"title":"Janome DM7200 - suurte v\u00f5imalustega kompuuter\u00f5mblusmasin","description":"Janome DM7200 on kaasaegne, kauni disaini ja suurte v\u00f5imalustega kompuuter\u00f5mblusmasin. Jaapani kvaliteet sajandipikkune kogemus \u00f5mblusmasinate tootmisel, see on Janome.","robots":{"index":"index","follow":"follow","max-snippet":"max-snippet:-1","max-image-preview":"max-image-preview:large","max-video-preview":"max-video-preview:-1"},"canonical":"https:\/\/marevik.ee\/test\/toode\/janome-dm7200\/","og_locale":"en_US","og_type":"article","og_title":"Janome DM7200 - suurte v\u00f5imalustega kompuuter\u00f5mblusmasin","og_description":"Janome DM7200 on kaasaegne, kauni disaini ja suurte v\u00f5imalustega kompuuter\u00f5mblusmasin. Jaapani kvaliteet sajandipikkune kogemus \u00f5mblusmasinate tootmisel, see on Janome.","og_url":"https:\/\/marevik.ee\/test\/toode\/janome-dm7200\/","og_site_name":"Marevik O&Uuml;","article_modified_time":"2025-10-28T08:04:06+00:00","og_image":[{"width":500,"height":500,"url":"https:\/\/marevik.ee\/test\/wp-content\/uploads\/2021\/03\/Janome-DC7200.jpg","type":"image\/jpeg"}],"twitter_card":"summary_large_image","twitter_misc":{"Est. reading time":"1 minute"},"schema":{"@context":"https:\/\/schema.org","@graph":[{"@type":"WebPage","@id":"https:\/\/marevik.ee\/test\/toode\/janome-dm7200\/","url":"https:\/\/marevik.ee\/test\/toode\/janome-dm7200\/","name":"Janome DM7200 - suurte v\u00f5imalustega kompuuter\u00f5mblusmasin","isPartOf":{"@id":"https:\/\/marevik.ee\/test\/#website"},"primaryImageOfPage":{"@id":"https:\/\/marevik.ee\/test\/toode\/janome-dm7200\/#primaryimage"},"image":{"@id":"https:\/\/marevik.ee\/test\/toode\/janome-dm7200\/#primaryimage"},"thumbnailUrl":"https:\/\/marevik.ee\/test\/wp-content\/uploads\/2021\/03\/Janome-DC7200.jpg","datePublished":"2017-05-02T18:15:33+00:00","dateModified":"2025-10-28T08:04:06+00:00","description":"Janome DM7200 on kaasaegne, kauni disaini ja suurte v\u00f5imalustega kompuuter\u00f5mblusmasin. Jaapani kvaliteet sajandipikkune kogemus \u00f5mblusmasinate tootmisel, see on Janome.","breadcrumb":{"@id":"https:\/\/marevik.ee\/test\/toode\/janome-dm7200\/#breadcrumb"},"inLanguage":"en","potentialAction":[{"@type":"ReadAction","target":["https:\/\/marevik.ee\/test\/toode\/janome-dm7200\/"]}]},{"@type":"ImageObject","inLanguage":"en","@id":"https:\/\/marevik.ee\/test\/toode\/janome-dm7200\/#primaryimage","url":"https:\/\/marevik.ee\/test\/wp-content\/uploads\/2021\/03\/Janome-DC7200.jpg","contentUrl":"https:\/\/marevik.ee\/test\/wp-content\/uploads\/2021\/03\/Janome-DC7200.jpg","width":500,"height":500,"caption":"Janome DM7200"},{"@type":"BreadcrumbList","@id":"https:\/\/marevik.ee\/test\/toode\/janome-dm7200\/#breadcrumb","itemListElement":[{"@type":"ListItem","position":1,"name":"Home","item":"https:\/\/marevik.ee\/test\/"},{"@type":"ListItem","position":2,"name":"E-POOD","item":"https:\/\/marevik.ee\/test\/epood\/"},{"@type":"ListItem","position":3,"name":"Janome DM7200"}]},{"@type":"WebSite","@id":"https:\/\/marevik.ee\/test\/#website","url":"https:\/\/marevik.ee\/test\/","name":"Marevik O&Uuml;","description":"&Otilde;mblusmasina asjatundja","publisher":{"@id":"https:\/\/marevik.ee\/test\/#organization"},"potentialAction":[{"@type":"SearchAction","target":{"@type":"EntryPoint","urlTemplate":"https:\/\/marevik.ee\/test\/?s={search_term_string}"},"query-input":{"@type":"PropertyValueSpecification","valueRequired":true,"valueName":"search_term_string"}}],"inLanguage":"en"},{"@type":"Organization","@id":"https:\/\/marevik.ee\/test\/#organization","name":"Marevik O&Uuml;","url":"https:\/\/marevik.ee\/test\/","logo":{"@type":"ImageObject","inLanguage":"en","@id":"https:\/\/marevik.ee\/test\/#\/schema\/logo\/image\/","url":"https:\/\/marevik.ee\/test\/wp-content\/uploads\/2020\/02\/mblusmasina-asjatundja-1994_173x105_veebi_v-ike.jpg","contentUrl":"https:\/\/marevik.ee\/test\/wp-content\/uploads\/2020\/02\/mblusmasina-asjatundja-1994_173x105_veebi_v-ike.jpg","width":173,"height":105,"caption":"Marevik O&Uuml;"},"image":{"@id":"https:\/\/marevik.ee\/test\/#\/schema\/logo\/image\/"}}]}},"_links":{"self":[{"href":"https:\/\/marevik.ee\/test\/wp-json\/wp\/v2\/product\/7537","targetHints":{"allow":["GET"]}}],"collection":[{"href":"https:\/\/marevik.ee\/test\/wp-json\/wp\/v2\/product"}],"about":[{"href":"https:\/\/marevik.ee\/test\/wp-json\/wp\/v2\/types\/product"}],"wp:featuredmedia":[{"embeddable":true,"href":"https:\/\/marevik.ee\/test\/wp-json\/wp\/v2\/media\/7538"}],"wp:attachment":[{"href":"https:\/\/marevik.ee\/test\/wp-json\/wp\/v2\/media?parent=7537"}],"wp:term":[{"taxonomy":"product_brand","embeddable":true,"href":"https:\/\/marevik.ee\/test\/wp-json\/wp\/v2\/product_brand?post=7537"},{"taxonomy":"product_cat","embeddable":true,"href":"https:\/\/marevik.ee\/test\/wp-json\/wp\/v2\/product_cat?post=7537"},{"taxonomy":"product_tag","embeddable":true,"href":"https:\/\/marevik.ee\/test\/wp-json\/wp\/v2\/product_tag?post=7537"}],"curies":[{"name":"wp","href":"https:\/\/api.w.org\/{rel}","templated":true}]}}