{"id":7857,"date":"2017-06-12T18:28:16","date_gmt":"2017-06-12T18:28:16","guid":{"rendered":"https:\/\/xn--mblusmasinapood-rsb.ee\/product\/bernette-funlock-42\/"},"modified":"2024-11-14T09:36:37","modified_gmt":"2024-11-14T09:36:37","slug":"bernette-funlock-42","status":"publish","type":"product","link":"https:\/\/marevik.ee\/test\/toode\/bernette-funlock-42\/","title":{"rendered":"Bernette Funlock 42 kattemasin"},"content":{"rendered":"<p>1300 pistet\/minutis<br \/>\npistepikkus kuni 1-4mm<br \/>\nkatte laius 2,8 mm ja 5,6mm<br \/>\ndifferentsiaals\u00f6\u00f6de: 0.5-2.25<br \/>\nsuurem t\u00f6\u00f6pind, mis on n\u00f5elast paremale 87mm<br \/>\nkohtvalgusti LED<br \/>\nmasin on tehases eelniidistatud<br \/>\nlihtne niidistus<\/p>\n","protected":false},"excerpt":{"rendered":"<p>Soodne ja professionaalne katte\u00f5mblusmasin. Bernette Funlock 42 \u00a0on uus 4-niidiline katte\u00f5mblusmasin, mis sobib nii koju ka v\u00e4iksemasse ateljeesse. Trikotaa\u017ei \u00f5mblemine on selle masinaga puhas nauding. Professionaalne ja kaunis tulemus on alati garanteeritud. Vaikne ja t\u00f6\u00f6kindel t\u00f6\u00f6riist, nii algajale kui ka professionaalile.<\/p>\n","protected":false},"featured_media":7858,"template":"","meta":{"site-sidebar-layout":"default","site-content-layout":"default","ast-site-content-layout":"","site-content-style":"default","site-sidebar-style":"default","ast-global-header-display":"","ast-banner-title-visibility":"","ast-main-header-display":"","ast-hfb-above-header-display":"","ast-hfb-below-header-display":"","ast-hfb-mobile-header-display":"","site-post-title":"","ast-breadcrumbs-content":"","ast-featured-img":"","footer-sml-layout":"","theme-transparent-header-meta":"default","adv-header-id-meta":"","stick-header-meta":"","header-above-stick-meta":"","header-main-stick-meta":"","header-below-stick-meta":"","astra-migrate-meta-layouts":"default","ast-page-background-enabled":"default","ast-page-background-meta":{"desktop":{"background-color":"","background-image":"","background-repeat":"repeat","background-position":"center center","background-size":"auto","background-attachment":"scroll","background-type":"","background-media":"","overlay-type":"","overlay-color":"","overlay-opacity":"","overlay-gradient":""},"tablet":{"background-color":"","background-image":"","background-repeat":"repeat","background-position":"center center","background-size":"auto","background-attachment":"scroll","background-type":"","background-media":"","overlay-type":"","overlay-color":"","overlay-opacity":"","overlay-gradient":""},"mobile":{"background-color":"","background-image":"","background-repeat":"repeat","background-position":"center center","background-size":"auto","background-attachment":"scroll","background-type":"","background-media":"","overlay-type":"","overlay-color":"","overlay-opacity":"","overlay-gradient":""}},"ast-content-background-meta":{"desktop":{"background-color":"var(--ast-global-color-5)","background-image":"","background-repeat":"repeat","background-position":"center center","background-size":"auto","background-attachment":"scroll","background-type":"","background-media":"","overlay-type":"","overlay-color":"","overlay-opacity":"","overlay-gradient":""},"tablet":{"background-color":"var(--ast-global-color-5)","background-image":"","background-repeat":"repeat","background-position":"center center","background-size":"auto","background-attachment":"scroll","background-type":"","background-media":"","overlay-type":"","overlay-color":"","overlay-opacity":"","overlay-gradient":""},"mobile":{"background-color":"var(--ast-global-color-5)","background-image":"","background-repeat":"repeat","background-position":"center center","background-size":"auto","background-attachment":"scroll","background-type":"","background-media":"","overlay-type":"","overlay-color":"","overlay-opacity":"","overlay-gradient":""}}},"product_brand":[],"product_cat":[97,95,64],"product_tag":[109],"class_list":{"0":"post-7857","1":"product","2":"type-product","3":"status-publish","4":"has-post-thumbnail","6":"product_cat-bernette-overlokid-ja-kattemasinad","7":"product_cat-katteomblusmasinad","8":"product_cat-overlokid-ja-kattemasinad","9":"product_tag-bernette","10":"desktop-align-left","11":"tablet-align-left","12":"mobile-align-left","14":"first","15":"instock","16":"taxable","17":"shipping-taxable","18":"purchasable","19":"product-type-simple"},"yoast_head":"<!-- This site is optimized with the Yoast SEO plugin v26.1.1 - https:\/\/yoast.com\/wordpress\/plugins\/seo\/ -->\n<title>Bernette Funlock 42 kattemasin - Soodne ja professionaalne<\/title>\n<meta name=\"description\" content=\"Soodne ja professionaalne katte\u00f5mblusmasin. Bernette Funlock 42 \u00a0on uus 4-niidiline katte\u00f5mblusmasin, mis sobib nii koju ka v\u00e4iksemasse ateljeesse.\" \/>\n<meta name=\"robots\" content=\"index, follow, max-snippet:-1, max-image-preview:large, max-video-preview:-1\" \/>\n<link rel=\"canonical\" href=\"https:\/\/marevik.ee\/test\/toode\/bernette-funlock-42\/\" \/>\n<meta property=\"og:locale\" content=\"en_US\" \/>\n<meta property=\"og:type\" content=\"article\" \/>\n<meta property=\"og:title\" content=\"Bernette Funlock 42 kattemasin - Soodne ja professionaalne\" \/>\n<meta property=\"og:description\" content=\"Soodne ja professionaalne katte\u00f5mblusmasin. Bernette Funlock 42 \u00a0on uus 4-niidiline katte\u00f5mblusmasin, mis sobib nii koju ka v\u00e4iksemasse ateljeesse.\" \/>\n<meta property=\"og:url\" content=\"https:\/\/marevik.ee\/test\/toode\/bernette-funlock-42\/\" \/>\n<meta property=\"og:site_name\" content=\"Marevik O&Uuml;\" \/>\n<meta property=\"article:modified_time\" content=\"2024-11-14T09:36:37+00:00\" \/>\n<meta property=\"og:image\" content=\"https:\/\/marevik.ee\/test\/wp-content\/uploads\/2021\/03\/bernette-Funlock-42-1.jpg\" \/>\n\t<meta property=\"og:image:width\" content=\"1800\" \/>\n\t<meta property=\"og:image:height\" content=\"1924\" \/>\n\t<meta property=\"og:image:type\" content=\"image\/jpeg\" \/>\n<meta name=\"twitter:card\" content=\"summary_large_image\" \/>\n<meta name=\"twitter:label1\" content=\"Est. reading time\" \/>\n\t<meta name=\"twitter:data1\" content=\"1 minute\" \/>\n<script type=\"application\/ld+json\" class=\"yoast-schema-graph\">{\"@context\":\"https:\/\/schema.org\",\"@graph\":[{\"@type\":\"WebPage\",\"@id\":\"https:\/\/marevik.ee\/test\/toode\/bernette-funlock-42\/\",\"url\":\"https:\/\/marevik.ee\/test\/toode\/bernette-funlock-42\/\",\"name\":\"Bernette Funlock 42 kattemasin - Soodne ja professionaalne\",\"isPartOf\":{\"@id\":\"https:\/\/marevik.ee\/test\/#website\"},\"primaryImageOfPage\":{\"@id\":\"https:\/\/marevik.ee\/test\/toode\/bernette-funlock-42\/#primaryimage\"},\"image\":{\"@id\":\"https:\/\/marevik.ee\/test\/toode\/bernette-funlock-42\/#primaryimage\"},\"thumbnailUrl\":\"https:\/\/marevik.ee\/test\/wp-content\/uploads\/2021\/03\/bernette-Funlock-42-1.jpg\",\"datePublished\":\"2017-06-12T18:28:16+00:00\",\"dateModified\":\"2024-11-14T09:36:37+00:00\",\"description\":\"Soodne ja professionaalne katte\u00f5mblusmasin. Bernette Funlock 42 \u00a0on uus 4-niidiline katte\u00f5mblusmasin, mis sobib nii koju ka v\u00e4iksemasse ateljeesse.\",\"breadcrumb\":{\"@id\":\"https:\/\/marevik.ee\/test\/toode\/bernette-funlock-42\/#breadcrumb\"},\"inLanguage\":\"en\",\"potentialAction\":[{\"@type\":\"ReadAction\",\"target\":[\"https:\/\/marevik.ee\/test\/toode\/bernette-funlock-42\/\"]}]},{\"@type\":\"ImageObject\",\"inLanguage\":\"en\",\"@id\":\"https:\/\/marevik.ee\/test\/toode\/bernette-funlock-42\/#primaryimage\",\"url\":\"https:\/\/marevik.ee\/test\/wp-content\/uploads\/2021\/03\/bernette-Funlock-42-1.jpg\",\"contentUrl\":\"https:\/\/marevik.ee\/test\/wp-content\/uploads\/2021\/03\/bernette-Funlock-42-1.jpg\",\"width\":1800,\"height\":1924,\"caption\":\"Bernette Funlock 42 kattemasin\"},{\"@type\":\"BreadcrumbList\",\"@id\":\"https:\/\/marevik.ee\/test\/toode\/bernette-funlock-42\/#breadcrumb\",\"itemListElement\":[{\"@type\":\"ListItem\",\"position\":1,\"name\":\"Home\",\"item\":\"https:\/\/marevik.ee\/test\/\"},{\"@type\":\"ListItem\",\"position\":2,\"name\":\"E-POOD\",\"item\":\"https:\/\/marevik.ee\/test\/epood\/\"},{\"@type\":\"ListItem\",\"position\":3,\"name\":\"Bernette Funlock 42 kattemasin\"}]},{\"@type\":\"WebSite\",\"@id\":\"https:\/\/marevik.ee\/test\/#website\",\"url\":\"https:\/\/marevik.ee\/test\/\",\"name\":\"Marevik O&Uuml;\",\"description\":\"&Otilde;mblusmasina asjatundja\",\"publisher\":{\"@id\":\"https:\/\/marevik.ee\/test\/#organization\"},\"potentialAction\":[{\"@type\":\"SearchAction\",\"target\":{\"@type\":\"EntryPoint\",\"urlTemplate\":\"https:\/\/marevik.ee\/test\/?s={search_term_string}\"},\"query-input\":{\"@type\":\"PropertyValueSpecification\",\"valueRequired\":true,\"valueName\":\"search_term_string\"}}],\"inLanguage\":\"en\"},{\"@type\":\"Organization\",\"@id\":\"https:\/\/marevik.ee\/test\/#organization\",\"name\":\"Marevik O&Uuml;\",\"url\":\"https:\/\/marevik.ee\/test\/\",\"logo\":{\"@type\":\"ImageObject\",\"inLanguage\":\"en\",\"@id\":\"https:\/\/marevik.ee\/test\/#\/schema\/logo\/image\/\",\"url\":\"https:\/\/marevik.ee\/test\/wp-content\/uploads\/2020\/02\/mblusmasina-asjatundja-1994_173x105_veebi_v-ike.jpg\",\"contentUrl\":\"https:\/\/marevik.ee\/test\/wp-content\/uploads\/2020\/02\/mblusmasina-asjatundja-1994_173x105_veebi_v-ike.jpg\",\"width\":173,\"height\":105,\"caption\":\"Marevik O&Uuml;\"},\"image\":{\"@id\":\"https:\/\/marevik.ee\/test\/#\/schema\/logo\/image\/\"}}]}<\/script>\n<!-- \/ Yoast SEO plugin. -->","yoast_head_json":{"title":"Bernette Funlock 42 kattemasin - Soodne ja professionaalne","description":"Soodne ja professionaalne katte\u00f5mblusmasin. Bernette Funlock 42 \u00a0on uus 4-niidiline katte\u00f5mblusmasin, mis sobib nii koju ka v\u00e4iksemasse ateljeesse.","robots":{"index":"index","follow":"follow","max-snippet":"max-snippet:-1","max-image-preview":"max-image-preview:large","max-video-preview":"max-video-preview:-1"},"canonical":"https:\/\/marevik.ee\/test\/toode\/bernette-funlock-42\/","og_locale":"en_US","og_type":"article","og_title":"Bernette Funlock 42 kattemasin - Soodne ja professionaalne","og_description":"Soodne ja professionaalne katte\u00f5mblusmasin. Bernette Funlock 42 \u00a0on uus 4-niidiline katte\u00f5mblusmasin, mis sobib nii koju ka v\u00e4iksemasse ateljeesse.","og_url":"https:\/\/marevik.ee\/test\/toode\/bernette-funlock-42\/","og_site_name":"Marevik O&Uuml;","article_modified_time":"2024-11-14T09:36:37+00:00","og_image":[{"width":1800,"height":1924,"url":"https:\/\/marevik.ee\/test\/wp-content\/uploads\/2021\/03\/bernette-Funlock-42-1.jpg","type":"image\/jpeg"}],"twitter_card":"summary_large_image","twitter_misc":{"Est. reading time":"1 minute"},"schema":{"@context":"https:\/\/schema.org","@graph":[{"@type":"WebPage","@id":"https:\/\/marevik.ee\/test\/toode\/bernette-funlock-42\/","url":"https:\/\/marevik.ee\/test\/toode\/bernette-funlock-42\/","name":"Bernette Funlock 42 kattemasin - Soodne ja professionaalne","isPartOf":{"@id":"https:\/\/marevik.ee\/test\/#website"},"primaryImageOfPage":{"@id":"https:\/\/marevik.ee\/test\/toode\/bernette-funlock-42\/#primaryimage"},"image":{"@id":"https:\/\/marevik.ee\/test\/toode\/bernette-funlock-42\/#primaryimage"},"thumbnailUrl":"https:\/\/marevik.ee\/test\/wp-content\/uploads\/2021\/03\/bernette-Funlock-42-1.jpg","datePublished":"2017-06-12T18:28:16+00:00","dateModified":"2024-11-14T09:36:37+00:00","description":"Soodne ja professionaalne katte\u00f5mblusmasin. Bernette Funlock 42 \u00a0on uus 4-niidiline katte\u00f5mblusmasin, mis sobib nii koju ka v\u00e4iksemasse ateljeesse.","breadcrumb":{"@id":"https:\/\/marevik.ee\/test\/toode\/bernette-funlock-42\/#breadcrumb"},"inLanguage":"en","potentialAction":[{"@type":"ReadAction","target":["https:\/\/marevik.ee\/test\/toode\/bernette-funlock-42\/"]}]},{"@type":"ImageObject","inLanguage":"en","@id":"https:\/\/marevik.ee\/test\/toode\/bernette-funlock-42\/#primaryimage","url":"https:\/\/marevik.ee\/test\/wp-content\/uploads\/2021\/03\/bernette-Funlock-42-1.jpg","contentUrl":"https:\/\/marevik.ee\/test\/wp-content\/uploads\/2021\/03\/bernette-Funlock-42-1.jpg","width":1800,"height":1924,"caption":"Bernette Funlock 42 kattemasin"},{"@type":"BreadcrumbList","@id":"https:\/\/marevik.ee\/test\/toode\/bernette-funlock-42\/#breadcrumb","itemListElement":[{"@type":"ListItem","position":1,"name":"Home","item":"https:\/\/marevik.ee\/test\/"},{"@type":"ListItem","position":2,"name":"E-POOD","item":"https:\/\/marevik.ee\/test\/epood\/"},{"@type":"ListItem","position":3,"name":"Bernette Funlock 42 kattemasin"}]},{"@type":"WebSite","@id":"https:\/\/marevik.ee\/test\/#website","url":"https:\/\/marevik.ee\/test\/","name":"Marevik O&Uuml;","description":"&Otilde;mblusmasina asjatundja","publisher":{"@id":"https:\/\/marevik.ee\/test\/#organization"},"potentialAction":[{"@type":"SearchAction","target":{"@type":"EntryPoint","urlTemplate":"https:\/\/marevik.ee\/test\/?s={search_term_string}"},"query-input":{"@type":"PropertyValueSpecification","valueRequired":true,"valueName":"search_term_string"}}],"inLanguage":"en"},{"@type":"Organization","@id":"https:\/\/marevik.ee\/test\/#organization","name":"Marevik O&Uuml;","url":"https:\/\/marevik.ee\/test\/","logo":{"@type":"ImageObject","inLanguage":"en","@id":"https:\/\/marevik.ee\/test\/#\/schema\/logo\/image\/","url":"https:\/\/marevik.ee\/test\/wp-content\/uploads\/2020\/02\/mblusmasina-asjatundja-1994_173x105_veebi_v-ike.jpg","contentUrl":"https:\/\/marevik.ee\/test\/wp-content\/uploads\/2020\/02\/mblusmasina-asjatundja-1994_173x105_veebi_v-ike.jpg","width":173,"height":105,"caption":"Marevik O&Uuml;"},"image":{"@id":"https:\/\/marevik.ee\/test\/#\/schema\/logo\/image\/"}}]}},"_links":{"self":[{"href":"https:\/\/marevik.ee\/test\/wp-json\/wp\/v2\/product\/7857","targetHints":{"allow":["GET"]}}],"collection":[{"href":"https:\/\/marevik.ee\/test\/wp-json\/wp\/v2\/product"}],"about":[{"href":"https:\/\/marevik.ee\/test\/wp-json\/wp\/v2\/types\/product"}],"wp:featuredmedia":[{"embeddable":true,"href":"https:\/\/marevik.ee\/test\/wp-json\/wp\/v2\/media\/7858"}],"wp:attachment":[{"href":"https:\/\/marevik.ee\/test\/wp-json\/wp\/v2\/media?parent=7857"}],"wp:term":[{"taxonomy":"product_brand","embeddable":true,"href":"https:\/\/marevik.ee\/test\/wp-json\/wp\/v2\/product_brand?post=7857"},{"taxonomy":"product_cat","embeddable":true,"href":"https:\/\/marevik.ee\/test\/wp-json\/wp\/v2\/product_cat?post=7857"},{"taxonomy":"product_tag","embeddable":true,"href":"https:\/\/marevik.ee\/test\/wp-json\/wp\/v2\/product_tag?post=7857"}],"curies":[{"name":"wp","href":"https:\/\/api.w.org\/{rel}","templated":true}]}}