{"id":7920,"date":"2017-07-13T12:27:55","date_gmt":"2017-07-13T12:27:55","guid":{"rendered":"https:\/\/xn--mblusmasinapood-rsb.ee\/product\/bernina-l-460\/"},"modified":"2025-09-01T11:56:07","modified_gmt":"2025-09-01T11:56:07","slug":"bernina-l-460","status":"publish","type":"product","link":"https:\/\/marevik.ee\/test\/toode\/bernina-l-460\/","title":{"rendered":"Bernina L 460 overlok"},"content":{"rendered":"<p>Overlokil on:<br \/>\n16 erinevat \u00e4\u00e4ristus\u00f5mblust<br \/>\nPistepikkus 0,8-4,0mm<br \/>\nPiste laius 3-9mm<br \/>\nDiferensiaals\u00f6\u00f6te valem 0,7-1 mm venivus ja 1-2mm krooge<br \/>\nPresstalla k\u00f5rgus kuni 9mm<br \/>\nPresstalla surve reguleerimine<br \/>\nNiidi peenh\u00e4\u00e4lestus funktsioon (MTC)<br \/>\nP\u00f5lvekangiga presstalla t\u00f5stmine<br \/>\nKahe punkti LED kohtvalgustus<br \/>\n2-funktsiooniga pedaal, kiiruse regulaatorina ja n\u00f5ela kangasse j\u00e4tmise funktsioon<br \/>\n\u00d5mbluskiirus kuni 1500 pm.<br \/>\nVarustusse kuulub: 5 varun\u00f5ela, kruvikeeraja, puhastushari, pintsetid, \u00fclemise silmusti adapter, n\u00f5elasilma niidistaja, \u00f5li, niidiv\u00f5rgud ja niidirulli stopperid (4tk), varunuga, kanga suunaja, mutriv\u00f5ti noa eemaldamiseks, t\u00f6\u00f6laua laiendus, pr\u00fcgikorjaja, p\u00f5lvkang ja pehme masina kaitsekate.<\/p>\n<div class=\"ast-oembed-container \" style=\"height: 100%;\"><iframe title=\"BERNINA overlocker\/serger L 460: first steps, stitching preparation\" width=\"500\" height=\"281\" src=\"https:\/\/www.youtube.com\/embed\/1IjbzvC4X5Q?feature=oembed\" frameborder=\"0\" allow=\"accelerometer; autoplay; clipboard-write; encrypted-media; gyroscope; picture-in-picture; web-share\" referrerpolicy=\"strict-origin-when-cross-origin\" allowfullscreen><\/iframe><\/div>\n<p>&nbsp;<\/p>\n","protected":false},"excerpt":{"rendered":"<p>Bernina L460 on \u0160veitsi kvaliteeti pakkuv overlok, mis vastab ka k\u00f5ige n\u00f5udlikuma kasutaja ootustele. Rikkalikumat standardvarustust ning lisamugavusi pakkuv Bernina L460 \u00e4\u00e4ristab nii paksemat, kui ka \u00f5hukest kangast k\u00f5rge kvaliteediga ning v\u00e4ikese vaevaga. Bernina ainulaadne haaraja niidi peenh\u00e4\u00e4lestuss\u00fcsteem MTC (Micro Thread Control), v\u00f5imaldab kvaliteetset tulemust ka k\u00f5ige jonnakamatel kangastel. Omades Bernina overlokki on ka keerukamad projektid h\u00f5lpsasti teostatavad. \u00d5mbleb kokku, \u00e4\u00e4ristab ja l\u00f5ikab serva puhtaks. Lihtne niidistus, elektrooniline n\u00f5ela-stopp ja 1500 pistet minutis on vaid m\u00f5ned m\u00e4rks\u00f5nad, mis teevad masina ostuotsuse lihtsamaks. Tippkvaliteet m\u00f5istliku hinnaga.<\/p>\n","protected":false},"featured_media":7921,"template":"","meta":{"site-sidebar-layout":"default","site-content-layout":"default","ast-site-content-layout":"default","site-content-style":"default","site-sidebar-style":"default","ast-global-header-display":"","ast-banner-title-visibility":"","ast-main-header-display":"","ast-hfb-above-header-display":"","ast-hfb-below-header-display":"","ast-hfb-mobile-header-display":"","site-post-title":"","ast-breadcrumbs-content":"","ast-featured-img":"","footer-sml-layout":"","theme-transparent-header-meta":"default","adv-header-id-meta":"","stick-header-meta":"","header-above-stick-meta":"","header-main-stick-meta":"","header-below-stick-meta":"","astra-migrate-meta-layouts":"set","ast-page-background-enabled":"default","ast-page-background-meta":{"desktop":{"background-color":"","background-image":"","background-repeat":"repeat","background-position":"center center","background-size":"auto","background-attachment":"scroll","background-type":"","background-media":"","overlay-type":"","overlay-color":"","overlay-opacity":"","overlay-gradient":""},"tablet":{"background-color":"","background-image":"","background-repeat":"repeat","background-position":"center center","background-size":"auto","background-attachment":"scroll","background-type":"","background-media":"","overlay-type":"","overlay-color":"","overlay-opacity":"","overlay-gradient":""},"mobile":{"background-color":"","background-image":"","background-repeat":"repeat","background-position":"center center","background-size":"auto","background-attachment":"scroll","background-type":"","background-media":"","overlay-type":"","overlay-color":"","overlay-opacity":"","overlay-gradient":""}},"ast-content-background-meta":{"desktop":{"background-color":"var(--ast-global-color-5)","background-image":"","background-repeat":"repeat","background-position":"center center","background-size":"auto","background-attachment":"scroll","background-type":"","background-media":"","overlay-type":"","overlay-color":"","overlay-opacity":"","overlay-gradient":""},"tablet":{"background-color":"var(--ast-global-color-5)","background-image":"","background-repeat":"repeat","background-position":"center center","background-size":"auto","background-attachment":"scroll","background-type":"","background-media":"","overlay-type":"","overlay-color":"","overlay-opacity":"","overlay-gradient":""},"mobile":{"background-color":"var(--ast-global-color-5)","background-image":"","background-repeat":"repeat","background-position":"center center","background-size":"auto","background-attachment":"scroll","background-type":"","background-media":"","overlay-type":"","overlay-color":"","overlay-opacity":"","overlay-gradient":""}}},"product_brand":[],"product_cat":[98,64],"product_tag":[108],"class_list":{"0":"post-7920","1":"product","2":"type-product","3":"status-publish","4":"has-post-thumbnail","6":"product_cat-bernina-overlokid-ja-kattemasinad","7":"product_cat-overlokid-ja-kattemasinad","8":"product_tag-bernina","9":"desktop-align-left","10":"tablet-align-left","11":"mobile-align-left","13":"first","14":"instock","15":"taxable","16":"shipping-taxable","17":"purchasable","18":"product-type-simple"},"yoast_head":"<!-- This site is optimized with the Yoast SEO plugin v26.1.1 - https:\/\/yoast.com\/wordpress\/plugins\/seo\/ -->\n<title>Bernina L 460 overlok - \u0160veitsi kvaliteeti pakkuv overlok<\/title>\n<meta name=\"description\" content=\"Bernina L460 on \u0160veitsi kvaliteeti pakkuv overlok, mis vastab ka k\u00f5ige n\u00f5udlikuma kasutaja ootustele. Rikkalikumat standardvarustust...\" \/>\n<meta name=\"robots\" content=\"index, follow, max-snippet:-1, max-image-preview:large, max-video-preview:-1\" \/>\n<link rel=\"canonical\" href=\"https:\/\/marevik.ee\/test\/toode\/bernina-l-460\/\" \/>\n<meta property=\"og:locale\" content=\"en_US\" \/>\n<meta property=\"og:type\" content=\"article\" \/>\n<meta property=\"og:title\" content=\"Bernina L 460 overlok - \u0160veitsi kvaliteeti pakkuv overlok\" \/>\n<meta property=\"og:description\" content=\"Bernina L460 on \u0160veitsi kvaliteeti pakkuv overlok, mis vastab ka k\u00f5ige n\u00f5udlikuma kasutaja ootustele. Rikkalikumat standardvarustust...\" \/>\n<meta property=\"og:url\" content=\"https:\/\/marevik.ee\/test\/toode\/bernina-l-460\/\" \/>\n<meta property=\"og:site_name\" content=\"Marevik O&Uuml;\" \/>\n<meta property=\"article:modified_time\" content=\"2025-09-01T11:56:07+00:00\" \/>\n<meta property=\"og:image\" content=\"https:\/\/marevik.ee\/test\/wp-content\/uploads\/2021\/03\/Bernina-L4601-897x1024.png\" \/>\n\t<meta property=\"og:image:width\" content=\"897\" \/>\n\t<meta property=\"og:image:height\" content=\"1024\" \/>\n\t<meta property=\"og:image:type\" content=\"image\/png\" \/>\n<meta name=\"twitter:card\" content=\"summary_large_image\" \/>\n<meta name=\"twitter:label1\" content=\"Est. reading time\" \/>\n\t<meta name=\"twitter:data1\" content=\"1 minute\" \/>\n<script type=\"application\/ld+json\" class=\"yoast-schema-graph\">{\"@context\":\"https:\/\/schema.org\",\"@graph\":[{\"@type\":\"WebPage\",\"@id\":\"https:\/\/marevik.ee\/test\/toode\/bernina-l-460\/\",\"url\":\"https:\/\/marevik.ee\/test\/toode\/bernina-l-460\/\",\"name\":\"Bernina L 460 overlok - \u0160veitsi kvaliteeti pakkuv overlok\",\"isPartOf\":{\"@id\":\"https:\/\/marevik.ee\/test\/#website\"},\"primaryImageOfPage\":{\"@id\":\"https:\/\/marevik.ee\/test\/toode\/bernina-l-460\/#primaryimage\"},\"image\":{\"@id\":\"https:\/\/marevik.ee\/test\/toode\/bernina-l-460\/#primaryimage\"},\"thumbnailUrl\":\"https:\/\/marevik.ee\/test\/wp-content\/uploads\/2021\/03\/Bernina-L4601.png\",\"datePublished\":\"2017-07-13T12:27:55+00:00\",\"dateModified\":\"2025-09-01T11:56:07+00:00\",\"description\":\"Bernina L460 on \u0160veitsi kvaliteeti pakkuv overlok, mis vastab ka k\u00f5ige n\u00f5udlikuma kasutaja ootustele. Rikkalikumat standardvarustust...\",\"breadcrumb\":{\"@id\":\"https:\/\/marevik.ee\/test\/toode\/bernina-l-460\/#breadcrumb\"},\"inLanguage\":\"en\",\"potentialAction\":[{\"@type\":\"ReadAction\",\"target\":[\"https:\/\/marevik.ee\/test\/toode\/bernina-l-460\/\"]}]},{\"@type\":\"ImageObject\",\"inLanguage\":\"en\",\"@id\":\"https:\/\/marevik.ee\/test\/toode\/bernina-l-460\/#primaryimage\",\"url\":\"https:\/\/marevik.ee\/test\/wp-content\/uploads\/2021\/03\/Bernina-L4601.png\",\"contentUrl\":\"https:\/\/marevik.ee\/test\/wp-content\/uploads\/2021\/03\/Bernina-L4601.png\",\"width\":2400,\"height\":2741,\"caption\":\"Bernina L 460 overlok\"},{\"@type\":\"BreadcrumbList\",\"@id\":\"https:\/\/marevik.ee\/test\/toode\/bernina-l-460\/#breadcrumb\",\"itemListElement\":[{\"@type\":\"ListItem\",\"position\":1,\"name\":\"Home\",\"item\":\"https:\/\/marevik.ee\/test\/\"},{\"@type\":\"ListItem\",\"position\":2,\"name\":\"E-POOD\",\"item\":\"https:\/\/marevik.ee\/test\/epood\/\"},{\"@type\":\"ListItem\",\"position\":3,\"name\":\"Bernina L 460 overlok\"}]},{\"@type\":\"WebSite\",\"@id\":\"https:\/\/marevik.ee\/test\/#website\",\"url\":\"https:\/\/marevik.ee\/test\/\",\"name\":\"Marevik O&Uuml;\",\"description\":\"&Otilde;mblusmasina asjatundja\",\"publisher\":{\"@id\":\"https:\/\/marevik.ee\/test\/#organization\"},\"potentialAction\":[{\"@type\":\"SearchAction\",\"target\":{\"@type\":\"EntryPoint\",\"urlTemplate\":\"https:\/\/marevik.ee\/test\/?s={search_term_string}\"},\"query-input\":{\"@type\":\"PropertyValueSpecification\",\"valueRequired\":true,\"valueName\":\"search_term_string\"}}],\"inLanguage\":\"en\"},{\"@type\":\"Organization\",\"@id\":\"https:\/\/marevik.ee\/test\/#organization\",\"name\":\"Marevik O&Uuml;\",\"url\":\"https:\/\/marevik.ee\/test\/\",\"logo\":{\"@type\":\"ImageObject\",\"inLanguage\":\"en\",\"@id\":\"https:\/\/marevik.ee\/test\/#\/schema\/logo\/image\/\",\"url\":\"https:\/\/marevik.ee\/test\/wp-content\/uploads\/2020\/02\/mblusmasina-asjatundja-1994_173x105_veebi_v-ike.jpg\",\"contentUrl\":\"https:\/\/marevik.ee\/test\/wp-content\/uploads\/2020\/02\/mblusmasina-asjatundja-1994_173x105_veebi_v-ike.jpg\",\"width\":173,\"height\":105,\"caption\":\"Marevik O&Uuml;\"},\"image\":{\"@id\":\"https:\/\/marevik.ee\/test\/#\/schema\/logo\/image\/\"}}]}<\/script>\n<!-- \/ Yoast SEO plugin. -->","yoast_head_json":{"title":"Bernina L 460 overlok - \u0160veitsi kvaliteeti pakkuv overlok","description":"Bernina L460 on \u0160veitsi kvaliteeti pakkuv overlok, mis vastab ka k\u00f5ige n\u00f5udlikuma kasutaja ootustele. Rikkalikumat standardvarustust...","robots":{"index":"index","follow":"follow","max-snippet":"max-snippet:-1","max-image-preview":"max-image-preview:large","max-video-preview":"max-video-preview:-1"},"canonical":"https:\/\/marevik.ee\/test\/toode\/bernina-l-460\/","og_locale":"en_US","og_type":"article","og_title":"Bernina L 460 overlok - \u0160veitsi kvaliteeti pakkuv overlok","og_description":"Bernina L460 on \u0160veitsi kvaliteeti pakkuv overlok, mis vastab ka k\u00f5ige n\u00f5udlikuma kasutaja ootustele. Rikkalikumat standardvarustust...","og_url":"https:\/\/marevik.ee\/test\/toode\/bernina-l-460\/","og_site_name":"Marevik O&Uuml;","article_modified_time":"2025-09-01T11:56:07+00:00","og_image":[{"width":897,"height":1024,"url":"https:\/\/marevik.ee\/test\/wp-content\/uploads\/2021\/03\/Bernina-L4601-897x1024.png","type":"image\/png"}],"twitter_card":"summary_large_image","twitter_misc":{"Est. reading time":"1 minute"},"schema":{"@context":"https:\/\/schema.org","@graph":[{"@type":"WebPage","@id":"https:\/\/marevik.ee\/test\/toode\/bernina-l-460\/","url":"https:\/\/marevik.ee\/test\/toode\/bernina-l-460\/","name":"Bernina L 460 overlok - \u0160veitsi kvaliteeti pakkuv overlok","isPartOf":{"@id":"https:\/\/marevik.ee\/test\/#website"},"primaryImageOfPage":{"@id":"https:\/\/marevik.ee\/test\/toode\/bernina-l-460\/#primaryimage"},"image":{"@id":"https:\/\/marevik.ee\/test\/toode\/bernina-l-460\/#primaryimage"},"thumbnailUrl":"https:\/\/marevik.ee\/test\/wp-content\/uploads\/2021\/03\/Bernina-L4601.png","datePublished":"2017-07-13T12:27:55+00:00","dateModified":"2025-09-01T11:56:07+00:00","description":"Bernina L460 on \u0160veitsi kvaliteeti pakkuv overlok, mis vastab ka k\u00f5ige n\u00f5udlikuma kasutaja ootustele. Rikkalikumat standardvarustust...","breadcrumb":{"@id":"https:\/\/marevik.ee\/test\/toode\/bernina-l-460\/#breadcrumb"},"inLanguage":"en","potentialAction":[{"@type":"ReadAction","target":["https:\/\/marevik.ee\/test\/toode\/bernina-l-460\/"]}]},{"@type":"ImageObject","inLanguage":"en","@id":"https:\/\/marevik.ee\/test\/toode\/bernina-l-460\/#primaryimage","url":"https:\/\/marevik.ee\/test\/wp-content\/uploads\/2021\/03\/Bernina-L4601.png","contentUrl":"https:\/\/marevik.ee\/test\/wp-content\/uploads\/2021\/03\/Bernina-L4601.png","width":2400,"height":2741,"caption":"Bernina L 460 overlok"},{"@type":"BreadcrumbList","@id":"https:\/\/marevik.ee\/test\/toode\/bernina-l-460\/#breadcrumb","itemListElement":[{"@type":"ListItem","position":1,"name":"Home","item":"https:\/\/marevik.ee\/test\/"},{"@type":"ListItem","position":2,"name":"E-POOD","item":"https:\/\/marevik.ee\/test\/epood\/"},{"@type":"ListItem","position":3,"name":"Bernina L 460 overlok"}]},{"@type":"WebSite","@id":"https:\/\/marevik.ee\/test\/#website","url":"https:\/\/marevik.ee\/test\/","name":"Marevik O&Uuml;","description":"&Otilde;mblusmasina asjatundja","publisher":{"@id":"https:\/\/marevik.ee\/test\/#organization"},"potentialAction":[{"@type":"SearchAction","target":{"@type":"EntryPoint","urlTemplate":"https:\/\/marevik.ee\/test\/?s={search_term_string}"},"query-input":{"@type":"PropertyValueSpecification","valueRequired":true,"valueName":"search_term_string"}}],"inLanguage":"en"},{"@type":"Organization","@id":"https:\/\/marevik.ee\/test\/#organization","name":"Marevik O&Uuml;","url":"https:\/\/marevik.ee\/test\/","logo":{"@type":"ImageObject","inLanguage":"en","@id":"https:\/\/marevik.ee\/test\/#\/schema\/logo\/image\/","url":"https:\/\/marevik.ee\/test\/wp-content\/uploads\/2020\/02\/mblusmasina-asjatundja-1994_173x105_veebi_v-ike.jpg","contentUrl":"https:\/\/marevik.ee\/test\/wp-content\/uploads\/2020\/02\/mblusmasina-asjatundja-1994_173x105_veebi_v-ike.jpg","width":173,"height":105,"caption":"Marevik O&Uuml;"},"image":{"@id":"https:\/\/marevik.ee\/test\/#\/schema\/logo\/image\/"}}]}},"_links":{"self":[{"href":"https:\/\/marevik.ee\/test\/wp-json\/wp\/v2\/product\/7920","targetHints":{"allow":["GET"]}}],"collection":[{"href":"https:\/\/marevik.ee\/test\/wp-json\/wp\/v2\/product"}],"about":[{"href":"https:\/\/marevik.ee\/test\/wp-json\/wp\/v2\/types\/product"}],"wp:featuredmedia":[{"embeddable":true,"href":"https:\/\/marevik.ee\/test\/wp-json\/wp\/v2\/media\/7921"}],"wp:attachment":[{"href":"https:\/\/marevik.ee\/test\/wp-json\/wp\/v2\/media?parent=7920"}],"wp:term":[{"taxonomy":"product_brand","embeddable":true,"href":"https:\/\/marevik.ee\/test\/wp-json\/wp\/v2\/product_brand?post=7920"},{"taxonomy":"product_cat","embeddable":true,"href":"https:\/\/marevik.ee\/test\/wp-json\/wp\/v2\/product_cat?post=7920"},{"taxonomy":"product_tag","embeddable":true,"href":"https:\/\/marevik.ee\/test\/wp-json\/wp\/v2\/product_tag?post=7920"}],"curies":[{"name":"wp","href":"https:\/\/api.w.org\/{rel}","templated":true}]}}