{"id":7926,"date":"2017-07-13T12:54:22","date_gmt":"2017-07-13T12:54:22","guid":{"rendered":"https:\/\/xn--mblusmasinapood-rsb.ee\/product\/bernina-l-450\/"},"modified":"2025-08-25T05:08:10","modified_gmt":"2025-08-25T05:08:10","slug":"bernina-l-450","status":"publish","type":"product","link":"https:\/\/marevik.ee\/test\/toode\/bernina-l-450\/","title":{"rendered":"Bernina L 450 overlok"},"content":{"rendered":"<p>Overlokil on:<br \/>\n16 erinevat \u00e4\u00e4ristus\u00f5mblust<br \/>\nPistepikkus 0,8-4,0mm<br \/>\nPiste laius 3-9mm<br \/>\nDiferensiaals\u00f6\u00f6te valem 0,7-1 mm venivus ja 1-2mm krooge<br \/>\nPresstalla k\u00f5rgus kuni 9mm<br \/>\nPresstalla surve reguleerimine<br \/>\nNiidi peenh\u00e4\u00e4lestus funktsioon (MTC)<br \/>\nKahe punkti LED kohtvalgustus<br \/>\n\u00d5mbluskiirus kuni 1200 pm.<\/p>\n<p>Varustusse kuulub: 5 varun\u00f5ela, kruvikeeraja, puhastushari, pintsetid, \u00fclemise silmusti adapter, n\u00f5elasilma niidistaja, \u00f5li, niidiv\u00f5rgud ja niidirulli stopperid (4tk), varunuga, kanga suunaja, mutriv\u00f5ti noa eemaldamiseks, pr\u00fcgikorjaja ja pehme masina kaitsekate.<\/p>\n","protected":false},"excerpt":{"rendered":"<p>Bernina L450 on \u0160veitsi kvaliteeti pakkuv overlok. Vaikse t\u00f6\u00f6h\u00e4\u00e4lega ja sujuva k\u00e4ivitusega t\u00f6\u00f6riist, mis vastab n\u00f5udliku kasutaja ootustele. Bernina ainulaadne haaraja niidi peenh\u00e4\u00e4lestuss\u00fcsteem MTC (Micro Thread Control), v\u00f5imaldab kvaliteetset tulemust ka k\u00f5ige jonnakamatel kangastel. \u00d5mbleb kokku, \u00e4\u00e4ristab ja l\u00f5ikab serva puhtaks. Omades Bernina overlokki on ka keerukamad projektid h\u00f5lpsasti teostatavad. Tippkvaliteet m\u00f5istliku hinnaga.<\/p>\n","protected":false},"featured_media":7927,"template":"","meta":{"site-sidebar-layout":"default","site-content-layout":"default","ast-site-content-layout":"default","site-content-style":"default","site-sidebar-style":"default","ast-global-header-display":"","ast-banner-title-visibility":"","ast-main-header-display":"","ast-hfb-above-header-display":"","ast-hfb-below-header-display":"","ast-hfb-mobile-header-display":"","site-post-title":"","ast-breadcrumbs-content":"","ast-featured-img":"","footer-sml-layout":"","theme-transparent-header-meta":"default","adv-header-id-meta":"","stick-header-meta":"","header-above-stick-meta":"","header-main-stick-meta":"","header-below-stick-meta":"","astra-migrate-meta-layouts":"set","ast-page-background-enabled":"default","ast-page-background-meta":{"desktop":{"background-color":"","background-image":"","background-repeat":"repeat","background-position":"center center","background-size":"auto","background-attachment":"scroll","background-type":"","background-media":"","overlay-type":"","overlay-color":"","overlay-opacity":"","overlay-gradient":""},"tablet":{"background-color":"","background-image":"","background-repeat":"repeat","background-position":"center center","background-size":"auto","background-attachment":"scroll","background-type":"","background-media":"","overlay-type":"","overlay-color":"","overlay-opacity":"","overlay-gradient":""},"mobile":{"background-color":"","background-image":"","background-repeat":"repeat","background-position":"center center","background-size":"auto","background-attachment":"scroll","background-type":"","background-media":"","overlay-type":"","overlay-color":"","overlay-opacity":"","overlay-gradient":""}},"ast-content-background-meta":{"desktop":{"background-color":"var(--ast-global-color-5)","background-image":"","background-repeat":"repeat","background-position":"center center","background-size":"auto","background-attachment":"scroll","background-type":"","background-media":"","overlay-type":"","overlay-color":"","overlay-opacity":"","overlay-gradient":""},"tablet":{"background-color":"var(--ast-global-color-5)","background-image":"","background-repeat":"repeat","background-position":"center center","background-size":"auto","background-attachment":"scroll","background-type":"","background-media":"","overlay-type":"","overlay-color":"","overlay-opacity":"","overlay-gradient":""},"mobile":{"background-color":"var(--ast-global-color-5)","background-image":"","background-repeat":"repeat","background-position":"center center","background-size":"auto","background-attachment":"scroll","background-type":"","background-media":"","overlay-type":"","overlay-color":"","overlay-opacity":"","overlay-gradient":""}}},"product_brand":[],"product_cat":[98,67,64],"product_tag":[108],"class_list":{"0":"post-7926","1":"product","2":"type-product","3":"status-publish","4":"has-post-thumbnail","6":"product_cat-bernina-overlokid-ja-kattemasinad","7":"product_cat-kampaaniahinnad","8":"product_cat-overlokid-ja-kattemasinad","9":"product_tag-bernina","10":"desktop-align-left","11":"tablet-align-left","12":"mobile-align-left","14":"first","15":"instock","16":"sale","17":"taxable","18":"shipping-taxable","19":"purchasable","20":"product-type-simple"},"yoast_head":"<!-- This site is optimized with the Yoast SEO plugin v26.1.1 - https:\/\/yoast.com\/wordpress\/plugins\/seo\/ -->\n<title>Bernina L 450 overlok - \u0160veitsi kvaliteeti pakkuv overlok<\/title>\n<meta name=\"description\" content=\"Bernina L450 on \u0160veitsi kvaliteeti pakkuv overlok, mis vastab n\u00f5udliku kasutaja ootustele. Bernina L450 \u00e4\u00e4ristab nii paksemat, kui ka...\" \/>\n<meta name=\"robots\" content=\"index, follow, max-snippet:-1, max-image-preview:large, max-video-preview:-1\" \/>\n<link rel=\"canonical\" href=\"https:\/\/marevik.ee\/test\/toode\/bernina-l-450\/\" \/>\n<meta property=\"og:locale\" content=\"en_US\" \/>\n<meta property=\"og:type\" content=\"article\" \/>\n<meta property=\"og:title\" content=\"Bernina L 450 overlok - \u0160veitsi kvaliteeti pakkuv overlok\" \/>\n<meta property=\"og:description\" content=\"Bernina L450 on \u0160veitsi kvaliteeti pakkuv overlok, mis vastab n\u00f5udliku kasutaja ootustele. Bernina L450 \u00e4\u00e4ristab nii paksemat, kui ka...\" \/>\n<meta property=\"og:url\" content=\"https:\/\/marevik.ee\/test\/toode\/bernina-l-450\/\" \/>\n<meta property=\"og:site_name\" content=\"Marevik O&Uuml;\" \/>\n<meta property=\"article:modified_time\" content=\"2025-08-25T05:08:10+00:00\" \/>\n<meta property=\"og:image\" content=\"https:\/\/marevik.ee\/test\/wp-content\/uploads\/2021\/03\/Bernina-L450.jpg\" \/>\n\t<meta property=\"og:image:width\" content=\"500\" \/>\n\t<meta property=\"og:image:height\" content=\"500\" \/>\n\t<meta property=\"og:image:type\" content=\"image\/jpeg\" \/>\n<meta name=\"twitter:card\" content=\"summary_large_image\" \/>\n<meta name=\"twitter:label1\" content=\"Est. reading time\" \/>\n\t<meta name=\"twitter:data1\" content=\"1 minute\" \/>\n<script type=\"application\/ld+json\" class=\"yoast-schema-graph\">{\"@context\":\"https:\/\/schema.org\",\"@graph\":[{\"@type\":\"WebPage\",\"@id\":\"https:\/\/marevik.ee\/test\/toode\/bernina-l-450\/\",\"url\":\"https:\/\/marevik.ee\/test\/toode\/bernina-l-450\/\",\"name\":\"Bernina L 450 overlok - \u0160veitsi kvaliteeti pakkuv overlok\",\"isPartOf\":{\"@id\":\"https:\/\/marevik.ee\/test\/#website\"},\"primaryImageOfPage\":{\"@id\":\"https:\/\/marevik.ee\/test\/toode\/bernina-l-450\/#primaryimage\"},\"image\":{\"@id\":\"https:\/\/marevik.ee\/test\/toode\/bernina-l-450\/#primaryimage\"},\"thumbnailUrl\":\"https:\/\/marevik.ee\/test\/wp-content\/uploads\/2021\/03\/Bernina-L450.jpg\",\"datePublished\":\"2017-07-13T12:54:22+00:00\",\"dateModified\":\"2025-08-25T05:08:10+00:00\",\"description\":\"Bernina L450 on \u0160veitsi kvaliteeti pakkuv overlok, mis vastab n\u00f5udliku kasutaja ootustele. Bernina L450 \u00e4\u00e4ristab nii paksemat, kui ka...\",\"breadcrumb\":{\"@id\":\"https:\/\/marevik.ee\/test\/toode\/bernina-l-450\/#breadcrumb\"},\"inLanguage\":\"en\",\"potentialAction\":[{\"@type\":\"ReadAction\",\"target\":[\"https:\/\/marevik.ee\/test\/toode\/bernina-l-450\/\"]}]},{\"@type\":\"ImageObject\",\"inLanguage\":\"en\",\"@id\":\"https:\/\/marevik.ee\/test\/toode\/bernina-l-450\/#primaryimage\",\"url\":\"https:\/\/marevik.ee\/test\/wp-content\/uploads\/2021\/03\/Bernina-L450.jpg\",\"contentUrl\":\"https:\/\/marevik.ee\/test\/wp-content\/uploads\/2021\/03\/Bernina-L450.jpg\",\"width\":500,\"height\":500,\"caption\":\"Bernina L 450 overlok\"},{\"@type\":\"BreadcrumbList\",\"@id\":\"https:\/\/marevik.ee\/test\/toode\/bernina-l-450\/#breadcrumb\",\"itemListElement\":[{\"@type\":\"ListItem\",\"position\":1,\"name\":\"Home\",\"item\":\"https:\/\/marevik.ee\/test\/\"},{\"@type\":\"ListItem\",\"position\":2,\"name\":\"E-POOD\",\"item\":\"https:\/\/marevik.ee\/test\/epood\/\"},{\"@type\":\"ListItem\",\"position\":3,\"name\":\"Bernina L 450 overlok\"}]},{\"@type\":\"WebSite\",\"@id\":\"https:\/\/marevik.ee\/test\/#website\",\"url\":\"https:\/\/marevik.ee\/test\/\",\"name\":\"Marevik O&Uuml;\",\"description\":\"&Otilde;mblusmasina asjatundja\",\"publisher\":{\"@id\":\"https:\/\/marevik.ee\/test\/#organization\"},\"potentialAction\":[{\"@type\":\"SearchAction\",\"target\":{\"@type\":\"EntryPoint\",\"urlTemplate\":\"https:\/\/marevik.ee\/test\/?s={search_term_string}\"},\"query-input\":{\"@type\":\"PropertyValueSpecification\",\"valueRequired\":true,\"valueName\":\"search_term_string\"}}],\"inLanguage\":\"en\"},{\"@type\":\"Organization\",\"@id\":\"https:\/\/marevik.ee\/test\/#organization\",\"name\":\"Marevik O&Uuml;\",\"url\":\"https:\/\/marevik.ee\/test\/\",\"logo\":{\"@type\":\"ImageObject\",\"inLanguage\":\"en\",\"@id\":\"https:\/\/marevik.ee\/test\/#\/schema\/logo\/image\/\",\"url\":\"https:\/\/marevik.ee\/test\/wp-content\/uploads\/2020\/02\/mblusmasina-asjatundja-1994_173x105_veebi_v-ike.jpg\",\"contentUrl\":\"https:\/\/marevik.ee\/test\/wp-content\/uploads\/2020\/02\/mblusmasina-asjatundja-1994_173x105_veebi_v-ike.jpg\",\"width\":173,\"height\":105,\"caption\":\"Marevik O&Uuml;\"},\"image\":{\"@id\":\"https:\/\/marevik.ee\/test\/#\/schema\/logo\/image\/\"}}]}<\/script>\n<!-- \/ Yoast SEO plugin. -->","yoast_head_json":{"title":"Bernina L 450 overlok - \u0160veitsi kvaliteeti pakkuv overlok","description":"Bernina L450 on \u0160veitsi kvaliteeti pakkuv overlok, mis vastab n\u00f5udliku kasutaja ootustele. Bernina L450 \u00e4\u00e4ristab nii paksemat, kui ka...","robots":{"index":"index","follow":"follow","max-snippet":"max-snippet:-1","max-image-preview":"max-image-preview:large","max-video-preview":"max-video-preview:-1"},"canonical":"https:\/\/marevik.ee\/test\/toode\/bernina-l-450\/","og_locale":"en_US","og_type":"article","og_title":"Bernina L 450 overlok - \u0160veitsi kvaliteeti pakkuv overlok","og_description":"Bernina L450 on \u0160veitsi kvaliteeti pakkuv overlok, mis vastab n\u00f5udliku kasutaja ootustele. Bernina L450 \u00e4\u00e4ristab nii paksemat, kui ka...","og_url":"https:\/\/marevik.ee\/test\/toode\/bernina-l-450\/","og_site_name":"Marevik O&Uuml;","article_modified_time":"2025-08-25T05:08:10+00:00","og_image":[{"width":500,"height":500,"url":"https:\/\/marevik.ee\/test\/wp-content\/uploads\/2021\/03\/Bernina-L450.jpg","type":"image\/jpeg"}],"twitter_card":"summary_large_image","twitter_misc":{"Est. reading time":"1 minute"},"schema":{"@context":"https:\/\/schema.org","@graph":[{"@type":"WebPage","@id":"https:\/\/marevik.ee\/test\/toode\/bernina-l-450\/","url":"https:\/\/marevik.ee\/test\/toode\/bernina-l-450\/","name":"Bernina L 450 overlok - \u0160veitsi kvaliteeti pakkuv overlok","isPartOf":{"@id":"https:\/\/marevik.ee\/test\/#website"},"primaryImageOfPage":{"@id":"https:\/\/marevik.ee\/test\/toode\/bernina-l-450\/#primaryimage"},"image":{"@id":"https:\/\/marevik.ee\/test\/toode\/bernina-l-450\/#primaryimage"},"thumbnailUrl":"https:\/\/marevik.ee\/test\/wp-content\/uploads\/2021\/03\/Bernina-L450.jpg","datePublished":"2017-07-13T12:54:22+00:00","dateModified":"2025-08-25T05:08:10+00:00","description":"Bernina L450 on \u0160veitsi kvaliteeti pakkuv overlok, mis vastab n\u00f5udliku kasutaja ootustele. Bernina L450 \u00e4\u00e4ristab nii paksemat, kui ka...","breadcrumb":{"@id":"https:\/\/marevik.ee\/test\/toode\/bernina-l-450\/#breadcrumb"},"inLanguage":"en","potentialAction":[{"@type":"ReadAction","target":["https:\/\/marevik.ee\/test\/toode\/bernina-l-450\/"]}]},{"@type":"ImageObject","inLanguage":"en","@id":"https:\/\/marevik.ee\/test\/toode\/bernina-l-450\/#primaryimage","url":"https:\/\/marevik.ee\/test\/wp-content\/uploads\/2021\/03\/Bernina-L450.jpg","contentUrl":"https:\/\/marevik.ee\/test\/wp-content\/uploads\/2021\/03\/Bernina-L450.jpg","width":500,"height":500,"caption":"Bernina L 450 overlok"},{"@type":"BreadcrumbList","@id":"https:\/\/marevik.ee\/test\/toode\/bernina-l-450\/#breadcrumb","itemListElement":[{"@type":"ListItem","position":1,"name":"Home","item":"https:\/\/marevik.ee\/test\/"},{"@type":"ListItem","position":2,"name":"E-POOD","item":"https:\/\/marevik.ee\/test\/epood\/"},{"@type":"ListItem","position":3,"name":"Bernina L 450 overlok"}]},{"@type":"WebSite","@id":"https:\/\/marevik.ee\/test\/#website","url":"https:\/\/marevik.ee\/test\/","name":"Marevik O&Uuml;","description":"&Otilde;mblusmasina asjatundja","publisher":{"@id":"https:\/\/marevik.ee\/test\/#organization"},"potentialAction":[{"@type":"SearchAction","target":{"@type":"EntryPoint","urlTemplate":"https:\/\/marevik.ee\/test\/?s={search_term_string}"},"query-input":{"@type":"PropertyValueSpecification","valueRequired":true,"valueName":"search_term_string"}}],"inLanguage":"en"},{"@type":"Organization","@id":"https:\/\/marevik.ee\/test\/#organization","name":"Marevik O&Uuml;","url":"https:\/\/marevik.ee\/test\/","logo":{"@type":"ImageObject","inLanguage":"en","@id":"https:\/\/marevik.ee\/test\/#\/schema\/logo\/image\/","url":"https:\/\/marevik.ee\/test\/wp-content\/uploads\/2020\/02\/mblusmasina-asjatundja-1994_173x105_veebi_v-ike.jpg","contentUrl":"https:\/\/marevik.ee\/test\/wp-content\/uploads\/2020\/02\/mblusmasina-asjatundja-1994_173x105_veebi_v-ike.jpg","width":173,"height":105,"caption":"Marevik O&Uuml;"},"image":{"@id":"https:\/\/marevik.ee\/test\/#\/schema\/logo\/image\/"}}]}},"_links":{"self":[{"href":"https:\/\/marevik.ee\/test\/wp-json\/wp\/v2\/product\/7926","targetHints":{"allow":["GET"]}}],"collection":[{"href":"https:\/\/marevik.ee\/test\/wp-json\/wp\/v2\/product"}],"about":[{"href":"https:\/\/marevik.ee\/test\/wp-json\/wp\/v2\/types\/product"}],"wp:featuredmedia":[{"embeddable":true,"href":"https:\/\/marevik.ee\/test\/wp-json\/wp\/v2\/media\/7927"}],"wp:attachment":[{"href":"https:\/\/marevik.ee\/test\/wp-json\/wp\/v2\/media?parent=7926"}],"wp:term":[{"taxonomy":"product_brand","embeddable":true,"href":"https:\/\/marevik.ee\/test\/wp-json\/wp\/v2\/product_brand?post=7926"},{"taxonomy":"product_cat","embeddable":true,"href":"https:\/\/marevik.ee\/test\/wp-json\/wp\/v2\/product_cat?post=7926"},{"taxonomy":"product_tag","embeddable":true,"href":"https:\/\/marevik.ee\/test\/wp-json\/wp\/v2\/product_tag?post=7926"}],"curies":[{"name":"wp","href":"https:\/\/api.w.org\/{rel}","templated":true}]}}