{"id":8033,"date":"2017-09-27T17:25:00","date_gmt":"2017-09-27T17:25:00","guid":{"rendered":"https:\/\/xn--mblusmasinapood-rsb.ee\/product\/janome-memory-craft-6700p\/"},"modified":"2025-07-01T07:44:11","modified_gmt":"2025-07-01T07:44:11","slug":"janome-memory-craft-6700p","status":"publish","type":"product","link":"https:\/\/marevik.ee\/test\/toode\/janome-memory-craft-6700p\/","title":{"rendered":"Janome Memory Craft 6700P"},"content":{"rendered":"<p>Omadused:<br \/>\nHorisontaalne poolis\u00fcsteem<br \/>\n200 erinevat \u00f5mblust, 5 t\u00e4hefonti<br \/>\n9 erinevat t\u00e4isautomaatset n\u00f6\u00f6pauku<br \/>\nT\u00e4iustatud \u00fclalts\u00f6\u00f6tja teppimist\u00f6\u00f6deks.<br \/>\n7-osaline hammastik<br \/>\nAutomaatne n\u00f5elasilmaniidistaja<br \/>\nN\u00f5ela stopp (\u00fcles\/alla) fikseerimine<br \/>\nKiirliidesega presstallad<br \/>\nHammastiku langetamine<br \/>\nElektrooniline programmeeritav niidil\u00f5ikur<br \/>\nSTART\/STOP nupp v\u00f5imaldab masinat k\u00e4ivitada peatada.<br \/>\nLihtne tagasi\u00f5mbluse l\u00fcliti<br \/>\nAutomaatne piste alguse ja l\u00f5pu kinnitus<br \/>\n\u00d5mblemise kiirus kuni 1200 pistet\/min<br \/>\nMaksimaalne piste laius 9mm<br \/>\nMaksimaalne piste pikkus 5mm<br \/>\n91 erinevat n\u00f5ela asendit<br \/>\nKiire (kruvideta) n\u00f5elaplaadi vahetus<br \/>\nEraldi mootor poolimiseks<br \/>\n3 LED valgustit<br \/>\n3,6\u201c LCD ekraan<br \/>\nM\u00e4llu talletamine, 5 m\u00e4lupesa<br \/>\nViimase piste salvestamine<br \/>\nP\u00f5lvekang presstalla t\u00f5stmiseks<br \/>\nLukustusv\u00f5imalusega ekstra k\u00f5rge presstalla k\u00f5rgus<br \/>\nPresstalla sujuv surveregulaator<br \/>\nNiidirulli hoidja kahele niidile, v\u00f5imalus kasutada suuri 500m rulle<br \/>\nLemmikpistete kiirvalik<\/p>\n<p>Kaasas olevad tarvikud:<br \/>\nPoolid 5tk,<br \/>\nn\u00f5elad,<br \/>\n16 erinevat talda: siksak tald, l\u00e4bipaistev tald (2tk), palistustald, luku\u00f5mblustald, \u00e4\u00e4re tald, tikkimistald, \u00e4\u00e4ristustald (2tk), peitepiste tald, n\u00f6\u00f6ri\u00f5mblus tald, teppimistald (2tk), avatud tald aplikatsioonide \u00f5mblemiseks, n\u00f6\u00f6paugu tald, n\u00f6\u00f6bi \u00f5mblemise tald, siksak tald \u00fclalts\u00f6\u00f6tjaga kasutamiseks<br \/>\nparalleel\u00f5mbluse abistaja<br \/>\notse\u00f5mblemise n\u00f5elaplaat 2tk,<br \/>\nharutaja,<br \/>\npuhastuspintsel,<br \/>\nkruvikeeraja,<br \/>\nniidirulli hoidja,<br \/>\np\u00f5lvekang,<br \/>\npehme tolmukate,<br \/>\nt\u00f6\u00f6laua pikendus<\/p>\n","protected":false},"excerpt":{"rendered":"<p>Kompuuter\u00f5mblusmasin, mis vastab professionaalse \u00f5mbleja ootustele. \u00a0Janome Memory Craft 6700P on kaunis ja kaasaegne \u00f5mblusmasin, mis sobib koju, ateljeesse ja ka t\u00fctarlaste k\u00e4sit\u00f6\u00f6klassi. Tugev metallist konstruktsioon annab \u00f5mblusmasinale stabiilsuse ja vastupidavuse ka k\u00f5ige keerulisemate \u00f5mblust\u00f6\u00f6de jaoks. Avar t\u00f6\u00f6pind, mis on 26cm n\u00f5elast paremale, annab vabaduse tegeleda suurem\u00f5\u00f5tmeliste toodete \u00f5mblemisel v\u00f5i ka teppimisel. Komplekti kuulub ka t\u00f6\u00f6laua pikendus, mis v\u00f5imendab avarust veelgi. Masina \u00f5mbluskiirus on juba 1200 pistet minutis ning annab olulise ajav\u00f5idu v\u00f5rreldes teiste kodumasinatega. V\u00f5rreldes \u00fclipopulaarse eelk\u00e4ijaga, Janome 6600P mudeliga on uuendusi, mis muudavad t\u00f6\u00f6 masinaga veelgi mugavamaks. Janome sajandipikkune kogemus \u00f5mblusmasinate tootmisel on tugev kvaliteedim\u00e4rk ja seda osatakse hoida.<\/p>\n","protected":false},"featured_media":8034,"template":"","meta":{"site-sidebar-layout":"default","site-content-layout":"default","ast-site-content-layout":"default","site-content-style":"default","site-sidebar-style":"default","ast-global-header-display":"","ast-banner-title-visibility":"","ast-main-header-display":"","ast-hfb-above-header-display":"","ast-hfb-below-header-display":"","ast-hfb-mobile-header-display":"","site-post-title":"","ast-breadcrumbs-content":"","ast-featured-img":"","footer-sml-layout":"","theme-transparent-header-meta":"default","adv-header-id-meta":"","stick-header-meta":"","header-above-stick-meta":"","header-main-stick-meta":"","header-below-stick-meta":"","astra-migrate-meta-layouts":"set","ast-page-background-enabled":"default","ast-page-background-meta":{"desktop":{"background-color":"","background-image":"","background-repeat":"repeat","background-position":"center center","background-size":"auto","background-attachment":"scroll","background-type":"","background-media":"","overlay-type":"","overlay-color":"","overlay-opacity":"","overlay-gradient":""},"tablet":{"background-color":"","background-image":"","background-repeat":"repeat","background-position":"center center","background-size":"auto","background-attachment":"scroll","background-type":"","background-media":"","overlay-type":"","overlay-color":"","overlay-opacity":"","overlay-gradient":""},"mobile":{"background-color":"","background-image":"","background-repeat":"repeat","background-position":"center center","background-size":"auto","background-attachment":"scroll","background-type":"","background-media":"","overlay-type":"","overlay-color":"","overlay-opacity":"","overlay-gradient":""}},"ast-content-background-meta":{"desktop":{"background-color":"var(--ast-global-color-5)","background-image":"","background-repeat":"repeat","background-position":"center center","background-size":"auto","background-attachment":"scroll","background-type":"","background-media":"","overlay-type":"","overlay-color":"","overlay-opacity":"","overlay-gradient":""},"tablet":{"background-color":"var(--ast-global-color-5)","background-image":"","background-repeat":"repeat","background-position":"center center","background-size":"auto","background-attachment":"scroll","background-type":"","background-media":"","overlay-type":"","overlay-color":"","overlay-opacity":"","overlay-gradient":""},"mobile":{"background-color":"var(--ast-global-color-5)","background-image":"","background-repeat":"repeat","background-position":"center center","background-size":"auto","background-attachment":"scroll","background-type":"","background-media":"","overlay-type":"","overlay-color":"","overlay-opacity":"","overlay-gradient":""}}},"product_brand":[],"product_cat":[69,60],"product_tag":[84],"class_list":{"0":"post-8033","1":"product","2":"type-product","3":"status-publish","4":"has-post-thumbnail","6":"product_cat-janome","7":"product_cat-omblusmasinad","8":"product_tag-janome","9":"desktop-align-left","10":"tablet-align-left","11":"mobile-align-left","13":"first","14":"instock","15":"taxable","16":"shipping-taxable","17":"purchasable","18":"product-type-simple"},"yoast_head":"<!-- This site is optimized with the Yoast SEO plugin v26.1.1 - https:\/\/yoast.com\/wordpress\/plugins\/seo\/ -->\n<title>Janome Memory Craft 6700P - vastab professionaalse \u00f5mbleja ootustele<\/title>\n<meta name=\"description\" content=\"Tugev metallist konstruktsioon annab \u00f5mblusmasinale stabiilsuse ja vastupidavuse ka k\u00f5ige keerulisemate \u00f5mblust\u00f6\u00f6de jaoks. Avar t\u00f6\u00f6pind, mis on 26cm n\u00f5elast paremale, annab vabaduse tegeleda suurem\u00f5\u00f5tmeliste toodete \u00f5mblemisel v\u00f5i ka teppimisel.\" \/>\n<meta name=\"robots\" content=\"index, follow, max-snippet:-1, max-image-preview:large, max-video-preview:-1\" \/>\n<link rel=\"canonical\" href=\"https:\/\/marevik.ee\/test\/toode\/janome-memory-craft-6700p\/\" \/>\n<meta property=\"og:locale\" content=\"en_US\" \/>\n<meta property=\"og:type\" content=\"article\" \/>\n<meta property=\"og:title\" content=\"Janome Memory Craft 6700P - vastab professionaalse \u00f5mbleja ootustele\" \/>\n<meta property=\"og:description\" content=\"Tugev metallist konstruktsioon annab \u00f5mblusmasinale stabiilsuse ja vastupidavuse ka k\u00f5ige keerulisemate \u00f5mblust\u00f6\u00f6de jaoks. Avar t\u00f6\u00f6pind, mis on 26cm n\u00f5elast paremale, annab vabaduse tegeleda suurem\u00f5\u00f5tmeliste toodete \u00f5mblemisel v\u00f5i ka teppimisel.\" \/>\n<meta property=\"og:url\" content=\"https:\/\/marevik.ee\/test\/toode\/janome-memory-craft-6700p\/\" \/>\n<meta property=\"og:site_name\" content=\"Marevik O&Uuml;\" \/>\n<meta property=\"article:modified_time\" content=\"2025-07-01T07:44:11+00:00\" \/>\n<meta property=\"og:image\" content=\"https:\/\/marevik.ee\/test\/wp-content\/uploads\/2021\/03\/Janome-6700P.jpg\" \/>\n\t<meta property=\"og:image:width\" content=\"500\" \/>\n\t<meta property=\"og:image:height\" content=\"500\" \/>\n\t<meta property=\"og:image:type\" content=\"image\/jpeg\" \/>\n<meta name=\"twitter:card\" content=\"summary_large_image\" \/>\n<meta name=\"twitter:label1\" content=\"Est. reading time\" \/>\n\t<meta name=\"twitter:data1\" content=\"2 minutes\" \/>\n<script type=\"application\/ld+json\" class=\"yoast-schema-graph\">{\"@context\":\"https:\/\/schema.org\",\"@graph\":[{\"@type\":\"WebPage\",\"@id\":\"https:\/\/marevik.ee\/test\/toode\/janome-memory-craft-6700p\/\",\"url\":\"https:\/\/marevik.ee\/test\/toode\/janome-memory-craft-6700p\/\",\"name\":\"Janome Memory Craft 6700P - vastab professionaalse \u00f5mbleja ootustele\",\"isPartOf\":{\"@id\":\"https:\/\/marevik.ee\/test\/#website\"},\"primaryImageOfPage\":{\"@id\":\"https:\/\/marevik.ee\/test\/toode\/janome-memory-craft-6700p\/#primaryimage\"},\"image\":{\"@id\":\"https:\/\/marevik.ee\/test\/toode\/janome-memory-craft-6700p\/#primaryimage\"},\"thumbnailUrl\":\"https:\/\/marevik.ee\/test\/wp-content\/uploads\/2021\/03\/Janome-6700P.jpg\",\"datePublished\":\"2017-09-27T17:25:00+00:00\",\"dateModified\":\"2025-07-01T07:44:11+00:00\",\"description\":\"Tugev metallist konstruktsioon annab \u00f5mblusmasinale stabiilsuse ja vastupidavuse ka k\u00f5ige keerulisemate \u00f5mblust\u00f6\u00f6de jaoks. Avar t\u00f6\u00f6pind, mis on 26cm n\u00f5elast paremale, annab vabaduse tegeleda suurem\u00f5\u00f5tmeliste toodete \u00f5mblemisel v\u00f5i ka teppimisel.\",\"breadcrumb\":{\"@id\":\"https:\/\/marevik.ee\/test\/toode\/janome-memory-craft-6700p\/#breadcrumb\"},\"inLanguage\":\"en\",\"potentialAction\":[{\"@type\":\"ReadAction\",\"target\":[\"https:\/\/marevik.ee\/test\/toode\/janome-memory-craft-6700p\/\"]}]},{\"@type\":\"ImageObject\",\"inLanguage\":\"en\",\"@id\":\"https:\/\/marevik.ee\/test\/toode\/janome-memory-craft-6700p\/#primaryimage\",\"url\":\"https:\/\/marevik.ee\/test\/wp-content\/uploads\/2021\/03\/Janome-6700P.jpg\",\"contentUrl\":\"https:\/\/marevik.ee\/test\/wp-content\/uploads\/2021\/03\/Janome-6700P.jpg\",\"width\":500,\"height\":500,\"caption\":\"Janome Memory Craft 6700P\"},{\"@type\":\"BreadcrumbList\",\"@id\":\"https:\/\/marevik.ee\/test\/toode\/janome-memory-craft-6700p\/#breadcrumb\",\"itemListElement\":[{\"@type\":\"ListItem\",\"position\":1,\"name\":\"Home\",\"item\":\"https:\/\/marevik.ee\/test\/\"},{\"@type\":\"ListItem\",\"position\":2,\"name\":\"E-POOD\",\"item\":\"https:\/\/marevik.ee\/test\/epood\/\"},{\"@type\":\"ListItem\",\"position\":3,\"name\":\"Janome Memory Craft 6700P\"}]},{\"@type\":\"WebSite\",\"@id\":\"https:\/\/marevik.ee\/test\/#website\",\"url\":\"https:\/\/marevik.ee\/test\/\",\"name\":\"Marevik O&Uuml;\",\"description\":\"&Otilde;mblusmasina asjatundja\",\"publisher\":{\"@id\":\"https:\/\/marevik.ee\/test\/#organization\"},\"potentialAction\":[{\"@type\":\"SearchAction\",\"target\":{\"@type\":\"EntryPoint\",\"urlTemplate\":\"https:\/\/marevik.ee\/test\/?s={search_term_string}\"},\"query-input\":{\"@type\":\"PropertyValueSpecification\",\"valueRequired\":true,\"valueName\":\"search_term_string\"}}],\"inLanguage\":\"en\"},{\"@type\":\"Organization\",\"@id\":\"https:\/\/marevik.ee\/test\/#organization\",\"name\":\"Marevik O&Uuml;\",\"url\":\"https:\/\/marevik.ee\/test\/\",\"logo\":{\"@type\":\"ImageObject\",\"inLanguage\":\"en\",\"@id\":\"https:\/\/marevik.ee\/test\/#\/schema\/logo\/image\/\",\"url\":\"https:\/\/marevik.ee\/test\/wp-content\/uploads\/2020\/02\/mblusmasina-asjatundja-1994_173x105_veebi_v-ike.jpg\",\"contentUrl\":\"https:\/\/marevik.ee\/test\/wp-content\/uploads\/2020\/02\/mblusmasina-asjatundja-1994_173x105_veebi_v-ike.jpg\",\"width\":173,\"height\":105,\"caption\":\"Marevik O&Uuml;\"},\"image\":{\"@id\":\"https:\/\/marevik.ee\/test\/#\/schema\/logo\/image\/\"}}]}<\/script>\n<!-- \/ Yoast SEO plugin. -->","yoast_head_json":{"title":"Janome Memory Craft 6700P - vastab professionaalse \u00f5mbleja ootustele","description":"Tugev metallist konstruktsioon annab \u00f5mblusmasinale stabiilsuse ja vastupidavuse ka k\u00f5ige keerulisemate \u00f5mblust\u00f6\u00f6de jaoks. Avar t\u00f6\u00f6pind, mis on 26cm n\u00f5elast paremale, annab vabaduse tegeleda suurem\u00f5\u00f5tmeliste toodete \u00f5mblemisel v\u00f5i ka teppimisel.","robots":{"index":"index","follow":"follow","max-snippet":"max-snippet:-1","max-image-preview":"max-image-preview:large","max-video-preview":"max-video-preview:-1"},"canonical":"https:\/\/marevik.ee\/test\/toode\/janome-memory-craft-6700p\/","og_locale":"en_US","og_type":"article","og_title":"Janome Memory Craft 6700P - vastab professionaalse \u00f5mbleja ootustele","og_description":"Tugev metallist konstruktsioon annab \u00f5mblusmasinale stabiilsuse ja vastupidavuse ka k\u00f5ige keerulisemate \u00f5mblust\u00f6\u00f6de jaoks. Avar t\u00f6\u00f6pind, mis on 26cm n\u00f5elast paremale, annab vabaduse tegeleda suurem\u00f5\u00f5tmeliste toodete \u00f5mblemisel v\u00f5i ka teppimisel.","og_url":"https:\/\/marevik.ee\/test\/toode\/janome-memory-craft-6700p\/","og_site_name":"Marevik O&Uuml;","article_modified_time":"2025-07-01T07:44:11+00:00","og_image":[{"width":500,"height":500,"url":"https:\/\/marevik.ee\/test\/wp-content\/uploads\/2021\/03\/Janome-6700P.jpg","type":"image\/jpeg"}],"twitter_card":"summary_large_image","twitter_misc":{"Est. reading time":"2 minutes"},"schema":{"@context":"https:\/\/schema.org","@graph":[{"@type":"WebPage","@id":"https:\/\/marevik.ee\/test\/toode\/janome-memory-craft-6700p\/","url":"https:\/\/marevik.ee\/test\/toode\/janome-memory-craft-6700p\/","name":"Janome Memory Craft 6700P - vastab professionaalse \u00f5mbleja ootustele","isPartOf":{"@id":"https:\/\/marevik.ee\/test\/#website"},"primaryImageOfPage":{"@id":"https:\/\/marevik.ee\/test\/toode\/janome-memory-craft-6700p\/#primaryimage"},"image":{"@id":"https:\/\/marevik.ee\/test\/toode\/janome-memory-craft-6700p\/#primaryimage"},"thumbnailUrl":"https:\/\/marevik.ee\/test\/wp-content\/uploads\/2021\/03\/Janome-6700P.jpg","datePublished":"2017-09-27T17:25:00+00:00","dateModified":"2025-07-01T07:44:11+00:00","description":"Tugev metallist konstruktsioon annab \u00f5mblusmasinale stabiilsuse ja vastupidavuse ka k\u00f5ige keerulisemate \u00f5mblust\u00f6\u00f6de jaoks. Avar t\u00f6\u00f6pind, mis on 26cm n\u00f5elast paremale, annab vabaduse tegeleda suurem\u00f5\u00f5tmeliste toodete \u00f5mblemisel v\u00f5i ka teppimisel.","breadcrumb":{"@id":"https:\/\/marevik.ee\/test\/toode\/janome-memory-craft-6700p\/#breadcrumb"},"inLanguage":"en","potentialAction":[{"@type":"ReadAction","target":["https:\/\/marevik.ee\/test\/toode\/janome-memory-craft-6700p\/"]}]},{"@type":"ImageObject","inLanguage":"en","@id":"https:\/\/marevik.ee\/test\/toode\/janome-memory-craft-6700p\/#primaryimage","url":"https:\/\/marevik.ee\/test\/wp-content\/uploads\/2021\/03\/Janome-6700P.jpg","contentUrl":"https:\/\/marevik.ee\/test\/wp-content\/uploads\/2021\/03\/Janome-6700P.jpg","width":500,"height":500,"caption":"Janome Memory Craft 6700P"},{"@type":"BreadcrumbList","@id":"https:\/\/marevik.ee\/test\/toode\/janome-memory-craft-6700p\/#breadcrumb","itemListElement":[{"@type":"ListItem","position":1,"name":"Home","item":"https:\/\/marevik.ee\/test\/"},{"@type":"ListItem","position":2,"name":"E-POOD","item":"https:\/\/marevik.ee\/test\/epood\/"},{"@type":"ListItem","position":3,"name":"Janome Memory Craft 6700P"}]},{"@type":"WebSite","@id":"https:\/\/marevik.ee\/test\/#website","url":"https:\/\/marevik.ee\/test\/","name":"Marevik O&Uuml;","description":"&Otilde;mblusmasina asjatundja","publisher":{"@id":"https:\/\/marevik.ee\/test\/#organization"},"potentialAction":[{"@type":"SearchAction","target":{"@type":"EntryPoint","urlTemplate":"https:\/\/marevik.ee\/test\/?s={search_term_string}"},"query-input":{"@type":"PropertyValueSpecification","valueRequired":true,"valueName":"search_term_string"}}],"inLanguage":"en"},{"@type":"Organization","@id":"https:\/\/marevik.ee\/test\/#organization","name":"Marevik O&Uuml;","url":"https:\/\/marevik.ee\/test\/","logo":{"@type":"ImageObject","inLanguage":"en","@id":"https:\/\/marevik.ee\/test\/#\/schema\/logo\/image\/","url":"https:\/\/marevik.ee\/test\/wp-content\/uploads\/2020\/02\/mblusmasina-asjatundja-1994_173x105_veebi_v-ike.jpg","contentUrl":"https:\/\/marevik.ee\/test\/wp-content\/uploads\/2020\/02\/mblusmasina-asjatundja-1994_173x105_veebi_v-ike.jpg","width":173,"height":105,"caption":"Marevik O&Uuml;"},"image":{"@id":"https:\/\/marevik.ee\/test\/#\/schema\/logo\/image\/"}}]}},"_links":{"self":[{"href":"https:\/\/marevik.ee\/test\/wp-json\/wp\/v2\/product\/8033","targetHints":{"allow":["GET"]}}],"collection":[{"href":"https:\/\/marevik.ee\/test\/wp-json\/wp\/v2\/product"}],"about":[{"href":"https:\/\/marevik.ee\/test\/wp-json\/wp\/v2\/types\/product"}],"wp:featuredmedia":[{"embeddable":true,"href":"https:\/\/marevik.ee\/test\/wp-json\/wp\/v2\/media\/8034"}],"wp:attachment":[{"href":"https:\/\/marevik.ee\/test\/wp-json\/wp\/v2\/media?parent=8033"}],"wp:term":[{"taxonomy":"product_brand","embeddable":true,"href":"https:\/\/marevik.ee\/test\/wp-json\/wp\/v2\/product_brand?post=8033"},{"taxonomy":"product_cat","embeddable":true,"href":"https:\/\/marevik.ee\/test\/wp-json\/wp\/v2\/product_cat?post=8033"},{"taxonomy":"product_tag","embeddable":true,"href":"https:\/\/marevik.ee\/test\/wp-json\/wp\/v2\/product_tag?post=8033"}],"curies":[{"name":"wp","href":"https:\/\/api.w.org\/{rel}","templated":true}]}}