{"id":8201,"date":"2017-12-20T13:31:45","date_gmt":"2017-12-20T13:31:45","guid":{"rendered":"https:\/\/xn--mblusmasinapood-rsb.ee\/product\/omblus-ja-tikkimismasin-brother-innov-v5\/"},"modified":"2025-01-15T09:09:52","modified_gmt":"2025-01-15T09:09:52","slug":"omblus-ja-tikkimismasin-brother-innov-v5","status":"publish","type":"product","link":"https:\/\/marevik.ee\/test\/toode\/omblus-ja-tikkimismasin-brother-innov-v5\/","title":{"rendered":"\u00d5mblus- ja tikkimismasin Brother Innov-is V5"},"content":{"rendered":"<p><strong>\u00d5mblemine:<\/strong><\/p>\n<p>473 \u00f5mblusoperatsiooni<br \/>\n14 t\u00e4isautomaatset n\u00f6\u00f6pauku<br \/>\n133 kaunistuspistet<br \/>\n5 erinevat fonti (suured ja v\u00e4ikesed t\u00e4hed)\u200f<br \/>\n\u00d5mblemine k\u00fclgsuunas (joon\u00f5mblus, sik-sak)\u200f<br \/>\n\u00d5mbluskiirus 1050 pistet minutis<br \/>\n10 m\u00e4lukohta kombineeritud pistete ja tekstide salvestamiseks<br \/>\nOma pistete loomine<br \/>\nAutomaatne presstalla surve regulaator<br \/>\nP\u00f5lvekang presstalla t\u00f5stmiseks\/langetamiseks<br \/>\n7-osaline s\u00f6\u00f6tehammastik<br \/>\nStart\/stop nupp pedaalita \u00f5mblemiseks<\/p>\n<p><strong>Tikkimine:<\/strong><\/p>\n<p>Tikkimispiirkond 180 x 300 mm<br \/>\n17 erinevat fonti<br \/>\n224 tikkimismotiivi<br \/>\nTikandraamid (10 raami, 14 pistet)\u200f<br \/>\nUSB-liides m\u00e4lupulgale<br \/>\nUSB-liides kaablile arvutiga \u00fchendamiseks<br \/>\nTikkimiskiirus kuni 1050 pistet minutis<br \/>\nV\u00e4rviline LCD puuteekraan<br \/>\nTikandi kujundamine ekraanil: mastaapimine, p\u00f6\u00f6ramine 1, 10 v\u00f5i 90 kraaadi, peegelpilt<br \/>\nT\u00e4he suuruse muutmine<br \/>\nTikandi asukoha kontrollimine 4-s erinevas punktis<br \/>\nJ\u00e4tkamisfunktsioon, mis voolu katkemise j\u00e4rgselt lubab j\u00e4tkata pooleli j\u00e4\u00e4nud kohas.<br \/>\nAutomaatne niidipinge<br \/>\nAutomaatne niidil\u00f5ikur<br \/>\nElektrooniline n\u00f5elasilmaniidistaja<br \/>\nMasina peatumine niidi katkemise korral<br \/>\nMasinas erinevate niiditootjate valik<\/p>\n","protected":false},"excerpt":{"rendered":"<p>\u00d5mblus- ja tikkimismasin Innov-is V5 on Brother kaubam\u00e4rgi laiast valikust tippmudelite hulka kuuluv t\u00f6\u00f6riist. Suur tikkimispiirkond, v\u00e4rviline puuteekraan ja lisaks parimad insenerilahendused masina juures teevad selle suurep\u00e4raseks t\u00f6\u00f6riistaks. Jaapani kvaliteet ja sajandi pikkune kogemus, see ongi Brother V5.<\/p>\n","protected":false},"featured_media":14657,"template":"","meta":{"site-sidebar-layout":"default","site-content-layout":"default","ast-site-content-layout":"","site-content-style":"default","site-sidebar-style":"default","ast-global-header-display":"","ast-banner-title-visibility":"","ast-main-header-display":"","ast-hfb-above-header-display":"","ast-hfb-below-header-display":"","ast-hfb-mobile-header-display":"","site-post-title":"","ast-breadcrumbs-content":"","ast-featured-img":"","footer-sml-layout":"","theme-transparent-header-meta":"default","adv-header-id-meta":"","stick-header-meta":"","header-above-stick-meta":"","header-main-stick-meta":"","header-below-stick-meta":"","astra-migrate-meta-layouts":"default","ast-page-background-enabled":"default","ast-page-background-meta":{"desktop":{"background-color":"","background-image":"","background-repeat":"repeat","background-position":"center center","background-size":"auto","background-attachment":"scroll","background-type":"","background-media":"","overlay-type":"","overlay-color":"","overlay-opacity":"","overlay-gradient":""},"tablet":{"background-color":"","background-image":"","background-repeat":"repeat","background-position":"center center","background-size":"auto","background-attachment":"scroll","background-type":"","background-media":"","overlay-type":"","overlay-color":"","overlay-opacity":"","overlay-gradient":""},"mobile":{"background-color":"","background-image":"","background-repeat":"repeat","background-position":"center center","background-size":"auto","background-attachment":"scroll","background-type":"","background-media":"","overlay-type":"","overlay-color":"","overlay-opacity":"","overlay-gradient":""}},"ast-content-background-meta":{"desktop":{"background-color":"var(--ast-global-color-5)","background-image":"","background-repeat":"repeat","background-position":"center center","background-size":"auto","background-attachment":"scroll","background-type":"","background-media":"","overlay-type":"","overlay-color":"","overlay-opacity":"","overlay-gradient":""},"tablet":{"background-color":"var(--ast-global-color-5)","background-image":"","background-repeat":"repeat","background-position":"center center","background-size":"auto","background-attachment":"scroll","background-type":"","background-media":"","overlay-type":"","overlay-color":"","overlay-opacity":"","overlay-gradient":""},"mobile":{"background-color":"var(--ast-global-color-5)","background-image":"","background-repeat":"repeat","background-position":"center center","background-size":"auto","background-attachment":"scroll","background-type":"","background-media":"","overlay-type":"","overlay-color":"","overlay-opacity":"","overlay-gradient":""}}},"product_brand":[],"product_cat":[68,86,60,63],"product_tag":[85],"class_list":{"0":"post-8201","1":"product","2":"type-product","3":"status-publish","4":"has-post-thumbnail","6":"product_cat-brother","7":"product_cat-brother-tikkimismasinad","8":"product_cat-omblusmasinad","9":"product_cat-tikkimismasinad","10":"product_tag-brother","11":"desktop-align-left","12":"tablet-align-left","13":"mobile-align-left","15":"first","16":"onbackorder","17":"taxable","18":"shipping-taxable","19":"purchasable","20":"product-type-simple"},"yoast_head":"<!-- This site is optimized with the Yoast SEO plugin v26.1.1 - https:\/\/yoast.com\/wordpress\/plugins\/seo\/ -->\n<title>\u00d5mblus-ja tikkimismasin Brother Innov-is V5 - Jaapani kvaliteet!<\/title>\n<meta name=\"description\" content=\"\u00d5mblus- ja tikkimismasin Innov-is V5 on Brother kaubam\u00e4rgi laiast valikust tippmudelite hulka kuuluv t\u00f6\u00f6riist. Suur tikkimispiirkond, v\u00e4rviline puuteekraan ja lisaks parimad insenerilahendused masina juures teevad selle suurep\u00e4raseks t\u00f6\u00f6riistaks. Jaapani kvaliteet ja sajandi pikkune kogemus, see ongi Brother V5.\" \/>\n<meta name=\"robots\" content=\"index, follow, max-snippet:-1, max-image-preview:large, max-video-preview:-1\" \/>\n<link rel=\"canonical\" href=\"https:\/\/marevik.ee\/test\/toode\/omblus-ja-tikkimismasin-brother-innov-v5\/\" \/>\n<meta property=\"og:locale\" content=\"en_US\" \/>\n<meta property=\"og:type\" content=\"article\" \/>\n<meta property=\"og:title\" content=\"\u00d5mblus-ja tikkimismasin Brother Innov-is V5 - Jaapani kvaliteet!\" \/>\n<meta property=\"og:description\" content=\"\u00d5mblus- ja tikkimismasin Innov-is V5 on Brother kaubam\u00e4rgi laiast valikust tippmudelite hulka kuuluv t\u00f6\u00f6riist. Suur tikkimispiirkond, v\u00e4rviline puuteekraan ja lisaks parimad insenerilahendused masina juures teevad selle suurep\u00e4raseks t\u00f6\u00f6riistaks. Jaapani kvaliteet ja sajandi pikkune kogemus, see ongi Brother V5.\" \/>\n<meta property=\"og:url\" content=\"https:\/\/marevik.ee\/test\/toode\/omblus-ja-tikkimismasin-brother-innov-v5\/\" \/>\n<meta property=\"og:site_name\" content=\"Marevik O&Uuml;\" \/>\n<meta property=\"article:modified_time\" content=\"2025-01-15T09:09:52+00:00\" \/>\n<meta property=\"og:image\" content=\"https:\/\/marevik.ee\/test\/wp-content\/uploads\/2017\/12\/Brother-Innov-is-V5LE.jpg\" \/>\n\t<meta property=\"og:image:width\" content=\"1000\" \/>\n\t<meta property=\"og:image:height\" content=\"1000\" \/>\n\t<meta property=\"og:image:type\" content=\"image\/jpeg\" \/>\n<meta name=\"twitter:card\" content=\"summary_large_image\" \/>\n<meta name=\"twitter:label1\" content=\"Est. reading time\" \/>\n\t<meta name=\"twitter:data1\" content=\"1 minute\" \/>\n<script type=\"application\/ld+json\" class=\"yoast-schema-graph\">{\"@context\":\"https:\/\/schema.org\",\"@graph\":[{\"@type\":\"WebPage\",\"@id\":\"https:\/\/marevik.ee\/test\/toode\/omblus-ja-tikkimismasin-brother-innov-v5\/\",\"url\":\"https:\/\/marevik.ee\/test\/toode\/omblus-ja-tikkimismasin-brother-innov-v5\/\",\"name\":\"\u00d5mblus-ja tikkimismasin Brother Innov-is V5 - Jaapani kvaliteet!\",\"isPartOf\":{\"@id\":\"https:\/\/marevik.ee\/test\/#website\"},\"primaryImageOfPage\":{\"@id\":\"https:\/\/marevik.ee\/test\/toode\/omblus-ja-tikkimismasin-brother-innov-v5\/#primaryimage\"},\"image\":{\"@id\":\"https:\/\/marevik.ee\/test\/toode\/omblus-ja-tikkimismasin-brother-innov-v5\/#primaryimage\"},\"thumbnailUrl\":\"https:\/\/marevik.ee\/test\/wp-content\/uploads\/2017\/12\/Brother-Innov-is-V5LE.jpg\",\"datePublished\":\"2017-12-20T13:31:45+00:00\",\"dateModified\":\"2025-01-15T09:09:52+00:00\",\"description\":\"\u00d5mblus- ja tikkimismasin Innov-is V5 on Brother kaubam\u00e4rgi laiast valikust tippmudelite hulka kuuluv t\u00f6\u00f6riist. Suur tikkimispiirkond, v\u00e4rviline puuteekraan ja lisaks parimad insenerilahendused masina juures teevad selle suurep\u00e4raseks t\u00f6\u00f6riistaks. Jaapani kvaliteet ja sajandi pikkune kogemus, see ongi Brother V5.\",\"breadcrumb\":{\"@id\":\"https:\/\/marevik.ee\/test\/toode\/omblus-ja-tikkimismasin-brother-innov-v5\/#breadcrumb\"},\"inLanguage\":\"en\",\"potentialAction\":[{\"@type\":\"ReadAction\",\"target\":[\"https:\/\/marevik.ee\/test\/toode\/omblus-ja-tikkimismasin-brother-innov-v5\/\"]}]},{\"@type\":\"ImageObject\",\"inLanguage\":\"en\",\"@id\":\"https:\/\/marevik.ee\/test\/toode\/omblus-ja-tikkimismasin-brother-innov-v5\/#primaryimage\",\"url\":\"https:\/\/marevik.ee\/test\/wp-content\/uploads\/2017\/12\/Brother-Innov-is-V5LE.jpg\",\"contentUrl\":\"https:\/\/marevik.ee\/test\/wp-content\/uploads\/2017\/12\/Brother-Innov-is-V5LE.jpg\",\"width\":1000,\"height\":1000},{\"@type\":\"BreadcrumbList\",\"@id\":\"https:\/\/marevik.ee\/test\/toode\/omblus-ja-tikkimismasin-brother-innov-v5\/#breadcrumb\",\"itemListElement\":[{\"@type\":\"ListItem\",\"position\":1,\"name\":\"Home\",\"item\":\"https:\/\/marevik.ee\/test\/\"},{\"@type\":\"ListItem\",\"position\":2,\"name\":\"E-POOD\",\"item\":\"https:\/\/marevik.ee\/test\/epood\/\"},{\"@type\":\"ListItem\",\"position\":3,\"name\":\"\u00d5mblus- ja tikkimismasin Brother Innov-is V5\"}]},{\"@type\":\"WebSite\",\"@id\":\"https:\/\/marevik.ee\/test\/#website\",\"url\":\"https:\/\/marevik.ee\/test\/\",\"name\":\"Marevik O&Uuml;\",\"description\":\"&Otilde;mblusmasina asjatundja\",\"publisher\":{\"@id\":\"https:\/\/marevik.ee\/test\/#organization\"},\"potentialAction\":[{\"@type\":\"SearchAction\",\"target\":{\"@type\":\"EntryPoint\",\"urlTemplate\":\"https:\/\/marevik.ee\/test\/?s={search_term_string}\"},\"query-input\":{\"@type\":\"PropertyValueSpecification\",\"valueRequired\":true,\"valueName\":\"search_term_string\"}}],\"inLanguage\":\"en\"},{\"@type\":\"Organization\",\"@id\":\"https:\/\/marevik.ee\/test\/#organization\",\"name\":\"Marevik O&Uuml;\",\"url\":\"https:\/\/marevik.ee\/test\/\",\"logo\":{\"@type\":\"ImageObject\",\"inLanguage\":\"en\",\"@id\":\"https:\/\/marevik.ee\/test\/#\/schema\/logo\/image\/\",\"url\":\"https:\/\/marevik.ee\/test\/wp-content\/uploads\/2020\/02\/mblusmasina-asjatundja-1994_173x105_veebi_v-ike.jpg\",\"contentUrl\":\"https:\/\/marevik.ee\/test\/wp-content\/uploads\/2020\/02\/mblusmasina-asjatundja-1994_173x105_veebi_v-ike.jpg\",\"width\":173,\"height\":105,\"caption\":\"Marevik O&Uuml;\"},\"image\":{\"@id\":\"https:\/\/marevik.ee\/test\/#\/schema\/logo\/image\/\"}}]}<\/script>\n<!-- \/ Yoast SEO plugin. -->","yoast_head_json":{"title":"\u00d5mblus-ja tikkimismasin Brother Innov-is V5 - Jaapani kvaliteet!","description":"\u00d5mblus- ja tikkimismasin Innov-is V5 on Brother kaubam\u00e4rgi laiast valikust tippmudelite hulka kuuluv t\u00f6\u00f6riist. Suur tikkimispiirkond, v\u00e4rviline puuteekraan ja lisaks parimad insenerilahendused masina juures teevad selle suurep\u00e4raseks t\u00f6\u00f6riistaks. Jaapani kvaliteet ja sajandi pikkune kogemus, see ongi Brother V5.","robots":{"index":"index","follow":"follow","max-snippet":"max-snippet:-1","max-image-preview":"max-image-preview:large","max-video-preview":"max-video-preview:-1"},"canonical":"https:\/\/marevik.ee\/test\/toode\/omblus-ja-tikkimismasin-brother-innov-v5\/","og_locale":"en_US","og_type":"article","og_title":"\u00d5mblus-ja tikkimismasin Brother Innov-is V5 - Jaapani kvaliteet!","og_description":"\u00d5mblus- ja tikkimismasin Innov-is V5 on Brother kaubam\u00e4rgi laiast valikust tippmudelite hulka kuuluv t\u00f6\u00f6riist. Suur tikkimispiirkond, v\u00e4rviline puuteekraan ja lisaks parimad insenerilahendused masina juures teevad selle suurep\u00e4raseks t\u00f6\u00f6riistaks. Jaapani kvaliteet ja sajandi pikkune kogemus, see ongi Brother V5.","og_url":"https:\/\/marevik.ee\/test\/toode\/omblus-ja-tikkimismasin-brother-innov-v5\/","og_site_name":"Marevik O&Uuml;","article_modified_time":"2025-01-15T09:09:52+00:00","og_image":[{"width":1000,"height":1000,"url":"https:\/\/marevik.ee\/test\/wp-content\/uploads\/2017\/12\/Brother-Innov-is-V5LE.jpg","type":"image\/jpeg"}],"twitter_card":"summary_large_image","twitter_misc":{"Est. reading time":"1 minute"},"schema":{"@context":"https:\/\/schema.org","@graph":[{"@type":"WebPage","@id":"https:\/\/marevik.ee\/test\/toode\/omblus-ja-tikkimismasin-brother-innov-v5\/","url":"https:\/\/marevik.ee\/test\/toode\/omblus-ja-tikkimismasin-brother-innov-v5\/","name":"\u00d5mblus-ja tikkimismasin Brother Innov-is V5 - Jaapani kvaliteet!","isPartOf":{"@id":"https:\/\/marevik.ee\/test\/#website"},"primaryImageOfPage":{"@id":"https:\/\/marevik.ee\/test\/toode\/omblus-ja-tikkimismasin-brother-innov-v5\/#primaryimage"},"image":{"@id":"https:\/\/marevik.ee\/test\/toode\/omblus-ja-tikkimismasin-brother-innov-v5\/#primaryimage"},"thumbnailUrl":"https:\/\/marevik.ee\/test\/wp-content\/uploads\/2017\/12\/Brother-Innov-is-V5LE.jpg","datePublished":"2017-12-20T13:31:45+00:00","dateModified":"2025-01-15T09:09:52+00:00","description":"\u00d5mblus- ja tikkimismasin Innov-is V5 on Brother kaubam\u00e4rgi laiast valikust tippmudelite hulka kuuluv t\u00f6\u00f6riist. Suur tikkimispiirkond, v\u00e4rviline puuteekraan ja lisaks parimad insenerilahendused masina juures teevad selle suurep\u00e4raseks t\u00f6\u00f6riistaks. Jaapani kvaliteet ja sajandi pikkune kogemus, see ongi Brother V5.","breadcrumb":{"@id":"https:\/\/marevik.ee\/test\/toode\/omblus-ja-tikkimismasin-brother-innov-v5\/#breadcrumb"},"inLanguage":"en","potentialAction":[{"@type":"ReadAction","target":["https:\/\/marevik.ee\/test\/toode\/omblus-ja-tikkimismasin-brother-innov-v5\/"]}]},{"@type":"ImageObject","inLanguage":"en","@id":"https:\/\/marevik.ee\/test\/toode\/omblus-ja-tikkimismasin-brother-innov-v5\/#primaryimage","url":"https:\/\/marevik.ee\/test\/wp-content\/uploads\/2017\/12\/Brother-Innov-is-V5LE.jpg","contentUrl":"https:\/\/marevik.ee\/test\/wp-content\/uploads\/2017\/12\/Brother-Innov-is-V5LE.jpg","width":1000,"height":1000},{"@type":"BreadcrumbList","@id":"https:\/\/marevik.ee\/test\/toode\/omblus-ja-tikkimismasin-brother-innov-v5\/#breadcrumb","itemListElement":[{"@type":"ListItem","position":1,"name":"Home","item":"https:\/\/marevik.ee\/test\/"},{"@type":"ListItem","position":2,"name":"E-POOD","item":"https:\/\/marevik.ee\/test\/epood\/"},{"@type":"ListItem","position":3,"name":"\u00d5mblus- ja tikkimismasin Brother Innov-is V5"}]},{"@type":"WebSite","@id":"https:\/\/marevik.ee\/test\/#website","url":"https:\/\/marevik.ee\/test\/","name":"Marevik O&Uuml;","description":"&Otilde;mblusmasina asjatundja","publisher":{"@id":"https:\/\/marevik.ee\/test\/#organization"},"potentialAction":[{"@type":"SearchAction","target":{"@type":"EntryPoint","urlTemplate":"https:\/\/marevik.ee\/test\/?s={search_term_string}"},"query-input":{"@type":"PropertyValueSpecification","valueRequired":true,"valueName":"search_term_string"}}],"inLanguage":"en"},{"@type":"Organization","@id":"https:\/\/marevik.ee\/test\/#organization","name":"Marevik O&Uuml;","url":"https:\/\/marevik.ee\/test\/","logo":{"@type":"ImageObject","inLanguage":"en","@id":"https:\/\/marevik.ee\/test\/#\/schema\/logo\/image\/","url":"https:\/\/marevik.ee\/test\/wp-content\/uploads\/2020\/02\/mblusmasina-asjatundja-1994_173x105_veebi_v-ike.jpg","contentUrl":"https:\/\/marevik.ee\/test\/wp-content\/uploads\/2020\/02\/mblusmasina-asjatundja-1994_173x105_veebi_v-ike.jpg","width":173,"height":105,"caption":"Marevik O&Uuml;"},"image":{"@id":"https:\/\/marevik.ee\/test\/#\/schema\/logo\/image\/"}}]}},"_links":{"self":[{"href":"https:\/\/marevik.ee\/test\/wp-json\/wp\/v2\/product\/8201","targetHints":{"allow":["GET"]}}],"collection":[{"href":"https:\/\/marevik.ee\/test\/wp-json\/wp\/v2\/product"}],"about":[{"href":"https:\/\/marevik.ee\/test\/wp-json\/wp\/v2\/types\/product"}],"wp:featuredmedia":[{"embeddable":true,"href":"https:\/\/marevik.ee\/test\/wp-json\/wp\/v2\/media\/14657"}],"wp:attachment":[{"href":"https:\/\/marevik.ee\/test\/wp-json\/wp\/v2\/media?parent=8201"}],"wp:term":[{"taxonomy":"product_brand","embeddable":true,"href":"https:\/\/marevik.ee\/test\/wp-json\/wp\/v2\/product_brand?post=8201"},{"taxonomy":"product_cat","embeddable":true,"href":"https:\/\/marevik.ee\/test\/wp-json\/wp\/v2\/product_cat?post=8201"},{"taxonomy":"product_tag","embeddable":true,"href":"https:\/\/marevik.ee\/test\/wp-json\/wp\/v2\/product_tag?post=8201"}],"curies":[{"name":"wp","href":"https:\/\/api.w.org\/{rel}","templated":true}]}}