{"id":8222,"date":"2018-01-08T17:20:52","date_gmt":"2018-01-08T17:20:52","guid":{"rendered":"https:\/\/xn--mblusmasinapood-rsb.ee\/product\/juki-tl-2010q\/"},"modified":"2025-10-28T09:33:33","modified_gmt":"2025-10-28T09:33:33","slug":"juki-tl-2010q","status":"publish","type":"product","link":"https:\/\/marevik.ee\/test\/toode\/juki-tl-2010q\/","title":{"rendered":"Juki TL-2010Q"},"content":{"rendered":"<p>\u00d5mbluskiirus 1500 pistet\/minutis<br \/>\npiste pikkus 0-6mm<br \/>\npresstalla t\u00f5stmine 6mm ja p\u00f5lvekangiga 12mm<br \/>\ns\u00f6\u00f6tehammastikku v\u00e4lja l\u00fclitamine<br \/>\np\u00f5lvekang presstalla t\u00f5stmiseks<br \/>\nsuur t\u00f6\u00f6tsoon pikkusega 290 mm, laiusega 175 mm ja k\u00f5rgusega 150 mm<br \/>\nn\u00f5ela asendi fiksaator, elektrooniliselt kontrollitud: \u00fclal\/all<br \/>\nelektrooniline niidil\u00f5ikur nupule vajutades v\u00f5i komplektis olevat lisapedaali kasutades<br \/>\nreguleeritav presstalla surve<br \/>\nn\u00f5ela kiirniidistaja<br \/>\nniidirullide statiiv v\u00f5imaldab asetada masinale 2 suurt koonusniidirulli<br \/>\nv\u00f5imaldab \u00f5mmelda ja poolida samaaegselt<br \/>\nLED valgustus<br \/>\nm\u00f5\u00f5tmed: 452 (W) X 350 (H) X 219 (D) mm<br \/>\nkaal 11,5kg<\/p>\n<p>Komplekti kuulub:<\/p>\n<p>tugevast plastikust t\u00f6\u00f6laua laiendus 59 x 28 cm, 4 pooli, otse\u00f5mbluse tald, n\u00f5elakomplekt, \u00fclakanga s\u00f6\u00f6teseade, luku\u00f5mbluse tald, p\u00f6\u00f6rdpalistuse tald, 1\/4&#8243; (tolli) auguga vabak\u00e4e tikkimise (-teppimise) tald, 1\/5&#8243; (tolli) vabak\u00e4e teppimise tald, kanga serva kompensaatoriga tald, puhastuspintsel, niidirulli kattev\u00f5rk, kruvikeerajad (2tk), presstalla p\u00f5lvekang, \u00f5li, tekstiilist j\u00e4ik kaitsekate.<\/p>\n<div class=\"ast-oembed-container \" style=\"height: 100%;\"><iframe title=\"THE ART OF CREATION JUKI TL2010\" width=\"500\" height=\"281\" src=\"https:\/\/www.youtube.com\/embed\/mSt36jqvfcU?feature=oembed\" frameborder=\"0\" allow=\"accelerometer; autoplay; clipboard-write; encrypted-media; gyroscope; picture-in-picture; web-share\" referrerpolicy=\"strict-origin-when-cross-origin\" allowfullscreen><\/iframe><\/div>\n","protected":false},"excerpt":{"rendered":"<p>Juki TL-2010Q on elektrooniline joon\u00f5mblusmasin professionaalsele \u00f5mblejale. Masin sobib k\u00f5igile neile, kes peavad lugu \u00f5mbluse k\u00f5rgest kvaliteedist ja kiirusest. Juki TL-2010Q maksimaalne kiirus on 1500 pistet minutis. Seda v\u00f5imaldab t\u00f6\u00f6stusliku masina poolis\u00fcsteem, mis on k\u00f5rgkvaliteetsest metallist ning vertikaalselt p\u00f6\u00f6rlev. Masina pistej\u00f5ud on suurim kodumasinate hulgas. Samas saab masin vaevata kauni \u00f5mbluse ka v\u00e4ga \u00f5hukesele kangale. Masinale sobivad t\u00f6\u00f6stusliku joon\u00f5mblusmasina presstallad ja lisaseadmed. T\u00f6\u00f6stusliku masina baasil valminud professionaalne kodumasin on mobiilne ja lihtsasti k\u00e4sitletav ning sobib ateljeesse, koju kui ka t\u00fctarlaste k\u00e4sit\u00f6\u00f6klassi.<\/p>\n","protected":false},"featured_media":8223,"template":"","meta":{"site-sidebar-layout":"default","site-content-layout":"default","ast-site-content-layout":"default","site-content-style":"default","site-sidebar-style":"default","ast-global-header-display":"","ast-banner-title-visibility":"","ast-main-header-display":"","ast-hfb-above-header-display":"","ast-hfb-below-header-display":"","ast-hfb-mobile-header-display":"","site-post-title":"","ast-breadcrumbs-content":"","ast-featured-img":"","footer-sml-layout":"","theme-transparent-header-meta":"default","adv-header-id-meta":"","stick-header-meta":"","header-above-stick-meta":"","header-main-stick-meta":"","header-below-stick-meta":"","astra-migrate-meta-layouts":"set","ast-page-background-enabled":"default","ast-page-background-meta":{"desktop":{"background-color":"","background-image":"","background-repeat":"repeat","background-position":"center center","background-size":"auto","background-attachment":"scroll","background-type":"","background-media":"","overlay-type":"","overlay-color":"","overlay-opacity":"","overlay-gradient":""},"tablet":{"background-color":"","background-image":"","background-repeat":"repeat","background-position":"center center","background-size":"auto","background-attachment":"scroll","background-type":"","background-media":"","overlay-type":"","overlay-color":"","overlay-opacity":"","overlay-gradient":""},"mobile":{"background-color":"","background-image":"","background-repeat":"repeat","background-position":"center center","background-size":"auto","background-attachment":"scroll","background-type":"","background-media":"","overlay-type":"","overlay-color":"","overlay-opacity":"","overlay-gradient":""}},"ast-content-background-meta":{"desktop":{"background-color":"var(--ast-global-color-5)","background-image":"","background-repeat":"repeat","background-position":"center center","background-size":"auto","background-attachment":"scroll","background-type":"","background-media":"","overlay-type":"","overlay-color":"","overlay-opacity":"","overlay-gradient":""},"tablet":{"background-color":"var(--ast-global-color-5)","background-image":"","background-repeat":"repeat","background-position":"center center","background-size":"auto","background-attachment":"scroll","background-type":"","background-media":"","overlay-type":"","overlay-color":"","overlay-opacity":"","overlay-gradient":""},"mobile":{"background-color":"var(--ast-global-color-5)","background-image":"","background-repeat":"repeat","background-position":"center center","background-size":"auto","background-attachment":"scroll","background-type":"","background-media":"","overlay-type":"","overlay-color":"","overlay-opacity":"","overlay-gradient":""}}},"product_brand":[],"product_cat":[71,60],"product_tag":[92],"class_list":{"0":"post-8222","1":"product","2":"type-product","3":"status-publish","4":"has-post-thumbnail","6":"product_cat-juki","7":"product_cat-omblusmasinad","8":"product_tag-juki","9":"desktop-align-left","10":"tablet-align-left","11":"mobile-align-left","13":"first","14":"instock","15":"taxable","16":"shipping-taxable","17":"purchasable","18":"product-type-simple"},"yoast_head":"<!-- This site is optimized with the Yoast SEO plugin v26.1.1 - https:\/\/yoast.com\/wordpress\/plugins\/seo\/ -->\n<title>Juki TL-2010Q - joon\u00f5mblusmasin professionaalsele \u00f5mblejale.<\/title>\n<meta name=\"description\" content=\"Juki TL-2010Q maksimaalne kiirus on 1500 pistet minutis. Seda v\u00f5imaldab t\u00f6\u00f6stusliku masina poolis\u00fcsteem, mis on k\u00f5rgkvaliteetsest metallist ning vertikaalselt p\u00f6\u00f6rlev.\" \/>\n<meta name=\"robots\" content=\"index, follow, max-snippet:-1, max-image-preview:large, max-video-preview:-1\" \/>\n<link rel=\"canonical\" href=\"https:\/\/marevik.ee\/test\/toode\/juki-tl-2010q\/\" \/>\n<meta property=\"og:locale\" content=\"en_US\" \/>\n<meta property=\"og:type\" content=\"article\" \/>\n<meta property=\"og:title\" content=\"Juki TL-2010Q - joon\u00f5mblusmasin professionaalsele \u00f5mblejale.\" \/>\n<meta property=\"og:description\" content=\"Juki TL-2010Q maksimaalne kiirus on 1500 pistet minutis. Seda v\u00f5imaldab t\u00f6\u00f6stusliku masina poolis\u00fcsteem, mis on k\u00f5rgkvaliteetsest metallist ning vertikaalselt p\u00f6\u00f6rlev.\" \/>\n<meta property=\"og:url\" content=\"https:\/\/marevik.ee\/test\/toode\/juki-tl-2010q\/\" \/>\n<meta property=\"og:site_name\" content=\"Marevik O&Uuml;\" \/>\n<meta property=\"article:modified_time\" content=\"2025-10-28T09:33:33+00:00\" \/>\n<meta property=\"og:image\" content=\"https:\/\/marevik.ee\/test\/wp-content\/uploads\/2021\/03\/TL-201q_1.jpg\" \/>\n\t<meta property=\"og:image:width\" content=\"1200\" \/>\n\t<meta property=\"og:image:height\" content=\"1200\" \/>\n\t<meta property=\"og:image:type\" content=\"image\/jpeg\" \/>\n<meta name=\"twitter:card\" content=\"summary_large_image\" \/>\n<meta name=\"twitter:label1\" content=\"Est. reading time\" \/>\n\t<meta name=\"twitter:data1\" content=\"1 minute\" \/>\n<script type=\"application\/ld+json\" class=\"yoast-schema-graph\">{\"@context\":\"https:\/\/schema.org\",\"@graph\":[{\"@type\":\"WebPage\",\"@id\":\"https:\/\/marevik.ee\/test\/toode\/juki-tl-2010q\/\",\"url\":\"https:\/\/marevik.ee\/test\/toode\/juki-tl-2010q\/\",\"name\":\"Juki TL-2010Q - joon\u00f5mblusmasin professionaalsele \u00f5mblejale.\",\"isPartOf\":{\"@id\":\"https:\/\/marevik.ee\/test\/#website\"},\"primaryImageOfPage\":{\"@id\":\"https:\/\/marevik.ee\/test\/toode\/juki-tl-2010q\/#primaryimage\"},\"image\":{\"@id\":\"https:\/\/marevik.ee\/test\/toode\/juki-tl-2010q\/#primaryimage\"},\"thumbnailUrl\":\"https:\/\/marevik.ee\/test\/wp-content\/uploads\/2021\/03\/TL-201q_1.jpg\",\"datePublished\":\"2018-01-08T17:20:52+00:00\",\"dateModified\":\"2025-10-28T09:33:33+00:00\",\"description\":\"Juki TL-2010Q maksimaalne kiirus on 1500 pistet minutis. Seda v\u00f5imaldab t\u00f6\u00f6stusliku masina poolis\u00fcsteem, mis on k\u00f5rgkvaliteetsest metallist ning vertikaalselt p\u00f6\u00f6rlev.\",\"breadcrumb\":{\"@id\":\"https:\/\/marevik.ee\/test\/toode\/juki-tl-2010q\/#breadcrumb\"},\"inLanguage\":\"en\",\"potentialAction\":[{\"@type\":\"ReadAction\",\"target\":[\"https:\/\/marevik.ee\/test\/toode\/juki-tl-2010q\/\"]}]},{\"@type\":\"ImageObject\",\"inLanguage\":\"en\",\"@id\":\"https:\/\/marevik.ee\/test\/toode\/juki-tl-2010q\/#primaryimage\",\"url\":\"https:\/\/marevik.ee\/test\/wp-content\/uploads\/2021\/03\/TL-201q_1.jpg\",\"contentUrl\":\"https:\/\/marevik.ee\/test\/wp-content\/uploads\/2021\/03\/TL-201q_1.jpg\",\"width\":1200,\"height\":1200,\"caption\":\"Juki TL-2010Q\"},{\"@type\":\"BreadcrumbList\",\"@id\":\"https:\/\/marevik.ee\/test\/toode\/juki-tl-2010q\/#breadcrumb\",\"itemListElement\":[{\"@type\":\"ListItem\",\"position\":1,\"name\":\"Home\",\"item\":\"https:\/\/marevik.ee\/test\/\"},{\"@type\":\"ListItem\",\"position\":2,\"name\":\"E-POOD\",\"item\":\"https:\/\/marevik.ee\/test\/epood\/\"},{\"@type\":\"ListItem\",\"position\":3,\"name\":\"Juki TL-2010Q\"}]},{\"@type\":\"WebSite\",\"@id\":\"https:\/\/marevik.ee\/test\/#website\",\"url\":\"https:\/\/marevik.ee\/test\/\",\"name\":\"Marevik O&Uuml;\",\"description\":\"&Otilde;mblusmasina asjatundja\",\"publisher\":{\"@id\":\"https:\/\/marevik.ee\/test\/#organization\"},\"potentialAction\":[{\"@type\":\"SearchAction\",\"target\":{\"@type\":\"EntryPoint\",\"urlTemplate\":\"https:\/\/marevik.ee\/test\/?s={search_term_string}\"},\"query-input\":{\"@type\":\"PropertyValueSpecification\",\"valueRequired\":true,\"valueName\":\"search_term_string\"}}],\"inLanguage\":\"en\"},{\"@type\":\"Organization\",\"@id\":\"https:\/\/marevik.ee\/test\/#organization\",\"name\":\"Marevik O&Uuml;\",\"url\":\"https:\/\/marevik.ee\/test\/\",\"logo\":{\"@type\":\"ImageObject\",\"inLanguage\":\"en\",\"@id\":\"https:\/\/marevik.ee\/test\/#\/schema\/logo\/image\/\",\"url\":\"https:\/\/marevik.ee\/test\/wp-content\/uploads\/2020\/02\/mblusmasina-asjatundja-1994_173x105_veebi_v-ike.jpg\",\"contentUrl\":\"https:\/\/marevik.ee\/test\/wp-content\/uploads\/2020\/02\/mblusmasina-asjatundja-1994_173x105_veebi_v-ike.jpg\",\"width\":173,\"height\":105,\"caption\":\"Marevik O&Uuml;\"},\"image\":{\"@id\":\"https:\/\/marevik.ee\/test\/#\/schema\/logo\/image\/\"}}]}<\/script>\n<!-- \/ Yoast SEO plugin. -->","yoast_head_json":{"title":"Juki TL-2010Q - joon\u00f5mblusmasin professionaalsele \u00f5mblejale.","description":"Juki TL-2010Q maksimaalne kiirus on 1500 pistet minutis. Seda v\u00f5imaldab t\u00f6\u00f6stusliku masina poolis\u00fcsteem, mis on k\u00f5rgkvaliteetsest metallist ning vertikaalselt p\u00f6\u00f6rlev.","robots":{"index":"index","follow":"follow","max-snippet":"max-snippet:-1","max-image-preview":"max-image-preview:large","max-video-preview":"max-video-preview:-1"},"canonical":"https:\/\/marevik.ee\/test\/toode\/juki-tl-2010q\/","og_locale":"en_US","og_type":"article","og_title":"Juki TL-2010Q - joon\u00f5mblusmasin professionaalsele \u00f5mblejale.","og_description":"Juki TL-2010Q maksimaalne kiirus on 1500 pistet minutis. Seda v\u00f5imaldab t\u00f6\u00f6stusliku masina poolis\u00fcsteem, mis on k\u00f5rgkvaliteetsest metallist ning vertikaalselt p\u00f6\u00f6rlev.","og_url":"https:\/\/marevik.ee\/test\/toode\/juki-tl-2010q\/","og_site_name":"Marevik O&Uuml;","article_modified_time":"2025-10-28T09:33:33+00:00","og_image":[{"width":1200,"height":1200,"url":"https:\/\/marevik.ee\/test\/wp-content\/uploads\/2021\/03\/TL-201q_1.jpg","type":"image\/jpeg"}],"twitter_card":"summary_large_image","twitter_misc":{"Est. reading time":"1 minute"},"schema":{"@context":"https:\/\/schema.org","@graph":[{"@type":"WebPage","@id":"https:\/\/marevik.ee\/test\/toode\/juki-tl-2010q\/","url":"https:\/\/marevik.ee\/test\/toode\/juki-tl-2010q\/","name":"Juki TL-2010Q - joon\u00f5mblusmasin professionaalsele \u00f5mblejale.","isPartOf":{"@id":"https:\/\/marevik.ee\/test\/#website"},"primaryImageOfPage":{"@id":"https:\/\/marevik.ee\/test\/toode\/juki-tl-2010q\/#primaryimage"},"image":{"@id":"https:\/\/marevik.ee\/test\/toode\/juki-tl-2010q\/#primaryimage"},"thumbnailUrl":"https:\/\/marevik.ee\/test\/wp-content\/uploads\/2021\/03\/TL-201q_1.jpg","datePublished":"2018-01-08T17:20:52+00:00","dateModified":"2025-10-28T09:33:33+00:00","description":"Juki TL-2010Q maksimaalne kiirus on 1500 pistet minutis. Seda v\u00f5imaldab t\u00f6\u00f6stusliku masina poolis\u00fcsteem, mis on k\u00f5rgkvaliteetsest metallist ning vertikaalselt p\u00f6\u00f6rlev.","breadcrumb":{"@id":"https:\/\/marevik.ee\/test\/toode\/juki-tl-2010q\/#breadcrumb"},"inLanguage":"en","potentialAction":[{"@type":"ReadAction","target":["https:\/\/marevik.ee\/test\/toode\/juki-tl-2010q\/"]}]},{"@type":"ImageObject","inLanguage":"en","@id":"https:\/\/marevik.ee\/test\/toode\/juki-tl-2010q\/#primaryimage","url":"https:\/\/marevik.ee\/test\/wp-content\/uploads\/2021\/03\/TL-201q_1.jpg","contentUrl":"https:\/\/marevik.ee\/test\/wp-content\/uploads\/2021\/03\/TL-201q_1.jpg","width":1200,"height":1200,"caption":"Juki TL-2010Q"},{"@type":"BreadcrumbList","@id":"https:\/\/marevik.ee\/test\/toode\/juki-tl-2010q\/#breadcrumb","itemListElement":[{"@type":"ListItem","position":1,"name":"Home","item":"https:\/\/marevik.ee\/test\/"},{"@type":"ListItem","position":2,"name":"E-POOD","item":"https:\/\/marevik.ee\/test\/epood\/"},{"@type":"ListItem","position":3,"name":"Juki TL-2010Q"}]},{"@type":"WebSite","@id":"https:\/\/marevik.ee\/test\/#website","url":"https:\/\/marevik.ee\/test\/","name":"Marevik O&Uuml;","description":"&Otilde;mblusmasina asjatundja","publisher":{"@id":"https:\/\/marevik.ee\/test\/#organization"},"potentialAction":[{"@type":"SearchAction","target":{"@type":"EntryPoint","urlTemplate":"https:\/\/marevik.ee\/test\/?s={search_term_string}"},"query-input":{"@type":"PropertyValueSpecification","valueRequired":true,"valueName":"search_term_string"}}],"inLanguage":"en"},{"@type":"Organization","@id":"https:\/\/marevik.ee\/test\/#organization","name":"Marevik O&Uuml;","url":"https:\/\/marevik.ee\/test\/","logo":{"@type":"ImageObject","inLanguage":"en","@id":"https:\/\/marevik.ee\/test\/#\/schema\/logo\/image\/","url":"https:\/\/marevik.ee\/test\/wp-content\/uploads\/2020\/02\/mblusmasina-asjatundja-1994_173x105_veebi_v-ike.jpg","contentUrl":"https:\/\/marevik.ee\/test\/wp-content\/uploads\/2020\/02\/mblusmasina-asjatundja-1994_173x105_veebi_v-ike.jpg","width":173,"height":105,"caption":"Marevik O&Uuml;"},"image":{"@id":"https:\/\/marevik.ee\/test\/#\/schema\/logo\/image\/"}}]}},"_links":{"self":[{"href":"https:\/\/marevik.ee\/test\/wp-json\/wp\/v2\/product\/8222","targetHints":{"allow":["GET"]}}],"collection":[{"href":"https:\/\/marevik.ee\/test\/wp-json\/wp\/v2\/product"}],"about":[{"href":"https:\/\/marevik.ee\/test\/wp-json\/wp\/v2\/types\/product"}],"wp:featuredmedia":[{"embeddable":true,"href":"https:\/\/marevik.ee\/test\/wp-json\/wp\/v2\/media\/8223"}],"wp:attachment":[{"href":"https:\/\/marevik.ee\/test\/wp-json\/wp\/v2\/media?parent=8222"}],"wp:term":[{"taxonomy":"product_brand","embeddable":true,"href":"https:\/\/marevik.ee\/test\/wp-json\/wp\/v2\/product_brand?post=8222"},{"taxonomy":"product_cat","embeddable":true,"href":"https:\/\/marevik.ee\/test\/wp-json\/wp\/v2\/product_cat?post=8222"},{"taxonomy":"product_tag","embeddable":true,"href":"https:\/\/marevik.ee\/test\/wp-json\/wp\/v2\/product_tag?post=8222"}],"curies":[{"name":"wp","href":"https:\/\/api.w.org\/{rel}","templated":true}]}}