{"id":8283,"date":"2018-02-28T16:37:22","date_gmt":"2018-02-28T16:37:22","guid":{"rendered":"https:\/\/xn--mblusmasinapood-rsb.ee\/product\/kanga-serva-suunaja-hemming-set\/"},"modified":"2022-01-26T05:39:20","modified_gmt":"2022-01-26T05:39:20","slug":"kanga-serva-suunaja-hemming-set","status":"publish","type":"product","link":"https:\/\/marevik.ee\/test\/toode\/kanga-serva-suunaja-hemming-set\/","title":{"rendered":"Kanga serva suunaja-Hemming set Brother"},"content":{"rendered":"","protected":false},"excerpt":{"rendered":"<p>Kanga serva suunaja v\u00f5imaldab t\u00e4pselt m\u00e4\u00e4ratleda kui palju kangast serva alla p\u00f6\u00f6rad. Samuti m\u00e4\u00e4ratleda \u00f5mbluse kaugust servast.<\/p>\n<p>Sobib Brother mudelitele: M-2340CV, CV-3440, CV-3550<\/p>\n","protected":false},"featured_media":8284,"template":"","meta":{"site-sidebar-layout":"default","site-content-layout":"default","ast-site-content-layout":"","site-content-style":"default","site-sidebar-style":"default","ast-global-header-display":"","ast-banner-title-visibility":"","ast-main-header-display":"","ast-hfb-above-header-display":"","ast-hfb-below-header-display":"","ast-hfb-mobile-header-display":"","site-post-title":"","ast-breadcrumbs-content":"","ast-featured-img":"","footer-sml-layout":"","theme-transparent-header-meta":"default","adv-header-id-meta":"","stick-header-meta":"","header-above-stick-meta":"","header-main-stick-meta":"","header-below-stick-meta":"","astra-migrate-meta-layouts":"default","ast-page-background-enabled":"default","ast-page-background-meta":{"desktop":{"background-color":"","background-image":"","background-repeat":"repeat","background-position":"center center","background-size":"auto","background-attachment":"scroll","background-type":"","background-media":"","overlay-type":"","overlay-color":"","overlay-opacity":"","overlay-gradient":""},"tablet":{"background-color":"","background-image":"","background-repeat":"repeat","background-position":"center center","background-size":"auto","background-attachment":"scroll","background-type":"","background-media":"","overlay-type":"","overlay-color":"","overlay-opacity":"","overlay-gradient":""},"mobile":{"background-color":"","background-image":"","background-repeat":"repeat","background-position":"center center","background-size":"auto","background-attachment":"scroll","background-type":"","background-media":"","overlay-type":"","overlay-color":"","overlay-opacity":"","overlay-gradient":""}},"ast-content-background-meta":{"desktop":{"background-color":"var(--ast-global-color-5)","background-image":"","background-repeat":"repeat","background-position":"center center","background-size":"auto","background-attachment":"scroll","background-type":"","background-media":"","overlay-type":"","overlay-color":"","overlay-opacity":"","overlay-gradient":""},"tablet":{"background-color":"var(--ast-global-color-5)","background-image":"","background-repeat":"repeat","background-position":"center center","background-size":"auto","background-attachment":"scroll","background-type":"","background-media":"","overlay-type":"","overlay-color":"","overlay-opacity":"","overlay-gradient":""},"mobile":{"background-color":"var(--ast-global-color-5)","background-image":"","background-repeat":"repeat","background-position":"center center","background-size":"auto","background-attachment":"scroll","background-type":"","background-media":"","overlay-type":"","overlay-color":"","overlay-opacity":"","overlay-gradient":""}}},"product_brand":[],"product_cat":[79],"product_tag":[85],"class_list":{"0":"post-8283","1":"product","2":"type-product","3":"status-publish","4":"has-post-thumbnail","6":"product_cat-kattemasina-lisatarvikud","7":"product_tag-brother","8":"desktop-align-left","9":"tablet-align-left","10":"mobile-align-left","12":"first","13":"instock","14":"taxable","15":"shipping-taxable","16":"purchasable","17":"product-type-simple"},"yoast_head":"<!-- This site is optimized with the Yoast SEO plugin v26.1.1 - https:\/\/yoast.com\/wordpress\/plugins\/seo\/ -->\n<title>Kanga serva suunaja-Hemming set Brother - Marevik O&Uuml;<\/title>\n<meta name=\"description\" content=\"Kanga serva suunaja v\u00f5imaldab t\u00e4pselt m\u00e4\u00e4ratleda kui palju kangast serva alla p\u00f6\u00f6rad. Samuti m\u00e4\u00e4ratleda \u00f5mbluse kaugust servast.\" \/>\n<meta name=\"robots\" content=\"index, follow, max-snippet:-1, max-image-preview:large, max-video-preview:-1\" \/>\n<link rel=\"canonical\" href=\"https:\/\/marevik.ee\/test\/toode\/kanga-serva-suunaja-hemming-set\/\" \/>\n<meta property=\"og:locale\" content=\"en_US\" \/>\n<meta property=\"og:type\" content=\"article\" \/>\n<meta property=\"og:title\" content=\"Kanga serva suunaja-Hemming set Brother - Marevik O&Uuml;\" \/>\n<meta property=\"og:description\" content=\"Kanga serva suunaja v\u00f5imaldab t\u00e4pselt m\u00e4\u00e4ratleda kui palju kangast serva alla p\u00f6\u00f6rad. Samuti m\u00e4\u00e4ratleda \u00f5mbluse kaugust servast.\" \/>\n<meta property=\"og:url\" content=\"https:\/\/marevik.ee\/test\/toode\/kanga-serva-suunaja-hemming-set\/\" \/>\n<meta property=\"og:site_name\" content=\"Marevik O&Uuml;\" \/>\n<meta property=\"article:modified_time\" content=\"2022-01-26T05:39:20+00:00\" \/>\n<meta property=\"og:image\" content=\"https:\/\/marevik.ee\/test\/wp-content\/uploads\/2021\/03\/sa221cv-1.jpg\" \/>\n\t<meta property=\"og:image:width\" content=\"620\" \/>\n\t<meta property=\"og:image:height\" content=\"500\" \/>\n\t<meta property=\"og:image:type\" content=\"image\/jpeg\" \/>\n<meta name=\"twitter:card\" content=\"summary_large_image\" \/>\n<script type=\"application\/ld+json\" class=\"yoast-schema-graph\">{\"@context\":\"https:\/\/schema.org\",\"@graph\":[{\"@type\":\"WebPage\",\"@id\":\"https:\/\/marevik.ee\/test\/toode\/kanga-serva-suunaja-hemming-set\/\",\"url\":\"https:\/\/marevik.ee\/test\/toode\/kanga-serva-suunaja-hemming-set\/\",\"name\":\"Kanga serva suunaja-Hemming set Brother - Marevik O&Uuml;\",\"isPartOf\":{\"@id\":\"https:\/\/marevik.ee\/test\/#website\"},\"primaryImageOfPage\":{\"@id\":\"https:\/\/marevik.ee\/test\/toode\/kanga-serva-suunaja-hemming-set\/#primaryimage\"},\"image\":{\"@id\":\"https:\/\/marevik.ee\/test\/toode\/kanga-serva-suunaja-hemming-set\/#primaryimage\"},\"thumbnailUrl\":\"https:\/\/marevik.ee\/test\/wp-content\/uploads\/2021\/03\/sa221cv-1.jpg\",\"datePublished\":\"2018-02-28T16:37:22+00:00\",\"dateModified\":\"2022-01-26T05:39:20+00:00\",\"description\":\"Kanga serva suunaja v\u00f5imaldab t\u00e4pselt m\u00e4\u00e4ratleda kui palju kangast serva alla p\u00f6\u00f6rad. Samuti m\u00e4\u00e4ratleda \u00f5mbluse kaugust servast.\",\"breadcrumb\":{\"@id\":\"https:\/\/marevik.ee\/test\/toode\/kanga-serva-suunaja-hemming-set\/#breadcrumb\"},\"inLanguage\":\"en\",\"potentialAction\":[{\"@type\":\"ReadAction\",\"target\":[\"https:\/\/marevik.ee\/test\/toode\/kanga-serva-suunaja-hemming-set\/\"]}]},{\"@type\":\"ImageObject\",\"inLanguage\":\"en\",\"@id\":\"https:\/\/marevik.ee\/test\/toode\/kanga-serva-suunaja-hemming-set\/#primaryimage\",\"url\":\"https:\/\/marevik.ee\/test\/wp-content\/uploads\/2021\/03\/sa221cv-1.jpg\",\"contentUrl\":\"https:\/\/marevik.ee\/test\/wp-content\/uploads\/2021\/03\/sa221cv-1.jpg\",\"width\":620,\"height\":500,\"caption\":\"Kanga serva suunaja-Hemming set Brother\"},{\"@type\":\"BreadcrumbList\",\"@id\":\"https:\/\/marevik.ee\/test\/toode\/kanga-serva-suunaja-hemming-set\/#breadcrumb\",\"itemListElement\":[{\"@type\":\"ListItem\",\"position\":1,\"name\":\"Home\",\"item\":\"https:\/\/marevik.ee\/test\/\"},{\"@type\":\"ListItem\",\"position\":2,\"name\":\"E-POOD\",\"item\":\"https:\/\/marevik.ee\/test\/epood\/\"},{\"@type\":\"ListItem\",\"position\":3,\"name\":\"Kanga serva suunaja-Hemming set Brother\"}]},{\"@type\":\"WebSite\",\"@id\":\"https:\/\/marevik.ee\/test\/#website\",\"url\":\"https:\/\/marevik.ee\/test\/\",\"name\":\"Marevik O&Uuml;\",\"description\":\"&Otilde;mblusmasina asjatundja\",\"publisher\":{\"@id\":\"https:\/\/marevik.ee\/test\/#organization\"},\"potentialAction\":[{\"@type\":\"SearchAction\",\"target\":{\"@type\":\"EntryPoint\",\"urlTemplate\":\"https:\/\/marevik.ee\/test\/?s={search_term_string}\"},\"query-input\":{\"@type\":\"PropertyValueSpecification\",\"valueRequired\":true,\"valueName\":\"search_term_string\"}}],\"inLanguage\":\"en\"},{\"@type\":\"Organization\",\"@id\":\"https:\/\/marevik.ee\/test\/#organization\",\"name\":\"Marevik O&Uuml;\",\"url\":\"https:\/\/marevik.ee\/test\/\",\"logo\":{\"@type\":\"ImageObject\",\"inLanguage\":\"en\",\"@id\":\"https:\/\/marevik.ee\/test\/#\/schema\/logo\/image\/\",\"url\":\"https:\/\/marevik.ee\/test\/wp-content\/uploads\/2020\/02\/mblusmasina-asjatundja-1994_173x105_veebi_v-ike.jpg\",\"contentUrl\":\"https:\/\/marevik.ee\/test\/wp-content\/uploads\/2020\/02\/mblusmasina-asjatundja-1994_173x105_veebi_v-ike.jpg\",\"width\":173,\"height\":105,\"caption\":\"Marevik O&Uuml;\"},\"image\":{\"@id\":\"https:\/\/marevik.ee\/test\/#\/schema\/logo\/image\/\"}}]}<\/script>\n<!-- \/ Yoast SEO plugin. -->","yoast_head_json":{"title":"Kanga serva suunaja-Hemming set Brother - Marevik O&Uuml;","description":"Kanga serva suunaja v\u00f5imaldab t\u00e4pselt m\u00e4\u00e4ratleda kui palju kangast serva alla p\u00f6\u00f6rad. Samuti m\u00e4\u00e4ratleda \u00f5mbluse kaugust servast.","robots":{"index":"index","follow":"follow","max-snippet":"max-snippet:-1","max-image-preview":"max-image-preview:large","max-video-preview":"max-video-preview:-1"},"canonical":"https:\/\/marevik.ee\/test\/toode\/kanga-serva-suunaja-hemming-set\/","og_locale":"en_US","og_type":"article","og_title":"Kanga serva suunaja-Hemming set Brother - Marevik O&Uuml;","og_description":"Kanga serva suunaja v\u00f5imaldab t\u00e4pselt m\u00e4\u00e4ratleda kui palju kangast serva alla p\u00f6\u00f6rad. Samuti m\u00e4\u00e4ratleda \u00f5mbluse kaugust servast.","og_url":"https:\/\/marevik.ee\/test\/toode\/kanga-serva-suunaja-hemming-set\/","og_site_name":"Marevik O&Uuml;","article_modified_time":"2022-01-26T05:39:20+00:00","og_image":[{"width":620,"height":500,"url":"https:\/\/marevik.ee\/test\/wp-content\/uploads\/2021\/03\/sa221cv-1.jpg","type":"image\/jpeg"}],"twitter_card":"summary_large_image","schema":{"@context":"https:\/\/schema.org","@graph":[{"@type":"WebPage","@id":"https:\/\/marevik.ee\/test\/toode\/kanga-serva-suunaja-hemming-set\/","url":"https:\/\/marevik.ee\/test\/toode\/kanga-serva-suunaja-hemming-set\/","name":"Kanga serva suunaja-Hemming set Brother - Marevik O&Uuml;","isPartOf":{"@id":"https:\/\/marevik.ee\/test\/#website"},"primaryImageOfPage":{"@id":"https:\/\/marevik.ee\/test\/toode\/kanga-serva-suunaja-hemming-set\/#primaryimage"},"image":{"@id":"https:\/\/marevik.ee\/test\/toode\/kanga-serva-suunaja-hemming-set\/#primaryimage"},"thumbnailUrl":"https:\/\/marevik.ee\/test\/wp-content\/uploads\/2021\/03\/sa221cv-1.jpg","datePublished":"2018-02-28T16:37:22+00:00","dateModified":"2022-01-26T05:39:20+00:00","description":"Kanga serva suunaja v\u00f5imaldab t\u00e4pselt m\u00e4\u00e4ratleda kui palju kangast serva alla p\u00f6\u00f6rad. Samuti m\u00e4\u00e4ratleda \u00f5mbluse kaugust servast.","breadcrumb":{"@id":"https:\/\/marevik.ee\/test\/toode\/kanga-serva-suunaja-hemming-set\/#breadcrumb"},"inLanguage":"en","potentialAction":[{"@type":"ReadAction","target":["https:\/\/marevik.ee\/test\/toode\/kanga-serva-suunaja-hemming-set\/"]}]},{"@type":"ImageObject","inLanguage":"en","@id":"https:\/\/marevik.ee\/test\/toode\/kanga-serva-suunaja-hemming-set\/#primaryimage","url":"https:\/\/marevik.ee\/test\/wp-content\/uploads\/2021\/03\/sa221cv-1.jpg","contentUrl":"https:\/\/marevik.ee\/test\/wp-content\/uploads\/2021\/03\/sa221cv-1.jpg","width":620,"height":500,"caption":"Kanga serva suunaja-Hemming set Brother"},{"@type":"BreadcrumbList","@id":"https:\/\/marevik.ee\/test\/toode\/kanga-serva-suunaja-hemming-set\/#breadcrumb","itemListElement":[{"@type":"ListItem","position":1,"name":"Home","item":"https:\/\/marevik.ee\/test\/"},{"@type":"ListItem","position":2,"name":"E-POOD","item":"https:\/\/marevik.ee\/test\/epood\/"},{"@type":"ListItem","position":3,"name":"Kanga serva suunaja-Hemming set Brother"}]},{"@type":"WebSite","@id":"https:\/\/marevik.ee\/test\/#website","url":"https:\/\/marevik.ee\/test\/","name":"Marevik O&Uuml;","description":"&Otilde;mblusmasina asjatundja","publisher":{"@id":"https:\/\/marevik.ee\/test\/#organization"},"potentialAction":[{"@type":"SearchAction","target":{"@type":"EntryPoint","urlTemplate":"https:\/\/marevik.ee\/test\/?s={search_term_string}"},"query-input":{"@type":"PropertyValueSpecification","valueRequired":true,"valueName":"search_term_string"}}],"inLanguage":"en"},{"@type":"Organization","@id":"https:\/\/marevik.ee\/test\/#organization","name":"Marevik O&Uuml;","url":"https:\/\/marevik.ee\/test\/","logo":{"@type":"ImageObject","inLanguage":"en","@id":"https:\/\/marevik.ee\/test\/#\/schema\/logo\/image\/","url":"https:\/\/marevik.ee\/test\/wp-content\/uploads\/2020\/02\/mblusmasina-asjatundja-1994_173x105_veebi_v-ike.jpg","contentUrl":"https:\/\/marevik.ee\/test\/wp-content\/uploads\/2020\/02\/mblusmasina-asjatundja-1994_173x105_veebi_v-ike.jpg","width":173,"height":105,"caption":"Marevik O&Uuml;"},"image":{"@id":"https:\/\/marevik.ee\/test\/#\/schema\/logo\/image\/"}}]}},"_links":{"self":[{"href":"https:\/\/marevik.ee\/test\/wp-json\/wp\/v2\/product\/8283","targetHints":{"allow":["GET"]}}],"collection":[{"href":"https:\/\/marevik.ee\/test\/wp-json\/wp\/v2\/product"}],"about":[{"href":"https:\/\/marevik.ee\/test\/wp-json\/wp\/v2\/types\/product"}],"wp:featuredmedia":[{"embeddable":true,"href":"https:\/\/marevik.ee\/test\/wp-json\/wp\/v2\/media\/8284"}],"wp:attachment":[{"href":"https:\/\/marevik.ee\/test\/wp-json\/wp\/v2\/media?parent=8283"}],"wp:term":[{"taxonomy":"product_brand","embeddable":true,"href":"https:\/\/marevik.ee\/test\/wp-json\/wp\/v2\/product_brand?post=8283"},{"taxonomy":"product_cat","embeddable":true,"href":"https:\/\/marevik.ee\/test\/wp-json\/wp\/v2\/product_cat?post=8283"},{"taxonomy":"product_tag","embeddable":true,"href":"https:\/\/marevik.ee\/test\/wp-json\/wp\/v2\/product_tag?post=8283"}],"curies":[{"name":"wp","href":"https:\/\/api.w.org\/{rel}","templated":true}]}}