{"id":8364,"date":"2018-04-10T14:44:52","date_gmt":"2018-04-10T14:44:52","guid":{"rendered":"https:\/\/xn--mblusmasinapood-rsb.ee\/product\/ratsepamannekeen-dress-multi-flex-36-48\/"},"modified":"2025-10-23T13:31:14","modified_gmt":"2025-10-23T13:31:14","slug":"ratsepamannekeen-dress-multi-flex-36-48","status":"publish","type":"product","link":"https:\/\/marevik.ee\/test\/toode\/ratsepamannekeen-dress-multi-flex-36-48\/","title":{"rendered":"R\u00e4tsepamannekeen k\u00e4ega Dress From Multi Flex 36-48"},"content":{"rendered":"","protected":false},"excerpt":{"rendered":"<p>Tugeva konstruktsiooniga ja stabiilne naismannekeen. Vastab suurusele 36-48. Eraldi reguleeritav rinnaosa suurus ning k\u00f5rgus. Pealiskate veniv ja vastupidav. Komplekti kuulub k\u00e4si ning k\u00f5htu ja tagumikku suurendav materjal.<br \/>\nReguleerimis vahemik:<br \/>\nPuusad: 90-114 cm<br \/>\nV\u00f6\u00f6: 66-91 cm<br \/>\nRinnad: 85-111 cm<\/p>\n","protected":false},"featured_media":8365,"template":"","meta":{"site-sidebar-layout":"default","site-content-layout":"default","ast-site-content-layout":"default","site-content-style":"default","site-sidebar-style":"default","ast-global-header-display":"","ast-banner-title-visibility":"","ast-main-header-display":"","ast-hfb-above-header-display":"","ast-hfb-below-header-display":"","ast-hfb-mobile-header-display":"","site-post-title":"","ast-breadcrumbs-content":"","ast-featured-img":"","footer-sml-layout":"","theme-transparent-header-meta":"default","adv-header-id-meta":"","stick-header-meta":"","header-above-stick-meta":"","header-main-stick-meta":"","header-below-stick-meta":"","astra-migrate-meta-layouts":"set","ast-page-background-enabled":"default","ast-page-background-meta":{"desktop":{"background-color":"","background-image":"","background-repeat":"repeat","background-position":"center center","background-size":"auto","background-attachment":"scroll","background-type":"","background-media":"","overlay-type":"","overlay-color":"","overlay-opacity":"","overlay-gradient":""},"tablet":{"background-color":"","background-image":"","background-repeat":"repeat","background-position":"center center","background-size":"auto","background-attachment":"scroll","background-type":"","background-media":"","overlay-type":"","overlay-color":"","overlay-opacity":"","overlay-gradient":""},"mobile":{"background-color":"","background-image":"","background-repeat":"repeat","background-position":"center center","background-size":"auto","background-attachment":"scroll","background-type":"","background-media":"","overlay-type":"","overlay-color":"","overlay-opacity":"","overlay-gradient":""}},"ast-content-background-meta":{"desktop":{"background-color":"var(--ast-global-color-5)","background-image":"","background-repeat":"repeat","background-position":"center center","background-size":"auto","background-attachment":"scroll","background-type":"","background-media":"","overlay-type":"","overlay-color":"","overlay-opacity":"","overlay-gradient":""},"tablet":{"background-color":"var(--ast-global-color-5)","background-image":"","background-repeat":"repeat","background-position":"center center","background-size":"auto","background-attachment":"scroll","background-type":"","background-media":"","overlay-type":"","overlay-color":"","overlay-opacity":"","overlay-gradient":""},"mobile":{"background-color":"var(--ast-global-color-5)","background-image":"","background-repeat":"repeat","background-position":"center center","background-size":"auto","background-attachment":"scroll","background-type":"","background-media":"","overlay-type":"","overlay-color":"","overlay-opacity":"","overlay-gradient":""}}},"product_brand":[],"product_cat":[66,74],"product_tag":[],"class_list":{"0":"post-8364","1":"product","2":"type-product","3":"status-publish","4":"has-post-thumbnail","6":"product_cat-lisatarvikud","7":"product_cat-ratsepa-mannekeenid","8":"desktop-align-left","9":"tablet-align-left","10":"mobile-align-left","12":"first","13":"instock","14":"taxable","15":"shipping-taxable","16":"purchasable","17":"product-type-simple"},"yoast_head":"<!-- This site is optimized with the Yoast SEO plugin v26.1.1 - https:\/\/yoast.com\/wordpress\/plugins\/seo\/ -->\n<title>R\u00e4tsepamannekeen k\u00e4ega Dress From Multi Flex 36-48 - Marevik O&Uuml;<\/title>\n<meta name=\"description\" content=\"Kvaliteetsed \u00f5mblusmasinad, tikkimismasinad ja overlokid vaid m\u00f5ne kliki kaugusel. Marevik O\u00dc e-poest on lihtne ja mugav osta. Tasuta transport \u00fcle Eesti.\" \/>\n<meta name=\"robots\" content=\"index, follow, max-snippet:-1, max-image-preview:large, max-video-preview:-1\" \/>\n<link rel=\"canonical\" href=\"https:\/\/marevik.ee\/test\/toode\/ratsepamannekeen-dress-multi-flex-36-48\/\" \/>\n<meta property=\"og:locale\" content=\"en_US\" \/>\n<meta property=\"og:type\" content=\"article\" \/>\n<meta property=\"og:title\" content=\"R\u00e4tsepamannekeen k\u00e4ega Dress From Multi Flex 36-48 - Marevik O&Uuml;\" \/>\n<meta property=\"og:description\" content=\"Kvaliteetsed \u00f5mblusmasinad, tikkimismasinad ja overlokid vaid m\u00f5ne kliki kaugusel. Marevik O\u00dc e-poest on lihtne ja mugav osta. Tasuta transport \u00fcle Eesti.\" \/>\n<meta property=\"og:url\" content=\"https:\/\/marevik.ee\/test\/toode\/ratsepamannekeen-dress-multi-flex-36-48\/\" \/>\n<meta property=\"og:site_name\" content=\"Marevik O&Uuml;\" \/>\n<meta property=\"article:modified_time\" content=\"2025-10-23T13:31:14+00:00\" \/>\n<meta property=\"og:image\" content=\"https:\/\/marevik.ee\/test\/wp-content\/uploads\/2021\/03\/Dress-From-Multiflex.jpg\" \/>\n\t<meta property=\"og:image:width\" content=\"500\" \/>\n\t<meta property=\"og:image:height\" content=\"500\" \/>\n\t<meta property=\"og:image:type\" content=\"image\/jpeg\" \/>\n<meta name=\"twitter:card\" content=\"summary_large_image\" \/>\n<meta name=\"twitter:label1\" content=\"Est. reading time\" \/>\n\t<meta name=\"twitter:data1\" content=\"1 minute\" \/>\n<script type=\"application\/ld+json\" class=\"yoast-schema-graph\">{\"@context\":\"https:\/\/schema.org\",\"@graph\":[{\"@type\":\"WebPage\",\"@id\":\"https:\/\/marevik.ee\/test\/toode\/ratsepamannekeen-dress-multi-flex-36-48\/\",\"url\":\"https:\/\/marevik.ee\/test\/toode\/ratsepamannekeen-dress-multi-flex-36-48\/\",\"name\":\"R\u00e4tsepamannekeen k\u00e4ega Dress From Multi Flex 36-48 - Marevik O&Uuml;\",\"isPartOf\":{\"@id\":\"https:\/\/marevik.ee\/test\/#website\"},\"primaryImageOfPage\":{\"@id\":\"https:\/\/marevik.ee\/test\/toode\/ratsepamannekeen-dress-multi-flex-36-48\/#primaryimage\"},\"image\":{\"@id\":\"https:\/\/marevik.ee\/test\/toode\/ratsepamannekeen-dress-multi-flex-36-48\/#primaryimage\"},\"thumbnailUrl\":\"https:\/\/marevik.ee\/test\/wp-content\/uploads\/2021\/03\/Dress-From-Multiflex.jpg\",\"datePublished\":\"2018-04-10T14:44:52+00:00\",\"dateModified\":\"2025-10-23T13:31:14+00:00\",\"description\":\"Kvaliteetsed \u00f5mblusmasinad, tikkimismasinad ja overlokid vaid m\u00f5ne kliki kaugusel. Marevik O\u00dc e-poest on lihtne ja mugav osta. Tasuta transport \u00fcle Eesti.\",\"breadcrumb\":{\"@id\":\"https:\/\/marevik.ee\/test\/toode\/ratsepamannekeen-dress-multi-flex-36-48\/#breadcrumb\"},\"inLanguage\":\"en\",\"potentialAction\":[{\"@type\":\"ReadAction\",\"target\":[\"https:\/\/marevik.ee\/test\/toode\/ratsepamannekeen-dress-multi-flex-36-48\/\"]}]},{\"@type\":\"ImageObject\",\"inLanguage\":\"en\",\"@id\":\"https:\/\/marevik.ee\/test\/toode\/ratsepamannekeen-dress-multi-flex-36-48\/#primaryimage\",\"url\":\"https:\/\/marevik.ee\/test\/wp-content\/uploads\/2021\/03\/Dress-From-Multiflex.jpg\",\"contentUrl\":\"https:\/\/marevik.ee\/test\/wp-content\/uploads\/2021\/03\/Dress-From-Multiflex.jpg\",\"width\":500,\"height\":500,\"caption\":\"R\u00e4tsepamannekeen Dress From Multi Flex 36-48\"},{\"@type\":\"BreadcrumbList\",\"@id\":\"https:\/\/marevik.ee\/test\/toode\/ratsepamannekeen-dress-multi-flex-36-48\/#breadcrumb\",\"itemListElement\":[{\"@type\":\"ListItem\",\"position\":1,\"name\":\"Home\",\"item\":\"https:\/\/marevik.ee\/test\/\"},{\"@type\":\"ListItem\",\"position\":2,\"name\":\"E-POOD\",\"item\":\"https:\/\/marevik.ee\/test\/epood\/\"},{\"@type\":\"ListItem\",\"position\":3,\"name\":\"R\u00e4tsepamannekeen k\u00e4ega Dress From Multi Flex 36-48\"}]},{\"@type\":\"WebSite\",\"@id\":\"https:\/\/marevik.ee\/test\/#website\",\"url\":\"https:\/\/marevik.ee\/test\/\",\"name\":\"Marevik O&Uuml;\",\"description\":\"&Otilde;mblusmasina asjatundja\",\"publisher\":{\"@id\":\"https:\/\/marevik.ee\/test\/#organization\"},\"potentialAction\":[{\"@type\":\"SearchAction\",\"target\":{\"@type\":\"EntryPoint\",\"urlTemplate\":\"https:\/\/marevik.ee\/test\/?s={search_term_string}\"},\"query-input\":{\"@type\":\"PropertyValueSpecification\",\"valueRequired\":true,\"valueName\":\"search_term_string\"}}],\"inLanguage\":\"en\"},{\"@type\":\"Organization\",\"@id\":\"https:\/\/marevik.ee\/test\/#organization\",\"name\":\"Marevik O&Uuml;\",\"url\":\"https:\/\/marevik.ee\/test\/\",\"logo\":{\"@type\":\"ImageObject\",\"inLanguage\":\"en\",\"@id\":\"https:\/\/marevik.ee\/test\/#\/schema\/logo\/image\/\",\"url\":\"https:\/\/marevik.ee\/test\/wp-content\/uploads\/2020\/02\/mblusmasina-asjatundja-1994_173x105_veebi_v-ike.jpg\",\"contentUrl\":\"https:\/\/marevik.ee\/test\/wp-content\/uploads\/2020\/02\/mblusmasina-asjatundja-1994_173x105_veebi_v-ike.jpg\",\"width\":173,\"height\":105,\"caption\":\"Marevik O&Uuml;\"},\"image\":{\"@id\":\"https:\/\/marevik.ee\/test\/#\/schema\/logo\/image\/\"}}]}<\/script>\n<!-- \/ Yoast SEO plugin. -->","yoast_head_json":{"title":"R\u00e4tsepamannekeen k\u00e4ega Dress From Multi Flex 36-48 - Marevik O&Uuml;","description":"Kvaliteetsed \u00f5mblusmasinad, tikkimismasinad ja overlokid vaid m\u00f5ne kliki kaugusel. Marevik O\u00dc e-poest on lihtne ja mugav osta. Tasuta transport \u00fcle Eesti.","robots":{"index":"index","follow":"follow","max-snippet":"max-snippet:-1","max-image-preview":"max-image-preview:large","max-video-preview":"max-video-preview:-1"},"canonical":"https:\/\/marevik.ee\/test\/toode\/ratsepamannekeen-dress-multi-flex-36-48\/","og_locale":"en_US","og_type":"article","og_title":"R\u00e4tsepamannekeen k\u00e4ega Dress From Multi Flex 36-48 - Marevik O&Uuml;","og_description":"Kvaliteetsed \u00f5mblusmasinad, tikkimismasinad ja overlokid vaid m\u00f5ne kliki kaugusel. Marevik O\u00dc e-poest on lihtne ja mugav osta. Tasuta transport \u00fcle Eesti.","og_url":"https:\/\/marevik.ee\/test\/toode\/ratsepamannekeen-dress-multi-flex-36-48\/","og_site_name":"Marevik O&Uuml;","article_modified_time":"2025-10-23T13:31:14+00:00","og_image":[{"width":500,"height":500,"url":"https:\/\/marevik.ee\/test\/wp-content\/uploads\/2021\/03\/Dress-From-Multiflex.jpg","type":"image\/jpeg"}],"twitter_card":"summary_large_image","twitter_misc":{"Est. reading time":"1 minute"},"schema":{"@context":"https:\/\/schema.org","@graph":[{"@type":"WebPage","@id":"https:\/\/marevik.ee\/test\/toode\/ratsepamannekeen-dress-multi-flex-36-48\/","url":"https:\/\/marevik.ee\/test\/toode\/ratsepamannekeen-dress-multi-flex-36-48\/","name":"R\u00e4tsepamannekeen k\u00e4ega Dress From Multi Flex 36-48 - Marevik O&Uuml;","isPartOf":{"@id":"https:\/\/marevik.ee\/test\/#website"},"primaryImageOfPage":{"@id":"https:\/\/marevik.ee\/test\/toode\/ratsepamannekeen-dress-multi-flex-36-48\/#primaryimage"},"image":{"@id":"https:\/\/marevik.ee\/test\/toode\/ratsepamannekeen-dress-multi-flex-36-48\/#primaryimage"},"thumbnailUrl":"https:\/\/marevik.ee\/test\/wp-content\/uploads\/2021\/03\/Dress-From-Multiflex.jpg","datePublished":"2018-04-10T14:44:52+00:00","dateModified":"2025-10-23T13:31:14+00:00","description":"Kvaliteetsed \u00f5mblusmasinad, tikkimismasinad ja overlokid vaid m\u00f5ne kliki kaugusel. Marevik O\u00dc e-poest on lihtne ja mugav osta. Tasuta transport \u00fcle Eesti.","breadcrumb":{"@id":"https:\/\/marevik.ee\/test\/toode\/ratsepamannekeen-dress-multi-flex-36-48\/#breadcrumb"},"inLanguage":"en","potentialAction":[{"@type":"ReadAction","target":["https:\/\/marevik.ee\/test\/toode\/ratsepamannekeen-dress-multi-flex-36-48\/"]}]},{"@type":"ImageObject","inLanguage":"en","@id":"https:\/\/marevik.ee\/test\/toode\/ratsepamannekeen-dress-multi-flex-36-48\/#primaryimage","url":"https:\/\/marevik.ee\/test\/wp-content\/uploads\/2021\/03\/Dress-From-Multiflex.jpg","contentUrl":"https:\/\/marevik.ee\/test\/wp-content\/uploads\/2021\/03\/Dress-From-Multiflex.jpg","width":500,"height":500,"caption":"R\u00e4tsepamannekeen Dress From Multi Flex 36-48"},{"@type":"BreadcrumbList","@id":"https:\/\/marevik.ee\/test\/toode\/ratsepamannekeen-dress-multi-flex-36-48\/#breadcrumb","itemListElement":[{"@type":"ListItem","position":1,"name":"Home","item":"https:\/\/marevik.ee\/test\/"},{"@type":"ListItem","position":2,"name":"E-POOD","item":"https:\/\/marevik.ee\/test\/epood\/"},{"@type":"ListItem","position":3,"name":"R\u00e4tsepamannekeen k\u00e4ega Dress From Multi Flex 36-48"}]},{"@type":"WebSite","@id":"https:\/\/marevik.ee\/test\/#website","url":"https:\/\/marevik.ee\/test\/","name":"Marevik O&Uuml;","description":"&Otilde;mblusmasina asjatundja","publisher":{"@id":"https:\/\/marevik.ee\/test\/#organization"},"potentialAction":[{"@type":"SearchAction","target":{"@type":"EntryPoint","urlTemplate":"https:\/\/marevik.ee\/test\/?s={search_term_string}"},"query-input":{"@type":"PropertyValueSpecification","valueRequired":true,"valueName":"search_term_string"}}],"inLanguage":"en"},{"@type":"Organization","@id":"https:\/\/marevik.ee\/test\/#organization","name":"Marevik O&Uuml;","url":"https:\/\/marevik.ee\/test\/","logo":{"@type":"ImageObject","inLanguage":"en","@id":"https:\/\/marevik.ee\/test\/#\/schema\/logo\/image\/","url":"https:\/\/marevik.ee\/test\/wp-content\/uploads\/2020\/02\/mblusmasina-asjatundja-1994_173x105_veebi_v-ike.jpg","contentUrl":"https:\/\/marevik.ee\/test\/wp-content\/uploads\/2020\/02\/mblusmasina-asjatundja-1994_173x105_veebi_v-ike.jpg","width":173,"height":105,"caption":"Marevik O&Uuml;"},"image":{"@id":"https:\/\/marevik.ee\/test\/#\/schema\/logo\/image\/"}}]}},"_links":{"self":[{"href":"https:\/\/marevik.ee\/test\/wp-json\/wp\/v2\/product\/8364","targetHints":{"allow":["GET"]}}],"collection":[{"href":"https:\/\/marevik.ee\/test\/wp-json\/wp\/v2\/product"}],"about":[{"href":"https:\/\/marevik.ee\/test\/wp-json\/wp\/v2\/types\/product"}],"wp:featuredmedia":[{"embeddable":true,"href":"https:\/\/marevik.ee\/test\/wp-json\/wp\/v2\/media\/8365"}],"wp:attachment":[{"href":"https:\/\/marevik.ee\/test\/wp-json\/wp\/v2\/media?parent=8364"}],"wp:term":[{"taxonomy":"product_brand","embeddable":true,"href":"https:\/\/marevik.ee\/test\/wp-json\/wp\/v2\/product_brand?post=8364"},{"taxonomy":"product_cat","embeddable":true,"href":"https:\/\/marevik.ee\/test\/wp-json\/wp\/v2\/product_cat?post=8364"},{"taxonomy":"product_tag","embeddable":true,"href":"https:\/\/marevik.ee\/test\/wp-json\/wp\/v2\/product_tag?post=8364"}],"curies":[{"name":"wp","href":"https:\/\/api.w.org\/{rel}","templated":true}]}}