{"id":8380,"date":"2018-04-17T17:35:54","date_gmt":"2018-04-17T17:35:54","guid":{"rendered":"https:\/\/xn--mblusmasinapood-rsb.ee\/product\/juki-hzl-357\/"},"modified":"2025-10-28T09:15:22","modified_gmt":"2025-10-28T09:15:22","slug":"juki-hzl-357","status":"publish","type":"product","link":"https:\/\/marevik.ee\/test\/toode\/juki-hzl-357\/","title":{"rendered":"Juki HZL-357"},"content":{"rendered":"<p>32 erinevat \u00f5mblust;<br \/>\nt\u00e4isautomaatne n\u00f6\u00f6pauk (pikkuse m\u00f5\u00f5dab n\u00f6\u00f6bi j\u00e4rgi);<br \/>\ntavalisest oluliselt avaram t\u00f6\u00f6ruum k\u00f5rgusega 120 mm ja laiusega 160 mm;<br \/>\npiste pikkuse reguleerimine vahemikus 0&#8230;4 mm;<br \/>\npiste laius 0&#8230;7 mm on muudetav otsevalikust (ilma alammen\u00fc\u00fcdeta);<br \/>\nn\u00f5ela asendi muutmine tsentrist vasakule (v\u00f5imaldab teha \u00f5mblusi serva l\u00e4hedale, tagades samas s\u00f6\u00f6tehammastiku toime);<br \/>\nsurvejala t\u00f5stmine: 2-astmeline, kuni 9 mm k\u00f5rgusele pisteplaadist;<br \/>\npresstalla surve regulaator veelgi parema \u00f5mblustulemuse saavutamiseks;<br \/>\n6 elemendist s\u00f6\u00f6tehammastik valmistatud kvaliteetsest vastupidavast metallist;<br \/>\nvabavars (n\u00e4iteks k\u00e4iste \u00f5mblemiseks);<br \/>\ns\u00f6\u00f6tehammastiku v\u00e4lja l\u00fclitamise v\u00f5imalus (vajad seda teppides v\u00f5i vabak\u00e4e-tikkimist harrastades);<br \/>\nhorisontaalne poolis\u00fcsteem on alati vaikne tagades kergema pooli vahetuse, niidi hulk poolil alati n\u00e4htav (kasutades plastpoole);<br \/>\nmagnetp\u00f5hjaga poolipesa alus hoiab pesa vigastuste eest;<br \/>\ntugev pistej\u00f5ud (8 kordne teksamaterjal pole probleemiks);<br \/>\nstandardsed 7 mm \u00f5mbluslaiusega kiirkinnitatavad presstallad;<br \/>\nn\u00f5ela kiirniidistaja;<br \/>\nLED valgus;<br \/>\nsuurim \u00f5mbluskiirus 750 pistet minutis,<br \/>\nmasina kaal 7.1 kg;<br \/>\nm\u00f5\u00f5dud 410(l) x 308(k) x 177(s) mm.<\/p>\n<p><strong>Masina komplekti kuulub:<\/strong><br \/>\n<strong>Plastist k\u00f5vakate (nn. kohver), 4 pooli, n\u00f5elakomplekt, niidirullide stopperid, n\u00f6\u00f6paugu raam, sik-sak tald, t\u00f5mbluku tald, n\u00f6\u00f6bitald, kruvikeeraja, puhastuspintsel, n\u00f6\u00f6paugu lahtil\u00f5ikaja\/harutaja, lisaniidirulli tift, paralleel\u00f5mbluste juht<\/strong><\/p>\n<div class=\"ast-oembed-container \" style=\"height: 100%;\"><iframe title=\"JUKI HZL 350Z (English version HQ)\" width=\"500\" height=\"281\" src=\"https:\/\/www.youtube.com\/embed\/6R_4NurBXQg?feature=oembed\" frameborder=\"0\" allow=\"accelerometer; autoplay; clipboard-write; encrypted-media; gyroscope; picture-in-picture; web-share\" referrerpolicy=\"strict-origin-when-cross-origin\" allowfullscreen><\/iframe><\/div>\n","protected":false},"excerpt":{"rendered":"<p>Juki HZL-357 on soodne ja moodne mehaaniline \u00f5mblusmasin. Horisontaalne poolis\u00fcsteem, LED valgustus ja 35 erinevat \u00f5mblusoperatsiooni annavad \u00f5mblejale vabaduse teha parandust\u00f6id v\u00f5i valmistada r\u00f5ivaid. Juki k\u00f5rge kvaliteet annab masinale sujuva ja vibratsioonivaba k\u00e4ivituse. Masin saab vaevata hakkama nii paksu, kui ka \u00f5hukese kanga \u00f5mblemisega.<\/p>\n","protected":false},"featured_media":8381,"template":"","meta":{"site-sidebar-layout":"default","site-content-layout":"default","ast-site-content-layout":"default","site-content-style":"default","site-sidebar-style":"default","ast-global-header-display":"","ast-banner-title-visibility":"","ast-main-header-display":"","ast-hfb-above-header-display":"","ast-hfb-below-header-display":"","ast-hfb-mobile-header-display":"","site-post-title":"","ast-breadcrumbs-content":"","ast-featured-img":"","footer-sml-layout":"","theme-transparent-header-meta":"default","adv-header-id-meta":"","stick-header-meta":"","header-above-stick-meta":"","header-main-stick-meta":"","header-below-stick-meta":"","astra-migrate-meta-layouts":"set","ast-page-background-enabled":"default","ast-page-background-meta":{"desktop":{"background-color":"","background-image":"","background-repeat":"repeat","background-position":"center center","background-size":"auto","background-attachment":"scroll","background-type":"","background-media":"","overlay-type":"","overlay-color":"","overlay-opacity":"","overlay-gradient":""},"tablet":{"background-color":"","background-image":"","background-repeat":"repeat","background-position":"center center","background-size":"auto","background-attachment":"scroll","background-type":"","background-media":"","overlay-type":"","overlay-color":"","overlay-opacity":"","overlay-gradient":""},"mobile":{"background-color":"","background-image":"","background-repeat":"repeat","background-position":"center center","background-size":"auto","background-attachment":"scroll","background-type":"","background-media":"","overlay-type":"","overlay-color":"","overlay-opacity":"","overlay-gradient":""}},"ast-content-background-meta":{"desktop":{"background-color":"var(--ast-global-color-5)","background-image":"","background-repeat":"repeat","background-position":"center center","background-size":"auto","background-attachment":"scroll","background-type":"","background-media":"","overlay-type":"","overlay-color":"","overlay-opacity":"","overlay-gradient":""},"tablet":{"background-color":"var(--ast-global-color-5)","background-image":"","background-repeat":"repeat","background-position":"center center","background-size":"auto","background-attachment":"scroll","background-type":"","background-media":"","overlay-type":"","overlay-color":"","overlay-opacity":"","overlay-gradient":""},"mobile":{"background-color":"var(--ast-global-color-5)","background-image":"","background-repeat":"repeat","background-position":"center center","background-size":"auto","background-attachment":"scroll","background-type":"","background-media":"","overlay-type":"","overlay-color":"","overlay-opacity":"","overlay-gradient":""}}},"product_brand":[],"product_cat":[71,60],"product_tag":[92],"class_list":{"0":"post-8380","1":"product","2":"type-product","3":"status-publish","4":"has-post-thumbnail","6":"product_cat-juki","7":"product_cat-omblusmasinad","8":"product_tag-juki","9":"desktop-align-left","10":"tablet-align-left","11":"mobile-align-left","13":"first","14":"instock","15":"taxable","16":"shipping-taxable","17":"purchasable","18":"product-type-simple"},"yoast_head":"<!-- This site is optimized with the Yoast SEO plugin v26.1.1 - https:\/\/yoast.com\/wordpress\/plugins\/seo\/ -->\n<title>Juki HZL-357 - soodne ja moodne mehaaniline \u00f5mblusmasin.<\/title>\n<meta name=\"description\" content=\"Juki HZL-357 on Juki HZL-357 on soodne ja moodne mehaaniline \u00f5mblusmasin. Horisontaalne poolis\u00fcsteem, LED valgustus ja 35 erinevat \u00f5mblusoperatsiooni annavad \u00f5mblejale vabaduse teha parandust\u00f6id v\u00f5i valmistada r\u00f5ivaid. Juki k\u00f5rge kvaliteet annab masinale sujuva ja vibratsioonivaba k\u00e4ivituse. Masin saab vaevata hakkama nii paksu, kui ka \u00f5hukese kanga \u00f5mblemisega. Horisontaalne poolis\u00fcsteem, LED valgustus ja 35 erinevat \u00f5mblusoperatsiooni annavad \u00f5mblejale vabaduse teha parandust\u00f6id v\u00f5i valmistada r\u00f5ivaid. Juki k\u00f5rge kvaliteet annab masinale sujuva ja vibratsioonivaba k\u00e4ivituse. Masin saab vaevata hakkama nii paksu, kui ka \u00f5hukese kanga \u00f5mblemisega.\" \/>\n<meta name=\"robots\" content=\"index, follow, max-snippet:-1, max-image-preview:large, max-video-preview:-1\" \/>\n<link rel=\"canonical\" href=\"https:\/\/marevik.ee\/test\/toode\/juki-hzl-357\/\" \/>\n<meta property=\"og:locale\" content=\"en_US\" \/>\n<meta property=\"og:type\" content=\"article\" \/>\n<meta property=\"og:title\" content=\"Juki HZL-357 - soodne ja moodne mehaaniline \u00f5mblusmasin.\" \/>\n<meta property=\"og:description\" content=\"Juki HZL-357 on Juki HZL-357 on soodne ja moodne mehaaniline \u00f5mblusmasin. Horisontaalne poolis\u00fcsteem, LED valgustus ja 35 erinevat \u00f5mblusoperatsiooni annavad \u00f5mblejale vabaduse teha parandust\u00f6id v\u00f5i valmistada r\u00f5ivaid. Juki k\u00f5rge kvaliteet annab masinale sujuva ja vibratsioonivaba k\u00e4ivituse. Masin saab vaevata hakkama nii paksu, kui ka \u00f5hukese kanga \u00f5mblemisega. Horisontaalne poolis\u00fcsteem, LED valgustus ja 35 erinevat \u00f5mblusoperatsiooni annavad \u00f5mblejale vabaduse teha parandust\u00f6id v\u00f5i valmistada r\u00f5ivaid. Juki k\u00f5rge kvaliteet annab masinale sujuva ja vibratsioonivaba k\u00e4ivituse. Masin saab vaevata hakkama nii paksu, kui ka \u00f5hukese kanga \u00f5mblemisega.\" \/>\n<meta property=\"og:url\" content=\"https:\/\/marevik.ee\/test\/toode\/juki-hzl-357\/\" \/>\n<meta property=\"og:site_name\" content=\"Marevik O&Uuml;\" \/>\n<meta property=\"article:modified_time\" content=\"2025-10-28T09:15:22+00:00\" \/>\n<meta property=\"og:image\" content=\"https:\/\/marevik.ee\/test\/wp-content\/uploads\/2021\/03\/Juki-HZL-357.jpg\" \/>\n\t<meta property=\"og:image:width\" content=\"500\" \/>\n\t<meta property=\"og:image:height\" content=\"500\" \/>\n\t<meta property=\"og:image:type\" content=\"image\/jpeg\" \/>\n<meta name=\"twitter:card\" content=\"summary_large_image\" \/>\n<meta name=\"twitter:label1\" content=\"Est. reading time\" \/>\n\t<meta name=\"twitter:data1\" content=\"2 minutes\" \/>\n<script type=\"application\/ld+json\" class=\"yoast-schema-graph\">{\"@context\":\"https:\/\/schema.org\",\"@graph\":[{\"@type\":\"WebPage\",\"@id\":\"https:\/\/marevik.ee\/test\/toode\/juki-hzl-357\/\",\"url\":\"https:\/\/marevik.ee\/test\/toode\/juki-hzl-357\/\",\"name\":\"Juki HZL-357 - soodne ja moodne mehaaniline \u00f5mblusmasin.\",\"isPartOf\":{\"@id\":\"https:\/\/marevik.ee\/test\/#website\"},\"primaryImageOfPage\":{\"@id\":\"https:\/\/marevik.ee\/test\/toode\/juki-hzl-357\/#primaryimage\"},\"image\":{\"@id\":\"https:\/\/marevik.ee\/test\/toode\/juki-hzl-357\/#primaryimage\"},\"thumbnailUrl\":\"https:\/\/marevik.ee\/test\/wp-content\/uploads\/2021\/03\/Juki-HZL-357.jpg\",\"datePublished\":\"2018-04-17T17:35:54+00:00\",\"dateModified\":\"2025-10-28T09:15:22+00:00\",\"description\":\"Juki HZL-357 on Juki HZL-357 on soodne ja moodne mehaaniline \u00f5mblusmasin. Horisontaalne poolis\u00fcsteem, LED valgustus ja 35 erinevat \u00f5mblusoperatsiooni annavad \u00f5mblejale vabaduse teha parandust\u00f6id v\u00f5i valmistada r\u00f5ivaid. Juki k\u00f5rge kvaliteet annab masinale sujuva ja vibratsioonivaba k\u00e4ivituse. Masin saab vaevata hakkama nii paksu, kui ka \u00f5hukese kanga \u00f5mblemisega. Horisontaalne poolis\u00fcsteem, LED valgustus ja 35 erinevat \u00f5mblusoperatsiooni annavad \u00f5mblejale vabaduse teha parandust\u00f6id v\u00f5i valmistada r\u00f5ivaid. Juki k\u00f5rge kvaliteet annab masinale sujuva ja vibratsioonivaba k\u00e4ivituse. Masin saab vaevata hakkama nii paksu, kui ka \u00f5hukese kanga \u00f5mblemisega.\",\"breadcrumb\":{\"@id\":\"https:\/\/marevik.ee\/test\/toode\/juki-hzl-357\/#breadcrumb\"},\"inLanguage\":\"en\",\"potentialAction\":[{\"@type\":\"ReadAction\",\"target\":[\"https:\/\/marevik.ee\/test\/toode\/juki-hzl-357\/\"]}]},{\"@type\":\"ImageObject\",\"inLanguage\":\"en\",\"@id\":\"https:\/\/marevik.ee\/test\/toode\/juki-hzl-357\/#primaryimage\",\"url\":\"https:\/\/marevik.ee\/test\/wp-content\/uploads\/2021\/03\/Juki-HZL-357.jpg\",\"contentUrl\":\"https:\/\/marevik.ee\/test\/wp-content\/uploads\/2021\/03\/Juki-HZL-357.jpg\",\"width\":500,\"height\":500,\"caption\":\"Juki HZL-357\"},{\"@type\":\"BreadcrumbList\",\"@id\":\"https:\/\/marevik.ee\/test\/toode\/juki-hzl-357\/#breadcrumb\",\"itemListElement\":[{\"@type\":\"ListItem\",\"position\":1,\"name\":\"Home\",\"item\":\"https:\/\/marevik.ee\/test\/\"},{\"@type\":\"ListItem\",\"position\":2,\"name\":\"E-POOD\",\"item\":\"https:\/\/marevik.ee\/test\/epood\/\"},{\"@type\":\"ListItem\",\"position\":3,\"name\":\"Juki HZL-357\"}]},{\"@type\":\"WebSite\",\"@id\":\"https:\/\/marevik.ee\/test\/#website\",\"url\":\"https:\/\/marevik.ee\/test\/\",\"name\":\"Marevik O&Uuml;\",\"description\":\"&Otilde;mblusmasina asjatundja\",\"publisher\":{\"@id\":\"https:\/\/marevik.ee\/test\/#organization\"},\"potentialAction\":[{\"@type\":\"SearchAction\",\"target\":{\"@type\":\"EntryPoint\",\"urlTemplate\":\"https:\/\/marevik.ee\/test\/?s={search_term_string}\"},\"query-input\":{\"@type\":\"PropertyValueSpecification\",\"valueRequired\":true,\"valueName\":\"search_term_string\"}}],\"inLanguage\":\"en\"},{\"@type\":\"Organization\",\"@id\":\"https:\/\/marevik.ee\/test\/#organization\",\"name\":\"Marevik O&Uuml;\",\"url\":\"https:\/\/marevik.ee\/test\/\",\"logo\":{\"@type\":\"ImageObject\",\"inLanguage\":\"en\",\"@id\":\"https:\/\/marevik.ee\/test\/#\/schema\/logo\/image\/\",\"url\":\"https:\/\/marevik.ee\/test\/wp-content\/uploads\/2020\/02\/mblusmasina-asjatundja-1994_173x105_veebi_v-ike.jpg\",\"contentUrl\":\"https:\/\/marevik.ee\/test\/wp-content\/uploads\/2020\/02\/mblusmasina-asjatundja-1994_173x105_veebi_v-ike.jpg\",\"width\":173,\"height\":105,\"caption\":\"Marevik O&Uuml;\"},\"image\":{\"@id\":\"https:\/\/marevik.ee\/test\/#\/schema\/logo\/image\/\"}}]}<\/script>\n<!-- \/ Yoast SEO plugin. -->","yoast_head_json":{"title":"Juki HZL-357 - soodne ja moodne mehaaniline \u00f5mblusmasin.","description":"Juki HZL-357 on Juki HZL-357 on soodne ja moodne mehaaniline \u00f5mblusmasin. Horisontaalne poolis\u00fcsteem, LED valgustus ja 35 erinevat \u00f5mblusoperatsiooni annavad \u00f5mblejale vabaduse teha parandust\u00f6id v\u00f5i valmistada r\u00f5ivaid. Juki k\u00f5rge kvaliteet annab masinale sujuva ja vibratsioonivaba k\u00e4ivituse. Masin saab vaevata hakkama nii paksu, kui ka \u00f5hukese kanga \u00f5mblemisega. Horisontaalne poolis\u00fcsteem, LED valgustus ja 35 erinevat \u00f5mblusoperatsiooni annavad \u00f5mblejale vabaduse teha parandust\u00f6id v\u00f5i valmistada r\u00f5ivaid. Juki k\u00f5rge kvaliteet annab masinale sujuva ja vibratsioonivaba k\u00e4ivituse. Masin saab vaevata hakkama nii paksu, kui ka \u00f5hukese kanga \u00f5mblemisega.","robots":{"index":"index","follow":"follow","max-snippet":"max-snippet:-1","max-image-preview":"max-image-preview:large","max-video-preview":"max-video-preview:-1"},"canonical":"https:\/\/marevik.ee\/test\/toode\/juki-hzl-357\/","og_locale":"en_US","og_type":"article","og_title":"Juki HZL-357 - soodne ja moodne mehaaniline \u00f5mblusmasin.","og_description":"Juki HZL-357 on Juki HZL-357 on soodne ja moodne mehaaniline \u00f5mblusmasin. Horisontaalne poolis\u00fcsteem, LED valgustus ja 35 erinevat \u00f5mblusoperatsiooni annavad \u00f5mblejale vabaduse teha parandust\u00f6id v\u00f5i valmistada r\u00f5ivaid. Juki k\u00f5rge kvaliteet annab masinale sujuva ja vibratsioonivaba k\u00e4ivituse. Masin saab vaevata hakkama nii paksu, kui ka \u00f5hukese kanga \u00f5mblemisega. Horisontaalne poolis\u00fcsteem, LED valgustus ja 35 erinevat \u00f5mblusoperatsiooni annavad \u00f5mblejale vabaduse teha parandust\u00f6id v\u00f5i valmistada r\u00f5ivaid. Juki k\u00f5rge kvaliteet annab masinale sujuva ja vibratsioonivaba k\u00e4ivituse. Masin saab vaevata hakkama nii paksu, kui ka \u00f5hukese kanga \u00f5mblemisega.","og_url":"https:\/\/marevik.ee\/test\/toode\/juki-hzl-357\/","og_site_name":"Marevik O&Uuml;","article_modified_time":"2025-10-28T09:15:22+00:00","og_image":[{"width":500,"height":500,"url":"https:\/\/marevik.ee\/test\/wp-content\/uploads\/2021\/03\/Juki-HZL-357.jpg","type":"image\/jpeg"}],"twitter_card":"summary_large_image","twitter_misc":{"Est. reading time":"2 minutes"},"schema":{"@context":"https:\/\/schema.org","@graph":[{"@type":"WebPage","@id":"https:\/\/marevik.ee\/test\/toode\/juki-hzl-357\/","url":"https:\/\/marevik.ee\/test\/toode\/juki-hzl-357\/","name":"Juki HZL-357 - soodne ja moodne mehaaniline \u00f5mblusmasin.","isPartOf":{"@id":"https:\/\/marevik.ee\/test\/#website"},"primaryImageOfPage":{"@id":"https:\/\/marevik.ee\/test\/toode\/juki-hzl-357\/#primaryimage"},"image":{"@id":"https:\/\/marevik.ee\/test\/toode\/juki-hzl-357\/#primaryimage"},"thumbnailUrl":"https:\/\/marevik.ee\/test\/wp-content\/uploads\/2021\/03\/Juki-HZL-357.jpg","datePublished":"2018-04-17T17:35:54+00:00","dateModified":"2025-10-28T09:15:22+00:00","description":"Juki HZL-357 on Juki HZL-357 on soodne ja moodne mehaaniline \u00f5mblusmasin. Horisontaalne poolis\u00fcsteem, LED valgustus ja 35 erinevat \u00f5mblusoperatsiooni annavad \u00f5mblejale vabaduse teha parandust\u00f6id v\u00f5i valmistada r\u00f5ivaid. Juki k\u00f5rge kvaliteet annab masinale sujuva ja vibratsioonivaba k\u00e4ivituse. Masin saab vaevata hakkama nii paksu, kui ka \u00f5hukese kanga \u00f5mblemisega. Horisontaalne poolis\u00fcsteem, LED valgustus ja 35 erinevat \u00f5mblusoperatsiooni annavad \u00f5mblejale vabaduse teha parandust\u00f6id v\u00f5i valmistada r\u00f5ivaid. Juki k\u00f5rge kvaliteet annab masinale sujuva ja vibratsioonivaba k\u00e4ivituse. Masin saab vaevata hakkama nii paksu, kui ka \u00f5hukese kanga \u00f5mblemisega.","breadcrumb":{"@id":"https:\/\/marevik.ee\/test\/toode\/juki-hzl-357\/#breadcrumb"},"inLanguage":"en","potentialAction":[{"@type":"ReadAction","target":["https:\/\/marevik.ee\/test\/toode\/juki-hzl-357\/"]}]},{"@type":"ImageObject","inLanguage":"en","@id":"https:\/\/marevik.ee\/test\/toode\/juki-hzl-357\/#primaryimage","url":"https:\/\/marevik.ee\/test\/wp-content\/uploads\/2021\/03\/Juki-HZL-357.jpg","contentUrl":"https:\/\/marevik.ee\/test\/wp-content\/uploads\/2021\/03\/Juki-HZL-357.jpg","width":500,"height":500,"caption":"Juki HZL-357"},{"@type":"BreadcrumbList","@id":"https:\/\/marevik.ee\/test\/toode\/juki-hzl-357\/#breadcrumb","itemListElement":[{"@type":"ListItem","position":1,"name":"Home","item":"https:\/\/marevik.ee\/test\/"},{"@type":"ListItem","position":2,"name":"E-POOD","item":"https:\/\/marevik.ee\/test\/epood\/"},{"@type":"ListItem","position":3,"name":"Juki HZL-357"}]},{"@type":"WebSite","@id":"https:\/\/marevik.ee\/test\/#website","url":"https:\/\/marevik.ee\/test\/","name":"Marevik O&Uuml;","description":"&Otilde;mblusmasina asjatundja","publisher":{"@id":"https:\/\/marevik.ee\/test\/#organization"},"potentialAction":[{"@type":"SearchAction","target":{"@type":"EntryPoint","urlTemplate":"https:\/\/marevik.ee\/test\/?s={search_term_string}"},"query-input":{"@type":"PropertyValueSpecification","valueRequired":true,"valueName":"search_term_string"}}],"inLanguage":"en"},{"@type":"Organization","@id":"https:\/\/marevik.ee\/test\/#organization","name":"Marevik O&Uuml;","url":"https:\/\/marevik.ee\/test\/","logo":{"@type":"ImageObject","inLanguage":"en","@id":"https:\/\/marevik.ee\/test\/#\/schema\/logo\/image\/","url":"https:\/\/marevik.ee\/test\/wp-content\/uploads\/2020\/02\/mblusmasina-asjatundja-1994_173x105_veebi_v-ike.jpg","contentUrl":"https:\/\/marevik.ee\/test\/wp-content\/uploads\/2020\/02\/mblusmasina-asjatundja-1994_173x105_veebi_v-ike.jpg","width":173,"height":105,"caption":"Marevik O&Uuml;"},"image":{"@id":"https:\/\/marevik.ee\/test\/#\/schema\/logo\/image\/"}}]}},"_links":{"self":[{"href":"https:\/\/marevik.ee\/test\/wp-json\/wp\/v2\/product\/8380","targetHints":{"allow":["GET"]}}],"collection":[{"href":"https:\/\/marevik.ee\/test\/wp-json\/wp\/v2\/product"}],"about":[{"href":"https:\/\/marevik.ee\/test\/wp-json\/wp\/v2\/types\/product"}],"wp:featuredmedia":[{"embeddable":true,"href":"https:\/\/marevik.ee\/test\/wp-json\/wp\/v2\/media\/8381"}],"wp:attachment":[{"href":"https:\/\/marevik.ee\/test\/wp-json\/wp\/v2\/media?parent=8380"}],"wp:term":[{"taxonomy":"product_brand","embeddable":true,"href":"https:\/\/marevik.ee\/test\/wp-json\/wp\/v2\/product_brand?post=8380"},{"taxonomy":"product_cat","embeddable":true,"href":"https:\/\/marevik.ee\/test\/wp-json\/wp\/v2\/product_cat?post=8380"},{"taxonomy":"product_tag","embeddable":true,"href":"https:\/\/marevik.ee\/test\/wp-json\/wp\/v2\/product_tag?post=8380"}],"curies":[{"name":"wp","href":"https:\/\/api.w.org\/{rel}","templated":true}]}}