{"id":8450,"date":"2018-06-26T16:36:46","date_gmt":"2018-06-26T16:36:46","guid":{"rendered":"https:\/\/xn--mblusmasinapood-rsb.ee\/product\/bernette-funlock-44\/"},"modified":"2025-07-01T09:03:58","modified_gmt":"2025-07-01T09:03:58","slug":"bernette-funlock-44","status":"publish","type":"product","link":"https:\/\/marevik.ee\/test\/toode\/bernette-funlock-44\/","title":{"rendered":"Bernette Funlock 44 overlok"},"content":{"rendered":"<p>4-niidiline \u00fchendus\u00f5mblus<br \/>\n3-niidiline \u00e4\u00e4ristus\u00f5mblus<br \/>\n2-niidiline \u00e4\u00e4ristus\u00f5mblus<br \/>\nRullpalistus<br \/>\nKitsas \u00e4\u00e4ristus<br \/>\nLame\u00f5mblus<br \/>\nL\u00f5ikab ja \u00e4\u00e4ristab \u00fcheaegselt<br \/>\nLihtne niidistamine<br \/>\n\u00d5mbleb h\u00f5lpsalt erineva j\u00e4medusega kangaid<br \/>\nPiste pikkuse reguleerimine (max 4 mm)\u200f<br \/>\nL\u00f5ikelaiuse reguleerimine (max 7 mm)\u200f<br \/>\nDiferentsiaals\u00f6\u00f6de \u2013 v\u00e4ldib veniva kanga servade lokkimist<br \/>\nPresstalla surve regulaator<br \/>\nL\u00f5ikurita \u00f5mblemise v\u00f5imalus<br \/>\nKohtvalgustus LED<br \/>\nKiirkinnitusega presstald<br \/>\nKasutab kodu\u00f5mblusmasina n\u00f5elu<br \/>\nT\u00e4htsamad tarvikud esiluugi sisek\u00fcljel ja kaasas pr\u00fcgsahtel<br \/>\nLisatarvikud mis on eraldi tellitavad: paela-\/kummipaelatald, peitepistetald, krookimistald, paspuaalkanditald, p\u00e4rlitald<\/p>\n<div class=\"ast-oembed-container \" style=\"height: 100%;\"><iframe title=\"b48 + b44 Tutorial \u2013 Overlock threading (3\/15)\" width=\"500\" height=\"281\" src=\"https:\/\/www.youtube.com\/embed\/oyBTccc7twk?feature=oembed\" frameborder=\"0\" allow=\"accelerometer; autoplay; clipboard-write; encrypted-media; gyroscope; picture-in-picture; web-share\" referrerpolicy=\"strict-origin-when-cross-origin\" allowfullscreen><\/iframe><\/div>\n","protected":false},"excerpt":{"rendered":"<p>Soodne ja professionaalne overlok. Bernette Funlock 44 on uus 4-niidiline overlok, mis sobib nii koju, kui ka v\u00e4iksemasse ateljeesse. Valikus on 15 erinevat pistet\u00fc\u00fcpi ning trikotaa\u017ei \u00f5mblemine on selle masinaga puhas nauding. Professionaalne ja kaunis tulemus on alati garanteeritud. Vaikne ja t\u00f6\u00f6kindel t\u00f6\u00f6riist, nii algajale kui ka professionaalile.<\/p>\n","protected":false},"featured_media":8451,"template":"","meta":{"site-sidebar-layout":"default","site-content-layout":"default","ast-site-content-layout":"default","site-content-style":"default","site-sidebar-style":"default","ast-global-header-display":"","ast-banner-title-visibility":"","ast-main-header-display":"","ast-hfb-above-header-display":"","ast-hfb-below-header-display":"","ast-hfb-mobile-header-display":"","site-post-title":"","ast-breadcrumbs-content":"","ast-featured-img":"","footer-sml-layout":"","theme-transparent-header-meta":"default","adv-header-id-meta":"","stick-header-meta":"","header-above-stick-meta":"","header-main-stick-meta":"","header-below-stick-meta":"","astra-migrate-meta-layouts":"set","ast-page-background-enabled":"default","ast-page-background-meta":{"desktop":{"background-color":"","background-image":"","background-repeat":"repeat","background-position":"center center","background-size":"auto","background-attachment":"scroll","background-type":"","background-media":"","overlay-type":"","overlay-color":"","overlay-opacity":"","overlay-gradient":""},"tablet":{"background-color":"","background-image":"","background-repeat":"repeat","background-position":"center center","background-size":"auto","background-attachment":"scroll","background-type":"","background-media":"","overlay-type":"","overlay-color":"","overlay-opacity":"","overlay-gradient":""},"mobile":{"background-color":"","background-image":"","background-repeat":"repeat","background-position":"center center","background-size":"auto","background-attachment":"scroll","background-type":"","background-media":"","overlay-type":"","overlay-color":"","overlay-opacity":"","overlay-gradient":""}},"ast-content-background-meta":{"desktop":{"background-color":"var(--ast-global-color-5)","background-image":"","background-repeat":"repeat","background-position":"center center","background-size":"auto","background-attachment":"scroll","background-type":"","background-media":"","overlay-type":"","overlay-color":"","overlay-opacity":"","overlay-gradient":""},"tablet":{"background-color":"var(--ast-global-color-5)","background-image":"","background-repeat":"repeat","background-position":"center center","background-size":"auto","background-attachment":"scroll","background-type":"","background-media":"","overlay-type":"","overlay-color":"","overlay-opacity":"","overlay-gradient":""},"mobile":{"background-color":"var(--ast-global-color-5)","background-image":"","background-repeat":"repeat","background-position":"center center","background-size":"auto","background-attachment":"scroll","background-type":"","background-media":"","overlay-type":"","overlay-color":"","overlay-opacity":"","overlay-gradient":""}}},"product_brand":[],"product_cat":[97,64],"product_tag":[109],"class_list":{"0":"post-8450","1":"product","2":"type-product","3":"status-publish","4":"has-post-thumbnail","6":"product_cat-bernette-overlokid-ja-kattemasinad","7":"product_cat-overlokid-ja-kattemasinad","8":"product_tag-bernette","9":"desktop-align-left","10":"tablet-align-left","11":"mobile-align-left","13":"first","14":"instock","15":"taxable","16":"shipping-taxable","17":"purchasable","18":"product-type-simple"},"yoast_head":"<!-- This site is optimized with the Yoast SEO plugin v26.1.1 - https:\/\/yoast.com\/wordpress\/plugins\/seo\/ -->\n<title>Bernette Funlock 44, overlok, mis sobib nii koju ka v\u00e4iksemasse ateljeesse.<\/title>\n<meta name=\"description\" content=\"Valikus on 15 erinevat pistet\u00fc\u00fcpi ning trikotaa\u017ei \u00f5mblemine on selle masinaga puhas nauding. Professionaalne ja kaunis tulemus on alati garanteeritud.\" \/>\n<meta name=\"robots\" content=\"index, follow, max-snippet:-1, max-image-preview:large, max-video-preview:-1\" \/>\n<link rel=\"canonical\" href=\"https:\/\/marevik.ee\/test\/toode\/bernette-funlock-44\/\" \/>\n<meta property=\"og:locale\" content=\"en_US\" \/>\n<meta property=\"og:type\" content=\"article\" \/>\n<meta property=\"og:title\" content=\"Bernette Funlock 44, overlok, mis sobib nii koju ka v\u00e4iksemasse ateljeesse.\" \/>\n<meta property=\"og:description\" content=\"Valikus on 15 erinevat pistet\u00fc\u00fcpi ning trikotaa\u017ei \u00f5mblemine on selle masinaga puhas nauding. Professionaalne ja kaunis tulemus on alati garanteeritud.\" \/>\n<meta property=\"og:url\" content=\"https:\/\/marevik.ee\/test\/toode\/bernette-funlock-44\/\" \/>\n<meta property=\"og:site_name\" content=\"Marevik O&Uuml;\" \/>\n<meta property=\"article:modified_time\" content=\"2025-07-01T09:03:58+00:00\" \/>\n<meta property=\"og:image\" content=\"https:\/\/marevik.ee\/test\/wp-content\/uploads\/2021\/03\/Bernette-Funlock-44.png\" \/>\n\t<meta property=\"og:image:width\" content=\"612\" \/>\n\t<meta property=\"og:image:height\" content=\"720\" \/>\n\t<meta property=\"og:image:type\" content=\"image\/png\" \/>\n<meta name=\"twitter:card\" content=\"summary_large_image\" \/>\n<meta name=\"twitter:label1\" content=\"Est. reading time\" \/>\n\t<meta name=\"twitter:data1\" content=\"1 minute\" \/>\n<script type=\"application\/ld+json\" class=\"yoast-schema-graph\">{\"@context\":\"https:\/\/schema.org\",\"@graph\":[{\"@type\":\"WebPage\",\"@id\":\"https:\/\/marevik.ee\/test\/toode\/bernette-funlock-44\/\",\"url\":\"https:\/\/marevik.ee\/test\/toode\/bernette-funlock-44\/\",\"name\":\"Bernette Funlock 44, overlok, mis sobib nii koju ka v\u00e4iksemasse ateljeesse.\",\"isPartOf\":{\"@id\":\"https:\/\/marevik.ee\/test\/#website\"},\"primaryImageOfPage\":{\"@id\":\"https:\/\/marevik.ee\/test\/toode\/bernette-funlock-44\/#primaryimage\"},\"image\":{\"@id\":\"https:\/\/marevik.ee\/test\/toode\/bernette-funlock-44\/#primaryimage\"},\"thumbnailUrl\":\"https:\/\/marevik.ee\/test\/wp-content\/uploads\/2021\/03\/Bernette-Funlock-44.png\",\"datePublished\":\"2018-06-26T16:36:46+00:00\",\"dateModified\":\"2025-07-01T09:03:58+00:00\",\"description\":\"Valikus on 15 erinevat pistet\u00fc\u00fcpi ning trikotaa\u017ei \u00f5mblemine on selle masinaga puhas nauding. Professionaalne ja kaunis tulemus on alati garanteeritud.\",\"breadcrumb\":{\"@id\":\"https:\/\/marevik.ee\/test\/toode\/bernette-funlock-44\/#breadcrumb\"},\"inLanguage\":\"en\",\"potentialAction\":[{\"@type\":\"ReadAction\",\"target\":[\"https:\/\/marevik.ee\/test\/toode\/bernette-funlock-44\/\"]}]},{\"@type\":\"ImageObject\",\"inLanguage\":\"en\",\"@id\":\"https:\/\/marevik.ee\/test\/toode\/bernette-funlock-44\/#primaryimage\",\"url\":\"https:\/\/marevik.ee\/test\/wp-content\/uploads\/2021\/03\/Bernette-Funlock-44.png\",\"contentUrl\":\"https:\/\/marevik.ee\/test\/wp-content\/uploads\/2021\/03\/Bernette-Funlock-44.png\",\"width\":612,\"height\":720,\"caption\":\"Bernette Funlock 44 overlok\"},{\"@type\":\"BreadcrumbList\",\"@id\":\"https:\/\/marevik.ee\/test\/toode\/bernette-funlock-44\/#breadcrumb\",\"itemListElement\":[{\"@type\":\"ListItem\",\"position\":1,\"name\":\"Home\",\"item\":\"https:\/\/marevik.ee\/test\/\"},{\"@type\":\"ListItem\",\"position\":2,\"name\":\"E-POOD\",\"item\":\"https:\/\/marevik.ee\/test\/epood\/\"},{\"@type\":\"ListItem\",\"position\":3,\"name\":\"Bernette Funlock 44 overlok\"}]},{\"@type\":\"WebSite\",\"@id\":\"https:\/\/marevik.ee\/test\/#website\",\"url\":\"https:\/\/marevik.ee\/test\/\",\"name\":\"Marevik O&Uuml;\",\"description\":\"&Otilde;mblusmasina asjatundja\",\"publisher\":{\"@id\":\"https:\/\/marevik.ee\/test\/#organization\"},\"potentialAction\":[{\"@type\":\"SearchAction\",\"target\":{\"@type\":\"EntryPoint\",\"urlTemplate\":\"https:\/\/marevik.ee\/test\/?s={search_term_string}\"},\"query-input\":{\"@type\":\"PropertyValueSpecification\",\"valueRequired\":true,\"valueName\":\"search_term_string\"}}],\"inLanguage\":\"en\"},{\"@type\":\"Organization\",\"@id\":\"https:\/\/marevik.ee\/test\/#organization\",\"name\":\"Marevik O&Uuml;\",\"url\":\"https:\/\/marevik.ee\/test\/\",\"logo\":{\"@type\":\"ImageObject\",\"inLanguage\":\"en\",\"@id\":\"https:\/\/marevik.ee\/test\/#\/schema\/logo\/image\/\",\"url\":\"https:\/\/marevik.ee\/test\/wp-content\/uploads\/2020\/02\/mblusmasina-asjatundja-1994_173x105_veebi_v-ike.jpg\",\"contentUrl\":\"https:\/\/marevik.ee\/test\/wp-content\/uploads\/2020\/02\/mblusmasina-asjatundja-1994_173x105_veebi_v-ike.jpg\",\"width\":173,\"height\":105,\"caption\":\"Marevik O&Uuml;\"},\"image\":{\"@id\":\"https:\/\/marevik.ee\/test\/#\/schema\/logo\/image\/\"}}]}<\/script>\n<!-- \/ Yoast SEO plugin. -->","yoast_head_json":{"title":"Bernette Funlock 44, overlok, mis sobib nii koju ka v\u00e4iksemasse ateljeesse.","description":"Valikus on 15 erinevat pistet\u00fc\u00fcpi ning trikotaa\u017ei \u00f5mblemine on selle masinaga puhas nauding. Professionaalne ja kaunis tulemus on alati garanteeritud.","robots":{"index":"index","follow":"follow","max-snippet":"max-snippet:-1","max-image-preview":"max-image-preview:large","max-video-preview":"max-video-preview:-1"},"canonical":"https:\/\/marevik.ee\/test\/toode\/bernette-funlock-44\/","og_locale":"en_US","og_type":"article","og_title":"Bernette Funlock 44, overlok, mis sobib nii koju ka v\u00e4iksemasse ateljeesse.","og_description":"Valikus on 15 erinevat pistet\u00fc\u00fcpi ning trikotaa\u017ei \u00f5mblemine on selle masinaga puhas nauding. Professionaalne ja kaunis tulemus on alati garanteeritud.","og_url":"https:\/\/marevik.ee\/test\/toode\/bernette-funlock-44\/","og_site_name":"Marevik O&Uuml;","article_modified_time":"2025-07-01T09:03:58+00:00","og_image":[{"width":612,"height":720,"url":"https:\/\/marevik.ee\/test\/wp-content\/uploads\/2021\/03\/Bernette-Funlock-44.png","type":"image\/png"}],"twitter_card":"summary_large_image","twitter_misc":{"Est. reading time":"1 minute"},"schema":{"@context":"https:\/\/schema.org","@graph":[{"@type":"WebPage","@id":"https:\/\/marevik.ee\/test\/toode\/bernette-funlock-44\/","url":"https:\/\/marevik.ee\/test\/toode\/bernette-funlock-44\/","name":"Bernette Funlock 44, overlok, mis sobib nii koju ka v\u00e4iksemasse ateljeesse.","isPartOf":{"@id":"https:\/\/marevik.ee\/test\/#website"},"primaryImageOfPage":{"@id":"https:\/\/marevik.ee\/test\/toode\/bernette-funlock-44\/#primaryimage"},"image":{"@id":"https:\/\/marevik.ee\/test\/toode\/bernette-funlock-44\/#primaryimage"},"thumbnailUrl":"https:\/\/marevik.ee\/test\/wp-content\/uploads\/2021\/03\/Bernette-Funlock-44.png","datePublished":"2018-06-26T16:36:46+00:00","dateModified":"2025-07-01T09:03:58+00:00","description":"Valikus on 15 erinevat pistet\u00fc\u00fcpi ning trikotaa\u017ei \u00f5mblemine on selle masinaga puhas nauding. Professionaalne ja kaunis tulemus on alati garanteeritud.","breadcrumb":{"@id":"https:\/\/marevik.ee\/test\/toode\/bernette-funlock-44\/#breadcrumb"},"inLanguage":"en","potentialAction":[{"@type":"ReadAction","target":["https:\/\/marevik.ee\/test\/toode\/bernette-funlock-44\/"]}]},{"@type":"ImageObject","inLanguage":"en","@id":"https:\/\/marevik.ee\/test\/toode\/bernette-funlock-44\/#primaryimage","url":"https:\/\/marevik.ee\/test\/wp-content\/uploads\/2021\/03\/Bernette-Funlock-44.png","contentUrl":"https:\/\/marevik.ee\/test\/wp-content\/uploads\/2021\/03\/Bernette-Funlock-44.png","width":612,"height":720,"caption":"Bernette Funlock 44 overlok"},{"@type":"BreadcrumbList","@id":"https:\/\/marevik.ee\/test\/toode\/bernette-funlock-44\/#breadcrumb","itemListElement":[{"@type":"ListItem","position":1,"name":"Home","item":"https:\/\/marevik.ee\/test\/"},{"@type":"ListItem","position":2,"name":"E-POOD","item":"https:\/\/marevik.ee\/test\/epood\/"},{"@type":"ListItem","position":3,"name":"Bernette Funlock 44 overlok"}]},{"@type":"WebSite","@id":"https:\/\/marevik.ee\/test\/#website","url":"https:\/\/marevik.ee\/test\/","name":"Marevik O&Uuml;","description":"&Otilde;mblusmasina asjatundja","publisher":{"@id":"https:\/\/marevik.ee\/test\/#organization"},"potentialAction":[{"@type":"SearchAction","target":{"@type":"EntryPoint","urlTemplate":"https:\/\/marevik.ee\/test\/?s={search_term_string}"},"query-input":{"@type":"PropertyValueSpecification","valueRequired":true,"valueName":"search_term_string"}}],"inLanguage":"en"},{"@type":"Organization","@id":"https:\/\/marevik.ee\/test\/#organization","name":"Marevik O&Uuml;","url":"https:\/\/marevik.ee\/test\/","logo":{"@type":"ImageObject","inLanguage":"en","@id":"https:\/\/marevik.ee\/test\/#\/schema\/logo\/image\/","url":"https:\/\/marevik.ee\/test\/wp-content\/uploads\/2020\/02\/mblusmasina-asjatundja-1994_173x105_veebi_v-ike.jpg","contentUrl":"https:\/\/marevik.ee\/test\/wp-content\/uploads\/2020\/02\/mblusmasina-asjatundja-1994_173x105_veebi_v-ike.jpg","width":173,"height":105,"caption":"Marevik O&Uuml;"},"image":{"@id":"https:\/\/marevik.ee\/test\/#\/schema\/logo\/image\/"}}]}},"_links":{"self":[{"href":"https:\/\/marevik.ee\/test\/wp-json\/wp\/v2\/product\/8450","targetHints":{"allow":["GET"]}}],"collection":[{"href":"https:\/\/marevik.ee\/test\/wp-json\/wp\/v2\/product"}],"about":[{"href":"https:\/\/marevik.ee\/test\/wp-json\/wp\/v2\/types\/product"}],"wp:featuredmedia":[{"embeddable":true,"href":"https:\/\/marevik.ee\/test\/wp-json\/wp\/v2\/media\/8451"}],"wp:attachment":[{"href":"https:\/\/marevik.ee\/test\/wp-json\/wp\/v2\/media?parent=8450"}],"wp:term":[{"taxonomy":"product_brand","embeddable":true,"href":"https:\/\/marevik.ee\/test\/wp-json\/wp\/v2\/product_brand?post=8450"},{"taxonomy":"product_cat","embeddable":true,"href":"https:\/\/marevik.ee\/test\/wp-json\/wp\/v2\/product_cat?post=8450"},{"taxonomy":"product_tag","embeddable":true,"href":"https:\/\/marevik.ee\/test\/wp-json\/wp\/v2\/product_tag?post=8450"}],"curies":[{"name":"wp","href":"https:\/\/api.w.org\/{rel}","templated":true}]}}