{"id":8982,"date":"2019-04-04T15:07:35","date_gmt":"2019-04-04T15:07:35","guid":{"rendered":"https:\/\/xn--mblusmasinapood-rsb.ee\/product\/tombluku-tald-kruvikinnitusega-janome\/"},"modified":"2023-04-24T11:45:53","modified_gmt":"2023-04-24T11:45:53","slug":"tombluku-tald-kruvikinnitusega-janome","status":"publish","type":"product","link":"https:\/\/marevik.ee\/test\/toode\/tombluku-tald-kruvikinnitusega-janome\/","title":{"rendered":"T\u00f5mbluku tald kruvikinnitusega Janome"},"content":{"rendered":"","protected":false},"excerpt":{"rendered":"<p>T\u00f5mbluku ja paspuaalkandi tald kruvikinnitusega Janome 7 mm horisontaalse s\u00fcstikuga masinatele. T\u00f5mblukutald v\u00f5imaldab \u00f5mblust talla paremalt v\u00f5i vasakult poolt. Talllaga saab nii t\u00f5mblukkude, kantide kui muid servale l\u00e4hedasi \u00f5mblusi sooritada. Seda t\u00fc\u00fcpi tald on j\u00e4ik, tallal puuduvad liikuvad osad ning tald p\u00fcsib seega kindlalt \u00fches asendis, v\u00f5imaldades kindlak\u00e4elist \u00f5mblemist.<\/p>\n","protected":false},"featured_media":8983,"template":"","meta":{"site-sidebar-layout":"default","site-content-layout":"default","ast-site-content-layout":"","site-content-style":"default","site-sidebar-style":"default","ast-global-header-display":"","ast-banner-title-visibility":"","ast-main-header-display":"","ast-hfb-above-header-display":"","ast-hfb-below-header-display":"","ast-hfb-mobile-header-display":"","site-post-title":"","ast-breadcrumbs-content":"","ast-featured-img":"","footer-sml-layout":"","theme-transparent-header-meta":"default","adv-header-id-meta":"","stick-header-meta":"","header-above-stick-meta":"","header-main-stick-meta":"","header-below-stick-meta":"","astra-migrate-meta-layouts":"default","ast-page-background-enabled":"default","ast-page-background-meta":{"desktop":{"background-color":"","background-image":"","background-repeat":"repeat","background-position":"center center","background-size":"auto","background-attachment":"scroll","background-type":"","background-media":"","overlay-type":"","overlay-color":"","overlay-opacity":"","overlay-gradient":""},"tablet":{"background-color":"","background-image":"","background-repeat":"repeat","background-position":"center center","background-size":"auto","background-attachment":"scroll","background-type":"","background-media":"","overlay-type":"","overlay-color":"","overlay-opacity":"","overlay-gradient":""},"mobile":{"background-color":"","background-image":"","background-repeat":"repeat","background-position":"center center","background-size":"auto","background-attachment":"scroll","background-type":"","background-media":"","overlay-type":"","overlay-color":"","overlay-opacity":"","overlay-gradient":""}},"ast-content-background-meta":{"desktop":{"background-color":"var(--ast-global-color-5)","background-image":"","background-repeat":"repeat","background-position":"center center","background-size":"auto","background-attachment":"scroll","background-type":"","background-media":"","overlay-type":"","overlay-color":"","overlay-opacity":"","overlay-gradient":""},"tablet":{"background-color":"var(--ast-global-color-5)","background-image":"","background-repeat":"repeat","background-position":"center center","background-size":"auto","background-attachment":"scroll","background-type":"","background-media":"","overlay-type":"","overlay-color":"","overlay-opacity":"","overlay-gradient":""},"mobile":{"background-color":"var(--ast-global-color-5)","background-image":"","background-repeat":"repeat","background-position":"center center","background-size":"auto","background-attachment":"scroll","background-type":"","background-media":"","overlay-type":"","overlay-color":"","overlay-opacity":"","overlay-gradient":""}}},"product_brand":[],"product_cat":[66,75],"product_tag":[],"class_list":{"0":"post-8982","1":"product","2":"type-product","3":"status-publish","4":"has-post-thumbnail","6":"product_cat-lisatarvikud","7":"product_cat-omblusmasina-presstallad","8":"desktop-align-left","9":"tablet-align-left","10":"mobile-align-left","12":"first","13":"instock","14":"taxable","15":"shipping-taxable","16":"purchasable","17":"product-type-simple"},"yoast_head":"<!-- This site is optimized with the Yoast SEO plugin v26.1.1 - https:\/\/yoast.com\/wordpress\/plugins\/seo\/ -->\n<title>T\u00f5mbluku tald kruvikinnitusega Janome - Marevik O&Uuml;<\/title>\n<meta name=\"description\" content=\"T\u00f5mbluku ja paspuaalkandi tald kruvikinnitusega Janome 7 mm horisontaalse s\u00fcstikuga masinatele. T\u00f5mblukutald v\u00f5imaldab \u00f5mblust talla paremalt v\u00f5i vasakult\" \/>\n<meta name=\"robots\" content=\"index, follow, max-snippet:-1, max-image-preview:large, max-video-preview:-1\" \/>\n<link rel=\"canonical\" href=\"https:\/\/marevik.ee\/test\/toode\/tombluku-tald-kruvikinnitusega-janome\/\" \/>\n<meta property=\"og:locale\" content=\"en_US\" \/>\n<meta property=\"og:type\" content=\"article\" \/>\n<meta property=\"og:title\" content=\"T\u00f5mbluku tald kruvikinnitusega Janome - Marevik O&Uuml;\" \/>\n<meta property=\"og:description\" content=\"T\u00f5mbluku ja paspuaalkandi tald kruvikinnitusega Janome 7 mm horisontaalse s\u00fcstikuga masinatele. T\u00f5mblukutald v\u00f5imaldab \u00f5mblust talla paremalt v\u00f5i vasakult\" \/>\n<meta property=\"og:url\" content=\"https:\/\/marevik.ee\/test\/toode\/tombluku-tald-kruvikinnitusega-janome\/\" \/>\n<meta property=\"og:site_name\" content=\"Marevik O&Uuml;\" \/>\n<meta property=\"article:modified_time\" content=\"2023-04-24T11:45:53+00:00\" \/>\n<meta property=\"og:image\" content=\"https:\/\/marevik.ee\/test\/wp-content\/uploads\/2021\/03\/Lukutald-regul..jpg\" \/>\n\t<meta property=\"og:image:width\" content=\"206\" \/>\n\t<meta property=\"og:image:height\" content=\"202\" \/>\n\t<meta property=\"og:image:type\" content=\"image\/jpeg\" \/>\n<meta name=\"twitter:card\" content=\"summary_large_image\" \/>\n<script type=\"application\/ld+json\" class=\"yoast-schema-graph\">{\"@context\":\"https:\/\/schema.org\",\"@graph\":[{\"@type\":\"WebPage\",\"@id\":\"https:\/\/marevik.ee\/test\/toode\/tombluku-tald-kruvikinnitusega-janome\/\",\"url\":\"https:\/\/marevik.ee\/test\/toode\/tombluku-tald-kruvikinnitusega-janome\/\",\"name\":\"T\u00f5mbluku tald kruvikinnitusega Janome - Marevik O&Uuml;\",\"isPartOf\":{\"@id\":\"https:\/\/marevik.ee\/test\/#website\"},\"primaryImageOfPage\":{\"@id\":\"https:\/\/marevik.ee\/test\/toode\/tombluku-tald-kruvikinnitusega-janome\/#primaryimage\"},\"image\":{\"@id\":\"https:\/\/marevik.ee\/test\/toode\/tombluku-tald-kruvikinnitusega-janome\/#primaryimage\"},\"thumbnailUrl\":\"https:\/\/marevik.ee\/test\/wp-content\/uploads\/2021\/03\/Lukutald-regul..jpg\",\"datePublished\":\"2019-04-04T15:07:35+00:00\",\"dateModified\":\"2023-04-24T11:45:53+00:00\",\"description\":\"T\u00f5mbluku ja paspuaalkandi tald kruvikinnitusega Janome 7 mm horisontaalse s\u00fcstikuga masinatele. T\u00f5mblukutald v\u00f5imaldab \u00f5mblust talla paremalt v\u00f5i vasakult\",\"breadcrumb\":{\"@id\":\"https:\/\/marevik.ee\/test\/toode\/tombluku-tald-kruvikinnitusega-janome\/#breadcrumb\"},\"inLanguage\":\"en\",\"potentialAction\":[{\"@type\":\"ReadAction\",\"target\":[\"https:\/\/marevik.ee\/test\/toode\/tombluku-tald-kruvikinnitusega-janome\/\"]}]},{\"@type\":\"ImageObject\",\"inLanguage\":\"en\",\"@id\":\"https:\/\/marevik.ee\/test\/toode\/tombluku-tald-kruvikinnitusega-janome\/#primaryimage\",\"url\":\"https:\/\/marevik.ee\/test\/wp-content\/uploads\/2021\/03\/Lukutald-regul..jpg\",\"contentUrl\":\"https:\/\/marevik.ee\/test\/wp-content\/uploads\/2021\/03\/Lukutald-regul..jpg\",\"width\":206,\"height\":202,\"caption\":\"T\u00f5mbluku tald kruvikinnitusega Janome\"},{\"@type\":\"BreadcrumbList\",\"@id\":\"https:\/\/marevik.ee\/test\/toode\/tombluku-tald-kruvikinnitusega-janome\/#breadcrumb\",\"itemListElement\":[{\"@type\":\"ListItem\",\"position\":1,\"name\":\"Home\",\"item\":\"https:\/\/marevik.ee\/test\/\"},{\"@type\":\"ListItem\",\"position\":2,\"name\":\"E-POOD\",\"item\":\"https:\/\/marevik.ee\/test\/epood\/\"},{\"@type\":\"ListItem\",\"position\":3,\"name\":\"T\u00f5mbluku tald kruvikinnitusega Janome\"}]},{\"@type\":\"WebSite\",\"@id\":\"https:\/\/marevik.ee\/test\/#website\",\"url\":\"https:\/\/marevik.ee\/test\/\",\"name\":\"Marevik O&Uuml;\",\"description\":\"&Otilde;mblusmasina asjatundja\",\"publisher\":{\"@id\":\"https:\/\/marevik.ee\/test\/#organization\"},\"potentialAction\":[{\"@type\":\"SearchAction\",\"target\":{\"@type\":\"EntryPoint\",\"urlTemplate\":\"https:\/\/marevik.ee\/test\/?s={search_term_string}\"},\"query-input\":{\"@type\":\"PropertyValueSpecification\",\"valueRequired\":true,\"valueName\":\"search_term_string\"}}],\"inLanguage\":\"en\"},{\"@type\":\"Organization\",\"@id\":\"https:\/\/marevik.ee\/test\/#organization\",\"name\":\"Marevik O&Uuml;\",\"url\":\"https:\/\/marevik.ee\/test\/\",\"logo\":{\"@type\":\"ImageObject\",\"inLanguage\":\"en\",\"@id\":\"https:\/\/marevik.ee\/test\/#\/schema\/logo\/image\/\",\"url\":\"https:\/\/marevik.ee\/test\/wp-content\/uploads\/2020\/02\/mblusmasina-asjatundja-1994_173x105_veebi_v-ike.jpg\",\"contentUrl\":\"https:\/\/marevik.ee\/test\/wp-content\/uploads\/2020\/02\/mblusmasina-asjatundja-1994_173x105_veebi_v-ike.jpg\",\"width\":173,\"height\":105,\"caption\":\"Marevik O&Uuml;\"},\"image\":{\"@id\":\"https:\/\/marevik.ee\/test\/#\/schema\/logo\/image\/\"}}]}<\/script>\n<!-- \/ Yoast SEO plugin. -->","yoast_head_json":{"title":"T\u00f5mbluku tald kruvikinnitusega Janome - Marevik O&Uuml;","description":"T\u00f5mbluku ja paspuaalkandi tald kruvikinnitusega Janome 7 mm horisontaalse s\u00fcstikuga masinatele. T\u00f5mblukutald v\u00f5imaldab \u00f5mblust talla paremalt v\u00f5i vasakult","robots":{"index":"index","follow":"follow","max-snippet":"max-snippet:-1","max-image-preview":"max-image-preview:large","max-video-preview":"max-video-preview:-1"},"canonical":"https:\/\/marevik.ee\/test\/toode\/tombluku-tald-kruvikinnitusega-janome\/","og_locale":"en_US","og_type":"article","og_title":"T\u00f5mbluku tald kruvikinnitusega Janome - Marevik O&Uuml;","og_description":"T\u00f5mbluku ja paspuaalkandi tald kruvikinnitusega Janome 7 mm horisontaalse s\u00fcstikuga masinatele. T\u00f5mblukutald v\u00f5imaldab \u00f5mblust talla paremalt v\u00f5i vasakult","og_url":"https:\/\/marevik.ee\/test\/toode\/tombluku-tald-kruvikinnitusega-janome\/","og_site_name":"Marevik O&Uuml;","article_modified_time":"2023-04-24T11:45:53+00:00","og_image":[{"width":206,"height":202,"url":"https:\/\/marevik.ee\/test\/wp-content\/uploads\/2021\/03\/Lukutald-regul..jpg","type":"image\/jpeg"}],"twitter_card":"summary_large_image","schema":{"@context":"https:\/\/schema.org","@graph":[{"@type":"WebPage","@id":"https:\/\/marevik.ee\/test\/toode\/tombluku-tald-kruvikinnitusega-janome\/","url":"https:\/\/marevik.ee\/test\/toode\/tombluku-tald-kruvikinnitusega-janome\/","name":"T\u00f5mbluku tald kruvikinnitusega Janome - Marevik O&Uuml;","isPartOf":{"@id":"https:\/\/marevik.ee\/test\/#website"},"primaryImageOfPage":{"@id":"https:\/\/marevik.ee\/test\/toode\/tombluku-tald-kruvikinnitusega-janome\/#primaryimage"},"image":{"@id":"https:\/\/marevik.ee\/test\/toode\/tombluku-tald-kruvikinnitusega-janome\/#primaryimage"},"thumbnailUrl":"https:\/\/marevik.ee\/test\/wp-content\/uploads\/2021\/03\/Lukutald-regul..jpg","datePublished":"2019-04-04T15:07:35+00:00","dateModified":"2023-04-24T11:45:53+00:00","description":"T\u00f5mbluku ja paspuaalkandi tald kruvikinnitusega Janome 7 mm horisontaalse s\u00fcstikuga masinatele. T\u00f5mblukutald v\u00f5imaldab \u00f5mblust talla paremalt v\u00f5i vasakult","breadcrumb":{"@id":"https:\/\/marevik.ee\/test\/toode\/tombluku-tald-kruvikinnitusega-janome\/#breadcrumb"},"inLanguage":"en","potentialAction":[{"@type":"ReadAction","target":["https:\/\/marevik.ee\/test\/toode\/tombluku-tald-kruvikinnitusega-janome\/"]}]},{"@type":"ImageObject","inLanguage":"en","@id":"https:\/\/marevik.ee\/test\/toode\/tombluku-tald-kruvikinnitusega-janome\/#primaryimage","url":"https:\/\/marevik.ee\/test\/wp-content\/uploads\/2021\/03\/Lukutald-regul..jpg","contentUrl":"https:\/\/marevik.ee\/test\/wp-content\/uploads\/2021\/03\/Lukutald-regul..jpg","width":206,"height":202,"caption":"T\u00f5mbluku tald kruvikinnitusega Janome"},{"@type":"BreadcrumbList","@id":"https:\/\/marevik.ee\/test\/toode\/tombluku-tald-kruvikinnitusega-janome\/#breadcrumb","itemListElement":[{"@type":"ListItem","position":1,"name":"Home","item":"https:\/\/marevik.ee\/test\/"},{"@type":"ListItem","position":2,"name":"E-POOD","item":"https:\/\/marevik.ee\/test\/epood\/"},{"@type":"ListItem","position":3,"name":"T\u00f5mbluku tald kruvikinnitusega Janome"}]},{"@type":"WebSite","@id":"https:\/\/marevik.ee\/test\/#website","url":"https:\/\/marevik.ee\/test\/","name":"Marevik O&Uuml;","description":"&Otilde;mblusmasina asjatundja","publisher":{"@id":"https:\/\/marevik.ee\/test\/#organization"},"potentialAction":[{"@type":"SearchAction","target":{"@type":"EntryPoint","urlTemplate":"https:\/\/marevik.ee\/test\/?s={search_term_string}"},"query-input":{"@type":"PropertyValueSpecification","valueRequired":true,"valueName":"search_term_string"}}],"inLanguage":"en"},{"@type":"Organization","@id":"https:\/\/marevik.ee\/test\/#organization","name":"Marevik O&Uuml;","url":"https:\/\/marevik.ee\/test\/","logo":{"@type":"ImageObject","inLanguage":"en","@id":"https:\/\/marevik.ee\/test\/#\/schema\/logo\/image\/","url":"https:\/\/marevik.ee\/test\/wp-content\/uploads\/2020\/02\/mblusmasina-asjatundja-1994_173x105_veebi_v-ike.jpg","contentUrl":"https:\/\/marevik.ee\/test\/wp-content\/uploads\/2020\/02\/mblusmasina-asjatundja-1994_173x105_veebi_v-ike.jpg","width":173,"height":105,"caption":"Marevik O&Uuml;"},"image":{"@id":"https:\/\/marevik.ee\/test\/#\/schema\/logo\/image\/"}}]}},"_links":{"self":[{"href":"https:\/\/marevik.ee\/test\/wp-json\/wp\/v2\/product\/8982","targetHints":{"allow":["GET"]}}],"collection":[{"href":"https:\/\/marevik.ee\/test\/wp-json\/wp\/v2\/product"}],"about":[{"href":"https:\/\/marevik.ee\/test\/wp-json\/wp\/v2\/types\/product"}],"wp:featuredmedia":[{"embeddable":true,"href":"https:\/\/marevik.ee\/test\/wp-json\/wp\/v2\/media\/8983"}],"wp:attachment":[{"href":"https:\/\/marevik.ee\/test\/wp-json\/wp\/v2\/media?parent=8982"}],"wp:term":[{"taxonomy":"product_brand","embeddable":true,"href":"https:\/\/marevik.ee\/test\/wp-json\/wp\/v2\/product_brand?post=8982"},{"taxonomy":"product_cat","embeddable":true,"href":"https:\/\/marevik.ee\/test\/wp-json\/wp\/v2\/product_cat?post=8982"},{"taxonomy":"product_tag","embeddable":true,"href":"https:\/\/marevik.ee\/test\/wp-json\/wp\/v2\/product_tag?post=8982"}],"curies":[{"name":"wp","href":"https:\/\/api.w.org\/{rel}","templated":true}]}}