{"id":9041,"date":"2019-04-24T15:02:15","date_gmt":"2019-04-24T15:02:15","guid":{"rendered":"https:\/\/xn--mblusmasinapood-rsb.ee\/product\/janome-at2000d\/"},"modified":"2025-10-22T08:56:37","modified_gmt":"2025-10-22T08:56:37","slug":"janome-at2000d","status":"publish","type":"product","link":"https:\/\/marevik.ee\/test\/toode\/janome-at2000d\/","title":{"rendered":"Janome AT2000D overlok"},"content":{"rendered":"<p>4-niidiline \u00fchendus\u00f5mblus<br \/>\n3-niidiline \u00e4\u00e4ristus\u00f5mblus<br \/>\n2-niidiline \u00e4\u00e4ristus\u00f5mblus<br \/>\nRullpalistus<br \/>\nKitsas \u00e4\u00e4ristus<br \/>\nLame\u00f5mblus<br \/>\nL\u00f5ikab ja \u00e4\u00e4ristab \u00fcheaegselt<br \/>\n<strong>Lihtne niidistamine, m\u00f5lemal haarajal \u00f5hkniidistus<\/strong><br \/>\n\u00d5mbleb h\u00f5lpsalt erineva j\u00e4medusega kangaid<br \/>\nPiste pikkuse reguleerimine (max 4 mm)\u200f<br \/>\nL\u00f5ikelaiuse reguleerimine (max 9 mm)\u200f<br \/>\nDiferentsiaals\u00f6\u00f6de \u2013 v\u00e4ldib veniva kanga servade lokkimist<br \/>\nPresstalla surve regulaator<br \/>\nL\u00f5ikurita \u00f5mblemise v\u00f5imalus<br \/>\nKohtvalgustus LED<br \/>\nKiirkinnitusega presstald<br \/>\nKasutab kodu\u00f5mblusmasina n\u00f5elu<\/p>\n<p>Komplekti kuulub:<br \/>\nkoonusniidirullide alused, \u00f5li, n\u00f5elakomplekt, niidirullide kattev\u00f5rgud libedate ja niidirullilt alla kukkuma kippuvate niitide tarvis, niidirullide stopperid juhuks, kui \u00f5mbled v\u00e4ikeste niidirullidega,<br \/>\nkruvikeerajad ja mutriv\u00f5ti terade lahti keeramiseks, pintsetid niiditamiseks, abivahend n\u00f5elade masinasse panemiseks + haarajate niidistamiseks, puhastuspintsel, \u00fclemine varu l\u00f5iketera, tolmukate, l\u00f5ikej\u00e4\u00e4kide koguja masina esik\u00fcljel, tarvikute karp.<\/p>\n<div class=\"ast-oembed-container \" style=\"height: 100%;\"><iframe title=\"Janome AirThread 2000D Professional Threading\" width=\"500\" height=\"281\" src=\"https:\/\/www.youtube.com\/embed\/likuceuzAqg?feature=oembed\" frameborder=\"0\" allow=\"accelerometer; autoplay; clipboard-write; encrypted-media; gyroscope; picture-in-picture; web-share\" referrerpolicy=\"strict-origin-when-cross-origin\" allowfullscreen><\/iframe><\/div>\n","protected":false},"excerpt":{"rendered":"<p>Janome AT2000D on uus ja kaasaegne overlok. K\u00f5ikide mugavustega t\u00f6\u00f6riist, millel on ka kiirniidistus surve\u00f5huga. Overlok sobib koju, ateljeesse kui ka kooli t\u00fctarlaste k\u00e4sit\u00f6\u00f6klassi. Tee overloki niidistamine endale lihtsamaks ja osta kaasaja standarditele vastav tehnika. Janome on maailma suurim kodu\u00f5mblusmasinate tootja.<\/p>\n","protected":false},"featured_media":9042,"template":"","meta":{"site-sidebar-layout":"default","site-content-layout":"default","ast-site-content-layout":"default","site-content-style":"default","site-sidebar-style":"default","ast-global-header-display":"","ast-banner-title-visibility":"","ast-main-header-display":"","ast-hfb-above-header-display":"","ast-hfb-below-header-display":"","ast-hfb-mobile-header-display":"","site-post-title":"","ast-breadcrumbs-content":"","ast-featured-img":"","footer-sml-layout":"","theme-transparent-header-meta":"default","adv-header-id-meta":"","stick-header-meta":"","header-above-stick-meta":"","header-main-stick-meta":"","header-below-stick-meta":"","astra-migrate-meta-layouts":"set","ast-page-background-enabled":"default","ast-page-background-meta":{"desktop":{"background-color":"","background-image":"","background-repeat":"repeat","background-position":"center center","background-size":"auto","background-attachment":"scroll","background-type":"","background-media":"","overlay-type":"","overlay-color":"","overlay-opacity":"","overlay-gradient":""},"tablet":{"background-color":"","background-image":"","background-repeat":"repeat","background-position":"center center","background-size":"auto","background-attachment":"scroll","background-type":"","background-media":"","overlay-type":"","overlay-color":"","overlay-opacity":"","overlay-gradient":""},"mobile":{"background-color":"","background-image":"","background-repeat":"repeat","background-position":"center center","background-size":"auto","background-attachment":"scroll","background-type":"","background-media":"","overlay-type":"","overlay-color":"","overlay-opacity":"","overlay-gradient":""}},"ast-content-background-meta":{"desktop":{"background-color":"var(--ast-global-color-5)","background-image":"","background-repeat":"repeat","background-position":"center center","background-size":"auto","background-attachment":"scroll","background-type":"","background-media":"","overlay-type":"","overlay-color":"","overlay-opacity":"","overlay-gradient":""},"tablet":{"background-color":"var(--ast-global-color-5)","background-image":"","background-repeat":"repeat","background-position":"center center","background-size":"auto","background-attachment":"scroll","background-type":"","background-media":"","overlay-type":"","overlay-color":"","overlay-opacity":"","overlay-gradient":""},"mobile":{"background-color":"var(--ast-global-color-5)","background-image":"","background-repeat":"repeat","background-position":"center center","background-size":"auto","background-attachment":"scroll","background-type":"","background-media":"","overlay-type":"","overlay-color":"","overlay-opacity":"","overlay-gradient":""}}},"product_brand":[],"product_cat":[90,64],"product_tag":[84],"class_list":{"0":"post-9041","1":"product","2":"type-product","3":"status-publish","4":"has-post-thumbnail","6":"product_cat-janome-overlokid-ja-kattemasinad","7":"product_cat-overlokid-ja-kattemasinad","8":"product_tag-janome","9":"desktop-align-left","10":"tablet-align-left","11":"mobile-align-left","13":"first","14":"outofstock","15":"taxable","16":"shipping-taxable","17":"purchasable","18":"product-type-simple"},"yoast_head":"<!-- This site is optimized with the Yoast SEO plugin v26.1.1 - https:\/\/yoast.com\/wordpress\/plugins\/seo\/ -->\n<title>Janome AT2000D overlok - K\u00f5ikide mugavustega t\u00f6\u00f6riist<\/title>\n<meta name=\"description\" content=\"Janome AT2000D on uus ja kaasaegne overlok. K\u00f5ikide mugavustega t\u00f6\u00f6riist, millel on ka kiirniidistus surve\u00f5huga. Overlok sobib koju, ateljeesse kui ka kooli t\u00fctarlaste k\u00e4sit\u00f6\u00f6klassi. Tee overloki niidistamine endale lihtsamaks ja osta kaasaja standarditele vastav tehnika. Janome on maailma suurim kodu\u00f5mblusmasinate tootja.\" \/>\n<meta name=\"robots\" content=\"index, follow, max-snippet:-1, max-image-preview:large, max-video-preview:-1\" \/>\n<link rel=\"canonical\" href=\"https:\/\/marevik.ee\/test\/toode\/janome-at2000d\/\" \/>\n<meta property=\"og:locale\" content=\"en_US\" \/>\n<meta property=\"og:type\" content=\"article\" \/>\n<meta property=\"og:title\" content=\"Janome AT2000D overlok - K\u00f5ikide mugavustega t\u00f6\u00f6riist\" \/>\n<meta property=\"og:description\" content=\"Janome AT2000D on uus ja kaasaegne overlok. K\u00f5ikide mugavustega t\u00f6\u00f6riist, millel on ka kiirniidistus surve\u00f5huga. Overlok sobib koju, ateljeesse kui ka kooli t\u00fctarlaste k\u00e4sit\u00f6\u00f6klassi. Tee overloki niidistamine endale lihtsamaks ja osta kaasaja standarditele vastav tehnika. Janome on maailma suurim kodu\u00f5mblusmasinate tootja.\" \/>\n<meta property=\"og:url\" content=\"https:\/\/marevik.ee\/test\/toode\/janome-at2000d\/\" \/>\n<meta property=\"og:site_name\" content=\"Marevik O&Uuml;\" \/>\n<meta property=\"article:modified_time\" content=\"2025-10-22T08:56:37+00:00\" \/>\n<meta property=\"og:image\" content=\"https:\/\/marevik.ee\/test\/wp-content\/uploads\/2021\/03\/AT2000D.jpg\" \/>\n\t<meta property=\"og:image:width\" content=\"1000\" \/>\n\t<meta property=\"og:image:height\" content=\"1000\" \/>\n\t<meta property=\"og:image:type\" content=\"image\/jpeg\" \/>\n<meta name=\"twitter:card\" content=\"summary_large_image\" \/>\n<meta name=\"twitter:label1\" content=\"Est. reading time\" \/>\n\t<meta name=\"twitter:data1\" content=\"1 minute\" \/>\n<script type=\"application\/ld+json\" class=\"yoast-schema-graph\">{\"@context\":\"https:\/\/schema.org\",\"@graph\":[{\"@type\":\"WebPage\",\"@id\":\"https:\/\/marevik.ee\/test\/toode\/janome-at2000d\/\",\"url\":\"https:\/\/marevik.ee\/test\/toode\/janome-at2000d\/\",\"name\":\"Janome AT2000D overlok - K\u00f5ikide mugavustega t\u00f6\u00f6riist\",\"isPartOf\":{\"@id\":\"https:\/\/marevik.ee\/test\/#website\"},\"primaryImageOfPage\":{\"@id\":\"https:\/\/marevik.ee\/test\/toode\/janome-at2000d\/#primaryimage\"},\"image\":{\"@id\":\"https:\/\/marevik.ee\/test\/toode\/janome-at2000d\/#primaryimage\"},\"thumbnailUrl\":\"https:\/\/marevik.ee\/test\/wp-content\/uploads\/2021\/03\/AT2000D.jpg\",\"datePublished\":\"2019-04-24T15:02:15+00:00\",\"dateModified\":\"2025-10-22T08:56:37+00:00\",\"description\":\"Janome AT2000D on uus ja kaasaegne overlok. K\u00f5ikide mugavustega t\u00f6\u00f6riist, millel on ka kiirniidistus surve\u00f5huga. Overlok sobib koju, ateljeesse kui ka kooli t\u00fctarlaste k\u00e4sit\u00f6\u00f6klassi. Tee overloki niidistamine endale lihtsamaks ja osta kaasaja standarditele vastav tehnika. Janome on maailma suurim kodu\u00f5mblusmasinate tootja.\",\"breadcrumb\":{\"@id\":\"https:\/\/marevik.ee\/test\/toode\/janome-at2000d\/#breadcrumb\"},\"inLanguage\":\"en\",\"potentialAction\":[{\"@type\":\"ReadAction\",\"target\":[\"https:\/\/marevik.ee\/test\/toode\/janome-at2000d\/\"]}]},{\"@type\":\"ImageObject\",\"inLanguage\":\"en\",\"@id\":\"https:\/\/marevik.ee\/test\/toode\/janome-at2000d\/#primaryimage\",\"url\":\"https:\/\/marevik.ee\/test\/wp-content\/uploads\/2021\/03\/AT2000D.jpg\",\"contentUrl\":\"https:\/\/marevik.ee\/test\/wp-content\/uploads\/2021\/03\/AT2000D.jpg\",\"width\":1000,\"height\":1000,\"caption\":\"Janome AT2000D overlok\"},{\"@type\":\"BreadcrumbList\",\"@id\":\"https:\/\/marevik.ee\/test\/toode\/janome-at2000d\/#breadcrumb\",\"itemListElement\":[{\"@type\":\"ListItem\",\"position\":1,\"name\":\"Home\",\"item\":\"https:\/\/marevik.ee\/test\/\"},{\"@type\":\"ListItem\",\"position\":2,\"name\":\"E-POOD\",\"item\":\"https:\/\/marevik.ee\/test\/epood\/\"},{\"@type\":\"ListItem\",\"position\":3,\"name\":\"Janome AT2000D overlok\"}]},{\"@type\":\"WebSite\",\"@id\":\"https:\/\/marevik.ee\/test\/#website\",\"url\":\"https:\/\/marevik.ee\/test\/\",\"name\":\"Marevik O&Uuml;\",\"description\":\"&Otilde;mblusmasina asjatundja\",\"publisher\":{\"@id\":\"https:\/\/marevik.ee\/test\/#organization\"},\"potentialAction\":[{\"@type\":\"SearchAction\",\"target\":{\"@type\":\"EntryPoint\",\"urlTemplate\":\"https:\/\/marevik.ee\/test\/?s={search_term_string}\"},\"query-input\":{\"@type\":\"PropertyValueSpecification\",\"valueRequired\":true,\"valueName\":\"search_term_string\"}}],\"inLanguage\":\"en\"},{\"@type\":\"Organization\",\"@id\":\"https:\/\/marevik.ee\/test\/#organization\",\"name\":\"Marevik O&Uuml;\",\"url\":\"https:\/\/marevik.ee\/test\/\",\"logo\":{\"@type\":\"ImageObject\",\"inLanguage\":\"en\",\"@id\":\"https:\/\/marevik.ee\/test\/#\/schema\/logo\/image\/\",\"url\":\"https:\/\/marevik.ee\/test\/wp-content\/uploads\/2020\/02\/mblusmasina-asjatundja-1994_173x105_veebi_v-ike.jpg\",\"contentUrl\":\"https:\/\/marevik.ee\/test\/wp-content\/uploads\/2020\/02\/mblusmasina-asjatundja-1994_173x105_veebi_v-ike.jpg\",\"width\":173,\"height\":105,\"caption\":\"Marevik O&Uuml;\"},\"image\":{\"@id\":\"https:\/\/marevik.ee\/test\/#\/schema\/logo\/image\/\"}}]}<\/script>\n<!-- \/ Yoast SEO plugin. -->","yoast_head_json":{"title":"Janome AT2000D overlok - K\u00f5ikide mugavustega t\u00f6\u00f6riist","description":"Janome AT2000D on uus ja kaasaegne overlok. K\u00f5ikide mugavustega t\u00f6\u00f6riist, millel on ka kiirniidistus surve\u00f5huga. Overlok sobib koju, ateljeesse kui ka kooli t\u00fctarlaste k\u00e4sit\u00f6\u00f6klassi. Tee overloki niidistamine endale lihtsamaks ja osta kaasaja standarditele vastav tehnika. Janome on maailma suurim kodu\u00f5mblusmasinate tootja.","robots":{"index":"index","follow":"follow","max-snippet":"max-snippet:-1","max-image-preview":"max-image-preview:large","max-video-preview":"max-video-preview:-1"},"canonical":"https:\/\/marevik.ee\/test\/toode\/janome-at2000d\/","og_locale":"en_US","og_type":"article","og_title":"Janome AT2000D overlok - K\u00f5ikide mugavustega t\u00f6\u00f6riist","og_description":"Janome AT2000D on uus ja kaasaegne overlok. K\u00f5ikide mugavustega t\u00f6\u00f6riist, millel on ka kiirniidistus surve\u00f5huga. Overlok sobib koju, ateljeesse kui ka kooli t\u00fctarlaste k\u00e4sit\u00f6\u00f6klassi. Tee overloki niidistamine endale lihtsamaks ja osta kaasaja standarditele vastav tehnika. Janome on maailma suurim kodu\u00f5mblusmasinate tootja.","og_url":"https:\/\/marevik.ee\/test\/toode\/janome-at2000d\/","og_site_name":"Marevik O&Uuml;","article_modified_time":"2025-10-22T08:56:37+00:00","og_image":[{"width":1000,"height":1000,"url":"https:\/\/marevik.ee\/test\/wp-content\/uploads\/2021\/03\/AT2000D.jpg","type":"image\/jpeg"}],"twitter_card":"summary_large_image","twitter_misc":{"Est. reading time":"1 minute"},"schema":{"@context":"https:\/\/schema.org","@graph":[{"@type":"WebPage","@id":"https:\/\/marevik.ee\/test\/toode\/janome-at2000d\/","url":"https:\/\/marevik.ee\/test\/toode\/janome-at2000d\/","name":"Janome AT2000D overlok - K\u00f5ikide mugavustega t\u00f6\u00f6riist","isPartOf":{"@id":"https:\/\/marevik.ee\/test\/#website"},"primaryImageOfPage":{"@id":"https:\/\/marevik.ee\/test\/toode\/janome-at2000d\/#primaryimage"},"image":{"@id":"https:\/\/marevik.ee\/test\/toode\/janome-at2000d\/#primaryimage"},"thumbnailUrl":"https:\/\/marevik.ee\/test\/wp-content\/uploads\/2021\/03\/AT2000D.jpg","datePublished":"2019-04-24T15:02:15+00:00","dateModified":"2025-10-22T08:56:37+00:00","description":"Janome AT2000D on uus ja kaasaegne overlok. K\u00f5ikide mugavustega t\u00f6\u00f6riist, millel on ka kiirniidistus surve\u00f5huga. Overlok sobib koju, ateljeesse kui ka kooli t\u00fctarlaste k\u00e4sit\u00f6\u00f6klassi. Tee overloki niidistamine endale lihtsamaks ja osta kaasaja standarditele vastav tehnika. Janome on maailma suurim kodu\u00f5mblusmasinate tootja.","breadcrumb":{"@id":"https:\/\/marevik.ee\/test\/toode\/janome-at2000d\/#breadcrumb"},"inLanguage":"en","potentialAction":[{"@type":"ReadAction","target":["https:\/\/marevik.ee\/test\/toode\/janome-at2000d\/"]}]},{"@type":"ImageObject","inLanguage":"en","@id":"https:\/\/marevik.ee\/test\/toode\/janome-at2000d\/#primaryimage","url":"https:\/\/marevik.ee\/test\/wp-content\/uploads\/2021\/03\/AT2000D.jpg","contentUrl":"https:\/\/marevik.ee\/test\/wp-content\/uploads\/2021\/03\/AT2000D.jpg","width":1000,"height":1000,"caption":"Janome AT2000D overlok"},{"@type":"BreadcrumbList","@id":"https:\/\/marevik.ee\/test\/toode\/janome-at2000d\/#breadcrumb","itemListElement":[{"@type":"ListItem","position":1,"name":"Home","item":"https:\/\/marevik.ee\/test\/"},{"@type":"ListItem","position":2,"name":"E-POOD","item":"https:\/\/marevik.ee\/test\/epood\/"},{"@type":"ListItem","position":3,"name":"Janome AT2000D overlok"}]},{"@type":"WebSite","@id":"https:\/\/marevik.ee\/test\/#website","url":"https:\/\/marevik.ee\/test\/","name":"Marevik O&Uuml;","description":"&Otilde;mblusmasina asjatundja","publisher":{"@id":"https:\/\/marevik.ee\/test\/#organization"},"potentialAction":[{"@type":"SearchAction","target":{"@type":"EntryPoint","urlTemplate":"https:\/\/marevik.ee\/test\/?s={search_term_string}"},"query-input":{"@type":"PropertyValueSpecification","valueRequired":true,"valueName":"search_term_string"}}],"inLanguage":"en"},{"@type":"Organization","@id":"https:\/\/marevik.ee\/test\/#organization","name":"Marevik O&Uuml;","url":"https:\/\/marevik.ee\/test\/","logo":{"@type":"ImageObject","inLanguage":"en","@id":"https:\/\/marevik.ee\/test\/#\/schema\/logo\/image\/","url":"https:\/\/marevik.ee\/test\/wp-content\/uploads\/2020\/02\/mblusmasina-asjatundja-1994_173x105_veebi_v-ike.jpg","contentUrl":"https:\/\/marevik.ee\/test\/wp-content\/uploads\/2020\/02\/mblusmasina-asjatundja-1994_173x105_veebi_v-ike.jpg","width":173,"height":105,"caption":"Marevik O&Uuml;"},"image":{"@id":"https:\/\/marevik.ee\/test\/#\/schema\/logo\/image\/"}}]}},"_links":{"self":[{"href":"https:\/\/marevik.ee\/test\/wp-json\/wp\/v2\/product\/9041","targetHints":{"allow":["GET"]}}],"collection":[{"href":"https:\/\/marevik.ee\/test\/wp-json\/wp\/v2\/product"}],"about":[{"href":"https:\/\/marevik.ee\/test\/wp-json\/wp\/v2\/types\/product"}],"wp:featuredmedia":[{"embeddable":true,"href":"https:\/\/marevik.ee\/test\/wp-json\/wp\/v2\/media\/9042"}],"wp:attachment":[{"href":"https:\/\/marevik.ee\/test\/wp-json\/wp\/v2\/media?parent=9041"}],"wp:term":[{"taxonomy":"product_brand","embeddable":true,"href":"https:\/\/marevik.ee\/test\/wp-json\/wp\/v2\/product_brand?post=9041"},{"taxonomy":"product_cat","embeddable":true,"href":"https:\/\/marevik.ee\/test\/wp-json\/wp\/v2\/product_cat?post=9041"},{"taxonomy":"product_tag","embeddable":true,"href":"https:\/\/marevik.ee\/test\/wp-json\/wp\/v2\/product_tag?post=9041"}],"curies":[{"name":"wp","href":"https:\/\/api.w.org\/{rel}","templated":true}]}}