{"id":9069,"date":"2019-05-10T14:10:32","date_gmt":"2019-05-10T14:10:32","guid":{"rendered":"https:\/\/xn--mblusmasinapood-rsb.ee\/product\/juki-mcs-1500-kattemasin\/"},"modified":"2024-09-16T08:59:51","modified_gmt":"2024-09-16T08:59:51","slug":"juki-mcs-1500-kattemasin","status":"publish","type":"product","link":"https:\/\/marevik.ee\/test\/toode\/juki-mcs-1500-kattemasin\/","title":{"rendered":"Juki MCS-1500 kattemasin"},"content":{"rendered":"<p>&#8211; 3\/4-niidiline 2,5-5mm laiune standardkatte\u00f5mblus: t\u00e4nu alumise niidi erilisele dosaatorile, j\u00e4\u00e4b \u00f5mblus alati veniv<br \/>\n&#8211; 2-niidiline kett\u00f5mblus (Chain-stich) koos spetsiaaltallaga. Kett\u00f5mblus on tavalisest \u00f5mblusmasina\u00f5mblusest elastsem. Kasutatakse kummide, kummipitside, kummikantide jms. \u00f5mblemisel ja ka lihtsalt kanga pinnale disain\u00f5mbluste tegemiseks;<br \/>\n&#8211; piste pikkus kuni 4mm ja presstalla surve reguleeritavad;<br \/>\n&#8211; teisest poolest s\u00f5ltumatu vedrustusega katte\u00f5mbluse-tald. Kuna katte\u00f5mblust tehakse peaaegu alati olukorras, kus poole talla all on kahekordne ja poole talla all \u00fchekordne materjal, siis just sellise ehitusega tald v\u00f5imaldab kangast otse suunata;<br \/>\n&#8211; eriti suure pindalaga veohammastik &#8211; ei esine overloki baasil ehitatud kattemasinatele omast kanga viltuvedamise tavaprobleemi;<br \/>\n&#8211; kvaliteetne mootori\/pedaali komplekt (YDK);<br \/>\n&#8211; valgustus.<br \/>\nMasina komplektis on:<br \/>\n&#8211; n\u00f5elakomplekt<br \/>\n&#8211; niidirullide hoidjad;<br \/>\n&#8211; pintsetid;<br \/>\n&#8211; puhastuspintsel;<br \/>\n&#8211; niidirullide v\u00f5rk;<br \/>\n&#8211; kuuskantv\u00f5ti;<br \/>\n&#8211; tarvikute kott;<br \/>\n&#8211; masina tolmukate.<br \/>\nSoovitame kasutada n\u00f5elasid, mis on spetsiaalselt katte\u00f5mblusmasinatele disainitud. Need n\u00f5elad, tagavad parima v\u00f5imaliku soorituse. <a href=\"https:\/\/marevik.ee\/test\/product\/katteomblusmasina-noelad-nr-90-suk\/\">elx705suk90<\/a> ja <a href=\"https:\/\/marevik.ee\/test\/product\/katteomblusmasina-noelad-trikotaazile-nr-80\/\">elx705suk80<\/a><\/p>\n","protected":false},"excerpt":{"rendered":"<p>Palju kiidetud katte\u00f5mblusmasin Juki MCS-1500 on m\u00fc\u00fcgil ka meil. Vaikne, sujuv ja t\u00f6\u00f6kindel nagu kogu Juki toodang. Kasutades oma projektides kattemasinat, muudad l\u00f5pptulemuse professionaalseks. Sobiva hinnaga Jaapani kvaliteet, kindel t\u00f6\u00f6riist aastak\u00fcmneteks.<\/p>\n","protected":false},"featured_media":16245,"template":"","meta":{"site-sidebar-layout":"default","site-content-layout":"default","ast-site-content-layout":"","site-content-style":"default","site-sidebar-style":"default","ast-global-header-display":"","ast-banner-title-visibility":"","ast-main-header-display":"","ast-hfb-above-header-display":"","ast-hfb-below-header-display":"","ast-hfb-mobile-header-display":"","site-post-title":"","ast-breadcrumbs-content":"","ast-featured-img":"","footer-sml-layout":"","theme-transparent-header-meta":"default","adv-header-id-meta":"","stick-header-meta":"","header-above-stick-meta":"","header-main-stick-meta":"","header-below-stick-meta":"","astra-migrate-meta-layouts":"default","ast-page-background-enabled":"default","ast-page-background-meta":{"desktop":{"background-color":"","background-image":"","background-repeat":"repeat","background-position":"center center","background-size":"auto","background-attachment":"scroll","background-type":"","background-media":"","overlay-type":"","overlay-color":"","overlay-opacity":"","overlay-gradient":""},"tablet":{"background-color":"","background-image":"","background-repeat":"repeat","background-position":"center center","background-size":"auto","background-attachment":"scroll","background-type":"","background-media":"","overlay-type":"","overlay-color":"","overlay-opacity":"","overlay-gradient":""},"mobile":{"background-color":"","background-image":"","background-repeat":"repeat","background-position":"center center","background-size":"auto","background-attachment":"scroll","background-type":"","background-media":"","overlay-type":"","overlay-color":"","overlay-opacity":"","overlay-gradient":""}},"ast-content-background-meta":{"desktop":{"background-color":"var(--ast-global-color-5)","background-image":"","background-repeat":"repeat","background-position":"center center","background-size":"auto","background-attachment":"scroll","background-type":"","background-media":"","overlay-type":"","overlay-color":"","overlay-opacity":"","overlay-gradient":""},"tablet":{"background-color":"var(--ast-global-color-5)","background-image":"","background-repeat":"repeat","background-position":"center center","background-size":"auto","background-attachment":"scroll","background-type":"","background-media":"","overlay-type":"","overlay-color":"","overlay-opacity":"","overlay-gradient":""},"mobile":{"background-color":"var(--ast-global-color-5)","background-image":"","background-repeat":"repeat","background-position":"center center","background-size":"auto","background-attachment":"scroll","background-type":"","background-media":"","overlay-type":"","overlay-color":"","overlay-opacity":"","overlay-gradient":""}}},"product_brand":[],"product_cat":[91,95,64],"product_tag":[92],"class_list":{"0":"post-9069","1":"product","2":"type-product","3":"status-publish","4":"has-post-thumbnail","6":"product_cat-juki-overlokid-ja-kattemasinad","7":"product_cat-katteomblusmasinad","8":"product_cat-overlokid-ja-kattemasinad","9":"product_tag-juki","10":"desktop-align-left","11":"tablet-align-left","12":"mobile-align-left","14":"first","15":"instock","16":"taxable","17":"shipping-taxable","18":"purchasable","19":"product-type-simple"},"yoast_head":"<!-- This site is optimized with the Yoast SEO plugin v26.1.1 - https:\/\/yoast.com\/wordpress\/plugins\/seo\/ -->\n<title>Juki MCS-1500 kattemasin - Palju kiidetud katte\u00f5mblusmasin<\/title>\n<meta name=\"description\" content=\"Palju kiidetud katte\u00f5mblusmasin Juki MCS-1500 on m\u00fc\u00fcgil ka meil. Vaikne, sujuv ja t\u00f6\u00f6kindel nagu kogu Juki toodang. Kasutades oma projektides kattemasinat, muudad l\u00f5pptulemuse professionaalseks. Sobiva hinnaga Jaapani kvaliteet, kindel t\u00f6\u00f6riist aastak\u00fcmneteks.\" \/>\n<meta name=\"robots\" content=\"index, follow, max-snippet:-1, max-image-preview:large, max-video-preview:-1\" \/>\n<link rel=\"canonical\" href=\"https:\/\/marevik.ee\/test\/toode\/juki-mcs-1500-kattemasin\/\" \/>\n<meta property=\"og:locale\" content=\"en_US\" \/>\n<meta property=\"og:type\" content=\"article\" \/>\n<meta property=\"og:title\" content=\"Juki MCS-1500 kattemasin - Palju kiidetud katte\u00f5mblusmasin\" \/>\n<meta property=\"og:description\" content=\"Palju kiidetud katte\u00f5mblusmasin Juki MCS-1500 on m\u00fc\u00fcgil ka meil. Vaikne, sujuv ja t\u00f6\u00f6kindel nagu kogu Juki toodang. Kasutades oma projektides kattemasinat, muudad l\u00f5pptulemuse professionaalseks. Sobiva hinnaga Jaapani kvaliteet, kindel t\u00f6\u00f6riist aastak\u00fcmneteks.\" \/>\n<meta property=\"og:url\" content=\"https:\/\/marevik.ee\/test\/toode\/juki-mcs-1500-kattemasin\/\" \/>\n<meta property=\"og:site_name\" content=\"Marevik O&Uuml;\" \/>\n<meta property=\"article:modified_time\" content=\"2024-09-16T08:59:51+00:00\" \/>\n<meta property=\"og:image\" content=\"https:\/\/marevik.ee\/test\/wp-content\/uploads\/2019\/05\/Juki-MCS-1500_1.jpg\" \/>\n\t<meta property=\"og:image:width\" content=\"500\" \/>\n\t<meta property=\"og:image:height\" content=\"500\" \/>\n\t<meta property=\"og:image:type\" content=\"image\/jpeg\" \/>\n<meta name=\"twitter:card\" content=\"summary_large_image\" \/>\n<meta name=\"twitter:label1\" content=\"Est. reading time\" \/>\n\t<meta name=\"twitter:data1\" content=\"1 minute\" \/>\n<script type=\"application\/ld+json\" class=\"yoast-schema-graph\">{\"@context\":\"https:\/\/schema.org\",\"@graph\":[{\"@type\":\"WebPage\",\"@id\":\"https:\/\/marevik.ee\/test\/toode\/juki-mcs-1500-kattemasin\/\",\"url\":\"https:\/\/marevik.ee\/test\/toode\/juki-mcs-1500-kattemasin\/\",\"name\":\"Juki MCS-1500 kattemasin - Palju kiidetud katte\u00f5mblusmasin\",\"isPartOf\":{\"@id\":\"https:\/\/marevik.ee\/test\/#website\"},\"primaryImageOfPage\":{\"@id\":\"https:\/\/marevik.ee\/test\/toode\/juki-mcs-1500-kattemasin\/#primaryimage\"},\"image\":{\"@id\":\"https:\/\/marevik.ee\/test\/toode\/juki-mcs-1500-kattemasin\/#primaryimage\"},\"thumbnailUrl\":\"https:\/\/marevik.ee\/test\/wp-content\/uploads\/2019\/05\/Juki-MCS-1500_1.jpg\",\"datePublished\":\"2019-05-10T14:10:32+00:00\",\"dateModified\":\"2024-09-16T08:59:51+00:00\",\"description\":\"Palju kiidetud katte\u00f5mblusmasin Juki MCS-1500 on m\u00fc\u00fcgil ka meil. Vaikne, sujuv ja t\u00f6\u00f6kindel nagu kogu Juki toodang. Kasutades oma projektides kattemasinat, muudad l\u00f5pptulemuse professionaalseks. Sobiva hinnaga Jaapani kvaliteet, kindel t\u00f6\u00f6riist aastak\u00fcmneteks.\",\"breadcrumb\":{\"@id\":\"https:\/\/marevik.ee\/test\/toode\/juki-mcs-1500-kattemasin\/#breadcrumb\"},\"inLanguage\":\"en\",\"potentialAction\":[{\"@type\":\"ReadAction\",\"target\":[\"https:\/\/marevik.ee\/test\/toode\/juki-mcs-1500-kattemasin\/\"]}]},{\"@type\":\"ImageObject\",\"inLanguage\":\"en\",\"@id\":\"https:\/\/marevik.ee\/test\/toode\/juki-mcs-1500-kattemasin\/#primaryimage\",\"url\":\"https:\/\/marevik.ee\/test\/wp-content\/uploads\/2019\/05\/Juki-MCS-1500_1.jpg\",\"contentUrl\":\"https:\/\/marevik.ee\/test\/wp-content\/uploads\/2019\/05\/Juki-MCS-1500_1.jpg\",\"width\":500,\"height\":500},{\"@type\":\"BreadcrumbList\",\"@id\":\"https:\/\/marevik.ee\/test\/toode\/juki-mcs-1500-kattemasin\/#breadcrumb\",\"itemListElement\":[{\"@type\":\"ListItem\",\"position\":1,\"name\":\"Home\",\"item\":\"https:\/\/marevik.ee\/test\/\"},{\"@type\":\"ListItem\",\"position\":2,\"name\":\"E-POOD\",\"item\":\"https:\/\/marevik.ee\/test\/epood\/\"},{\"@type\":\"ListItem\",\"position\":3,\"name\":\"Juki MCS-1500 kattemasin\"}]},{\"@type\":\"WebSite\",\"@id\":\"https:\/\/marevik.ee\/test\/#website\",\"url\":\"https:\/\/marevik.ee\/test\/\",\"name\":\"Marevik O&Uuml;\",\"description\":\"&Otilde;mblusmasina asjatundja\",\"publisher\":{\"@id\":\"https:\/\/marevik.ee\/test\/#organization\"},\"potentialAction\":[{\"@type\":\"SearchAction\",\"target\":{\"@type\":\"EntryPoint\",\"urlTemplate\":\"https:\/\/marevik.ee\/test\/?s={search_term_string}\"},\"query-input\":{\"@type\":\"PropertyValueSpecification\",\"valueRequired\":true,\"valueName\":\"search_term_string\"}}],\"inLanguage\":\"en\"},{\"@type\":\"Organization\",\"@id\":\"https:\/\/marevik.ee\/test\/#organization\",\"name\":\"Marevik O&Uuml;\",\"url\":\"https:\/\/marevik.ee\/test\/\",\"logo\":{\"@type\":\"ImageObject\",\"inLanguage\":\"en\",\"@id\":\"https:\/\/marevik.ee\/test\/#\/schema\/logo\/image\/\",\"url\":\"https:\/\/marevik.ee\/test\/wp-content\/uploads\/2020\/02\/mblusmasina-asjatundja-1994_173x105_veebi_v-ike.jpg\",\"contentUrl\":\"https:\/\/marevik.ee\/test\/wp-content\/uploads\/2020\/02\/mblusmasina-asjatundja-1994_173x105_veebi_v-ike.jpg\",\"width\":173,\"height\":105,\"caption\":\"Marevik O&Uuml;\"},\"image\":{\"@id\":\"https:\/\/marevik.ee\/test\/#\/schema\/logo\/image\/\"}}]}<\/script>\n<!-- \/ Yoast SEO plugin. -->","yoast_head_json":{"title":"Juki MCS-1500 kattemasin - Palju kiidetud katte\u00f5mblusmasin","description":"Palju kiidetud katte\u00f5mblusmasin Juki MCS-1500 on m\u00fc\u00fcgil ka meil. Vaikne, sujuv ja t\u00f6\u00f6kindel nagu kogu Juki toodang. Kasutades oma projektides kattemasinat, muudad l\u00f5pptulemuse professionaalseks. Sobiva hinnaga Jaapani kvaliteet, kindel t\u00f6\u00f6riist aastak\u00fcmneteks.","robots":{"index":"index","follow":"follow","max-snippet":"max-snippet:-1","max-image-preview":"max-image-preview:large","max-video-preview":"max-video-preview:-1"},"canonical":"https:\/\/marevik.ee\/test\/toode\/juki-mcs-1500-kattemasin\/","og_locale":"en_US","og_type":"article","og_title":"Juki MCS-1500 kattemasin - Palju kiidetud katte\u00f5mblusmasin","og_description":"Palju kiidetud katte\u00f5mblusmasin Juki MCS-1500 on m\u00fc\u00fcgil ka meil. Vaikne, sujuv ja t\u00f6\u00f6kindel nagu kogu Juki toodang. Kasutades oma projektides kattemasinat, muudad l\u00f5pptulemuse professionaalseks. Sobiva hinnaga Jaapani kvaliteet, kindel t\u00f6\u00f6riist aastak\u00fcmneteks.","og_url":"https:\/\/marevik.ee\/test\/toode\/juki-mcs-1500-kattemasin\/","og_site_name":"Marevik O&Uuml;","article_modified_time":"2024-09-16T08:59:51+00:00","og_image":[{"width":500,"height":500,"url":"https:\/\/marevik.ee\/test\/wp-content\/uploads\/2019\/05\/Juki-MCS-1500_1.jpg","type":"image\/jpeg"}],"twitter_card":"summary_large_image","twitter_misc":{"Est. reading time":"1 minute"},"schema":{"@context":"https:\/\/schema.org","@graph":[{"@type":"WebPage","@id":"https:\/\/marevik.ee\/test\/toode\/juki-mcs-1500-kattemasin\/","url":"https:\/\/marevik.ee\/test\/toode\/juki-mcs-1500-kattemasin\/","name":"Juki MCS-1500 kattemasin - Palju kiidetud katte\u00f5mblusmasin","isPartOf":{"@id":"https:\/\/marevik.ee\/test\/#website"},"primaryImageOfPage":{"@id":"https:\/\/marevik.ee\/test\/toode\/juki-mcs-1500-kattemasin\/#primaryimage"},"image":{"@id":"https:\/\/marevik.ee\/test\/toode\/juki-mcs-1500-kattemasin\/#primaryimage"},"thumbnailUrl":"https:\/\/marevik.ee\/test\/wp-content\/uploads\/2019\/05\/Juki-MCS-1500_1.jpg","datePublished":"2019-05-10T14:10:32+00:00","dateModified":"2024-09-16T08:59:51+00:00","description":"Palju kiidetud katte\u00f5mblusmasin Juki MCS-1500 on m\u00fc\u00fcgil ka meil. Vaikne, sujuv ja t\u00f6\u00f6kindel nagu kogu Juki toodang. Kasutades oma projektides kattemasinat, muudad l\u00f5pptulemuse professionaalseks. Sobiva hinnaga Jaapani kvaliteet, kindel t\u00f6\u00f6riist aastak\u00fcmneteks.","breadcrumb":{"@id":"https:\/\/marevik.ee\/test\/toode\/juki-mcs-1500-kattemasin\/#breadcrumb"},"inLanguage":"en","potentialAction":[{"@type":"ReadAction","target":["https:\/\/marevik.ee\/test\/toode\/juki-mcs-1500-kattemasin\/"]}]},{"@type":"ImageObject","inLanguage":"en","@id":"https:\/\/marevik.ee\/test\/toode\/juki-mcs-1500-kattemasin\/#primaryimage","url":"https:\/\/marevik.ee\/test\/wp-content\/uploads\/2019\/05\/Juki-MCS-1500_1.jpg","contentUrl":"https:\/\/marevik.ee\/test\/wp-content\/uploads\/2019\/05\/Juki-MCS-1500_1.jpg","width":500,"height":500},{"@type":"BreadcrumbList","@id":"https:\/\/marevik.ee\/test\/toode\/juki-mcs-1500-kattemasin\/#breadcrumb","itemListElement":[{"@type":"ListItem","position":1,"name":"Home","item":"https:\/\/marevik.ee\/test\/"},{"@type":"ListItem","position":2,"name":"E-POOD","item":"https:\/\/marevik.ee\/test\/epood\/"},{"@type":"ListItem","position":3,"name":"Juki MCS-1500 kattemasin"}]},{"@type":"WebSite","@id":"https:\/\/marevik.ee\/test\/#website","url":"https:\/\/marevik.ee\/test\/","name":"Marevik O&Uuml;","description":"&Otilde;mblusmasina asjatundja","publisher":{"@id":"https:\/\/marevik.ee\/test\/#organization"},"potentialAction":[{"@type":"SearchAction","target":{"@type":"EntryPoint","urlTemplate":"https:\/\/marevik.ee\/test\/?s={search_term_string}"},"query-input":{"@type":"PropertyValueSpecification","valueRequired":true,"valueName":"search_term_string"}}],"inLanguage":"en"},{"@type":"Organization","@id":"https:\/\/marevik.ee\/test\/#organization","name":"Marevik O&Uuml;","url":"https:\/\/marevik.ee\/test\/","logo":{"@type":"ImageObject","inLanguage":"en","@id":"https:\/\/marevik.ee\/test\/#\/schema\/logo\/image\/","url":"https:\/\/marevik.ee\/test\/wp-content\/uploads\/2020\/02\/mblusmasina-asjatundja-1994_173x105_veebi_v-ike.jpg","contentUrl":"https:\/\/marevik.ee\/test\/wp-content\/uploads\/2020\/02\/mblusmasina-asjatundja-1994_173x105_veebi_v-ike.jpg","width":173,"height":105,"caption":"Marevik O&Uuml;"},"image":{"@id":"https:\/\/marevik.ee\/test\/#\/schema\/logo\/image\/"}}]}},"_links":{"self":[{"href":"https:\/\/marevik.ee\/test\/wp-json\/wp\/v2\/product\/9069","targetHints":{"allow":["GET"]}}],"collection":[{"href":"https:\/\/marevik.ee\/test\/wp-json\/wp\/v2\/product"}],"about":[{"href":"https:\/\/marevik.ee\/test\/wp-json\/wp\/v2\/types\/product"}],"wp:featuredmedia":[{"embeddable":true,"href":"https:\/\/marevik.ee\/test\/wp-json\/wp\/v2\/media\/16245"}],"wp:attachment":[{"href":"https:\/\/marevik.ee\/test\/wp-json\/wp\/v2\/media?parent=9069"}],"wp:term":[{"taxonomy":"product_brand","embeddable":true,"href":"https:\/\/marevik.ee\/test\/wp-json\/wp\/v2\/product_brand?post=9069"},{"taxonomy":"product_cat","embeddable":true,"href":"https:\/\/marevik.ee\/test\/wp-json\/wp\/v2\/product_cat?post=9069"},{"taxonomy":"product_tag","embeddable":true,"href":"https:\/\/marevik.ee\/test\/wp-json\/wp\/v2\/product_tag?post=9069"}],"curies":[{"name":"wp","href":"https:\/\/api.w.org\/{rel}","templated":true}]}}