{"id":9104,"date":"2019-05-29T15:18:41","date_gmt":"2019-05-29T15:18:41","guid":{"rendered":"https:\/\/xn--mblusmasinapood-rsb.ee\/product\/lamp-omblusmasinale-e14-keermega-2w-led-150lm\/"},"modified":"2023-08-14T10:14:55","modified_gmt":"2023-08-14T10:14:55","slug":"lamp-omblusmasinale-e14-keermega-2w-led-150lm","status":"publish","type":"product","link":"https:\/\/marevik.ee\/test\/toode\/lamp-omblusmasinale-e14-keermega-2w-led-150lm\/","title":{"rendered":"Lamp \u00f5mblusmasinale E14 keermega 2W LED 150lm"},"content":{"rendered":"","protected":false},"excerpt":{"rendered":"<p>LED lamp on kirkam ja valgem valgus, kordades pikema kasutuseaga. K\u00f5ige olulisem on et masin vibreerib \u00f5mmeldes ja tavalise pirni h\u00f5\u00f5gniidi eluiga on l\u00fchike.\u00a0 Seevastu LED ei karda vibratsiooni.\u00a0Lamp sobib valdavasse enamusse E14 soklit kasutatavatesse masinatesse.<\/p>\n","protected":false},"featured_media":9105,"template":"","meta":{"site-sidebar-layout":"default","site-content-layout":"default","ast-site-content-layout":"","site-content-style":"default","site-sidebar-style":"default","ast-global-header-display":"","ast-banner-title-visibility":"","ast-main-header-display":"","ast-hfb-above-header-display":"","ast-hfb-below-header-display":"","ast-hfb-mobile-header-display":"","site-post-title":"","ast-breadcrumbs-content":"","ast-featured-img":"","footer-sml-layout":"","theme-transparent-header-meta":"default","adv-header-id-meta":"","stick-header-meta":"","header-above-stick-meta":"","header-main-stick-meta":"","header-below-stick-meta":"","astra-migrate-meta-layouts":"default","ast-page-background-enabled":"default","ast-page-background-meta":{"desktop":{"background-color":"","background-image":"","background-repeat":"repeat","background-position":"center center","background-size":"auto","background-attachment":"scroll","background-type":"","background-media":"","overlay-type":"","overlay-color":"","overlay-opacity":"","overlay-gradient":""},"tablet":{"background-color":"","background-image":"","background-repeat":"repeat","background-position":"center center","background-size":"auto","background-attachment":"scroll","background-type":"","background-media":"","overlay-type":"","overlay-color":"","overlay-opacity":"","overlay-gradient":""},"mobile":{"background-color":"","background-image":"","background-repeat":"repeat","background-position":"center center","background-size":"auto","background-attachment":"scroll","background-type":"","background-media":"","overlay-type":"","overlay-color":"","overlay-opacity":"","overlay-gradient":""}},"ast-content-background-meta":{"desktop":{"background-color":"var(--ast-global-color-5)","background-image":"","background-repeat":"repeat","background-position":"center center","background-size":"auto","background-attachment":"scroll","background-type":"","background-media":"","overlay-type":"","overlay-color":"","overlay-opacity":"","overlay-gradient":""},"tablet":{"background-color":"var(--ast-global-color-5)","background-image":"","background-repeat":"repeat","background-position":"center center","background-size":"auto","background-attachment":"scroll","background-type":"","background-media":"","overlay-type":"","overlay-color":"","overlay-opacity":"","overlay-gradient":""},"mobile":{"background-color":"var(--ast-global-color-5)","background-image":"","background-repeat":"repeat","background-position":"center center","background-size":"auto","background-attachment":"scroll","background-type":"","background-media":"","overlay-type":"","overlay-color":"","overlay-opacity":"","overlay-gradient":""}}},"product_brand":[],"product_cat":[66,76],"product_tag":[85],"class_list":{"0":"post-9104","1":"product","2":"type-product","3":"status-publish","4":"has-post-thumbnail","6":"product_cat-lisatarvikud","7":"product_cat-varuosad-ja-lisad","8":"product_tag-brother","9":"desktop-align-left","10":"tablet-align-left","11":"mobile-align-left","13":"first","14":"instock","15":"taxable","16":"shipping-taxable","17":"purchasable","18":"product-type-simple"},"yoast_head":"<!-- This site is optimized with the Yoast SEO plugin v26.1.1 - https:\/\/yoast.com\/wordpress\/plugins\/seo\/ -->\n<title>Lamp \u00f5mblusmasinale E14 keermega 2W LED 150lm<\/title>\n<meta name=\"description\" content=\"\u00d5mblusmasina Asjatundja pakub laias valikus \u00f5mblusmasinaid tuntud tootjatelt, Janome, Brother, Juki, Bernina. Asume Tallinnas, Stokmann kaubamaja vastas.\" \/>\n<meta name=\"robots\" content=\"index, follow, max-snippet:-1, max-image-preview:large, max-video-preview:-1\" \/>\n<link rel=\"canonical\" href=\"https:\/\/marevik.ee\/test\/toode\/lamp-omblusmasinale-e14-keermega-2w-led-150lm\/\" \/>\n<meta property=\"og:locale\" content=\"en_US\" \/>\n<meta property=\"og:type\" content=\"article\" \/>\n<meta property=\"og:title\" content=\"Lamp \u00f5mblusmasinale E14 keermega 2W LED 150lm\" \/>\n<meta property=\"og:description\" content=\"\u00d5mblusmasina Asjatundja pakub laias valikus \u00f5mblusmasinaid tuntud tootjatelt, Janome, Brother, Juki, Bernina. Asume Tallinnas, Stokmann kaubamaja vastas.\" \/>\n<meta property=\"og:url\" content=\"https:\/\/marevik.ee\/test\/toode\/lamp-omblusmasinale-e14-keermega-2w-led-150lm\/\" \/>\n<meta property=\"og:site_name\" content=\"Marevik O&Uuml;\" \/>\n<meta property=\"article:modified_time\" content=\"2023-08-14T10:14:55+00:00\" \/>\n<meta property=\"og:image\" content=\"https:\/\/marevik.ee\/test\/wp-content\/uploads\/2021\/03\/LampLED-E14.jpg\" \/>\n\t<meta property=\"og:image:width\" content=\"500\" \/>\n\t<meta property=\"og:image:height\" content=\"500\" \/>\n\t<meta property=\"og:image:type\" content=\"image\/jpeg\" \/>\n<meta name=\"twitter:card\" content=\"summary_large_image\" \/>\n<script type=\"application\/ld+json\" class=\"yoast-schema-graph\">{\"@context\":\"https:\/\/schema.org\",\"@graph\":[{\"@type\":\"WebPage\",\"@id\":\"https:\/\/marevik.ee\/test\/toode\/lamp-omblusmasinale-e14-keermega-2w-led-150lm\/\",\"url\":\"https:\/\/marevik.ee\/test\/toode\/lamp-omblusmasinale-e14-keermega-2w-led-150lm\/\",\"name\":\"Lamp \u00f5mblusmasinale E14 keermega 2W LED 150lm\",\"isPartOf\":{\"@id\":\"https:\/\/marevik.ee\/test\/#website\"},\"primaryImageOfPage\":{\"@id\":\"https:\/\/marevik.ee\/test\/toode\/lamp-omblusmasinale-e14-keermega-2w-led-150lm\/#primaryimage\"},\"image\":{\"@id\":\"https:\/\/marevik.ee\/test\/toode\/lamp-omblusmasinale-e14-keermega-2w-led-150lm\/#primaryimage\"},\"thumbnailUrl\":\"https:\/\/marevik.ee\/test\/wp-content\/uploads\/2021\/03\/LampLED-E14.jpg\",\"datePublished\":\"2019-05-29T15:18:41+00:00\",\"dateModified\":\"2023-08-14T10:14:55+00:00\",\"description\":\"\u00d5mblusmasina Asjatundja pakub laias valikus \u00f5mblusmasinaid tuntud tootjatelt, Janome, Brother, Juki, Bernina. Asume Tallinnas, Stokmann kaubamaja vastas.\",\"breadcrumb\":{\"@id\":\"https:\/\/marevik.ee\/test\/toode\/lamp-omblusmasinale-e14-keermega-2w-led-150lm\/#breadcrumb\"},\"inLanguage\":\"en\",\"potentialAction\":[{\"@type\":\"ReadAction\",\"target\":[\"https:\/\/marevik.ee\/test\/toode\/lamp-omblusmasinale-e14-keermega-2w-led-150lm\/\"]}]},{\"@type\":\"ImageObject\",\"inLanguage\":\"en\",\"@id\":\"https:\/\/marevik.ee\/test\/toode\/lamp-omblusmasinale-e14-keermega-2w-led-150lm\/#primaryimage\",\"url\":\"https:\/\/marevik.ee\/test\/wp-content\/uploads\/2021\/03\/LampLED-E14.jpg\",\"contentUrl\":\"https:\/\/marevik.ee\/test\/wp-content\/uploads\/2021\/03\/LampLED-E14.jpg\",\"width\":500,\"height\":500,\"caption\":\"Lamp \u00f5mblusmasinale E14 keermega 2W LED 150lm\"},{\"@type\":\"BreadcrumbList\",\"@id\":\"https:\/\/marevik.ee\/test\/toode\/lamp-omblusmasinale-e14-keermega-2w-led-150lm\/#breadcrumb\",\"itemListElement\":[{\"@type\":\"ListItem\",\"position\":1,\"name\":\"Home\",\"item\":\"https:\/\/marevik.ee\/test\/\"},{\"@type\":\"ListItem\",\"position\":2,\"name\":\"E-POOD\",\"item\":\"https:\/\/marevik.ee\/test\/epood\/\"},{\"@type\":\"ListItem\",\"position\":3,\"name\":\"Lamp \u00f5mblusmasinale E14 keermega 2W LED 150lm\"}]},{\"@type\":\"WebSite\",\"@id\":\"https:\/\/marevik.ee\/test\/#website\",\"url\":\"https:\/\/marevik.ee\/test\/\",\"name\":\"Marevik O&Uuml;\",\"description\":\"&Otilde;mblusmasina asjatundja\",\"publisher\":{\"@id\":\"https:\/\/marevik.ee\/test\/#organization\"},\"potentialAction\":[{\"@type\":\"SearchAction\",\"target\":{\"@type\":\"EntryPoint\",\"urlTemplate\":\"https:\/\/marevik.ee\/test\/?s={search_term_string}\"},\"query-input\":{\"@type\":\"PropertyValueSpecification\",\"valueRequired\":true,\"valueName\":\"search_term_string\"}}],\"inLanguage\":\"en\"},{\"@type\":\"Organization\",\"@id\":\"https:\/\/marevik.ee\/test\/#organization\",\"name\":\"Marevik O&Uuml;\",\"url\":\"https:\/\/marevik.ee\/test\/\",\"logo\":{\"@type\":\"ImageObject\",\"inLanguage\":\"en\",\"@id\":\"https:\/\/marevik.ee\/test\/#\/schema\/logo\/image\/\",\"url\":\"https:\/\/marevik.ee\/test\/wp-content\/uploads\/2020\/02\/mblusmasina-asjatundja-1994_173x105_veebi_v-ike.jpg\",\"contentUrl\":\"https:\/\/marevik.ee\/test\/wp-content\/uploads\/2020\/02\/mblusmasina-asjatundja-1994_173x105_veebi_v-ike.jpg\",\"width\":173,\"height\":105,\"caption\":\"Marevik O&Uuml;\"},\"image\":{\"@id\":\"https:\/\/marevik.ee\/test\/#\/schema\/logo\/image\/\"}}]}<\/script>\n<!-- \/ Yoast SEO plugin. -->","yoast_head_json":{"title":"Lamp \u00f5mblusmasinale E14 keermega 2W LED 150lm","description":"\u00d5mblusmasina Asjatundja pakub laias valikus \u00f5mblusmasinaid tuntud tootjatelt, Janome, Brother, Juki, Bernina. Asume Tallinnas, Stokmann kaubamaja vastas.","robots":{"index":"index","follow":"follow","max-snippet":"max-snippet:-1","max-image-preview":"max-image-preview:large","max-video-preview":"max-video-preview:-1"},"canonical":"https:\/\/marevik.ee\/test\/toode\/lamp-omblusmasinale-e14-keermega-2w-led-150lm\/","og_locale":"en_US","og_type":"article","og_title":"Lamp \u00f5mblusmasinale E14 keermega 2W LED 150lm","og_description":"\u00d5mblusmasina Asjatundja pakub laias valikus \u00f5mblusmasinaid tuntud tootjatelt, Janome, Brother, Juki, Bernina. Asume Tallinnas, Stokmann kaubamaja vastas.","og_url":"https:\/\/marevik.ee\/test\/toode\/lamp-omblusmasinale-e14-keermega-2w-led-150lm\/","og_site_name":"Marevik O&Uuml;","article_modified_time":"2023-08-14T10:14:55+00:00","og_image":[{"width":500,"height":500,"url":"https:\/\/marevik.ee\/test\/wp-content\/uploads\/2021\/03\/LampLED-E14.jpg","type":"image\/jpeg"}],"twitter_card":"summary_large_image","schema":{"@context":"https:\/\/schema.org","@graph":[{"@type":"WebPage","@id":"https:\/\/marevik.ee\/test\/toode\/lamp-omblusmasinale-e14-keermega-2w-led-150lm\/","url":"https:\/\/marevik.ee\/test\/toode\/lamp-omblusmasinale-e14-keermega-2w-led-150lm\/","name":"Lamp \u00f5mblusmasinale E14 keermega 2W LED 150lm","isPartOf":{"@id":"https:\/\/marevik.ee\/test\/#website"},"primaryImageOfPage":{"@id":"https:\/\/marevik.ee\/test\/toode\/lamp-omblusmasinale-e14-keermega-2w-led-150lm\/#primaryimage"},"image":{"@id":"https:\/\/marevik.ee\/test\/toode\/lamp-omblusmasinale-e14-keermega-2w-led-150lm\/#primaryimage"},"thumbnailUrl":"https:\/\/marevik.ee\/test\/wp-content\/uploads\/2021\/03\/LampLED-E14.jpg","datePublished":"2019-05-29T15:18:41+00:00","dateModified":"2023-08-14T10:14:55+00:00","description":"\u00d5mblusmasina Asjatundja pakub laias valikus \u00f5mblusmasinaid tuntud tootjatelt, Janome, Brother, Juki, Bernina. Asume Tallinnas, Stokmann kaubamaja vastas.","breadcrumb":{"@id":"https:\/\/marevik.ee\/test\/toode\/lamp-omblusmasinale-e14-keermega-2w-led-150lm\/#breadcrumb"},"inLanguage":"en","potentialAction":[{"@type":"ReadAction","target":["https:\/\/marevik.ee\/test\/toode\/lamp-omblusmasinale-e14-keermega-2w-led-150lm\/"]}]},{"@type":"ImageObject","inLanguage":"en","@id":"https:\/\/marevik.ee\/test\/toode\/lamp-omblusmasinale-e14-keermega-2w-led-150lm\/#primaryimage","url":"https:\/\/marevik.ee\/test\/wp-content\/uploads\/2021\/03\/LampLED-E14.jpg","contentUrl":"https:\/\/marevik.ee\/test\/wp-content\/uploads\/2021\/03\/LampLED-E14.jpg","width":500,"height":500,"caption":"Lamp \u00f5mblusmasinale E14 keermega 2W LED 150lm"},{"@type":"BreadcrumbList","@id":"https:\/\/marevik.ee\/test\/toode\/lamp-omblusmasinale-e14-keermega-2w-led-150lm\/#breadcrumb","itemListElement":[{"@type":"ListItem","position":1,"name":"Home","item":"https:\/\/marevik.ee\/test\/"},{"@type":"ListItem","position":2,"name":"E-POOD","item":"https:\/\/marevik.ee\/test\/epood\/"},{"@type":"ListItem","position":3,"name":"Lamp \u00f5mblusmasinale E14 keermega 2W LED 150lm"}]},{"@type":"WebSite","@id":"https:\/\/marevik.ee\/test\/#website","url":"https:\/\/marevik.ee\/test\/","name":"Marevik O&Uuml;","description":"&Otilde;mblusmasina asjatundja","publisher":{"@id":"https:\/\/marevik.ee\/test\/#organization"},"potentialAction":[{"@type":"SearchAction","target":{"@type":"EntryPoint","urlTemplate":"https:\/\/marevik.ee\/test\/?s={search_term_string}"},"query-input":{"@type":"PropertyValueSpecification","valueRequired":true,"valueName":"search_term_string"}}],"inLanguage":"en"},{"@type":"Organization","@id":"https:\/\/marevik.ee\/test\/#organization","name":"Marevik O&Uuml;","url":"https:\/\/marevik.ee\/test\/","logo":{"@type":"ImageObject","inLanguage":"en","@id":"https:\/\/marevik.ee\/test\/#\/schema\/logo\/image\/","url":"https:\/\/marevik.ee\/test\/wp-content\/uploads\/2020\/02\/mblusmasina-asjatundja-1994_173x105_veebi_v-ike.jpg","contentUrl":"https:\/\/marevik.ee\/test\/wp-content\/uploads\/2020\/02\/mblusmasina-asjatundja-1994_173x105_veebi_v-ike.jpg","width":173,"height":105,"caption":"Marevik O&Uuml;"},"image":{"@id":"https:\/\/marevik.ee\/test\/#\/schema\/logo\/image\/"}}]}},"_links":{"self":[{"href":"https:\/\/marevik.ee\/test\/wp-json\/wp\/v2\/product\/9104","targetHints":{"allow":["GET"]}}],"collection":[{"href":"https:\/\/marevik.ee\/test\/wp-json\/wp\/v2\/product"}],"about":[{"href":"https:\/\/marevik.ee\/test\/wp-json\/wp\/v2\/types\/product"}],"wp:featuredmedia":[{"embeddable":true,"href":"https:\/\/marevik.ee\/test\/wp-json\/wp\/v2\/media\/9105"}],"wp:attachment":[{"href":"https:\/\/marevik.ee\/test\/wp-json\/wp\/v2\/media?parent=9104"}],"wp:term":[{"taxonomy":"product_brand","embeddable":true,"href":"https:\/\/marevik.ee\/test\/wp-json\/wp\/v2\/product_brand?post=9104"},{"taxonomy":"product_cat","embeddable":true,"href":"https:\/\/marevik.ee\/test\/wp-json\/wp\/v2\/product_cat?post=9104"},{"taxonomy":"product_tag","embeddable":true,"href":"https:\/\/marevik.ee\/test\/wp-json\/wp\/v2\/product_tag?post=9104"}],"curies":[{"name":"wp","href":"https:\/\/api.w.org\/{rel}","templated":true}]}}