{"id":9306,"date":"2019-10-11T12:50:44","date_gmt":"2019-10-11T12:50:44","guid":{"rendered":"https:\/\/xn--mblusmasinapood-rsb.ee\/product\/kantimisseade-neljaks-keerav-48mm-15mm\/"},"modified":"2021-11-10T14:02:29","modified_gmt":"2021-11-10T14:02:29","slug":"kantimisseade-neljaks-keerav-48mm-15mm","status":"publish","type":"product","link":"https:\/\/marevik.ee\/test\/toode\/kantimisseade-neljaks-keerav-48mm-15mm\/","title":{"rendered":"Kantimisseade neljaks keerav 48mm>15mm"},"content":{"rendered":"","protected":false},"excerpt":{"rendered":"<p>Kantimisseade, mis keerab 48 mm. lindi neljaks. Valmiskandi laius j\u00e4\u00e4b tootele 15 mm. laiune. Kantimisseade sobib kasutada uuema t\u00fc\u00fcbi Brother kattemasinatel. Janome ja Elna kattemasinatel on kinnitamiseks vajalik lisaplaadi olemasolu.<\/p>\n","protected":false},"featured_media":9307,"template":"","meta":{"site-sidebar-layout":"default","site-content-layout":"default","ast-site-content-layout":"","site-content-style":"default","site-sidebar-style":"default","ast-global-header-display":"","ast-banner-title-visibility":"","ast-main-header-display":"","ast-hfb-above-header-display":"","ast-hfb-below-header-display":"","ast-hfb-mobile-header-display":"","site-post-title":"","ast-breadcrumbs-content":"","ast-featured-img":"","footer-sml-layout":"","theme-transparent-header-meta":"default","adv-header-id-meta":"","stick-header-meta":"","header-above-stick-meta":"","header-main-stick-meta":"","header-below-stick-meta":"","astra-migrate-meta-layouts":"default","ast-page-background-enabled":"default","ast-page-background-meta":{"desktop":{"background-color":"","background-image":"","background-repeat":"repeat","background-position":"center center","background-size":"auto","background-attachment":"scroll","background-type":"","background-media":"","overlay-type":"","overlay-color":"","overlay-opacity":"","overlay-gradient":""},"tablet":{"background-color":"","background-image":"","background-repeat":"repeat","background-position":"center center","background-size":"auto","background-attachment":"scroll","background-type":"","background-media":"","overlay-type":"","overlay-color":"","overlay-opacity":"","overlay-gradient":""},"mobile":{"background-color":"","background-image":"","background-repeat":"repeat","background-position":"center center","background-size":"auto","background-attachment":"scroll","background-type":"","background-media":"","overlay-type":"","overlay-color":"","overlay-opacity":"","overlay-gradient":""}},"ast-content-background-meta":{"desktop":{"background-color":"var(--ast-global-color-5)","background-image":"","background-repeat":"repeat","background-position":"center center","background-size":"auto","background-attachment":"scroll","background-type":"","background-media":"","overlay-type":"","overlay-color":"","overlay-opacity":"","overlay-gradient":""},"tablet":{"background-color":"var(--ast-global-color-5)","background-image":"","background-repeat":"repeat","background-position":"center center","background-size":"auto","background-attachment":"scroll","background-type":"","background-media":"","overlay-type":"","overlay-color":"","overlay-opacity":"","overlay-gradient":""},"mobile":{"background-color":"var(--ast-global-color-5)","background-image":"","background-repeat":"repeat","background-position":"center center","background-size":"auto","background-attachment":"scroll","background-type":"","background-media":"","overlay-type":"","overlay-color":"","overlay-opacity":"","overlay-gradient":""}}},"product_brand":[],"product_cat":[79,66],"product_tag":[85,84,92],"class_list":{"0":"post-9306","1":"product","2":"type-product","3":"status-publish","4":"has-post-thumbnail","6":"product_cat-kattemasina-lisatarvikud","7":"product_cat-lisatarvikud","8":"product_tag-brother","9":"product_tag-janome","10":"product_tag-juki","11":"desktop-align-left","12":"tablet-align-left","13":"mobile-align-left","15":"first","16":"instock","17":"taxable","18":"shipping-taxable","19":"purchasable","20":"product-type-simple"},"yoast_head":"<!-- This site is optimized with the Yoast SEO plugin v26.1.1 - https:\/\/yoast.com\/wordpress\/plugins\/seo\/ -->\n<title>Kantimisseade neljaks keerav 48mm&gt;15mm - Marevik O&Uuml;<\/title>\n<meta name=\"description\" content=\"Kantimisseade, mis keerab 48 mm. lindi neljaks. Valmiskandi laius j\u00e4\u00e4b tootele 15 mm. laiune. Kantimisseade sobib kasutada uuema t\u00fc\u00fcbi Brother kattemasinatel. Janome ja Elna kattemasinatel on kinnitamiseks vajalik lisaplaadi olemasolu.\" \/>\n<meta name=\"robots\" content=\"index, follow, max-snippet:-1, max-image-preview:large, max-video-preview:-1\" \/>\n<link rel=\"canonical\" href=\"https:\/\/marevik.ee\/test\/toode\/kantimisseade-neljaks-keerav-48mm-15mm\/\" \/>\n<meta property=\"og:locale\" content=\"en_US\" \/>\n<meta property=\"og:type\" content=\"article\" \/>\n<meta property=\"og:title\" content=\"Kantimisseade neljaks keerav 48mm&gt;15mm - Marevik O&Uuml;\" \/>\n<meta property=\"og:description\" content=\"Kantimisseade, mis keerab 48 mm. lindi neljaks. Valmiskandi laius j\u00e4\u00e4b tootele 15 mm. laiune. Kantimisseade sobib kasutada uuema t\u00fc\u00fcbi Brother kattemasinatel. Janome ja Elna kattemasinatel on kinnitamiseks vajalik lisaplaadi olemasolu.\" \/>\n<meta property=\"og:url\" content=\"https:\/\/marevik.ee\/test\/toode\/kantimisseade-neljaks-keerav-48mm-15mm\/\" \/>\n<meta property=\"og:site_name\" content=\"Marevik O&Uuml;\" \/>\n<meta property=\"article:modified_time\" content=\"2021-11-10T14:02:29+00:00\" \/>\n<meta property=\"og:image\" content=\"https:\/\/marevik.ee\/test\/wp-content\/uploads\/2021\/03\/Kantimisseade-48-15mm.jpg\" \/>\n\t<meta property=\"og:image:width\" content=\"700\" \/>\n\t<meta property=\"og:image:height\" content=\"350\" \/>\n\t<meta property=\"og:image:type\" content=\"image\/jpeg\" \/>\n<meta name=\"twitter:card\" content=\"summary_large_image\" \/>\n<script type=\"application\/ld+json\" class=\"yoast-schema-graph\">{\"@context\":\"https:\/\/schema.org\",\"@graph\":[{\"@type\":\"WebPage\",\"@id\":\"https:\/\/marevik.ee\/test\/toode\/kantimisseade-neljaks-keerav-48mm-15mm\/\",\"url\":\"https:\/\/marevik.ee\/test\/toode\/kantimisseade-neljaks-keerav-48mm-15mm\/\",\"name\":\"Kantimisseade neljaks keerav 48mm>15mm - Marevik O&Uuml;\",\"isPartOf\":{\"@id\":\"https:\/\/marevik.ee\/test\/#website\"},\"primaryImageOfPage\":{\"@id\":\"https:\/\/marevik.ee\/test\/toode\/kantimisseade-neljaks-keerav-48mm-15mm\/#primaryimage\"},\"image\":{\"@id\":\"https:\/\/marevik.ee\/test\/toode\/kantimisseade-neljaks-keerav-48mm-15mm\/#primaryimage\"},\"thumbnailUrl\":\"https:\/\/marevik.ee\/test\/wp-content\/uploads\/2021\/03\/Kantimisseade-48-15mm.jpg\",\"datePublished\":\"2019-10-11T12:50:44+00:00\",\"dateModified\":\"2021-11-10T14:02:29+00:00\",\"description\":\"Kantimisseade, mis keerab 48 mm. lindi neljaks. Valmiskandi laius j\u00e4\u00e4b tootele 15 mm. laiune. Kantimisseade sobib kasutada uuema t\u00fc\u00fcbi Brother kattemasinatel. Janome ja Elna kattemasinatel on kinnitamiseks vajalik lisaplaadi olemasolu.\",\"breadcrumb\":{\"@id\":\"https:\/\/marevik.ee\/test\/toode\/kantimisseade-neljaks-keerav-48mm-15mm\/#breadcrumb\"},\"inLanguage\":\"en\",\"potentialAction\":[{\"@type\":\"ReadAction\",\"target\":[\"https:\/\/marevik.ee\/test\/toode\/kantimisseade-neljaks-keerav-48mm-15mm\/\"]}]},{\"@type\":\"ImageObject\",\"inLanguage\":\"en\",\"@id\":\"https:\/\/marevik.ee\/test\/toode\/kantimisseade-neljaks-keerav-48mm-15mm\/#primaryimage\",\"url\":\"https:\/\/marevik.ee\/test\/wp-content\/uploads\/2021\/03\/Kantimisseade-48-15mm.jpg\",\"contentUrl\":\"https:\/\/marevik.ee\/test\/wp-content\/uploads\/2021\/03\/Kantimisseade-48-15mm.jpg\",\"width\":700,\"height\":350,\"caption\":\"Kantimisseade neljaks keerav 48mm>15mm\"},{\"@type\":\"BreadcrumbList\",\"@id\":\"https:\/\/marevik.ee\/test\/toode\/kantimisseade-neljaks-keerav-48mm-15mm\/#breadcrumb\",\"itemListElement\":[{\"@type\":\"ListItem\",\"position\":1,\"name\":\"Home\",\"item\":\"https:\/\/marevik.ee\/test\/\"},{\"@type\":\"ListItem\",\"position\":2,\"name\":\"E-POOD\",\"item\":\"https:\/\/marevik.ee\/test\/epood\/\"},{\"@type\":\"ListItem\",\"position\":3,\"name\":\"Kantimisseade neljaks keerav 48mm>15mm\"}]},{\"@type\":\"WebSite\",\"@id\":\"https:\/\/marevik.ee\/test\/#website\",\"url\":\"https:\/\/marevik.ee\/test\/\",\"name\":\"Marevik O&Uuml;\",\"description\":\"&Otilde;mblusmasina asjatundja\",\"publisher\":{\"@id\":\"https:\/\/marevik.ee\/test\/#organization\"},\"potentialAction\":[{\"@type\":\"SearchAction\",\"target\":{\"@type\":\"EntryPoint\",\"urlTemplate\":\"https:\/\/marevik.ee\/test\/?s={search_term_string}\"},\"query-input\":{\"@type\":\"PropertyValueSpecification\",\"valueRequired\":true,\"valueName\":\"search_term_string\"}}],\"inLanguage\":\"en\"},{\"@type\":\"Organization\",\"@id\":\"https:\/\/marevik.ee\/test\/#organization\",\"name\":\"Marevik O&Uuml;\",\"url\":\"https:\/\/marevik.ee\/test\/\",\"logo\":{\"@type\":\"ImageObject\",\"inLanguage\":\"en\",\"@id\":\"https:\/\/marevik.ee\/test\/#\/schema\/logo\/image\/\",\"url\":\"https:\/\/marevik.ee\/test\/wp-content\/uploads\/2020\/02\/mblusmasina-asjatundja-1994_173x105_veebi_v-ike.jpg\",\"contentUrl\":\"https:\/\/marevik.ee\/test\/wp-content\/uploads\/2020\/02\/mblusmasina-asjatundja-1994_173x105_veebi_v-ike.jpg\",\"width\":173,\"height\":105,\"caption\":\"Marevik O&Uuml;\"},\"image\":{\"@id\":\"https:\/\/marevik.ee\/test\/#\/schema\/logo\/image\/\"}}]}<\/script>\n<!-- \/ Yoast SEO plugin. -->","yoast_head_json":{"title":"Kantimisseade neljaks keerav 48mm>15mm - Marevik O&Uuml;","description":"Kantimisseade, mis keerab 48 mm. lindi neljaks. Valmiskandi laius j\u00e4\u00e4b tootele 15 mm. laiune. Kantimisseade sobib kasutada uuema t\u00fc\u00fcbi Brother kattemasinatel. Janome ja Elna kattemasinatel on kinnitamiseks vajalik lisaplaadi olemasolu.","robots":{"index":"index","follow":"follow","max-snippet":"max-snippet:-1","max-image-preview":"max-image-preview:large","max-video-preview":"max-video-preview:-1"},"canonical":"https:\/\/marevik.ee\/test\/toode\/kantimisseade-neljaks-keerav-48mm-15mm\/","og_locale":"en_US","og_type":"article","og_title":"Kantimisseade neljaks keerav 48mm>15mm - Marevik O&Uuml;","og_description":"Kantimisseade, mis keerab 48 mm. lindi neljaks. Valmiskandi laius j\u00e4\u00e4b tootele 15 mm. laiune. Kantimisseade sobib kasutada uuema t\u00fc\u00fcbi Brother kattemasinatel. Janome ja Elna kattemasinatel on kinnitamiseks vajalik lisaplaadi olemasolu.","og_url":"https:\/\/marevik.ee\/test\/toode\/kantimisseade-neljaks-keerav-48mm-15mm\/","og_site_name":"Marevik O&Uuml;","article_modified_time":"2021-11-10T14:02:29+00:00","og_image":[{"width":700,"height":350,"url":"https:\/\/marevik.ee\/test\/wp-content\/uploads\/2021\/03\/Kantimisseade-48-15mm.jpg","type":"image\/jpeg"}],"twitter_card":"summary_large_image","schema":{"@context":"https:\/\/schema.org","@graph":[{"@type":"WebPage","@id":"https:\/\/marevik.ee\/test\/toode\/kantimisseade-neljaks-keerav-48mm-15mm\/","url":"https:\/\/marevik.ee\/test\/toode\/kantimisseade-neljaks-keerav-48mm-15mm\/","name":"Kantimisseade neljaks keerav 48mm>15mm - Marevik O&Uuml;","isPartOf":{"@id":"https:\/\/marevik.ee\/test\/#website"},"primaryImageOfPage":{"@id":"https:\/\/marevik.ee\/test\/toode\/kantimisseade-neljaks-keerav-48mm-15mm\/#primaryimage"},"image":{"@id":"https:\/\/marevik.ee\/test\/toode\/kantimisseade-neljaks-keerav-48mm-15mm\/#primaryimage"},"thumbnailUrl":"https:\/\/marevik.ee\/test\/wp-content\/uploads\/2021\/03\/Kantimisseade-48-15mm.jpg","datePublished":"2019-10-11T12:50:44+00:00","dateModified":"2021-11-10T14:02:29+00:00","description":"Kantimisseade, mis keerab 48 mm. lindi neljaks. Valmiskandi laius j\u00e4\u00e4b tootele 15 mm. laiune. Kantimisseade sobib kasutada uuema t\u00fc\u00fcbi Brother kattemasinatel. Janome ja Elna kattemasinatel on kinnitamiseks vajalik lisaplaadi olemasolu.","breadcrumb":{"@id":"https:\/\/marevik.ee\/test\/toode\/kantimisseade-neljaks-keerav-48mm-15mm\/#breadcrumb"},"inLanguage":"en","potentialAction":[{"@type":"ReadAction","target":["https:\/\/marevik.ee\/test\/toode\/kantimisseade-neljaks-keerav-48mm-15mm\/"]}]},{"@type":"ImageObject","inLanguage":"en","@id":"https:\/\/marevik.ee\/test\/toode\/kantimisseade-neljaks-keerav-48mm-15mm\/#primaryimage","url":"https:\/\/marevik.ee\/test\/wp-content\/uploads\/2021\/03\/Kantimisseade-48-15mm.jpg","contentUrl":"https:\/\/marevik.ee\/test\/wp-content\/uploads\/2021\/03\/Kantimisseade-48-15mm.jpg","width":700,"height":350,"caption":"Kantimisseade neljaks keerav 48mm>15mm"},{"@type":"BreadcrumbList","@id":"https:\/\/marevik.ee\/test\/toode\/kantimisseade-neljaks-keerav-48mm-15mm\/#breadcrumb","itemListElement":[{"@type":"ListItem","position":1,"name":"Home","item":"https:\/\/marevik.ee\/test\/"},{"@type":"ListItem","position":2,"name":"E-POOD","item":"https:\/\/marevik.ee\/test\/epood\/"},{"@type":"ListItem","position":3,"name":"Kantimisseade neljaks keerav 48mm>15mm"}]},{"@type":"WebSite","@id":"https:\/\/marevik.ee\/test\/#website","url":"https:\/\/marevik.ee\/test\/","name":"Marevik O&Uuml;","description":"&Otilde;mblusmasina asjatundja","publisher":{"@id":"https:\/\/marevik.ee\/test\/#organization"},"potentialAction":[{"@type":"SearchAction","target":{"@type":"EntryPoint","urlTemplate":"https:\/\/marevik.ee\/test\/?s={search_term_string}"},"query-input":{"@type":"PropertyValueSpecification","valueRequired":true,"valueName":"search_term_string"}}],"inLanguage":"en"},{"@type":"Organization","@id":"https:\/\/marevik.ee\/test\/#organization","name":"Marevik O&Uuml;","url":"https:\/\/marevik.ee\/test\/","logo":{"@type":"ImageObject","inLanguage":"en","@id":"https:\/\/marevik.ee\/test\/#\/schema\/logo\/image\/","url":"https:\/\/marevik.ee\/test\/wp-content\/uploads\/2020\/02\/mblusmasina-asjatundja-1994_173x105_veebi_v-ike.jpg","contentUrl":"https:\/\/marevik.ee\/test\/wp-content\/uploads\/2020\/02\/mblusmasina-asjatundja-1994_173x105_veebi_v-ike.jpg","width":173,"height":105,"caption":"Marevik O&Uuml;"},"image":{"@id":"https:\/\/marevik.ee\/test\/#\/schema\/logo\/image\/"}}]}},"_links":{"self":[{"href":"https:\/\/marevik.ee\/test\/wp-json\/wp\/v2\/product\/9306","targetHints":{"allow":["GET"]}}],"collection":[{"href":"https:\/\/marevik.ee\/test\/wp-json\/wp\/v2\/product"}],"about":[{"href":"https:\/\/marevik.ee\/test\/wp-json\/wp\/v2\/types\/product"}],"wp:featuredmedia":[{"embeddable":true,"href":"https:\/\/marevik.ee\/test\/wp-json\/wp\/v2\/media\/9307"}],"wp:attachment":[{"href":"https:\/\/marevik.ee\/test\/wp-json\/wp\/v2\/media?parent=9306"}],"wp:term":[{"taxonomy":"product_brand","embeddable":true,"href":"https:\/\/marevik.ee\/test\/wp-json\/wp\/v2\/product_brand?post=9306"},{"taxonomy":"product_cat","embeddable":true,"href":"https:\/\/marevik.ee\/test\/wp-json\/wp\/v2\/product_cat?post=9306"},{"taxonomy":"product_tag","embeddable":true,"href":"https:\/\/marevik.ee\/test\/wp-json\/wp\/v2\/product_tag?post=9306"}],"curies":[{"name":"wp","href":"https:\/\/api.w.org\/{rel}","templated":true}]}}