{"id":9523,"date":"2020-03-09T15:20:16","date_gmt":"2020-03-09T15:20:16","guid":{"rendered":"https:\/\/xn--mblusmasinapood-rsb.ee\/product\/kanga-serva-suunaja-kattemasinatele-juki-ja-bernina\/"},"modified":"2021-11-10T13:45:03","modified_gmt":"2021-11-10T13:45:03","slug":"kanga-serva-suunaja-kattemasinatele-juki-ja-bernina","status":"publish","type":"product","link":"https:\/\/marevik.ee\/test\/toode\/kanga-serva-suunaja-kattemasinatele-juki-ja-bernina\/","title":{"rendered":"Kanga serva suunaja kattemasinatele Juki ja Bernina"},"content":{"rendered":"","protected":false},"excerpt":{"rendered":"<p>Kanga serva suunaja v\u00f5imaldab t\u00e4pselt m\u00e4\u00e4ratleda kui palju kangast serva alla p\u00f6\u00f6rad. Samuti m\u00e4\u00e4ratleda \u00f5mbluse kaugust servast.<br \/>\nSobib Janome mudelitele: Juki MCS-1500 ja Bernina L220<\/p>\n","protected":false},"featured_media":9524,"template":"","meta":{"site-sidebar-layout":"default","site-content-layout":"default","ast-site-content-layout":"","site-content-style":"default","site-sidebar-style":"default","ast-global-header-display":"","ast-banner-title-visibility":"","ast-main-header-display":"","ast-hfb-above-header-display":"","ast-hfb-below-header-display":"","ast-hfb-mobile-header-display":"","site-post-title":"","ast-breadcrumbs-content":"","ast-featured-img":"","footer-sml-layout":"","theme-transparent-header-meta":"default","adv-header-id-meta":"","stick-header-meta":"","header-above-stick-meta":"","header-main-stick-meta":"","header-below-stick-meta":"","astra-migrate-meta-layouts":"default","ast-page-background-enabled":"default","ast-page-background-meta":{"desktop":{"background-color":"","background-image":"","background-repeat":"repeat","background-position":"center center","background-size":"auto","background-attachment":"scroll","background-type":"","background-media":"","overlay-type":"","overlay-color":"","overlay-opacity":"","overlay-gradient":""},"tablet":{"background-color":"","background-image":"","background-repeat":"repeat","background-position":"center center","background-size":"auto","background-attachment":"scroll","background-type":"","background-media":"","overlay-type":"","overlay-color":"","overlay-opacity":"","overlay-gradient":""},"mobile":{"background-color":"","background-image":"","background-repeat":"repeat","background-position":"center center","background-size":"auto","background-attachment":"scroll","background-type":"","background-media":"","overlay-type":"","overlay-color":"","overlay-opacity":"","overlay-gradient":""}},"ast-content-background-meta":{"desktop":{"background-color":"var(--ast-global-color-5)","background-image":"","background-repeat":"repeat","background-position":"center center","background-size":"auto","background-attachment":"scroll","background-type":"","background-media":"","overlay-type":"","overlay-color":"","overlay-opacity":"","overlay-gradient":""},"tablet":{"background-color":"var(--ast-global-color-5)","background-image":"","background-repeat":"repeat","background-position":"center center","background-size":"auto","background-attachment":"scroll","background-type":"","background-media":"","overlay-type":"","overlay-color":"","overlay-opacity":"","overlay-gradient":""},"mobile":{"background-color":"var(--ast-global-color-5)","background-image":"","background-repeat":"repeat","background-position":"center center","background-size":"auto","background-attachment":"scroll","background-type":"","background-media":"","overlay-type":"","overlay-color":"","overlay-opacity":"","overlay-gradient":""}}},"product_brand":[],"product_cat":[79,66],"product_tag":[92],"class_list":{"0":"post-9523","1":"product","2":"type-product","3":"status-publish","4":"has-post-thumbnail","6":"product_cat-kattemasina-lisatarvikud","7":"product_cat-lisatarvikud","8":"product_tag-juki","9":"desktop-align-left","10":"tablet-align-left","11":"mobile-align-left","13":"first","14":"instock","15":"taxable","16":"shipping-taxable","17":"purchasable","18":"product-type-simple"},"yoast_head":"<!-- This site is optimized with the Yoast SEO plugin v26.1.1 - https:\/\/yoast.com\/wordpress\/plugins\/seo\/ -->\n<title>Kanga serva suunaja kattemasinatele Juki ja Bernina<\/title>\n<meta name=\"description\" content=\"Kanga serva suunaja v\u00f5imaldab t\u00e4pselt m\u00e4\u00e4ratleda kui palju kangast serva alla p\u00f6\u00f6rad. Samuti m\u00e4\u00e4ratleda \u00f5mbluse kaugust servast.\" \/>\n<meta name=\"robots\" content=\"index, follow, max-snippet:-1, max-image-preview:large, max-video-preview:-1\" \/>\n<link rel=\"canonical\" href=\"https:\/\/marevik.ee\/test\/toode\/kanga-serva-suunaja-kattemasinatele-juki-ja-bernina\/\" \/>\n<meta property=\"og:locale\" content=\"en_US\" \/>\n<meta property=\"og:type\" content=\"article\" \/>\n<meta property=\"og:title\" content=\"Kanga serva suunaja kattemasinatele Juki ja Bernina\" \/>\n<meta property=\"og:description\" content=\"Kanga serva suunaja v\u00f5imaldab t\u00e4pselt m\u00e4\u00e4ratleda kui palju kangast serva alla p\u00f6\u00f6rad. Samuti m\u00e4\u00e4ratleda \u00f5mbluse kaugust servast.\" \/>\n<meta property=\"og:url\" content=\"https:\/\/marevik.ee\/test\/toode\/kanga-serva-suunaja-kattemasinatele-juki-ja-bernina\/\" \/>\n<meta property=\"og:site_name\" content=\"Marevik O&Uuml;\" \/>\n<meta property=\"article:modified_time\" content=\"2021-11-10T13:45:03+00:00\" \/>\n<meta property=\"og:image\" content=\"https:\/\/marevik.ee\/test\/wp-content\/uploads\/2021\/03\/Tasosaumurin-reunan-ohjain.jpg\" \/>\n\t<meta property=\"og:image:width\" content=\"700\" \/>\n\t<meta property=\"og:image:height\" content=\"350\" \/>\n\t<meta property=\"og:image:type\" content=\"image\/jpeg\" \/>\n<meta name=\"twitter:card\" content=\"summary_large_image\" \/>\n<script type=\"application\/ld+json\" class=\"yoast-schema-graph\">{\"@context\":\"https:\/\/schema.org\",\"@graph\":[{\"@type\":\"WebPage\",\"@id\":\"https:\/\/marevik.ee\/test\/toode\/kanga-serva-suunaja-kattemasinatele-juki-ja-bernina\/\",\"url\":\"https:\/\/marevik.ee\/test\/toode\/kanga-serva-suunaja-kattemasinatele-juki-ja-bernina\/\",\"name\":\"Kanga serva suunaja kattemasinatele Juki ja Bernina\",\"isPartOf\":{\"@id\":\"https:\/\/marevik.ee\/test\/#website\"},\"primaryImageOfPage\":{\"@id\":\"https:\/\/marevik.ee\/test\/toode\/kanga-serva-suunaja-kattemasinatele-juki-ja-bernina\/#primaryimage\"},\"image\":{\"@id\":\"https:\/\/marevik.ee\/test\/toode\/kanga-serva-suunaja-kattemasinatele-juki-ja-bernina\/#primaryimage\"},\"thumbnailUrl\":\"https:\/\/marevik.ee\/test\/wp-content\/uploads\/2021\/03\/Tasosaumurin-reunan-ohjain.jpg\",\"datePublished\":\"2020-03-09T15:20:16+00:00\",\"dateModified\":\"2021-11-10T13:45:03+00:00\",\"description\":\"Kanga serva suunaja v\u00f5imaldab t\u00e4pselt m\u00e4\u00e4ratleda kui palju kangast serva alla p\u00f6\u00f6rad. Samuti m\u00e4\u00e4ratleda \u00f5mbluse kaugust servast.\",\"breadcrumb\":{\"@id\":\"https:\/\/marevik.ee\/test\/toode\/kanga-serva-suunaja-kattemasinatele-juki-ja-bernina\/#breadcrumb\"},\"inLanguage\":\"en\",\"potentialAction\":[{\"@type\":\"ReadAction\",\"target\":[\"https:\/\/marevik.ee\/test\/toode\/kanga-serva-suunaja-kattemasinatele-juki-ja-bernina\/\"]}]},{\"@type\":\"ImageObject\",\"inLanguage\":\"en\",\"@id\":\"https:\/\/marevik.ee\/test\/toode\/kanga-serva-suunaja-kattemasinatele-juki-ja-bernina\/#primaryimage\",\"url\":\"https:\/\/marevik.ee\/test\/wp-content\/uploads\/2021\/03\/Tasosaumurin-reunan-ohjain.jpg\",\"contentUrl\":\"https:\/\/marevik.ee\/test\/wp-content\/uploads\/2021\/03\/Tasosaumurin-reunan-ohjain.jpg\",\"width\":700,\"height\":350,\"caption\":\"Kanga serva suunaja kattemasinatele Juki ja Bernina\"},{\"@type\":\"BreadcrumbList\",\"@id\":\"https:\/\/marevik.ee\/test\/toode\/kanga-serva-suunaja-kattemasinatele-juki-ja-bernina\/#breadcrumb\",\"itemListElement\":[{\"@type\":\"ListItem\",\"position\":1,\"name\":\"Home\",\"item\":\"https:\/\/marevik.ee\/test\/\"},{\"@type\":\"ListItem\",\"position\":2,\"name\":\"E-POOD\",\"item\":\"https:\/\/marevik.ee\/test\/epood\/\"},{\"@type\":\"ListItem\",\"position\":3,\"name\":\"Kanga serva suunaja kattemasinatele Juki ja Bernina\"}]},{\"@type\":\"WebSite\",\"@id\":\"https:\/\/marevik.ee\/test\/#website\",\"url\":\"https:\/\/marevik.ee\/test\/\",\"name\":\"Marevik O&Uuml;\",\"description\":\"&Otilde;mblusmasina asjatundja\",\"publisher\":{\"@id\":\"https:\/\/marevik.ee\/test\/#organization\"},\"potentialAction\":[{\"@type\":\"SearchAction\",\"target\":{\"@type\":\"EntryPoint\",\"urlTemplate\":\"https:\/\/marevik.ee\/test\/?s={search_term_string}\"},\"query-input\":{\"@type\":\"PropertyValueSpecification\",\"valueRequired\":true,\"valueName\":\"search_term_string\"}}],\"inLanguage\":\"en\"},{\"@type\":\"Organization\",\"@id\":\"https:\/\/marevik.ee\/test\/#organization\",\"name\":\"Marevik O&Uuml;\",\"url\":\"https:\/\/marevik.ee\/test\/\",\"logo\":{\"@type\":\"ImageObject\",\"inLanguage\":\"en\",\"@id\":\"https:\/\/marevik.ee\/test\/#\/schema\/logo\/image\/\",\"url\":\"https:\/\/marevik.ee\/test\/wp-content\/uploads\/2020\/02\/mblusmasina-asjatundja-1994_173x105_veebi_v-ike.jpg\",\"contentUrl\":\"https:\/\/marevik.ee\/test\/wp-content\/uploads\/2020\/02\/mblusmasina-asjatundja-1994_173x105_veebi_v-ike.jpg\",\"width\":173,\"height\":105,\"caption\":\"Marevik O&Uuml;\"},\"image\":{\"@id\":\"https:\/\/marevik.ee\/test\/#\/schema\/logo\/image\/\"}}]}<\/script>\n<!-- \/ Yoast SEO plugin. -->","yoast_head_json":{"title":"Kanga serva suunaja kattemasinatele Juki ja Bernina","description":"Kanga serva suunaja v\u00f5imaldab t\u00e4pselt m\u00e4\u00e4ratleda kui palju kangast serva alla p\u00f6\u00f6rad. Samuti m\u00e4\u00e4ratleda \u00f5mbluse kaugust servast.","robots":{"index":"index","follow":"follow","max-snippet":"max-snippet:-1","max-image-preview":"max-image-preview:large","max-video-preview":"max-video-preview:-1"},"canonical":"https:\/\/marevik.ee\/test\/toode\/kanga-serva-suunaja-kattemasinatele-juki-ja-bernina\/","og_locale":"en_US","og_type":"article","og_title":"Kanga serva suunaja kattemasinatele Juki ja Bernina","og_description":"Kanga serva suunaja v\u00f5imaldab t\u00e4pselt m\u00e4\u00e4ratleda kui palju kangast serva alla p\u00f6\u00f6rad. Samuti m\u00e4\u00e4ratleda \u00f5mbluse kaugust servast.","og_url":"https:\/\/marevik.ee\/test\/toode\/kanga-serva-suunaja-kattemasinatele-juki-ja-bernina\/","og_site_name":"Marevik O&Uuml;","article_modified_time":"2021-11-10T13:45:03+00:00","og_image":[{"width":700,"height":350,"url":"https:\/\/marevik.ee\/test\/wp-content\/uploads\/2021\/03\/Tasosaumurin-reunan-ohjain.jpg","type":"image\/jpeg"}],"twitter_card":"summary_large_image","schema":{"@context":"https:\/\/schema.org","@graph":[{"@type":"WebPage","@id":"https:\/\/marevik.ee\/test\/toode\/kanga-serva-suunaja-kattemasinatele-juki-ja-bernina\/","url":"https:\/\/marevik.ee\/test\/toode\/kanga-serva-suunaja-kattemasinatele-juki-ja-bernina\/","name":"Kanga serva suunaja kattemasinatele Juki ja Bernina","isPartOf":{"@id":"https:\/\/marevik.ee\/test\/#website"},"primaryImageOfPage":{"@id":"https:\/\/marevik.ee\/test\/toode\/kanga-serva-suunaja-kattemasinatele-juki-ja-bernina\/#primaryimage"},"image":{"@id":"https:\/\/marevik.ee\/test\/toode\/kanga-serva-suunaja-kattemasinatele-juki-ja-bernina\/#primaryimage"},"thumbnailUrl":"https:\/\/marevik.ee\/test\/wp-content\/uploads\/2021\/03\/Tasosaumurin-reunan-ohjain.jpg","datePublished":"2020-03-09T15:20:16+00:00","dateModified":"2021-11-10T13:45:03+00:00","description":"Kanga serva suunaja v\u00f5imaldab t\u00e4pselt m\u00e4\u00e4ratleda kui palju kangast serva alla p\u00f6\u00f6rad. Samuti m\u00e4\u00e4ratleda \u00f5mbluse kaugust servast.","breadcrumb":{"@id":"https:\/\/marevik.ee\/test\/toode\/kanga-serva-suunaja-kattemasinatele-juki-ja-bernina\/#breadcrumb"},"inLanguage":"en","potentialAction":[{"@type":"ReadAction","target":["https:\/\/marevik.ee\/test\/toode\/kanga-serva-suunaja-kattemasinatele-juki-ja-bernina\/"]}]},{"@type":"ImageObject","inLanguage":"en","@id":"https:\/\/marevik.ee\/test\/toode\/kanga-serva-suunaja-kattemasinatele-juki-ja-bernina\/#primaryimage","url":"https:\/\/marevik.ee\/test\/wp-content\/uploads\/2021\/03\/Tasosaumurin-reunan-ohjain.jpg","contentUrl":"https:\/\/marevik.ee\/test\/wp-content\/uploads\/2021\/03\/Tasosaumurin-reunan-ohjain.jpg","width":700,"height":350,"caption":"Kanga serva suunaja kattemasinatele Juki ja Bernina"},{"@type":"BreadcrumbList","@id":"https:\/\/marevik.ee\/test\/toode\/kanga-serva-suunaja-kattemasinatele-juki-ja-bernina\/#breadcrumb","itemListElement":[{"@type":"ListItem","position":1,"name":"Home","item":"https:\/\/marevik.ee\/test\/"},{"@type":"ListItem","position":2,"name":"E-POOD","item":"https:\/\/marevik.ee\/test\/epood\/"},{"@type":"ListItem","position":3,"name":"Kanga serva suunaja kattemasinatele Juki ja Bernina"}]},{"@type":"WebSite","@id":"https:\/\/marevik.ee\/test\/#website","url":"https:\/\/marevik.ee\/test\/","name":"Marevik O&Uuml;","description":"&Otilde;mblusmasina asjatundja","publisher":{"@id":"https:\/\/marevik.ee\/test\/#organization"},"potentialAction":[{"@type":"SearchAction","target":{"@type":"EntryPoint","urlTemplate":"https:\/\/marevik.ee\/test\/?s={search_term_string}"},"query-input":{"@type":"PropertyValueSpecification","valueRequired":true,"valueName":"search_term_string"}}],"inLanguage":"en"},{"@type":"Organization","@id":"https:\/\/marevik.ee\/test\/#organization","name":"Marevik O&Uuml;","url":"https:\/\/marevik.ee\/test\/","logo":{"@type":"ImageObject","inLanguage":"en","@id":"https:\/\/marevik.ee\/test\/#\/schema\/logo\/image\/","url":"https:\/\/marevik.ee\/test\/wp-content\/uploads\/2020\/02\/mblusmasina-asjatundja-1994_173x105_veebi_v-ike.jpg","contentUrl":"https:\/\/marevik.ee\/test\/wp-content\/uploads\/2020\/02\/mblusmasina-asjatundja-1994_173x105_veebi_v-ike.jpg","width":173,"height":105,"caption":"Marevik O&Uuml;"},"image":{"@id":"https:\/\/marevik.ee\/test\/#\/schema\/logo\/image\/"}}]}},"_links":{"self":[{"href":"https:\/\/marevik.ee\/test\/wp-json\/wp\/v2\/product\/9523","targetHints":{"allow":["GET"]}}],"collection":[{"href":"https:\/\/marevik.ee\/test\/wp-json\/wp\/v2\/product"}],"about":[{"href":"https:\/\/marevik.ee\/test\/wp-json\/wp\/v2\/types\/product"}],"wp:featuredmedia":[{"embeddable":true,"href":"https:\/\/marevik.ee\/test\/wp-json\/wp\/v2\/media\/9524"}],"wp:attachment":[{"href":"https:\/\/marevik.ee\/test\/wp-json\/wp\/v2\/media?parent=9523"}],"wp:term":[{"taxonomy":"product_brand","embeddable":true,"href":"https:\/\/marevik.ee\/test\/wp-json\/wp\/v2\/product_brand?post=9523"},{"taxonomy":"product_cat","embeddable":true,"href":"https:\/\/marevik.ee\/test\/wp-json\/wp\/v2\/product_cat?post=9523"},{"taxonomy":"product_tag","embeddable":true,"href":"https:\/\/marevik.ee\/test\/wp-json\/wp\/v2\/product_tag?post=9523"}],"curies":[{"name":"wp","href":"https:\/\/api.w.org\/{rel}","templated":true}]}}