{"id":9529,"date":"2020-03-09T16:40:38","date_gmt":"2020-03-09T16:40:38","guid":{"rendered":"https:\/\/xn--mblusmasinapood-rsb.ee\/product\/bernette-sew-go-5\/"},"modified":"2023-02-14T09:16:10","modified_gmt":"2023-02-14T09:16:10","slug":"bernette-sew-go-5","status":"publish","type":"product","link":"https:\/\/marevik.ee\/test\/toode\/bernette-sew-go-5\/","title":{"rendered":"Bernette Sew&#038;go 5"},"content":{"rendered":"<p>23 \u00f5mblusoperatsiooni<br \/>\nPistepikkus sujuvalt reguleeritav 0-4 mm<br \/>\nPiste laius sujuvalt reguleeritav 0-5 mm<br \/>\n1-etapiline (automaatne) n\u00f6\u00f6paugu\u00f5mblus<br \/>\n\u00d5mblused venivale kangale, s.h. overlok\u00f5mblus<br \/>\nTopeltn\u00f5ela kasutamise v\u00f5imalus<br \/>\nPoolimisel n\u00f5elakangi automaatne v\u00e4ljal\u00fclitamine<br \/>\nKangas\u00f6\u00f6tja v\u00e4ljal\u00fclitamine vabak\u00e4etikandiks<br \/>\nPresstalla kiirkinnitus<br \/>\nVertikaalne metallist poolis\u00fcsteem<br \/>\nNiidil\u00f5ikur<br \/>\nVabajalg h\u00f5lbustamaks torujate detailide \u00f5mblemist<br \/>\nN\u00f5elasilma niidistaja<br \/>\nKohtvalgustus<br \/>\nMeeter- ja tollm\u00f5\u00f5dustiku skaala masina abilaua eesmises servas<\/p>\n<div class=\"ast-oembed-container \" style=\"height: 100%;\"><iframe title=\"bernette sew&amp;go 1 + 3: selecting stitches and sewing buttonholes\" width=\"500\" height=\"281\" src=\"https:\/\/www.youtube.com\/embed\/BkDy0VPRKVQ?feature=oembed\" frameborder=\"0\" allow=\"accelerometer; autoplay; clipboard-write; encrypted-media; gyroscope; picture-in-picture; web-share\" referrerpolicy=\"strict-origin-when-cross-origin\" allowfullscreen><\/iframe><\/div>\n","protected":false},"excerpt":{"rendered":"<p>Bernette Sew&amp;go 5 on mehaaniline, vertikaalse metallist poolis\u00fcsteemiga lihtne ja t\u00f6\u00f6kindel \u00f5mblusmasin. 23 \u00f5mblusoperatsiooni, seal hulgas t\u00e4isautomaatne n\u00f6\u00f6paugu\u00f5mblus on piisav nii algajale kui ka hobi\u00f5mbeljale.<\/p>\n","protected":false},"featured_media":9530,"template":"","meta":{"site-sidebar-layout":"default","site-content-layout":"default","ast-site-content-layout":"","site-content-style":"default","site-sidebar-style":"default","ast-global-header-display":"","ast-banner-title-visibility":"","ast-main-header-display":"","ast-hfb-above-header-display":"","ast-hfb-below-header-display":"","ast-hfb-mobile-header-display":"","site-post-title":"","ast-breadcrumbs-content":"","ast-featured-img":"","footer-sml-layout":"","theme-transparent-header-meta":"default","adv-header-id-meta":"","stick-header-meta":"","header-above-stick-meta":"","header-main-stick-meta":"","header-below-stick-meta":"","astra-migrate-meta-layouts":"default","ast-page-background-enabled":"default","ast-page-background-meta":{"desktop":{"background-color":"","background-image":"","background-repeat":"repeat","background-position":"center center","background-size":"auto","background-attachment":"scroll","background-type":"","background-media":"","overlay-type":"","overlay-color":"","overlay-opacity":"","overlay-gradient":""},"tablet":{"background-color":"","background-image":"","background-repeat":"repeat","background-position":"center center","background-size":"auto","background-attachment":"scroll","background-type":"","background-media":"","overlay-type":"","overlay-color":"","overlay-opacity":"","overlay-gradient":""},"mobile":{"background-color":"","background-image":"","background-repeat":"repeat","background-position":"center center","background-size":"auto","background-attachment":"scroll","background-type":"","background-media":"","overlay-type":"","overlay-color":"","overlay-opacity":"","overlay-gradient":""}},"ast-content-background-meta":{"desktop":{"background-color":"var(--ast-global-color-5)","background-image":"","background-repeat":"repeat","background-position":"center center","background-size":"auto","background-attachment":"scroll","background-type":"","background-media":"","overlay-type":"","overlay-color":"","overlay-opacity":"","overlay-gradient":""},"tablet":{"background-color":"var(--ast-global-color-5)","background-image":"","background-repeat":"repeat","background-position":"center center","background-size":"auto","background-attachment":"scroll","background-type":"","background-media":"","overlay-type":"","overlay-color":"","overlay-opacity":"","overlay-gradient":""},"mobile":{"background-color":"var(--ast-global-color-5)","background-image":"","background-repeat":"repeat","background-position":"center center","background-size":"auto","background-attachment":"scroll","background-type":"","background-media":"","overlay-type":"","overlay-color":"","overlay-opacity":"","overlay-gradient":""}}},"product_brand":[],"product_cat":[70,60],"product_tag":[109],"class_list":{"0":"post-9529","1":"product","2":"type-product","3":"status-publish","4":"has-post-thumbnail","6":"product_cat-bernette","7":"product_cat-omblusmasinad","8":"product_tag-bernette","9":"desktop-align-left","10":"tablet-align-left","11":"mobile-align-left","13":"first","14":"instock","15":"taxable","16":"shipping-taxable","17":"purchasable","18":"product-type-simple"},"yoast_head":"<!-- This site is optimized with the Yoast SEO plugin v26.1.1 - https:\/\/yoast.com\/wordpress\/plugins\/seo\/ -->\n<title>Bernette Sew&amp;go 5 - mehaaniline metallist poolis\u00fcsteemiga \u00f5mblusmasin.<\/title>\n<meta name=\"description\" content=\"Bernette Sew&amp;go 5 on mehaaniline, vertikaalse metallist poolis\u00fcsteemiga lihtne ja t\u00f6\u00f6kindel \u00f5mblusmasin. 23 \u00f5mblusoperatsiooni, seal hulgas t\u00e4isautomaatne n\u00f6\u00f6paugu\u00f5mblus on piisav nii algajale kui ka hobi\u00f5mbeljale.\" \/>\n<meta name=\"robots\" content=\"index, follow, max-snippet:-1, max-image-preview:large, max-video-preview:-1\" \/>\n<link rel=\"canonical\" href=\"https:\/\/marevik.ee\/test\/toode\/bernette-sew-go-5\/\" \/>\n<meta property=\"og:locale\" content=\"en_US\" \/>\n<meta property=\"og:type\" content=\"article\" \/>\n<meta property=\"og:title\" content=\"Bernette Sew&amp;go 5 - mehaaniline metallist poolis\u00fcsteemiga \u00f5mblusmasin.\" \/>\n<meta property=\"og:description\" content=\"Bernette Sew&amp;go 5 on mehaaniline, vertikaalse metallist poolis\u00fcsteemiga lihtne ja t\u00f6\u00f6kindel \u00f5mblusmasin. 23 \u00f5mblusoperatsiooni, seal hulgas t\u00e4isautomaatne n\u00f6\u00f6paugu\u00f5mblus on piisav nii algajale kui ka hobi\u00f5mbeljale.\" \/>\n<meta property=\"og:url\" content=\"https:\/\/marevik.ee\/test\/toode\/bernette-sew-go-5\/\" \/>\n<meta property=\"og:site_name\" content=\"Marevik O&Uuml;\" \/>\n<meta property=\"article:modified_time\" content=\"2023-02-14T09:16:10+00:00\" \/>\n<meta property=\"og:image\" content=\"https:\/\/marevik.ee\/test\/wp-content\/uploads\/2021\/03\/Bernette-SewCo-5-1.jpg\" \/>\n\t<meta property=\"og:image:width\" content=\"1000\" \/>\n\t<meta property=\"og:image:height\" content=\"1000\" \/>\n\t<meta property=\"og:image:type\" content=\"image\/jpeg\" \/>\n<meta name=\"twitter:card\" content=\"summary_large_image\" \/>\n<meta name=\"twitter:label1\" content=\"Est. reading time\" \/>\n\t<meta name=\"twitter:data1\" content=\"1 minute\" \/>\n<script type=\"application\/ld+json\" class=\"yoast-schema-graph\">{\"@context\":\"https:\/\/schema.org\",\"@graph\":[{\"@type\":\"WebPage\",\"@id\":\"https:\/\/marevik.ee\/test\/toode\/bernette-sew-go-5\/\",\"url\":\"https:\/\/marevik.ee\/test\/toode\/bernette-sew-go-5\/\",\"name\":\"Bernette Sew&go 5 - mehaaniline metallist poolis\u00fcsteemiga \u00f5mblusmasin.\",\"isPartOf\":{\"@id\":\"https:\/\/marevik.ee\/test\/#website\"},\"primaryImageOfPage\":{\"@id\":\"https:\/\/marevik.ee\/test\/toode\/bernette-sew-go-5\/#primaryimage\"},\"image\":{\"@id\":\"https:\/\/marevik.ee\/test\/toode\/bernette-sew-go-5\/#primaryimage\"},\"thumbnailUrl\":\"https:\/\/marevik.ee\/test\/wp-content\/uploads\/2021\/03\/Bernette-SewCo-5-1.jpg\",\"datePublished\":\"2020-03-09T16:40:38+00:00\",\"dateModified\":\"2023-02-14T09:16:10+00:00\",\"description\":\"Bernette Sew&go 5 on mehaaniline, vertikaalse metallist poolis\u00fcsteemiga lihtne ja t\u00f6\u00f6kindel \u00f5mblusmasin. 23 \u00f5mblusoperatsiooni, seal hulgas t\u00e4isautomaatne n\u00f6\u00f6paugu\u00f5mblus on piisav nii algajale kui ka hobi\u00f5mbeljale.\",\"breadcrumb\":{\"@id\":\"https:\/\/marevik.ee\/test\/toode\/bernette-sew-go-5\/#breadcrumb\"},\"inLanguage\":\"en\",\"potentialAction\":[{\"@type\":\"ReadAction\",\"target\":[\"https:\/\/marevik.ee\/test\/toode\/bernette-sew-go-5\/\"]}]},{\"@type\":\"ImageObject\",\"inLanguage\":\"en\",\"@id\":\"https:\/\/marevik.ee\/test\/toode\/bernette-sew-go-5\/#primaryimage\",\"url\":\"https:\/\/marevik.ee\/test\/wp-content\/uploads\/2021\/03\/Bernette-SewCo-5-1.jpg\",\"contentUrl\":\"https:\/\/marevik.ee\/test\/wp-content\/uploads\/2021\/03\/Bernette-SewCo-5-1.jpg\",\"width\":1000,\"height\":1000,\"caption\":\"Bernette Sew&go 5\"},{\"@type\":\"BreadcrumbList\",\"@id\":\"https:\/\/marevik.ee\/test\/toode\/bernette-sew-go-5\/#breadcrumb\",\"itemListElement\":[{\"@type\":\"ListItem\",\"position\":1,\"name\":\"Home\",\"item\":\"https:\/\/marevik.ee\/test\/\"},{\"@type\":\"ListItem\",\"position\":2,\"name\":\"E-POOD\",\"item\":\"https:\/\/marevik.ee\/test\/epood\/\"},{\"@type\":\"ListItem\",\"position\":3,\"name\":\"Bernette Sew&#038;go 5\"}]},{\"@type\":\"WebSite\",\"@id\":\"https:\/\/marevik.ee\/test\/#website\",\"url\":\"https:\/\/marevik.ee\/test\/\",\"name\":\"Marevik O&Uuml;\",\"description\":\"&Otilde;mblusmasina asjatundja\",\"publisher\":{\"@id\":\"https:\/\/marevik.ee\/test\/#organization\"},\"potentialAction\":[{\"@type\":\"SearchAction\",\"target\":{\"@type\":\"EntryPoint\",\"urlTemplate\":\"https:\/\/marevik.ee\/test\/?s={search_term_string}\"},\"query-input\":{\"@type\":\"PropertyValueSpecification\",\"valueRequired\":true,\"valueName\":\"search_term_string\"}}],\"inLanguage\":\"en\"},{\"@type\":\"Organization\",\"@id\":\"https:\/\/marevik.ee\/test\/#organization\",\"name\":\"Marevik O&Uuml;\",\"url\":\"https:\/\/marevik.ee\/test\/\",\"logo\":{\"@type\":\"ImageObject\",\"inLanguage\":\"en\",\"@id\":\"https:\/\/marevik.ee\/test\/#\/schema\/logo\/image\/\",\"url\":\"https:\/\/marevik.ee\/test\/wp-content\/uploads\/2020\/02\/mblusmasina-asjatundja-1994_173x105_veebi_v-ike.jpg\",\"contentUrl\":\"https:\/\/marevik.ee\/test\/wp-content\/uploads\/2020\/02\/mblusmasina-asjatundja-1994_173x105_veebi_v-ike.jpg\",\"width\":173,\"height\":105,\"caption\":\"Marevik O&Uuml;\"},\"image\":{\"@id\":\"https:\/\/marevik.ee\/test\/#\/schema\/logo\/image\/\"}}]}<\/script>\n<!-- \/ Yoast SEO plugin. -->","yoast_head_json":{"title":"Bernette Sew&go 5 - mehaaniline metallist poolis\u00fcsteemiga \u00f5mblusmasin.","description":"Bernette Sew&go 5 on mehaaniline, vertikaalse metallist poolis\u00fcsteemiga lihtne ja t\u00f6\u00f6kindel \u00f5mblusmasin. 23 \u00f5mblusoperatsiooni, seal hulgas t\u00e4isautomaatne n\u00f6\u00f6paugu\u00f5mblus on piisav nii algajale kui ka hobi\u00f5mbeljale.","robots":{"index":"index","follow":"follow","max-snippet":"max-snippet:-1","max-image-preview":"max-image-preview:large","max-video-preview":"max-video-preview:-1"},"canonical":"https:\/\/marevik.ee\/test\/toode\/bernette-sew-go-5\/","og_locale":"en_US","og_type":"article","og_title":"Bernette Sew&go 5 - mehaaniline metallist poolis\u00fcsteemiga \u00f5mblusmasin.","og_description":"Bernette Sew&go 5 on mehaaniline, vertikaalse metallist poolis\u00fcsteemiga lihtne ja t\u00f6\u00f6kindel \u00f5mblusmasin. 23 \u00f5mblusoperatsiooni, seal hulgas t\u00e4isautomaatne n\u00f6\u00f6paugu\u00f5mblus on piisav nii algajale kui ka hobi\u00f5mbeljale.","og_url":"https:\/\/marevik.ee\/test\/toode\/bernette-sew-go-5\/","og_site_name":"Marevik O&Uuml;","article_modified_time":"2023-02-14T09:16:10+00:00","og_image":[{"width":1000,"height":1000,"url":"https:\/\/marevik.ee\/test\/wp-content\/uploads\/2021\/03\/Bernette-SewCo-5-1.jpg","type":"image\/jpeg"}],"twitter_card":"summary_large_image","twitter_misc":{"Est. reading time":"1 minute"},"schema":{"@context":"https:\/\/schema.org","@graph":[{"@type":"WebPage","@id":"https:\/\/marevik.ee\/test\/toode\/bernette-sew-go-5\/","url":"https:\/\/marevik.ee\/test\/toode\/bernette-sew-go-5\/","name":"Bernette Sew&go 5 - mehaaniline metallist poolis\u00fcsteemiga \u00f5mblusmasin.","isPartOf":{"@id":"https:\/\/marevik.ee\/test\/#website"},"primaryImageOfPage":{"@id":"https:\/\/marevik.ee\/test\/toode\/bernette-sew-go-5\/#primaryimage"},"image":{"@id":"https:\/\/marevik.ee\/test\/toode\/bernette-sew-go-5\/#primaryimage"},"thumbnailUrl":"https:\/\/marevik.ee\/test\/wp-content\/uploads\/2021\/03\/Bernette-SewCo-5-1.jpg","datePublished":"2020-03-09T16:40:38+00:00","dateModified":"2023-02-14T09:16:10+00:00","description":"Bernette Sew&go 5 on mehaaniline, vertikaalse metallist poolis\u00fcsteemiga lihtne ja t\u00f6\u00f6kindel \u00f5mblusmasin. 23 \u00f5mblusoperatsiooni, seal hulgas t\u00e4isautomaatne n\u00f6\u00f6paugu\u00f5mblus on piisav nii algajale kui ka hobi\u00f5mbeljale.","breadcrumb":{"@id":"https:\/\/marevik.ee\/test\/toode\/bernette-sew-go-5\/#breadcrumb"},"inLanguage":"en","potentialAction":[{"@type":"ReadAction","target":["https:\/\/marevik.ee\/test\/toode\/bernette-sew-go-5\/"]}]},{"@type":"ImageObject","inLanguage":"en","@id":"https:\/\/marevik.ee\/test\/toode\/bernette-sew-go-5\/#primaryimage","url":"https:\/\/marevik.ee\/test\/wp-content\/uploads\/2021\/03\/Bernette-SewCo-5-1.jpg","contentUrl":"https:\/\/marevik.ee\/test\/wp-content\/uploads\/2021\/03\/Bernette-SewCo-5-1.jpg","width":1000,"height":1000,"caption":"Bernette Sew&go 5"},{"@type":"BreadcrumbList","@id":"https:\/\/marevik.ee\/test\/toode\/bernette-sew-go-5\/#breadcrumb","itemListElement":[{"@type":"ListItem","position":1,"name":"Home","item":"https:\/\/marevik.ee\/test\/"},{"@type":"ListItem","position":2,"name":"E-POOD","item":"https:\/\/marevik.ee\/test\/epood\/"},{"@type":"ListItem","position":3,"name":"Bernette Sew&#038;go 5"}]},{"@type":"WebSite","@id":"https:\/\/marevik.ee\/test\/#website","url":"https:\/\/marevik.ee\/test\/","name":"Marevik O&Uuml;","description":"&Otilde;mblusmasina asjatundja","publisher":{"@id":"https:\/\/marevik.ee\/test\/#organization"},"potentialAction":[{"@type":"SearchAction","target":{"@type":"EntryPoint","urlTemplate":"https:\/\/marevik.ee\/test\/?s={search_term_string}"},"query-input":{"@type":"PropertyValueSpecification","valueRequired":true,"valueName":"search_term_string"}}],"inLanguage":"en"},{"@type":"Organization","@id":"https:\/\/marevik.ee\/test\/#organization","name":"Marevik O&Uuml;","url":"https:\/\/marevik.ee\/test\/","logo":{"@type":"ImageObject","inLanguage":"en","@id":"https:\/\/marevik.ee\/test\/#\/schema\/logo\/image\/","url":"https:\/\/marevik.ee\/test\/wp-content\/uploads\/2020\/02\/mblusmasina-asjatundja-1994_173x105_veebi_v-ike.jpg","contentUrl":"https:\/\/marevik.ee\/test\/wp-content\/uploads\/2020\/02\/mblusmasina-asjatundja-1994_173x105_veebi_v-ike.jpg","width":173,"height":105,"caption":"Marevik O&Uuml;"},"image":{"@id":"https:\/\/marevik.ee\/test\/#\/schema\/logo\/image\/"}}]}},"_links":{"self":[{"href":"https:\/\/marevik.ee\/test\/wp-json\/wp\/v2\/product\/9529","targetHints":{"allow":["GET"]}}],"collection":[{"href":"https:\/\/marevik.ee\/test\/wp-json\/wp\/v2\/product"}],"about":[{"href":"https:\/\/marevik.ee\/test\/wp-json\/wp\/v2\/types\/product"}],"wp:featuredmedia":[{"embeddable":true,"href":"https:\/\/marevik.ee\/test\/wp-json\/wp\/v2\/media\/9530"}],"wp:attachment":[{"href":"https:\/\/marevik.ee\/test\/wp-json\/wp\/v2\/media?parent=9529"}],"wp:term":[{"taxonomy":"product_brand","embeddable":true,"href":"https:\/\/marevik.ee\/test\/wp-json\/wp\/v2\/product_brand?post=9529"},{"taxonomy":"product_cat","embeddable":true,"href":"https:\/\/marevik.ee\/test\/wp-json\/wp\/v2\/product_cat?post=9529"},{"taxonomy":"product_tag","embeddable":true,"href":"https:\/\/marevik.ee\/test\/wp-json\/wp\/v2\/product_tag?post=9529"}],"curies":[{"name":"wp","href":"https:\/\/api.w.org\/{rel}","templated":true}]}}