{"id":9541,"date":"2020-03-12T16:33:34","date_gmt":"2020-03-12T16:33:34","guid":{"rendered":"https:\/\/xn--mblusmasinapood-rsb.ee\/product\/bernina-475qe\/"},"modified":"2025-05-29T08:21:00","modified_gmt":"2025-05-29T08:21:00","slug":"bernina-475qe","status":"publish","type":"product","link":"https:\/\/marevik.ee\/test\/toode\/bernina-475qe\/","title":{"rendered":"Bernina 475QE"},"content":{"rendered":"<p>\u00d5mbluskiirus kuni 900 pistet minutis<br \/>\nMasinal on kokku 840 \u00f5mblusoperatsiooni, sisaldab ka t\u00e4hestikku ja numbreid<br \/>\n40 tava\u00f5mblust<br \/>\n200 kaunistus\u00f5mblust<br \/>\n13 ristpiste \u00f5mblust<br \/>\n10 erinevat n\u00f6\u00f6pauguvarianti<br \/>\nProjektide m\u00e4llu salvestamise v\u00f5imalus<br \/>\nV\u00e4rviline 4,3 tolline puuteekraan<br \/>\nT\u00f6\u00f6laua valgustus, 8 LED lampi<br \/>\nPiste laius kuni 5,5mm<br \/>\nPiste pikkus kuni 6mm<br \/>\n11 erinevat n\u00f5elaasendit<br \/>\nN\u00f5elasilma kiirniidistaja<br \/>\nElektrooniliselt juhitav niidil\u00f5ikus<br \/>\nPressjala surve reguleerimise v\u00f5imalus<br \/>\nPedaalita \u00f5mblemise v\u00f5imalus<br \/>\nUSB sisend<br \/>\nN\u00f5elastopp \u00fcleval v\u00f5i all<br \/>\nV\u00f5imaldab poolida \u00f5mblemisega samal ajal<br \/>\nMasina kaal 9,5kg<\/p>\n","protected":false},"excerpt":{"rendered":"<p>Bernina uued 400 seeria masinad on p\u00e4ral. Bernina 475 QE on m\u00f5eldud \u00f5mblejale, kes teeb lisaks v\u00e4lja\u00f5mblemisele ka vabak\u00e4etepinguid ja lapitehnika projektide. 4,3\u201c v\u00e4rviline puuteekraan, 70% rohkem mahutav pool ja automaatne niidil\u00f5ikus on vaid v\u00e4ike loetelu masina headest omadustest. \u00a0K\u00f5rget kvaliteeti pakkuv Bernina on taaskord m\u00e4rki tabanud ja pakub j\u00e4lle unustamatut \u00f5mblusnaudingut.<\/p>\n","protected":false},"featured_media":9542,"template":"","meta":{"site-sidebar-layout":"default","site-content-layout":"default","ast-site-content-layout":"","site-content-style":"default","site-sidebar-style":"default","ast-global-header-display":"","ast-banner-title-visibility":"","ast-main-header-display":"","ast-hfb-above-header-display":"","ast-hfb-below-header-display":"","ast-hfb-mobile-header-display":"","site-post-title":"","ast-breadcrumbs-content":"","ast-featured-img":"","footer-sml-layout":"","theme-transparent-header-meta":"default","adv-header-id-meta":"","stick-header-meta":"","header-above-stick-meta":"","header-main-stick-meta":"","header-below-stick-meta":"","astra-migrate-meta-layouts":"default","ast-page-background-enabled":"default","ast-page-background-meta":{"desktop":{"background-color":"","background-image":"","background-repeat":"repeat","background-position":"center center","background-size":"auto","background-attachment":"scroll","background-type":"","background-media":"","overlay-type":"","overlay-color":"","overlay-opacity":"","overlay-gradient":""},"tablet":{"background-color":"","background-image":"","background-repeat":"repeat","background-position":"center center","background-size":"auto","background-attachment":"scroll","background-type":"","background-media":"","overlay-type":"","overlay-color":"","overlay-opacity":"","overlay-gradient":""},"mobile":{"background-color":"","background-image":"","background-repeat":"repeat","background-position":"center center","background-size":"auto","background-attachment":"scroll","background-type":"","background-media":"","overlay-type":"","overlay-color":"","overlay-opacity":"","overlay-gradient":""}},"ast-content-background-meta":{"desktop":{"background-color":"var(--ast-global-color-5)","background-image":"","background-repeat":"repeat","background-position":"center center","background-size":"auto","background-attachment":"scroll","background-type":"","background-media":"","overlay-type":"","overlay-color":"","overlay-opacity":"","overlay-gradient":""},"tablet":{"background-color":"var(--ast-global-color-5)","background-image":"","background-repeat":"repeat","background-position":"center center","background-size":"auto","background-attachment":"scroll","background-type":"","background-media":"","overlay-type":"","overlay-color":"","overlay-opacity":"","overlay-gradient":""},"mobile":{"background-color":"var(--ast-global-color-5)","background-image":"","background-repeat":"repeat","background-position":"center center","background-size":"auto","background-attachment":"scroll","background-type":"","background-media":"","overlay-type":"","overlay-color":"","overlay-opacity":"","overlay-gradient":""}}},"product_brand":[],"product_cat":[62,60],"product_tag":[108],"class_list":{"0":"post-9541","1":"product","2":"type-product","3":"status-publish","4":"has-post-thumbnail","6":"product_cat-bernina","7":"product_cat-omblusmasinad","8":"product_tag-bernina","9":"desktop-align-left","10":"tablet-align-left","11":"mobile-align-left","13":"first","14":"instock","15":"taxable","16":"shipping-taxable","17":"purchasable","18":"product-type-simple"},"yoast_head":"<!-- This site is optimized with the Yoast SEO plugin v26.1.1 - https:\/\/yoast.com\/wordpress\/plugins\/seo\/ -->\n<title>Bernina 475QE on t\u00e4iuslik kompuuter\u00f5mblusmasin lapitehnika projektideks<\/title>\n<meta name=\"description\" content=\"Bernina uued 400 seeria masinad on p\u00e4ral. K\u00f5rget kvaliteeti pakkuv Bernina on taaskord m\u00e4rki tabanud ja pakub j\u00e4lle unustamatut \u00f5mblusnaudingut.\" \/>\n<meta name=\"robots\" content=\"index, follow, max-snippet:-1, max-image-preview:large, max-video-preview:-1\" \/>\n<link rel=\"canonical\" href=\"https:\/\/marevik.ee\/test\/toode\/bernina-475qe\/\" \/>\n<meta property=\"og:locale\" content=\"en_US\" \/>\n<meta property=\"og:type\" content=\"article\" \/>\n<meta property=\"og:title\" content=\"Bernina 475QE on t\u00e4iuslik kompuuter\u00f5mblusmasin lapitehnika projektideks\" \/>\n<meta property=\"og:description\" content=\"Bernina uued 400 seeria masinad on p\u00e4ral. K\u00f5rget kvaliteeti pakkuv Bernina on taaskord m\u00e4rki tabanud ja pakub j\u00e4lle unustamatut \u00f5mblusnaudingut.\" \/>\n<meta property=\"og:url\" content=\"https:\/\/marevik.ee\/test\/toode\/bernina-475qe\/\" \/>\n<meta property=\"og:site_name\" content=\"Marevik O&Uuml;\" \/>\n<meta property=\"article:modified_time\" content=\"2025-05-29T08:21:00+00:00\" \/>\n<meta property=\"og:image\" content=\"https:\/\/marevik.ee\/test\/wp-content\/uploads\/2021\/03\/Bernina-475QE.jpg\" \/>\n\t<meta property=\"og:image:width\" content=\"1000\" \/>\n\t<meta property=\"og:image:height\" content=\"1000\" \/>\n\t<meta property=\"og:image:type\" content=\"image\/jpeg\" \/>\n<meta name=\"twitter:card\" content=\"summary_large_image\" \/>\n<meta name=\"twitter:label1\" content=\"Est. reading time\" \/>\n\t<meta name=\"twitter:data1\" content=\"1 minute\" \/>\n<script type=\"application\/ld+json\" class=\"yoast-schema-graph\">{\"@context\":\"https:\/\/schema.org\",\"@graph\":[{\"@type\":\"WebPage\",\"@id\":\"https:\/\/marevik.ee\/test\/toode\/bernina-475qe\/\",\"url\":\"https:\/\/marevik.ee\/test\/toode\/bernina-475qe\/\",\"name\":\"Bernina 475QE on t\u00e4iuslik kompuuter\u00f5mblusmasin lapitehnika projektideks\",\"isPartOf\":{\"@id\":\"https:\/\/marevik.ee\/test\/#website\"},\"primaryImageOfPage\":{\"@id\":\"https:\/\/marevik.ee\/test\/toode\/bernina-475qe\/#primaryimage\"},\"image\":{\"@id\":\"https:\/\/marevik.ee\/test\/toode\/bernina-475qe\/#primaryimage\"},\"thumbnailUrl\":\"https:\/\/marevik.ee\/test\/wp-content\/uploads\/2021\/03\/Bernina-475QE.jpg\",\"datePublished\":\"2020-03-12T16:33:34+00:00\",\"dateModified\":\"2025-05-29T08:21:00+00:00\",\"description\":\"Bernina uued 400 seeria masinad on p\u00e4ral. K\u00f5rget kvaliteeti pakkuv Bernina on taaskord m\u00e4rki tabanud ja pakub j\u00e4lle unustamatut \u00f5mblusnaudingut.\",\"breadcrumb\":{\"@id\":\"https:\/\/marevik.ee\/test\/toode\/bernina-475qe\/#breadcrumb\"},\"inLanguage\":\"en\",\"potentialAction\":[{\"@type\":\"ReadAction\",\"target\":[\"https:\/\/marevik.ee\/test\/toode\/bernina-475qe\/\"]}]},{\"@type\":\"ImageObject\",\"inLanguage\":\"en\",\"@id\":\"https:\/\/marevik.ee\/test\/toode\/bernina-475qe\/#primaryimage\",\"url\":\"https:\/\/marevik.ee\/test\/wp-content\/uploads\/2021\/03\/Bernina-475QE.jpg\",\"contentUrl\":\"https:\/\/marevik.ee\/test\/wp-content\/uploads\/2021\/03\/Bernina-475QE.jpg\",\"width\":1000,\"height\":1000,\"caption\":\"Bernina 475QE\"},{\"@type\":\"BreadcrumbList\",\"@id\":\"https:\/\/marevik.ee\/test\/toode\/bernina-475qe\/#breadcrumb\",\"itemListElement\":[{\"@type\":\"ListItem\",\"position\":1,\"name\":\"Home\",\"item\":\"https:\/\/marevik.ee\/test\/\"},{\"@type\":\"ListItem\",\"position\":2,\"name\":\"E-POOD\",\"item\":\"https:\/\/marevik.ee\/test\/epood\/\"},{\"@type\":\"ListItem\",\"position\":3,\"name\":\"Bernina 475QE\"}]},{\"@type\":\"WebSite\",\"@id\":\"https:\/\/marevik.ee\/test\/#website\",\"url\":\"https:\/\/marevik.ee\/test\/\",\"name\":\"Marevik O&Uuml;\",\"description\":\"&Otilde;mblusmasina asjatundja\",\"publisher\":{\"@id\":\"https:\/\/marevik.ee\/test\/#organization\"},\"potentialAction\":[{\"@type\":\"SearchAction\",\"target\":{\"@type\":\"EntryPoint\",\"urlTemplate\":\"https:\/\/marevik.ee\/test\/?s={search_term_string}\"},\"query-input\":{\"@type\":\"PropertyValueSpecification\",\"valueRequired\":true,\"valueName\":\"search_term_string\"}}],\"inLanguage\":\"en\"},{\"@type\":\"Organization\",\"@id\":\"https:\/\/marevik.ee\/test\/#organization\",\"name\":\"Marevik O&Uuml;\",\"url\":\"https:\/\/marevik.ee\/test\/\",\"logo\":{\"@type\":\"ImageObject\",\"inLanguage\":\"en\",\"@id\":\"https:\/\/marevik.ee\/test\/#\/schema\/logo\/image\/\",\"url\":\"https:\/\/marevik.ee\/test\/wp-content\/uploads\/2020\/02\/mblusmasina-asjatundja-1994_173x105_veebi_v-ike.jpg\",\"contentUrl\":\"https:\/\/marevik.ee\/test\/wp-content\/uploads\/2020\/02\/mblusmasina-asjatundja-1994_173x105_veebi_v-ike.jpg\",\"width\":173,\"height\":105,\"caption\":\"Marevik O&Uuml;\"},\"image\":{\"@id\":\"https:\/\/marevik.ee\/test\/#\/schema\/logo\/image\/\"}}]}<\/script>\n<!-- \/ Yoast SEO plugin. -->","yoast_head_json":{"title":"Bernina 475QE on t\u00e4iuslik kompuuter\u00f5mblusmasin lapitehnika projektideks","description":"Bernina uued 400 seeria masinad on p\u00e4ral. K\u00f5rget kvaliteeti pakkuv Bernina on taaskord m\u00e4rki tabanud ja pakub j\u00e4lle unustamatut \u00f5mblusnaudingut.","robots":{"index":"index","follow":"follow","max-snippet":"max-snippet:-1","max-image-preview":"max-image-preview:large","max-video-preview":"max-video-preview:-1"},"canonical":"https:\/\/marevik.ee\/test\/toode\/bernina-475qe\/","og_locale":"en_US","og_type":"article","og_title":"Bernina 475QE on t\u00e4iuslik kompuuter\u00f5mblusmasin lapitehnika projektideks","og_description":"Bernina uued 400 seeria masinad on p\u00e4ral. K\u00f5rget kvaliteeti pakkuv Bernina on taaskord m\u00e4rki tabanud ja pakub j\u00e4lle unustamatut \u00f5mblusnaudingut.","og_url":"https:\/\/marevik.ee\/test\/toode\/bernina-475qe\/","og_site_name":"Marevik O&Uuml;","article_modified_time":"2025-05-29T08:21:00+00:00","og_image":[{"width":1000,"height":1000,"url":"https:\/\/marevik.ee\/test\/wp-content\/uploads\/2021\/03\/Bernina-475QE.jpg","type":"image\/jpeg"}],"twitter_card":"summary_large_image","twitter_misc":{"Est. reading time":"1 minute"},"schema":{"@context":"https:\/\/schema.org","@graph":[{"@type":"WebPage","@id":"https:\/\/marevik.ee\/test\/toode\/bernina-475qe\/","url":"https:\/\/marevik.ee\/test\/toode\/bernina-475qe\/","name":"Bernina 475QE on t\u00e4iuslik kompuuter\u00f5mblusmasin lapitehnika projektideks","isPartOf":{"@id":"https:\/\/marevik.ee\/test\/#website"},"primaryImageOfPage":{"@id":"https:\/\/marevik.ee\/test\/toode\/bernina-475qe\/#primaryimage"},"image":{"@id":"https:\/\/marevik.ee\/test\/toode\/bernina-475qe\/#primaryimage"},"thumbnailUrl":"https:\/\/marevik.ee\/test\/wp-content\/uploads\/2021\/03\/Bernina-475QE.jpg","datePublished":"2020-03-12T16:33:34+00:00","dateModified":"2025-05-29T08:21:00+00:00","description":"Bernina uued 400 seeria masinad on p\u00e4ral. K\u00f5rget kvaliteeti pakkuv Bernina on taaskord m\u00e4rki tabanud ja pakub j\u00e4lle unustamatut \u00f5mblusnaudingut.","breadcrumb":{"@id":"https:\/\/marevik.ee\/test\/toode\/bernina-475qe\/#breadcrumb"},"inLanguage":"en","potentialAction":[{"@type":"ReadAction","target":["https:\/\/marevik.ee\/test\/toode\/bernina-475qe\/"]}]},{"@type":"ImageObject","inLanguage":"en","@id":"https:\/\/marevik.ee\/test\/toode\/bernina-475qe\/#primaryimage","url":"https:\/\/marevik.ee\/test\/wp-content\/uploads\/2021\/03\/Bernina-475QE.jpg","contentUrl":"https:\/\/marevik.ee\/test\/wp-content\/uploads\/2021\/03\/Bernina-475QE.jpg","width":1000,"height":1000,"caption":"Bernina 475QE"},{"@type":"BreadcrumbList","@id":"https:\/\/marevik.ee\/test\/toode\/bernina-475qe\/#breadcrumb","itemListElement":[{"@type":"ListItem","position":1,"name":"Home","item":"https:\/\/marevik.ee\/test\/"},{"@type":"ListItem","position":2,"name":"E-POOD","item":"https:\/\/marevik.ee\/test\/epood\/"},{"@type":"ListItem","position":3,"name":"Bernina 475QE"}]},{"@type":"WebSite","@id":"https:\/\/marevik.ee\/test\/#website","url":"https:\/\/marevik.ee\/test\/","name":"Marevik O&Uuml;","description":"&Otilde;mblusmasina asjatundja","publisher":{"@id":"https:\/\/marevik.ee\/test\/#organization"},"potentialAction":[{"@type":"SearchAction","target":{"@type":"EntryPoint","urlTemplate":"https:\/\/marevik.ee\/test\/?s={search_term_string}"},"query-input":{"@type":"PropertyValueSpecification","valueRequired":true,"valueName":"search_term_string"}}],"inLanguage":"en"},{"@type":"Organization","@id":"https:\/\/marevik.ee\/test\/#organization","name":"Marevik O&Uuml;","url":"https:\/\/marevik.ee\/test\/","logo":{"@type":"ImageObject","inLanguage":"en","@id":"https:\/\/marevik.ee\/test\/#\/schema\/logo\/image\/","url":"https:\/\/marevik.ee\/test\/wp-content\/uploads\/2020\/02\/mblusmasina-asjatundja-1994_173x105_veebi_v-ike.jpg","contentUrl":"https:\/\/marevik.ee\/test\/wp-content\/uploads\/2020\/02\/mblusmasina-asjatundja-1994_173x105_veebi_v-ike.jpg","width":173,"height":105,"caption":"Marevik O&Uuml;"},"image":{"@id":"https:\/\/marevik.ee\/test\/#\/schema\/logo\/image\/"}}]}},"_links":{"self":[{"href":"https:\/\/marevik.ee\/test\/wp-json\/wp\/v2\/product\/9541","targetHints":{"allow":["GET"]}}],"collection":[{"href":"https:\/\/marevik.ee\/test\/wp-json\/wp\/v2\/product"}],"about":[{"href":"https:\/\/marevik.ee\/test\/wp-json\/wp\/v2\/types\/product"}],"wp:featuredmedia":[{"embeddable":true,"href":"https:\/\/marevik.ee\/test\/wp-json\/wp\/v2\/media\/9542"}],"wp:attachment":[{"href":"https:\/\/marevik.ee\/test\/wp-json\/wp\/v2\/media?parent=9541"}],"wp:term":[{"taxonomy":"product_brand","embeddable":true,"href":"https:\/\/marevik.ee\/test\/wp-json\/wp\/v2\/product_brand?post=9541"},{"taxonomy":"product_cat","embeddable":true,"href":"https:\/\/marevik.ee\/test\/wp-json\/wp\/v2\/product_cat?post=9541"},{"taxonomy":"product_tag","embeddable":true,"href":"https:\/\/marevik.ee\/test\/wp-json\/wp\/v2\/product_tag?post=9541"}],"curies":[{"name":"wp","href":"https:\/\/api.w.org\/{rel}","templated":true}]}}