{"id":9577,"date":"2020-03-16T18:44:09","date_gmt":"2020-03-16T18:44:09","guid":{"rendered":"https:\/\/xn--mblusmasinapood-rsb.ee\/product\/kummipaelatald-bernina-overlokile\/"},"modified":"2024-08-12T05:29:01","modified_gmt":"2024-08-12T05:29:01","slug":"kummipaelatald-bernina-overlokile","status":"publish","type":"product","link":"https:\/\/marevik.ee\/test\/toode\/kummipaelatald-bernina-overlokile\/","title":{"rendered":"Kummipaelatald Bernina overlokile"},"content":{"rendered":"","protected":false},"excerpt":{"rendered":"<p>Kummipaela tald kergendab kummipaela \u00f5mblemist kanga serva, tagades \u00fchtlase venimise kogu pikkuses ja v\u00e4ltides kummi sattumist l\u00f5ikemehhanismi vahele. Kummipaela talla peal oleva kruvi abil saad reguleerida, et kui suure pingega kumm kanga serva \u00f5mmeldakse. Kruvist pinget nullides saad \u00f5mmelda venivate kangaste serva tugipaela, et v\u00e4ltida hilisemat v\u00e4ljavenimist.<br \/>\nSobib mudelitele Bernina L450 ja L460<\/p>\n","protected":false},"featured_media":9578,"template":"","meta":{"site-sidebar-layout":"default","site-content-layout":"default","ast-site-content-layout":"","site-content-style":"default","site-sidebar-style":"default","ast-global-header-display":"","ast-banner-title-visibility":"","ast-main-header-display":"","ast-hfb-above-header-display":"","ast-hfb-below-header-display":"","ast-hfb-mobile-header-display":"","site-post-title":"","ast-breadcrumbs-content":"","ast-featured-img":"","footer-sml-layout":"","theme-transparent-header-meta":"default","adv-header-id-meta":"","stick-header-meta":"","header-above-stick-meta":"","header-main-stick-meta":"","header-below-stick-meta":"","astra-migrate-meta-layouts":"default","ast-page-background-enabled":"default","ast-page-background-meta":{"desktop":{"background-color":"","background-image":"","background-repeat":"repeat","background-position":"center center","background-size":"auto","background-attachment":"scroll","background-type":"","background-media":"","overlay-type":"","overlay-color":"","overlay-opacity":"","overlay-gradient":""},"tablet":{"background-color":"","background-image":"","background-repeat":"repeat","background-position":"center center","background-size":"auto","background-attachment":"scroll","background-type":"","background-media":"","overlay-type":"","overlay-color":"","overlay-opacity":"","overlay-gradient":""},"mobile":{"background-color":"","background-image":"","background-repeat":"repeat","background-position":"center center","background-size":"auto","background-attachment":"scroll","background-type":"","background-media":"","overlay-type":"","overlay-color":"","overlay-opacity":"","overlay-gradient":""}},"ast-content-background-meta":{"desktop":{"background-color":"var(--ast-global-color-5)","background-image":"","background-repeat":"repeat","background-position":"center center","background-size":"auto","background-attachment":"scroll","background-type":"","background-media":"","overlay-type":"","overlay-color":"","overlay-opacity":"","overlay-gradient":""},"tablet":{"background-color":"var(--ast-global-color-5)","background-image":"","background-repeat":"repeat","background-position":"center center","background-size":"auto","background-attachment":"scroll","background-type":"","background-media":"","overlay-type":"","overlay-color":"","overlay-opacity":"","overlay-gradient":""},"mobile":{"background-color":"var(--ast-global-color-5)","background-image":"","background-repeat":"repeat","background-position":"center center","background-size":"auto","background-attachment":"scroll","background-type":"","background-media":"","overlay-type":"","overlay-color":"","overlay-opacity":"","overlay-gradient":""}}},"product_brand":[],"product_cat":[66,78],"product_tag":[108],"class_list":{"0":"post-9577","1":"product","2":"type-product","3":"status-publish","4":"has-post-thumbnail","6":"product_cat-lisatarvikud","7":"product_cat-overloki-presstallad","8":"product_tag-bernina","9":"desktop-align-left","10":"tablet-align-left","11":"mobile-align-left","13":"first","14":"instock","15":"taxable","16":"shipping-taxable","17":"purchasable","18":"product-type-simple"},"yoast_head":"<!-- This site is optimized with the Yoast SEO plugin v26.1.1 - https:\/\/yoast.com\/wordpress\/plugins\/seo\/ -->\n<title>Kummipaelatald overlokile Bernina L450 ja L460 - Marevik O\u00dc<\/title>\n<meta name=\"description\" content=\"Parim valik \u00f5mblusmasinaid, overlokke, tikkimismasinaid, \u00f5mblusmasinate lisatarvikuid ja varuosasid. Janome, Brother, Juki, Bernina, Bernette parimad tooted\" \/>\n<meta name=\"robots\" content=\"index, follow, max-snippet:-1, max-image-preview:large, max-video-preview:-1\" \/>\n<link rel=\"canonical\" href=\"https:\/\/marevik.ee\/test\/toode\/kummipaelatald-bernina-overlokile\/\" \/>\n<meta property=\"og:locale\" content=\"en_US\" \/>\n<meta property=\"og:type\" content=\"article\" \/>\n<meta property=\"og:title\" content=\"Kummipaelatald overlokile Bernina L450 ja L460 - Marevik O\u00dc\" \/>\n<meta property=\"og:description\" content=\"Parim valik \u00f5mblusmasinaid, overlokke, tikkimismasinaid, \u00f5mblusmasinate lisatarvikuid ja varuosasid. Janome, Brother, Juki, Bernina, Bernette parimad tooted\" \/>\n<meta property=\"og:url\" content=\"https:\/\/marevik.ee\/test\/toode\/kummipaelatald-bernina-overlokile\/\" \/>\n<meta property=\"og:site_name\" content=\"Marevik O&Uuml;\" \/>\n<meta property=\"article:modified_time\" content=\"2024-08-12T05:29:01+00:00\" \/>\n<meta property=\"og:image\" content=\"https:\/\/marevik.ee\/test\/wp-content\/uploads\/2021\/03\/Kummipaelatald.jpg\" \/>\n\t<meta property=\"og:image:width\" content=\"1920\" \/>\n\t<meta property=\"og:image:height\" content=\"686\" \/>\n\t<meta property=\"og:image:type\" content=\"image\/jpeg\" \/>\n<meta name=\"twitter:card\" content=\"summary_large_image\" \/>\n<script type=\"application\/ld+json\" class=\"yoast-schema-graph\">{\"@context\":\"https:\/\/schema.org\",\"@graph\":[{\"@type\":\"WebPage\",\"@id\":\"https:\/\/marevik.ee\/test\/toode\/kummipaelatald-bernina-overlokile\/\",\"url\":\"https:\/\/marevik.ee\/test\/toode\/kummipaelatald-bernina-overlokile\/\",\"name\":\"Kummipaelatald overlokile Bernina L450 ja L460 - Marevik O\u00dc\",\"isPartOf\":{\"@id\":\"https:\/\/marevik.ee\/test\/#website\"},\"primaryImageOfPage\":{\"@id\":\"https:\/\/marevik.ee\/test\/toode\/kummipaelatald-bernina-overlokile\/#primaryimage\"},\"image\":{\"@id\":\"https:\/\/marevik.ee\/test\/toode\/kummipaelatald-bernina-overlokile\/#primaryimage\"},\"thumbnailUrl\":\"https:\/\/marevik.ee\/test\/wp-content\/uploads\/2021\/03\/Kummipaelatald.jpg\",\"datePublished\":\"2020-03-16T18:44:09+00:00\",\"dateModified\":\"2024-08-12T05:29:01+00:00\",\"description\":\"Parim valik \u00f5mblusmasinaid, overlokke, tikkimismasinaid, \u00f5mblusmasinate lisatarvikuid ja varuosasid. Janome, Brother, Juki, Bernina, Bernette parimad tooted\",\"breadcrumb\":{\"@id\":\"https:\/\/marevik.ee\/test\/toode\/kummipaelatald-bernina-overlokile\/#breadcrumb\"},\"inLanguage\":\"en\",\"potentialAction\":[{\"@type\":\"ReadAction\",\"target\":[\"https:\/\/marevik.ee\/test\/toode\/kummipaelatald-bernina-overlokile\/\"]}]},{\"@type\":\"ImageObject\",\"inLanguage\":\"en\",\"@id\":\"https:\/\/marevik.ee\/test\/toode\/kummipaelatald-bernina-overlokile\/#primaryimage\",\"url\":\"https:\/\/marevik.ee\/test\/wp-content\/uploads\/2021\/03\/Kummipaelatald.jpg\",\"contentUrl\":\"https:\/\/marevik.ee\/test\/wp-content\/uploads\/2021\/03\/Kummipaelatald.jpg\",\"width\":1920,\"height\":686,\"caption\":\"Kummipaelatald Bernina overlokile\"},{\"@type\":\"BreadcrumbList\",\"@id\":\"https:\/\/marevik.ee\/test\/toode\/kummipaelatald-bernina-overlokile\/#breadcrumb\",\"itemListElement\":[{\"@type\":\"ListItem\",\"position\":1,\"name\":\"Home\",\"item\":\"https:\/\/marevik.ee\/test\/\"},{\"@type\":\"ListItem\",\"position\":2,\"name\":\"E-POOD\",\"item\":\"https:\/\/marevik.ee\/test\/epood\/\"},{\"@type\":\"ListItem\",\"position\":3,\"name\":\"Kummipaelatald Bernina overlokile\"}]},{\"@type\":\"WebSite\",\"@id\":\"https:\/\/marevik.ee\/test\/#website\",\"url\":\"https:\/\/marevik.ee\/test\/\",\"name\":\"Marevik O&Uuml;\",\"description\":\"&Otilde;mblusmasina asjatundja\",\"publisher\":{\"@id\":\"https:\/\/marevik.ee\/test\/#organization\"},\"potentialAction\":[{\"@type\":\"SearchAction\",\"target\":{\"@type\":\"EntryPoint\",\"urlTemplate\":\"https:\/\/marevik.ee\/test\/?s={search_term_string}\"},\"query-input\":{\"@type\":\"PropertyValueSpecification\",\"valueRequired\":true,\"valueName\":\"search_term_string\"}}],\"inLanguage\":\"en\"},{\"@type\":\"Organization\",\"@id\":\"https:\/\/marevik.ee\/test\/#organization\",\"name\":\"Marevik O&Uuml;\",\"url\":\"https:\/\/marevik.ee\/test\/\",\"logo\":{\"@type\":\"ImageObject\",\"inLanguage\":\"en\",\"@id\":\"https:\/\/marevik.ee\/test\/#\/schema\/logo\/image\/\",\"url\":\"https:\/\/marevik.ee\/test\/wp-content\/uploads\/2020\/02\/mblusmasina-asjatundja-1994_173x105_veebi_v-ike.jpg\",\"contentUrl\":\"https:\/\/marevik.ee\/test\/wp-content\/uploads\/2020\/02\/mblusmasina-asjatundja-1994_173x105_veebi_v-ike.jpg\",\"width\":173,\"height\":105,\"caption\":\"Marevik O&Uuml;\"},\"image\":{\"@id\":\"https:\/\/marevik.ee\/test\/#\/schema\/logo\/image\/\"}}]}<\/script>\n<!-- \/ Yoast SEO plugin. -->","yoast_head_json":{"title":"Kummipaelatald overlokile Bernina L450 ja L460 - Marevik O\u00dc","description":"Parim valik \u00f5mblusmasinaid, overlokke, tikkimismasinaid, \u00f5mblusmasinate lisatarvikuid ja varuosasid. Janome, Brother, Juki, Bernina, Bernette parimad tooted","robots":{"index":"index","follow":"follow","max-snippet":"max-snippet:-1","max-image-preview":"max-image-preview:large","max-video-preview":"max-video-preview:-1"},"canonical":"https:\/\/marevik.ee\/test\/toode\/kummipaelatald-bernina-overlokile\/","og_locale":"en_US","og_type":"article","og_title":"Kummipaelatald overlokile Bernina L450 ja L460 - Marevik O\u00dc","og_description":"Parim valik \u00f5mblusmasinaid, overlokke, tikkimismasinaid, \u00f5mblusmasinate lisatarvikuid ja varuosasid. Janome, Brother, Juki, Bernina, Bernette parimad tooted","og_url":"https:\/\/marevik.ee\/test\/toode\/kummipaelatald-bernina-overlokile\/","og_site_name":"Marevik O&Uuml;","article_modified_time":"2024-08-12T05:29:01+00:00","og_image":[{"width":1920,"height":686,"url":"https:\/\/marevik.ee\/test\/wp-content\/uploads\/2021\/03\/Kummipaelatald.jpg","type":"image\/jpeg"}],"twitter_card":"summary_large_image","schema":{"@context":"https:\/\/schema.org","@graph":[{"@type":"WebPage","@id":"https:\/\/marevik.ee\/test\/toode\/kummipaelatald-bernina-overlokile\/","url":"https:\/\/marevik.ee\/test\/toode\/kummipaelatald-bernina-overlokile\/","name":"Kummipaelatald overlokile Bernina L450 ja L460 - Marevik O\u00dc","isPartOf":{"@id":"https:\/\/marevik.ee\/test\/#website"},"primaryImageOfPage":{"@id":"https:\/\/marevik.ee\/test\/toode\/kummipaelatald-bernina-overlokile\/#primaryimage"},"image":{"@id":"https:\/\/marevik.ee\/test\/toode\/kummipaelatald-bernina-overlokile\/#primaryimage"},"thumbnailUrl":"https:\/\/marevik.ee\/test\/wp-content\/uploads\/2021\/03\/Kummipaelatald.jpg","datePublished":"2020-03-16T18:44:09+00:00","dateModified":"2024-08-12T05:29:01+00:00","description":"Parim valik \u00f5mblusmasinaid, overlokke, tikkimismasinaid, \u00f5mblusmasinate lisatarvikuid ja varuosasid. Janome, Brother, Juki, Bernina, Bernette parimad tooted","breadcrumb":{"@id":"https:\/\/marevik.ee\/test\/toode\/kummipaelatald-bernina-overlokile\/#breadcrumb"},"inLanguage":"en","potentialAction":[{"@type":"ReadAction","target":["https:\/\/marevik.ee\/test\/toode\/kummipaelatald-bernina-overlokile\/"]}]},{"@type":"ImageObject","inLanguage":"en","@id":"https:\/\/marevik.ee\/test\/toode\/kummipaelatald-bernina-overlokile\/#primaryimage","url":"https:\/\/marevik.ee\/test\/wp-content\/uploads\/2021\/03\/Kummipaelatald.jpg","contentUrl":"https:\/\/marevik.ee\/test\/wp-content\/uploads\/2021\/03\/Kummipaelatald.jpg","width":1920,"height":686,"caption":"Kummipaelatald Bernina overlokile"},{"@type":"BreadcrumbList","@id":"https:\/\/marevik.ee\/test\/toode\/kummipaelatald-bernina-overlokile\/#breadcrumb","itemListElement":[{"@type":"ListItem","position":1,"name":"Home","item":"https:\/\/marevik.ee\/test\/"},{"@type":"ListItem","position":2,"name":"E-POOD","item":"https:\/\/marevik.ee\/test\/epood\/"},{"@type":"ListItem","position":3,"name":"Kummipaelatald Bernina overlokile"}]},{"@type":"WebSite","@id":"https:\/\/marevik.ee\/test\/#website","url":"https:\/\/marevik.ee\/test\/","name":"Marevik O&Uuml;","description":"&Otilde;mblusmasina asjatundja","publisher":{"@id":"https:\/\/marevik.ee\/test\/#organization"},"potentialAction":[{"@type":"SearchAction","target":{"@type":"EntryPoint","urlTemplate":"https:\/\/marevik.ee\/test\/?s={search_term_string}"},"query-input":{"@type":"PropertyValueSpecification","valueRequired":true,"valueName":"search_term_string"}}],"inLanguage":"en"},{"@type":"Organization","@id":"https:\/\/marevik.ee\/test\/#organization","name":"Marevik O&Uuml;","url":"https:\/\/marevik.ee\/test\/","logo":{"@type":"ImageObject","inLanguage":"en","@id":"https:\/\/marevik.ee\/test\/#\/schema\/logo\/image\/","url":"https:\/\/marevik.ee\/test\/wp-content\/uploads\/2020\/02\/mblusmasina-asjatundja-1994_173x105_veebi_v-ike.jpg","contentUrl":"https:\/\/marevik.ee\/test\/wp-content\/uploads\/2020\/02\/mblusmasina-asjatundja-1994_173x105_veebi_v-ike.jpg","width":173,"height":105,"caption":"Marevik O&Uuml;"},"image":{"@id":"https:\/\/marevik.ee\/test\/#\/schema\/logo\/image\/"}}]}},"_links":{"self":[{"href":"https:\/\/marevik.ee\/test\/wp-json\/wp\/v2\/product\/9577","targetHints":{"allow":["GET"]}}],"collection":[{"href":"https:\/\/marevik.ee\/test\/wp-json\/wp\/v2\/product"}],"about":[{"href":"https:\/\/marevik.ee\/test\/wp-json\/wp\/v2\/types\/product"}],"wp:featuredmedia":[{"embeddable":true,"href":"https:\/\/marevik.ee\/test\/wp-json\/wp\/v2\/media\/9578"}],"wp:attachment":[{"href":"https:\/\/marevik.ee\/test\/wp-json\/wp\/v2\/media?parent=9577"}],"wp:term":[{"taxonomy":"product_brand","embeddable":true,"href":"https:\/\/marevik.ee\/test\/wp-json\/wp\/v2\/product_brand?post=9577"},{"taxonomy":"product_cat","embeddable":true,"href":"https:\/\/marevik.ee\/test\/wp-json\/wp\/v2\/product_cat?post=9577"},{"taxonomy":"product_tag","embeddable":true,"href":"https:\/\/marevik.ee\/test\/wp-json\/wp\/v2\/product_tag?post=9577"}],"curies":[{"name":"wp","href":"https:\/\/api.w.org\/{rel}","templated":true}]}}